{"id":295,"date":"2021-04-12T13:05:27","date_gmt":"2021-04-12T13:05:27","guid":{"rendered":"https:\/\/diginewsworld.com\/voorbeeld-pagina-4\/"},"modified":"2021-04-12T13:05:27","modified_gmt":"2021-04-12T13:05:27","slug":"voorbeeld-pagina-4","status":"publish","type":"page","link":"https:\/\/diginewsworld.com\/de\/beispiel-seite-4\/","title":{"rendered":"Beispielseite"},"content":{"rendered":"<p>Dies ist eine Beispielseite. Er unterscheidet sich von einem Blogbeitrag dadurch, dass er an einem Ort bleibt und in der Navigation Ihrer Website erscheint (in den meisten Themen). Die meisten Menschen beginnen mit der \u00dcber-Seite, die sie potenziellen Besuchern der Website vorstellt. Sie k\u00f6nnte etwa so lauten:<\/p>.\n.\n\n.\n<blockquote class=\"wp-block-quote is-layout-flow wp-block-quote-is-layout-flow\"><p>Hallo, ich bin Fahrradkurier bei Tag und aufstrebender Schauspieler bei Nacht, und dies ist meine Website. Ich lebe in LA, habe einen tollen Hund namens Jack und liebe Pi\u00f1a Coladas. (Und vom Regen \u00fcberrascht zu werden.)<\/p><\/blockquote>.\n.\n\n\n<p>...oder so \u00e4hnlich:<\/p>\n\n\n\n<blockquote class=\"wp-block-quote is-layout-flow wp-block-quote-is-layout-flow\"><p>Das Unternehmen XYZ Doohickey wurde 1971 gegr\u00fcndet und bietet seitdem Qualit\u00e4tsmilch an. Das in Gotham City ans\u00e4ssige Unternehmen XYZ hat \u00fcber 2.000 Mitarbeiter und leistet eine Vielzahl gro\u00dfartiger Dinge f\u00fcr die Gemeinde Gotham.<\/p><\/blockquote>.\n&lt;!- \/wp:quote\n\n\n<p>Neue WordPress-Benutzer sollten sich an <a href=\"https:\/\/diginewsworld.com\/wp-admin\/\">Ihr Bedienfeld<\/a> gehen Sie zum L\u00f6schen dieser Seite und erstellen Sie neue Seiten f\u00fcr Ihren Inhalt. Viel Spa\u00df!\" <\/p>","protected":false},"excerpt":{"rendered":"<p>Dit is een voorbeeldpagina. Het verschilt van een blogbericht in die zin dat het op \u00e9\u00e9n plaats blijft staan en in de navigatie van uw site verschijnt (in de meeste onderwerpen). De meeste mensen beginnen met de Over-pagina, die hen voorstelt aan potenti\u00eble sitebezoekers. Er zou iets als dit kunnen staan:. . . Hallo! Overdag &hellip;<\/p>","protected":false},"author":1,"featured_media":0,"parent":0,"menu_order":0,"comment_status":"closed","ping_status":"closed","template":"","meta":{"footnotes":""},"class_list":["post-295","page","type-page","status-publish","hentry"],"yoast_head":"<!-- This site is optimized with the Yoast SEO plugin v19.6.1 - https:\/\/yoast.com\/wordpress\/plugins\/seo\/ -->\n<title>Voorbeeld pagina - Diginewsworld<\/title>\n<meta name=\"robots\" content=\"index, follow, max-snippet:-1, max-image-preview:large, max-video-preview:-1\" \/>\n<link rel=\"canonical\" href=\"https:\/\/diginewsworld.com\/de\/beispiel-seite-4\/\" \/>\n<meta property=\"og:locale\" content=\"de_DE\" \/>\n<meta property=\"og:type\" content=\"article\" \/>\n<meta property=\"og:title\" content=\"Voorbeeld pagina - Diginewsworld\" \/>\n<meta property=\"og:description\" content=\"Dit is een voorbeeldpagina. Het verschilt van een blogbericht in die zin dat het op \u00e9\u00e9n plaats blijft staan en in de navigatie van uw site verschijnt (in de meeste onderwerpen). De meeste mensen beginnen met de Over-pagina, die hen voorstelt aan potenti\u00eble sitebezoekers. Er zou iets als dit kunnen staan:. . . Hallo! Overdag &hellip;\" \/>\n<meta property=\"og:url\" content=\"https:\/\/diginewsworld.com\/de\/beispiel-seite-4\/\" \/>\n<meta property=\"og:site_name\" content=\"Diginewsworld\" \/>\n<meta name=\"twitter:card\" content=\"summary_large_image\" \/>\n<meta name=\"twitter:label1\" content=\"Gesch\u00e4tzte Lesezeit\" \/>\n\t<meta name=\"twitter:data1\" content=\"1 minute\" \/>\n<script type=\"application\/ld+json\" class=\"yoast-schema-graph\">{\"@context\":\"https:\/\/schema.org\",\"@graph\":[{\"@type\":\"WebPage\",\"@id\":\"https:\/\/diginewsworld.com\/de\/beispiel-seite-4\/\",\"url\":\"https:\/\/diginewsworld.com\/de\/beispiel-seite-4\/\",\"name\":\"Voorbeeld pagina - Diginewsworld\",\"isPartOf\":{\"@id\":\"http:\/\/diginewsworld.com\/nl\/#website\"},\"datePublished\":\"2021-04-12T13:05:27+00:00\",\"dateModified\":\"2021-04-12T13:05:27+00:00\",\"breadcrumb\":{\"@id\":\"https:\/\/diginewsworld.com\/de\/beispiel-seite-4\/#breadcrumb\"},\"inLanguage\":\"de-DE\",\"potentialAction\":[{\"@type\":\"ReadAction\",\"target\":[\"https:\/\/diginewsworld.com\/de\/beispiel-seite-4\/\"]}]},{\"@type\":\"BreadcrumbList\",\"@id\":\"https:\/\/diginewsworld.com\/de\/beispiel-seite-4\/#breadcrumb\",\"itemListElement\":[{\"@type\":\"ListItem\",\"position\":1,\"name\":\"Home\",\"item\":\"http:\/\/diginewsworld.com\/nl\/\"},{\"@type\":\"ListItem\",\"position\":2,\"name\":\"Voorbeeld pagina\"}]},{\"@type\":\"WebSite\",\"@id\":\"http:\/\/diginewsworld.com\/nl\/#website\",\"url\":\"http:\/\/diginewsworld.com\/nl\/\",\"name\":\"Diginewsworld\",\"description\":\"\",\"potentialAction\":[{\"@type\":\"SearchAction\",\"target\":{\"@type\":\"EntryPoint\",\"urlTemplate\":\"http:\/\/diginewsworld.com\/nl\/?s={search_term_string}\"},\"query-input\":\"required name=search_term_string\"}],\"inLanguage\":\"de-DE\"}]}<\/script>\n<!-- \/ Yoast SEO plugin. -->","yoast_head_json":{"title":"Voorbeeld pagina - Diginewsworld","robots":{"index":"index","follow":"follow","max-snippet":"max-snippet:-1","max-image-preview":"max-image-preview:large","max-video-preview":"max-video-preview:-1"},"canonical":"https:\/\/diginewsworld.com\/de\/beispiel-seite-4\/","og_locale":"de_DE","og_type":"article","og_title":"Voorbeeld pagina - Diginewsworld","og_description":"Dit is een voorbeeldpagina. Het verschilt van een blogbericht in die zin dat het op \u00e9\u00e9n plaats blijft staan en in de navigatie van uw site verschijnt (in de meeste onderwerpen). De meeste mensen beginnen met de Over-pagina, die hen voorstelt aan potenti\u00eble sitebezoekers. Er zou iets als dit kunnen staan:. . . Hallo! Overdag &hellip;","og_url":"https:\/\/diginewsworld.com\/de\/beispiel-seite-4\/","og_site_name":"Diginewsworld","twitter_card":"summary_large_image","twitter_misc":{"Gesch\u00e4tzte Lesezeit":"1 minute"},"schema":{"@context":"https:\/\/schema.org","@graph":[{"@type":"WebPage","@id":"https:\/\/diginewsworld.com\/de\/beispiel-seite-4\/","url":"https:\/\/diginewsworld.com\/de\/beispiel-seite-4\/","name":"Voorbeeld pagina - Diginewsworld","isPartOf":{"@id":"http:\/\/diginewsworld.com\/nl\/#website"},"datePublished":"2021-04-12T13:05:27+00:00","dateModified":"2021-04-12T13:05:27+00:00","breadcrumb":{"@id":"https:\/\/diginewsworld.com\/de\/beispiel-seite-4\/#breadcrumb"},"inLanguage":"de-DE","potentialAction":[{"@type":"ReadAction","target":["https:\/\/diginewsworld.com\/de\/beispiel-seite-4\/"]}]},{"@type":"BreadcrumbList","@id":"https:\/\/diginewsworld.com\/de\/beispiel-seite-4\/#breadcrumb","itemListElement":[{"@type":"ListItem","position":1,"name":"Home","item":"http:\/\/diginewsworld.com\/nl\/"},{"@type":"ListItem","position":2,"name":"Voorbeeld pagina"}]},{"@type":"WebSite","@id":"http:\/\/diginewsworld.com\/nl\/#website","url":"http:\/\/diginewsworld.com\/nl\/","name":"Diginewsworld","description":"","potentialAction":[{"@type":"SearchAction","target":{"@type":"EntryPoint","urlTemplate":"http:\/\/diginewsworld.com\/nl\/?s={search_term_string}"},"query-input":"required name=search_term_string"}],"inLanguage":"de-DE"}]}},"_links":{"self":[{"href":"https:\/\/diginewsworld.com\/de\/wp-json\/wp\/v2\/pages\/295","targetHints":{"allow":["GET"]}}],"collection":[{"href":"https:\/\/diginewsworld.com\/de\/wp-json\/wp\/v2\/pages"}],"about":[{"href":"https:\/\/diginewsworld.com\/de\/wp-json\/wp\/v2\/types\/page"}],"author":[{"embeddable":true,"href":"https:\/\/diginewsworld.com\/de\/wp-json\/wp\/v2\/users\/1"}],"replies":[{"embeddable":true,"href":"https:\/\/diginewsworld.com\/de\/wp-json\/wp\/v2\/comments?post=295"}],"version-history":[{"count":0,"href":"https:\/\/diginewsworld.com\/de\/wp-json\/wp\/v2\/pages\/295\/revisions"}],"wp:attachment":[{"href":"https:\/\/diginewsworld.com\/de\/wp-json\/wp\/v2\/media?parent=295"}],"curies":[{"name":"wp","href":"https:\/\/api.w.org\/{rel}","templated":true}]}}