{"id":296,"date":"2021-04-12T13:05:29","date_gmt":"2021-04-12T13:05:29","guid":{"rendered":"https:\/\/diginewsworld.com\/voorbeeld-pagina-5\/"},"modified":"2021-04-12T13:05:29","modified_gmt":"2021-04-12T13:05:29","slug":"voorbeeld-pagina-5","status":"publish","type":"page","link":"https:\/\/diginewsworld.com\/de\/beispiel-seite-5\/","title":{"rendered":"Beispielseite"},"content":{"rendered":"<p>Dies ist eine Beispielseite. Er unterscheidet sich von einem Blogbeitrag dadurch, dass er an einem Ort verbleibt und in der Website-Navigation sichtbar ist (in den meisten Themes). Die meisten Menschen beginnen mit einer \"\u00dcber uns\"-Seite, auf der sie sich potenziellen Besuchern vorstellen. Das k\u00f6nnte in etwa so aussehen:<\/p>\n.\n\n\n<blockquote class=\"wp-block-quote is-layout-flow wp-block-quote-is-layout-flow\"><p>Willkommen, ich bin ein Fahrradkurier bei Tag, aufstrebender Schauspieler bei Nacht, und dies ist meine Website. Ich lebe in Los Angeles, habe einen tollen Hund namens Jack und trinke gerne Pi\u00f1a Coladas. (Und vom Regen \u00fcberrascht zu werden).<\/p><\/blockquote> <\/p><\/div> <\/p><\/div> <\/p> <p>Ich danke Ihnen.\n\n\n\n<p>...oder etwas in dieser Art:<\/p> <\/p> <p>.\n\n\n\n<blockquote class=\"wp-block-quote is-layout-flow wp-block-quote-is-layout-flow\"><p>Die XYZ Doohickey Company wurde 1971 gegr\u00fcndet und bietet seitdem qualitativ hochwertige Doohickeys f\u00fcr die \u00d6ffentlichkeit an. Das in Gotham City ans\u00e4ssige Unternehmen XYZ besch\u00e4ftigt mehr als 2.000 Mitarbeiter und tut viel Gutes f\u00fcr die Gemeinde Gotham.<\/p><\/blockquote>\n\n\n\n<p>Als neuer WordPress-Benutzer m\u00fcssen Sie zu <a href=\"https:\/\/diginewsworld.com\/wp-admin\/\">Ihr Armaturenbrett<\/a> um diese Seite zu l\u00f6schen und neue Seiten f\u00fcr Ihren Inhalt zu erstellen. Viel Spa\u00df! <\/p> <p>","protected":false},"excerpt":{"rendered":"<p>Dit is een voorbeeldpagina. Het verschilt van een blogbericht omdat het op \u00e9\u00e9n plaats blijft staan en zichtbaar is in de site navigatie (in de meeste thema&#8217;s). De meeste mensen beginnen met een Over ons-pagina, die hen voorstelt aan potenti\u00eble bezoekers. Het zou iets als dit kunnen inhouden: . Welkom, ik ben een fietskoerier overdag, &hellip;<\/p>","protected":false},"author":1,"featured_media":0,"parent":0,"menu_order":0,"comment_status":"closed","ping_status":"closed","template":"","meta":{"footnotes":""},"class_list":["post-296","page","type-page","status-publish","hentry"],"yoast_head":"<!-- This site is optimized with the Yoast SEO plugin v19.6.1 - https:\/\/yoast.com\/wordpress\/plugins\/seo\/ -->\n<title>Voorbeeld pagina - Diginewsworld<\/title>\n<meta name=\"robots\" content=\"index, follow, max-snippet:-1, max-image-preview:large, max-video-preview:-1\" \/>\n<link rel=\"canonical\" href=\"https:\/\/diginewsworld.com\/de\/example-page-5\/\" \/>\n<meta property=\"og:locale\" content=\"de_DE\" \/>\n<meta property=\"og:type\" content=\"article\" \/>\n<meta property=\"og:title\" content=\"Voorbeeld pagina - Diginewsworld\" \/>\n<meta property=\"og:description\" content=\"Dit is een voorbeeldpagina. Het verschilt van een blogbericht omdat het op \u00e9\u00e9n plaats blijft staan en zichtbaar is in de site navigatie (in de meeste thema&#8217;s). De meeste mensen beginnen met een Over ons-pagina, die hen voorstelt aan potenti\u00eble bezoekers. Het zou iets als dit kunnen inhouden: . Welkom, ik ben een fietskoerier overdag, &hellip;\" \/>\n<meta property=\"og:url\" content=\"https:\/\/diginewsworld.com\/de\/example-page-5\/\" \/>\n<meta property=\"og:site_name\" content=\"Diginewsworld\" \/>\n<meta name=\"twitter:card\" content=\"summary_large_image\" \/>\n<meta name=\"twitter:label1\" content=\"Gesch\u00e4tzte Lesezeit\" \/>\n\t<meta name=\"twitter:data1\" content=\"1 minute\" \/>\n<script type=\"application\/ld+json\" class=\"yoast-schema-graph\">{\"@context\":\"https:\/\/schema.org\",\"@graph\":[{\"@type\":\"WebPage\",\"@id\":\"https:\/\/diginewsworld.com\/en\/example-page-5\/\",\"url\":\"https:\/\/diginewsworld.com\/en\/example-page-5\/\",\"name\":\"Voorbeeld pagina - Diginewsworld\",\"isPartOf\":{\"@id\":\"http:\/\/diginewsworld.com\/nl\/#website\"},\"datePublished\":\"2021-04-12T13:05:29+00:00\",\"dateModified\":\"2021-04-12T13:05:29+00:00\",\"breadcrumb\":{\"@id\":\"https:\/\/diginewsworld.com\/en\/example-page-5\/#breadcrumb\"},\"inLanguage\":\"de-DE\",\"potentialAction\":[{\"@type\":\"ReadAction\",\"target\":[\"https:\/\/diginewsworld.com\/en\/example-page-5\/\"]}]},{\"@type\":\"BreadcrumbList\",\"@id\":\"https:\/\/diginewsworld.com\/en\/example-page-5\/#breadcrumb\",\"itemListElement\":[{\"@type\":\"ListItem\",\"position\":1,\"name\":\"Home\",\"item\":\"http:\/\/diginewsworld.com\/nl\/\"},{\"@type\":\"ListItem\",\"position\":2,\"name\":\"Voorbeeld pagina\"}]},{\"@type\":\"WebSite\",\"@id\":\"http:\/\/diginewsworld.com\/nl\/#website\",\"url\":\"http:\/\/diginewsworld.com\/nl\/\",\"name\":\"Diginewsworld\",\"description\":\"\",\"potentialAction\":[{\"@type\":\"SearchAction\",\"target\":{\"@type\":\"EntryPoint\",\"urlTemplate\":\"http:\/\/diginewsworld.com\/nl\/?s={search_term_string}\"},\"query-input\":\"required name=search_term_string\"}],\"inLanguage\":\"de-DE\"}]}<\/script>\n<!-- \/ Yoast SEO plugin. -->","yoast_head_json":{"title":"Voorbeeld pagina - Diginewsworld","robots":{"index":"index","follow":"follow","max-snippet":"max-snippet:-1","max-image-preview":"max-image-preview:large","max-video-preview":"max-video-preview:-1"},"canonical":"https:\/\/diginewsworld.com\/de\/example-page-5\/","og_locale":"de_DE","og_type":"article","og_title":"Voorbeeld pagina - Diginewsworld","og_description":"Dit is een voorbeeldpagina. Het verschilt van een blogbericht omdat het op \u00e9\u00e9n plaats blijft staan en zichtbaar is in de site navigatie (in de meeste thema&#8217;s). De meeste mensen beginnen met een Over ons-pagina, die hen voorstelt aan potenti\u00eble bezoekers. Het zou iets als dit kunnen inhouden: . Welkom, ik ben een fietskoerier overdag, &hellip;","og_url":"https:\/\/diginewsworld.com\/de\/example-page-5\/","og_site_name":"Diginewsworld","twitter_card":"summary_large_image","twitter_misc":{"Gesch\u00e4tzte Lesezeit":"1 minute"},"schema":{"@context":"https:\/\/schema.org","@graph":[{"@type":"WebPage","@id":"https:\/\/diginewsworld.com\/en\/example-page-5\/","url":"https:\/\/diginewsworld.com\/en\/example-page-5\/","name":"Voorbeeld pagina - Diginewsworld","isPartOf":{"@id":"http:\/\/diginewsworld.com\/nl\/#website"},"datePublished":"2021-04-12T13:05:29+00:00","dateModified":"2021-04-12T13:05:29+00:00","breadcrumb":{"@id":"https:\/\/diginewsworld.com\/en\/example-page-5\/#breadcrumb"},"inLanguage":"de-DE","potentialAction":[{"@type":"ReadAction","target":["https:\/\/diginewsworld.com\/en\/example-page-5\/"]}]},{"@type":"BreadcrumbList","@id":"https:\/\/diginewsworld.com\/en\/example-page-5\/#breadcrumb","itemListElement":[{"@type":"ListItem","position":1,"name":"Home","item":"http:\/\/diginewsworld.com\/nl\/"},{"@type":"ListItem","position":2,"name":"Voorbeeld pagina"}]},{"@type":"WebSite","@id":"http:\/\/diginewsworld.com\/nl\/#website","url":"http:\/\/diginewsworld.com\/nl\/","name":"Diginewsworld","description":"","potentialAction":[{"@type":"SearchAction","target":{"@type":"EntryPoint","urlTemplate":"http:\/\/diginewsworld.com\/nl\/?s={search_term_string}"},"query-input":"required name=search_term_string"}],"inLanguage":"de-DE"}]}},"_links":{"self":[{"href":"https:\/\/diginewsworld.com\/de\/wp-json\/wp\/v2\/pages\/296","targetHints":{"allow":["GET"]}}],"collection":[{"href":"https:\/\/diginewsworld.com\/de\/wp-json\/wp\/v2\/pages"}],"about":[{"href":"https:\/\/diginewsworld.com\/de\/wp-json\/wp\/v2\/types\/page"}],"author":[{"embeddable":true,"href":"https:\/\/diginewsworld.com\/de\/wp-json\/wp\/v2\/users\/1"}],"replies":[{"embeddable":true,"href":"https:\/\/diginewsworld.com\/de\/wp-json\/wp\/v2\/comments?post=296"}],"version-history":[{"count":0,"href":"https:\/\/diginewsworld.com\/de\/wp-json\/wp\/v2\/pages\/296\/revisions"}],"wp:attachment":[{"href":"https:\/\/diginewsworld.com\/de\/wp-json\/wp\/v2\/media?parent=296"}],"curies":[{"name":"wp","href":"https:\/\/api.w.org\/{rel}","templated":true}]}}