{"id":33,"date":"2021-04-12T12:47:32","date_gmt":"2021-04-12T12:47:32","guid":{"rendered":"https:\/\/diginewsworld.com\/elementor-6-10\/"},"modified":"2021-04-12T12:47:32","modified_gmt":"2021-04-12T12:47:32","slug":"elementor-6-10","status":"publish","type":"page","link":"https:\/\/diginewsworld.com\/de\/elementor-6-10\/","title":{"rendered":"Elementor #6"},"content":{"rendered":"<div data-elementor-type=\"wp-post\" data-elementor-id=\"33\" class=\"elementor elementor-33\">\n\t\t\t\t\t\t\t\t\t<section class=\"elementor-section elementor-top-section elementor-element elementor-element-75e1d1e elementor-section-boxed elementor-section-height-default elementor-section-height-default\" data-id=\"75e1d1e\" data-element_type=\"section\">\n\t\t\t\t\t\t<div class=\"elementor-container elementor-column-gap-default\">\n\t\t\t\t\t<div class=\"elementor-column elementor-col-100 elementor-top-column elementor-element elementor-element-8eb479d\" data-id=\"8eb479d\" data-element_type=\"column\">\n\t\t\t<div class=\"elementor-widget-wrap elementor-element-populated\">\n\t\t\t\t\t\t\t\t<div class=\"elementor-element elementor-element-d86960a elementor-widget elementor-widget-text-editor\" data-id=\"d86960a\" data-element_type=\"widget\" data-widget_type=\"text-editor.default\">\n\t\t\t\t<div class=\"elementor-widget-container\">\n\t\t\t\t\t\t\t<p>Es ist an der Zeit, sich mit der Situation in der EU zu befassen, aber keineswegs mit der Situation der einzelnen Arbeitnehmer, die in sechs Monaten verurteilt worden w\u00e4ren, um die notwendigen Ma\u00dfnahmen zur Verringerung der Zahl der Todesf\u00e4lle ergreifen zu k\u00f6nnen, w\u00e4hrend das Recht auf ein sehr hohes Schutzniveau durch die Bestimmungen des Kr\u00f6nungs\u00fcbereinkommens gew\u00e4hrleistet ist. Zu Beginn des Jahres wurden 8 288 weitere Menschen get\u00f6tet, wobei die beiden jungen Menschen am deutlichsten zu erkennen sind, die 2 500 Menschen durch das Virus verloren haben, von denen 788 auf Intensivland leben. Ad Melkert, dyrektor naczelny holderskiego stowarzyszenia szpitali NVZ, powiedzia\u0142: \"Jest to trudne dla ludzi, kt\u00f3rzy mieli nadziej\u0119 lub oczekiwali z\u0142agodzenia ogranicze\u0144. Sie sind jedoch immer noch sehr hilfsbed\u00fcrftig, denn unsere Gruppen haben eine gro\u00dfe Anzahl von Robotern. Nach der ersten Sitzung m\u00fcssen wir uns auf sie konzentrieren, eine gr\u00f6\u00dfere Anzahl von Personen gewinnen und den Druck auf die Gruppe verringern. Wtedy powoli, ale pewnie zaczniemy wraca\u0107 do normalno\u015bci, ale my\u015bl\u0119, \u017ce to potrwa kilka tygodni.\"<\/p> <p>\t\t\t\t\t\t<\/div>\n\t\t\t\t<\/div>\n\t\t\t\t\t<\/div>\n\t\t<\/div>\n\t\t\t\t\t\t\t<\/div>\n\t\t<\/section>\n\t\t\t\t\t\t\t<\/div>","protected":false},"excerpt":{"rendered":"<p>Presja na szpitale Ale nie by\u0142o ulgi w\u015br\u00f3d pracownik\u00f3w szpitali, kt\u00f3rzy byli przera\u017ceni w zesz\u0142ym tygodniu, aby us\u0142ysze\u0107 rz\u0105d szuka do z\u0142agodzenia ogranicze\u0144, podczas gdy prawie trzy czwarte \u0142\u00f3\u017cek intensywnej terapii s\u0105 zaj\u0119te przez pacjent\u00f3w koronawirusem. W niedziel\u0119 og\u0142oszono 8 288 kolejnych zaka\u017ce\u0144, co stanowi najwy\u017csz\u0105 dzienn\u0105 liczb\u0119 od dw\u00f3ch tygodni, podczas gdy ponad 2 &hellip;<\/p>","protected":false},"author":1,"featured_media":0,"parent":0,"menu_order":0,"comment_status":"closed","ping_status":"closed","template":"","meta":{"footnotes":""},"class_list":["post-33","page","type-page","status-publish","hentry"],"yoast_head":"<!-- This site is optimized with the Yoast SEO plugin v19.6.1 - https:\/\/yoast.com\/wordpress\/plugins\/seo\/ -->\n<title>Elementor #6 - Diginewsworld<\/title>\n<meta name=\"robots\" content=\"index, follow, max-snippet:-1, max-image-preview:large, max-video-preview:-1\" \/>\n<link rel=\"canonical\" href=\"https:\/\/diginewsworld.com\/de\/elementeur-6-10\/\" \/>\n<meta property=\"og:locale\" content=\"de_DE\" \/>\n<meta property=\"og:type\" content=\"article\" \/>\n<meta property=\"og:title\" content=\"Elementor #6 - Diginewsworld\" \/>\n<meta property=\"og:description\" content=\"Presja na szpitale Ale nie by\u0142o ulgi w\u015br\u00f3d pracownik\u00f3w szpitali, kt\u00f3rzy byli przera\u017ceni w zesz\u0142ym tygodniu, aby us\u0142ysze\u0107 rz\u0105d szuka do z\u0142agodzenia ogranicze\u0144, podczas gdy prawie trzy czwarte \u0142\u00f3\u017cek intensywnej terapii s\u0105 zaj\u0119te przez pacjent\u00f3w koronawirusem. W niedziel\u0119 og\u0142oszono 8 288 kolejnych zaka\u017ce\u0144, co stanowi najwy\u017csz\u0105 dzienn\u0105 liczb\u0119 od dw\u00f3ch tygodni, podczas gdy ponad 2 &hellip;\" \/>\n<meta property=\"og:url\" content=\"https:\/\/diginewsworld.com\/de\/elementeur-6-10\/\" \/>\n<meta property=\"og:site_name\" content=\"Diginewsworld\" \/>\n<meta name=\"twitter:card\" content=\"summary_large_image\" \/>\n<meta name=\"twitter:label1\" content=\"Gesch\u00e4tzte Lesezeit\" \/>\n\t<meta name=\"twitter:data1\" content=\"1 minute\" \/>\n<script type=\"application\/ld+json\" class=\"yoast-schema-graph\">{\"@context\":\"https:\/\/schema.org\",\"@graph\":[{\"@type\":\"WebPage\",\"@id\":\"https:\/\/diginewsworld.com\/fr\/elementeur-6-10\/\",\"url\":\"https:\/\/diginewsworld.com\/fr\/elementeur-6-10\/\",\"name\":\"Elementor #6 - Diginewsworld\",\"isPartOf\":{\"@id\":\"http:\/\/diginewsworld.com\/nl\/#website\"},\"datePublished\":\"2021-04-12T12:47:32+00:00\",\"dateModified\":\"2021-04-12T12:47:32+00:00\",\"breadcrumb\":{\"@id\":\"https:\/\/diginewsworld.com\/fr\/elementeur-6-10\/#breadcrumb\"},\"inLanguage\":\"de-DE\",\"potentialAction\":[{\"@type\":\"ReadAction\",\"target\":[\"https:\/\/diginewsworld.com\/fr\/elementeur-6-10\/\"]}]},{\"@type\":\"BreadcrumbList\",\"@id\":\"https:\/\/diginewsworld.com\/fr\/elementeur-6-10\/#breadcrumb\",\"itemListElement\":[{\"@type\":\"ListItem\",\"position\":1,\"name\":\"Home\",\"item\":\"http:\/\/diginewsworld.com\/nl\/\"},{\"@type\":\"ListItem\",\"position\":2,\"name\":\"Elementor #6\"}]},{\"@type\":\"WebSite\",\"@id\":\"http:\/\/diginewsworld.com\/nl\/#website\",\"url\":\"http:\/\/diginewsworld.com\/nl\/\",\"name\":\"Diginewsworld\",\"description\":\"\",\"potentialAction\":[{\"@type\":\"SearchAction\",\"target\":{\"@type\":\"EntryPoint\",\"urlTemplate\":\"http:\/\/diginewsworld.com\/nl\/?s={search_term_string}\"},\"query-input\":\"required name=search_term_string\"}],\"inLanguage\":\"de-DE\"}]}<\/script>\n<!-- \/ Yoast SEO plugin. -->","yoast_head_json":{"title":"Elementor #6 - Diginewsworld","robots":{"index":"index","follow":"follow","max-snippet":"max-snippet:-1","max-image-preview":"max-image-preview:large","max-video-preview":"max-video-preview:-1"},"canonical":"https:\/\/diginewsworld.com\/de\/elementeur-6-10\/","og_locale":"de_DE","og_type":"article","og_title":"Elementor #6 - Diginewsworld","og_description":"Presja na szpitale Ale nie by\u0142o ulgi w\u015br\u00f3d pracownik\u00f3w szpitali, kt\u00f3rzy byli przera\u017ceni w zesz\u0142ym tygodniu, aby us\u0142ysze\u0107 rz\u0105d szuka do z\u0142agodzenia ogranicze\u0144, podczas gdy prawie trzy czwarte \u0142\u00f3\u017cek intensywnej terapii s\u0105 zaj\u0119te przez pacjent\u00f3w koronawirusem. W niedziel\u0119 og\u0142oszono 8 288 kolejnych zaka\u017ce\u0144, co stanowi najwy\u017csz\u0105 dzienn\u0105 liczb\u0119 od dw\u00f3ch tygodni, podczas gdy ponad 2 &hellip;","og_url":"https:\/\/diginewsworld.com\/de\/elementeur-6-10\/","og_site_name":"Diginewsworld","twitter_card":"summary_large_image","twitter_misc":{"Gesch\u00e4tzte Lesezeit":"1 minute"},"schema":{"@context":"https:\/\/schema.org","@graph":[{"@type":"WebPage","@id":"https:\/\/diginewsworld.com\/fr\/elementeur-6-10\/","url":"https:\/\/diginewsworld.com\/fr\/elementeur-6-10\/","name":"Elementor #6 - Diginewsworld","isPartOf":{"@id":"http:\/\/diginewsworld.com\/nl\/#website"},"datePublished":"2021-04-12T12:47:32+00:00","dateModified":"2021-04-12T12:47:32+00:00","breadcrumb":{"@id":"https:\/\/diginewsworld.com\/fr\/elementeur-6-10\/#breadcrumb"},"inLanguage":"de-DE","potentialAction":[{"@type":"ReadAction","target":["https:\/\/diginewsworld.com\/fr\/elementeur-6-10\/"]}]},{"@type":"BreadcrumbList","@id":"https:\/\/diginewsworld.com\/fr\/elementeur-6-10\/#breadcrumb","itemListElement":[{"@type":"ListItem","position":1,"name":"Home","item":"http:\/\/diginewsworld.com\/nl\/"},{"@type":"ListItem","position":2,"name":"Elementor #6"}]},{"@type":"WebSite","@id":"http:\/\/diginewsworld.com\/nl\/#website","url":"http:\/\/diginewsworld.com\/nl\/","name":"Diginewsworld","description":"","potentialAction":[{"@type":"SearchAction","target":{"@type":"EntryPoint","urlTemplate":"http:\/\/diginewsworld.com\/nl\/?s={search_term_string}"},"query-input":"required name=search_term_string"}],"inLanguage":"de-DE"}]}},"_links":{"self":[{"href":"https:\/\/diginewsworld.com\/de\/wp-json\/wp\/v2\/pages\/33","targetHints":{"allow":["GET"]}}],"collection":[{"href":"https:\/\/diginewsworld.com\/de\/wp-json\/wp\/v2\/pages"}],"about":[{"href":"https:\/\/diginewsworld.com\/de\/wp-json\/wp\/v2\/types\/page"}],"author":[{"embeddable":true,"href":"https:\/\/diginewsworld.com\/de\/wp-json\/wp\/v2\/users\/1"}],"replies":[{"embeddable":true,"href":"https:\/\/diginewsworld.com\/de\/wp-json\/wp\/v2\/comments?post=33"}],"version-history":[{"count":0,"href":"https:\/\/diginewsworld.com\/de\/wp-json\/wp\/v2\/pages\/33\/revisions"}],"wp:attachment":[{"href":"https:\/\/diginewsworld.com\/de\/wp-json\/wp\/v2\/media?parent=33"}],"curies":[{"name":"wp","href":"https:\/\/api.w.org\/{rel}","templated":true}]}}