{"id":343,"date":"2021-04-12T13:07:11","date_gmt":"2021-04-12T13:07:11","guid":{"rendered":"https:\/\/diginewsworld.com\/home-4\/"},"modified":"2021-04-12T13:07:11","modified_gmt":"2021-04-12T13:07:11","slug":"home-4","status":"publish","type":"page","link":"https:\/\/diginewsworld.com\/de\/home-4\/","title":{"rendered":"Startseite"},"content":{"rendered":"<div data-elementor-type=\"wp-post\" data-elementor-id=\"343\" class=\"elementor elementor-343\">\n\t\t\t\t\t\t\t\t\t<section class=\"elementor-section elementor-top-section elementor-element elementor-element-75e1d1e elementor-section-boxed elementor-section-height-default elementor-section-height-default\" data-id=\"75e1d1e\" data-element_type=\"section\">\n\t\t\t\t\t\t<div class=\"elementor-container elementor-column-gap-default\">\n\t\t\t\t\t<div class=\"elementor-column elementor-col-100 elementor-top-column elementor-element elementor-element-8eb479d\" data-id=\"8eb479d\" data-element_type=\"column\">\n\t\t\t<div class=\"elementor-widget-wrap elementor-element-populated\">\n\t\t\t\t\t\t\t\t<div class=\"elementor-element elementor-element-d86960a elementor-widget elementor-widget-text-editor\" data-id=\"d86960a\" data-element_type=\"widget\" data-widget_type=\"text-editor.default\">\n\t\t\t\t<div class=\"elementor-widget-container\">\n\t\t\t\t\t\t\t<p>Druck auf Krankenh\u00e4user Das Krankenhauspersonal war jedoch erleichtert, als es letzte Woche mit Entsetzen erfuhr, dass die Regierung eine Lockerung der Beschr\u00e4nkungen plant, obwohl fast drei Viertel der Intensivbetten mit Coronavirus-Patienten belegt sind. Am Sonntag wurden 8 288 Neuinfektionen gemeldet, die h\u00f6chste Tageszahl seit zwei Wochen, w\u00e4hrend mehr als 2 500 Menschen wegen des Virus im Krankenhaus behandelt werden, davon 788 auf der Intensivstation. Ad Melkert, Vorstandsvorsitzender des niederl\u00e4ndischen Krankenhausverbands NVZ, sagte: \"Das ist schwierig f\u00fcr die Menschen, die gehofft oder erwartet hatten, dass die Beschr\u00e4nkungen gelockert werden w\u00fcrden. Aber sie werden nach wie vor dringend ben\u00f6tigt, denn wir m\u00fcssen in unseren Krankenh\u00e4usern alle Hebel in Bewegung setzen. Zun\u00e4chst m\u00fcssen wir das Virus unter Kontrolle bringen, mehr Menschen impfen lassen und den Druck auf die Krankenh\u00e4user verringern. Dann k\u00f6nnen wir langsam aber sicher zur Normalit\u00e4t zur\u00fcckkehren, aber ich denke, das wird noch ein paar Wochen dauern.<\/p> <p>\t\t\t\t\t\t<\/div>\n\t\t\t\t<\/div>\n\t\t\t\t\t<\/div>\n\t\t<\/div>\n\t\t\t\t\t\t\t<\/div>\n\t\t<\/section>\n\t\t\t\t\t\t\t<\/div>","protected":false},"excerpt":{"rendered":"<p>Druk op de ziekenhuizen Maar het ziekenhuispersoneel was opgelucht toen het vorige week vernam dat de regering van plan was de beperkingen te versoepelen terwijl bijna driekwart van de bedden op de intensive care bezet zijn door coronaviruspati\u00ebnten. Zondag werden 8 288 nieuwe besmettingen gemeld, het hoogste dagelijkse aantal sinds twee weken, terwijl meer dan &hellip;<\/p>","protected":false},"author":1,"featured_media":0,"parent":0,"menu_order":0,"comment_status":"closed","ping_status":"closed","template":"","meta":{"footnotes":""},"class_list":["post-343","page","type-page","status-publish","hentry"],"yoast_head":"<!-- This site is optimized with the Yoast SEO plugin v19.6.1 - https:\/\/yoast.com\/wordpress\/plugins\/seo\/ -->\n<title>Home - Diginewsworld<\/title>\n<meta name=\"robots\" content=\"index, follow, max-snippet:-1, max-image-preview:large, max-video-preview:-1\" \/>\n<link rel=\"canonical\" href=\"https:\/\/diginewsworld.com\/de\/maison-4\/\" \/>\n<meta property=\"og:locale\" content=\"de_DE\" \/>\n<meta property=\"og:type\" content=\"article\" \/>\n<meta property=\"og:title\" content=\"Home - Diginewsworld\" \/>\n<meta property=\"og:description\" content=\"Druk op de ziekenhuizen Maar het ziekenhuispersoneel was opgelucht toen het vorige week vernam dat de regering van plan was de beperkingen te versoepelen terwijl bijna driekwart van de bedden op de intensive care bezet zijn door coronaviruspati\u00ebnten. Zondag werden 8 288 nieuwe besmettingen gemeld, het hoogste dagelijkse aantal sinds twee weken, terwijl meer dan &hellip;\" \/>\n<meta property=\"og:url\" content=\"https:\/\/diginewsworld.com\/de\/maison-4\/\" \/>\n<meta property=\"og:site_name\" content=\"Diginewsworld\" \/>\n<meta name=\"twitter:card\" content=\"summary_large_image\" \/>\n<meta name=\"twitter:label1\" content=\"Gesch\u00e4tzte Lesezeit\" \/>\n\t<meta name=\"twitter:data1\" content=\"1 minute\" \/>\n<script type=\"application\/ld+json\" class=\"yoast-schema-graph\">{\"@context\":\"https:\/\/schema.org\",\"@graph\":[{\"@type\":\"WebPage\",\"@id\":\"https:\/\/diginewsworld.com\/fr\/maison-4\/\",\"url\":\"https:\/\/diginewsworld.com\/fr\/maison-4\/\",\"name\":\"Home - Diginewsworld\",\"isPartOf\":{\"@id\":\"http:\/\/diginewsworld.com\/nl\/#website\"},\"datePublished\":\"2021-04-12T13:07:11+00:00\",\"dateModified\":\"2021-04-12T13:07:11+00:00\",\"breadcrumb\":{\"@id\":\"https:\/\/diginewsworld.com\/fr\/maison-4\/#breadcrumb\"},\"inLanguage\":\"de-DE\",\"potentialAction\":[{\"@type\":\"ReadAction\",\"target\":[\"https:\/\/diginewsworld.com\/fr\/maison-4\/\"]}]},{\"@type\":\"BreadcrumbList\",\"@id\":\"https:\/\/diginewsworld.com\/fr\/maison-4\/#breadcrumb\",\"itemListElement\":[{\"@type\":\"ListItem\",\"position\":1,\"name\":\"Home\",\"item\":\"http:\/\/diginewsworld.com\/nl\/\"},{\"@type\":\"ListItem\",\"position\":2,\"name\":\"Home\"}]},{\"@type\":\"WebSite\",\"@id\":\"http:\/\/diginewsworld.com\/nl\/#website\",\"url\":\"http:\/\/diginewsworld.com\/nl\/\",\"name\":\"Diginewsworld\",\"description\":\"\",\"potentialAction\":[{\"@type\":\"SearchAction\",\"target\":{\"@type\":\"EntryPoint\",\"urlTemplate\":\"http:\/\/diginewsworld.com\/nl\/?s={search_term_string}\"},\"query-input\":\"required name=search_term_string\"}],\"inLanguage\":\"de-DE\"}]}<\/script>\n<!-- \/ Yoast SEO plugin. -->","yoast_head_json":{"title":"Home - Diginewsworld","robots":{"index":"index","follow":"follow","max-snippet":"max-snippet:-1","max-image-preview":"max-image-preview:large","max-video-preview":"max-video-preview:-1"},"canonical":"https:\/\/diginewsworld.com\/de\/maison-4\/","og_locale":"de_DE","og_type":"article","og_title":"Home - Diginewsworld","og_description":"Druk op de ziekenhuizen Maar het ziekenhuispersoneel was opgelucht toen het vorige week vernam dat de regering van plan was de beperkingen te versoepelen terwijl bijna driekwart van de bedden op de intensive care bezet zijn door coronaviruspati\u00ebnten. Zondag werden 8 288 nieuwe besmettingen gemeld, het hoogste dagelijkse aantal sinds twee weken, terwijl meer dan &hellip;","og_url":"https:\/\/diginewsworld.com\/de\/maison-4\/","og_site_name":"Diginewsworld","twitter_card":"summary_large_image","twitter_misc":{"Gesch\u00e4tzte Lesezeit":"1 minute"},"schema":{"@context":"https:\/\/schema.org","@graph":[{"@type":"WebPage","@id":"https:\/\/diginewsworld.com\/fr\/maison-4\/","url":"https:\/\/diginewsworld.com\/fr\/maison-4\/","name":"Home - Diginewsworld","isPartOf":{"@id":"http:\/\/diginewsworld.com\/nl\/#website"},"datePublished":"2021-04-12T13:07:11+00:00","dateModified":"2021-04-12T13:07:11+00:00","breadcrumb":{"@id":"https:\/\/diginewsworld.com\/fr\/maison-4\/#breadcrumb"},"inLanguage":"de-DE","potentialAction":[{"@type":"ReadAction","target":["https:\/\/diginewsworld.com\/fr\/maison-4\/"]}]},{"@type":"BreadcrumbList","@id":"https:\/\/diginewsworld.com\/fr\/maison-4\/#breadcrumb","itemListElement":[{"@type":"ListItem","position":1,"name":"Home","item":"http:\/\/diginewsworld.com\/nl\/"},{"@type":"ListItem","position":2,"name":"Home"}]},{"@type":"WebSite","@id":"http:\/\/diginewsworld.com\/nl\/#website","url":"http:\/\/diginewsworld.com\/nl\/","name":"Diginewsworld","description":"","potentialAction":[{"@type":"SearchAction","target":{"@type":"EntryPoint","urlTemplate":"http:\/\/diginewsworld.com\/nl\/?s={search_term_string}"},"query-input":"required name=search_term_string"}],"inLanguage":"de-DE"}]}},"_links":{"self":[{"href":"https:\/\/diginewsworld.com\/de\/wp-json\/wp\/v2\/pages\/343","targetHints":{"allow":["GET"]}}],"collection":[{"href":"https:\/\/diginewsworld.com\/de\/wp-json\/wp\/v2\/pages"}],"about":[{"href":"https:\/\/diginewsworld.com\/de\/wp-json\/wp\/v2\/types\/page"}],"author":[{"embeddable":true,"href":"https:\/\/diginewsworld.com\/de\/wp-json\/wp\/v2\/users\/1"}],"replies":[{"embeddable":true,"href":"https:\/\/diginewsworld.com\/de\/wp-json\/wp\/v2\/comments?post=343"}],"version-history":[{"count":0,"href":"https:\/\/diginewsworld.com\/de\/wp-json\/wp\/v2\/pages\/343\/revisions"}],"wp:attachment":[{"href":"https:\/\/diginewsworld.com\/de\/wp-json\/wp\/v2\/media?parent=343"}],"curies":[{"name":"wp","href":"https:\/\/api.w.org\/{rel}","templated":true}]}}