{"id":35,"date":"2021-04-12T12:47:38","date_gmt":"2021-04-12T12:47:38","guid":{"rendered":"https:\/\/diginewsworld.com\/elementor-6-11\/"},"modified":"2021-04-12T12:47:38","modified_gmt":"2021-04-12T12:47:38","slug":"elementor-6-11","status":"publish","type":"page","link":"https:\/\/diginewsworld.com\/de\/elementor-6-11\/","title":{"rendered":"Elementor #6"},"content":{"rendered":"<div data-elementor-type=\"wp-post\" data-elementor-id=\"35\" class=\"elementor elementor-35\">\n\t\t\t\t\t\t\t\t\t<section class=\"elementor-section elementor-top-section elementor-element elementor-element-75e1d1e elementor-section-boxed elementor-section-height-default elementor-section-height-default\" data-id=\"75e1d1e\" data-element_type=\"section\">\n\t\t\t\t\t\t<div class=\"elementor-container elementor-column-gap-default\">\n\t\t\t\t\t<div class=\"elementor-column elementor-col-100 elementor-top-column elementor-element elementor-element-8eb479d\" data-id=\"8eb479d\" data-element_type=\"column\">\n\t\t\t<div class=\"elementor-widget-wrap elementor-element-populated\">\n\t\t\t\t\t\t\t\t<div class=\"elementor-element elementor-element-d86960a elementor-widget elementor-widget-text-editor\" data-id=\"d86960a\" data-element_type=\"widget\" data-widget_type=\"text-editor.default\">\n\t\t\t\t<div class=\"elementor-widget-container\">\n\t\t\t\t\t\t\t<p>Entt\u00e4uschung herrschte jedoch beim Krankenhauspersonal, das in der vergangenen Woche beunruhigt war, als es erfuhr, dass die Regierung die Beschr\u00e4nkungen aufheben wollte, w\u00e4hrend drei Viertel der station\u00e4ren Betten von Coronavirus-Patienten belegt waren. Am Sonntag wurden weitere 8.288 Infektionen bekannt gegeben, die h\u00f6chste t\u00e4gliche Zahl seit zwei Wochen, w\u00e4hrend mehr als 2.500 Menschen wegen des Virus im Krankenhaus behandelt werden, 788 davon auf der Intensivstation. Ad Melkert, Vizekanzler des niederl\u00e4ndischen Krankenhausverbands NVZ, sagte: \"Das ist schwierig f\u00fcr die Menschen, die gehofft oder damit gerechnet hatten, dass die Beschr\u00e4nkungen aufgehoben werden w\u00fcrden. Sie werden aber dennoch dringend ben\u00f6tigt, denn in unseren Krankenh\u00e4usern sind alle H\u00e4nde voll zu tun. Zun\u00e4chst einmal m\u00fcssen wir das Virus unter Kontrolle bringen, mehr Menschen infizieren lassen und den Druck auf die Krankenh\u00e4user verringern. Dann k\u00f6nnen wir langsam aber sicher zur t\u00e4glichen Routine zur\u00fcckkehren, aber ich denke, das wird noch ein paar Wochen dauern.\t\t\t\t\t\t<\/div>\n\t\t\t\t<\/div>\n\t\t\t\t\t<\/div>\n\t\t<\/div>\n\t\t\t\t\t\t\t<\/div>\n\t\t<\/section>\n\t\t\t\t\t\t\t<\/div>","protected":false},"excerpt":{"rendered":"<p>Druck auf Krankenh\u00e4user Aber es gab Erleichterung beim Krankenhauspersonal, das letzte Woche best\u00fcrzt war, als es erfuhr, dass die Regierung die Beschr\u00e4nkungen lockern wollte, w\u00e4hrend fast drei Viertel der Intensivbetten mit Coronavirus-Patienten belegt sind. Weitere 8.288 Infektionen wurden am Sonntag bekannt gegeben, die h\u00f6chste Tageszahl seit zwei Wochen, w\u00e4hrend mehr als 2.500 Menschen wegen des &hellip;<\/p>","protected":false},"author":1,"featured_media":0,"parent":0,"menu_order":0,"comment_status":"closed","ping_status":"closed","template":"","meta":{"footnotes":""},"class_list":["post-35","page","type-page","status-publish","hentry"],"yoast_head":"<!-- This site is optimized with the Yoast SEO plugin v19.6.1 - https:\/\/yoast.com\/wordpress\/plugins\/seo\/ -->\n<title>Elementor #6 - Diginewsworld<\/title>\n<meta name=\"robots\" content=\"index, follow, max-snippet:-1, max-image-preview:large, max-video-preview:-1\" \/>\n<link rel=\"canonical\" href=\"https:\/\/diginewsworld.com\/de\/elementor-6-11\/\" \/>\n<meta property=\"og:locale\" content=\"de_DE\" \/>\n<meta property=\"og:type\" content=\"article\" \/>\n<meta property=\"og:title\" content=\"Elementor #6 - Diginewsworld\" \/>\n<meta property=\"og:description\" content=\"Druck auf Krankenh\u00e4user Aber es gab Erleichterung beim Krankenhauspersonal, das letzte Woche best\u00fcrzt war, als es erfuhr, dass die Regierung die Beschr\u00e4nkungen lockern wollte, w\u00e4hrend fast drei Viertel der Intensivbetten mit Coronavirus-Patienten belegt sind. Weitere 8.288 Infektionen wurden am Sonntag bekannt gegeben, die h\u00f6chste Tageszahl seit zwei Wochen, w\u00e4hrend mehr als 2.500 Menschen wegen des &hellip;\" \/>\n<meta property=\"og:url\" content=\"https:\/\/diginewsworld.com\/de\/elementor-6-11\/\" \/>\n<meta property=\"og:site_name\" content=\"Diginewsworld\" \/>\n<meta name=\"twitter:card\" content=\"summary_large_image\" \/>\n<meta name=\"twitter:label1\" content=\"Gesch\u00e4tzte Lesezeit\" \/>\n\t<meta name=\"twitter:data1\" content=\"1 minute\" \/>\n<script type=\"application\/ld+json\" class=\"yoast-schema-graph\">{\"@context\":\"https:\/\/schema.org\",\"@graph\":[{\"@type\":\"WebPage\",\"@id\":\"https:\/\/diginewsworld.com\/nl\/elementor-6-11\/\",\"url\":\"https:\/\/diginewsworld.com\/nl\/elementor-6-11\/\",\"name\":\"Elementor #6 - Diginewsworld\",\"isPartOf\":{\"@id\":\"http:\/\/diginewsworld.com\/nl\/#website\"},\"datePublished\":\"2021-04-12T12:47:38+00:00\",\"dateModified\":\"2021-04-12T12:47:38+00:00\",\"breadcrumb\":{\"@id\":\"https:\/\/diginewsworld.com\/nl\/elementor-6-11\/#breadcrumb\"},\"inLanguage\":\"de-DE\",\"potentialAction\":[{\"@type\":\"ReadAction\",\"target\":[\"https:\/\/diginewsworld.com\/nl\/elementor-6-11\/\"]}]},{\"@type\":\"BreadcrumbList\",\"@id\":\"https:\/\/diginewsworld.com\/nl\/elementor-6-11\/#breadcrumb\",\"itemListElement\":[{\"@type\":\"ListItem\",\"position\":1,\"name\":\"Home\",\"item\":\"http:\/\/diginewsworld.com\/nl\/\"},{\"@type\":\"ListItem\",\"position\":2,\"name\":\"Elementor #6\"}]},{\"@type\":\"WebSite\",\"@id\":\"http:\/\/diginewsworld.com\/nl\/#website\",\"url\":\"http:\/\/diginewsworld.com\/nl\/\",\"name\":\"Diginewsworld\",\"description\":\"\",\"potentialAction\":[{\"@type\":\"SearchAction\",\"target\":{\"@type\":\"EntryPoint\",\"urlTemplate\":\"http:\/\/diginewsworld.com\/nl\/?s={search_term_string}\"},\"query-input\":\"required name=search_term_string\"}],\"inLanguage\":\"de-DE\"}]}<\/script>\n<!-- \/ Yoast SEO plugin. -->","yoast_head_json":{"title":"Elementor #6 - Diginewsworld","robots":{"index":"index","follow":"follow","max-snippet":"max-snippet:-1","max-image-preview":"max-image-preview:large","max-video-preview":"max-video-preview:-1"},"canonical":"https:\/\/diginewsworld.com\/de\/elementor-6-11\/","og_locale":"de_DE","og_type":"article","og_title":"Elementor #6 - Diginewsworld","og_description":"Druck auf Krankenh\u00e4user Aber es gab Erleichterung beim Krankenhauspersonal, das letzte Woche best\u00fcrzt war, als es erfuhr, dass die Regierung die Beschr\u00e4nkungen lockern wollte, w\u00e4hrend fast drei Viertel der Intensivbetten mit Coronavirus-Patienten belegt sind. Weitere 8.288 Infektionen wurden am Sonntag bekannt gegeben, die h\u00f6chste Tageszahl seit zwei Wochen, w\u00e4hrend mehr als 2.500 Menschen wegen des &hellip;","og_url":"https:\/\/diginewsworld.com\/de\/elementor-6-11\/","og_site_name":"Diginewsworld","twitter_card":"summary_large_image","twitter_misc":{"Gesch\u00e4tzte Lesezeit":"1 minute"},"schema":{"@context":"https:\/\/schema.org","@graph":[{"@type":"WebPage","@id":"https:\/\/diginewsworld.com\/nl\/elementor-6-11\/","url":"https:\/\/diginewsworld.com\/nl\/elementor-6-11\/","name":"Elementor #6 - Diginewsworld","isPartOf":{"@id":"http:\/\/diginewsworld.com\/nl\/#website"},"datePublished":"2021-04-12T12:47:38+00:00","dateModified":"2021-04-12T12:47:38+00:00","breadcrumb":{"@id":"https:\/\/diginewsworld.com\/nl\/elementor-6-11\/#breadcrumb"},"inLanguage":"de-DE","potentialAction":[{"@type":"ReadAction","target":["https:\/\/diginewsworld.com\/nl\/elementor-6-11\/"]}]},{"@type":"BreadcrumbList","@id":"https:\/\/diginewsworld.com\/nl\/elementor-6-11\/#breadcrumb","itemListElement":[{"@type":"ListItem","position":1,"name":"Home","item":"http:\/\/diginewsworld.com\/nl\/"},{"@type":"ListItem","position":2,"name":"Elementor #6"}]},{"@type":"WebSite","@id":"http:\/\/diginewsworld.com\/nl\/#website","url":"http:\/\/diginewsworld.com\/nl\/","name":"Diginewsworld","description":"","potentialAction":[{"@type":"SearchAction","target":{"@type":"EntryPoint","urlTemplate":"http:\/\/diginewsworld.com\/nl\/?s={search_term_string}"},"query-input":"required name=search_term_string"}],"inLanguage":"de-DE"}]}},"_links":{"self":[{"href":"https:\/\/diginewsworld.com\/de\/wp-json\/wp\/v2\/pages\/35","targetHints":{"allow":["GET"]}}],"collection":[{"href":"https:\/\/diginewsworld.com\/de\/wp-json\/wp\/v2\/pages"}],"about":[{"href":"https:\/\/diginewsworld.com\/de\/wp-json\/wp\/v2\/types\/page"}],"author":[{"embeddable":true,"href":"https:\/\/diginewsworld.com\/de\/wp-json\/wp\/v2\/users\/1"}],"replies":[{"embeddable":true,"href":"https:\/\/diginewsworld.com\/de\/wp-json\/wp\/v2\/comments?post=35"}],"version-history":[{"count":0,"href":"https:\/\/diginewsworld.com\/de\/wp-json\/wp\/v2\/pages\/35\/revisions"}],"wp:attachment":[{"href":"https:\/\/diginewsworld.com\/de\/wp-json\/wp\/v2\/media?parent=35"}],"curies":[{"name":"wp","href":"https:\/\/api.w.org\/{rel}","templated":true}]}}