{"id":350,"date":"2021-04-12T13:07:23","date_gmt":"2021-04-12T13:07:23","guid":{"rendered":"https:\/\/diginewsworld.com\/elementary-6-2\/"},"modified":"2021-04-12T13:07:23","modified_gmt":"2021-04-12T13:07:23","slug":"elementary-6-2","status":"publish","type":"page","link":"https:\/\/diginewsworld.com\/de\/elementar-6-2\/","title":{"rendered":"Elementarbereich #6"},"content":{"rendered":"<div data-elementor-type=\"wp-post\" data-elementor-id=\"350\" class=\"elementor elementor-350\">\n\t\t\t\t\t\t\t\t\t<section class=\"elementor-section elementor-top-section elementor-element elementor-element-75e1d1e elementor-section-boxed elementor-section-height-default elementor-section-height-default\" data-id=\"75e1d1e\" data-element_type=\"section\">\n\t\t\t\t\t\t<div class=\"elementor-container elementor-column-gap-default\">\n\t\t\t\t\t<div class=\"elementor-column elementor-col-100 elementor-top-column elementor-element elementor-element-8eb479d\" data-id=\"8eb479d\" data-element_type=\"column\">\n\t\t\t<div class=\"elementor-widget-wrap elementor-element-populated\">\n\t\t\t\t\t\t\t\t<div class=\"elementor-element elementor-element-d86960a elementor-widget elementor-widget-text-editor\" data-id=\"d86960a\" data-element_type=\"widget\" data-widget_type=\"text-editor.default\">\n\t\t\t\t<div class=\"elementor-widget-container\">\n\t\t\t\t\t\t\t<p>Druck auf Krankenh\u00e4user Das Krankenhauspersonal war jedoch erleichtert, als es letzte Woche erfuhr, dass die Regierung die Beschr\u00e4nkungen zu einem Zeitpunkt lockern will, zu dem fast drei Viertel der Intensivbetten von Patienten mit Coronaviren belegt sind. Am Sonntag wurden weitere 1.288 Infektionen gemeldet, die h\u00f6chste Tageszahl seit vierzehn Tagen, w\u00e4hrend mehr als 2.500 Menschen wegen des Virus im Krankenhaus behandelt werden, 788 davon auf der Intensivstation. Ad Melkert, Vorstandsvorsitzender des niederl\u00e4ndischen Krankenhausverbands NVZ, sagte: \"Es ist schwierig f\u00fcr Menschen, die auf eine Lockerung der Beschr\u00e4nkungen gehofft oder damit gerechnet haben. Aber sie werden trotzdem dringend ben\u00f6tigt, denn in unseren Krankenh\u00e4usern sind alle an Deck. Zun\u00e4chst m\u00fcssen wir das Virus unter Kontrolle bringen, mehr Menschen impfen lassen und den Druck auf die Krankenh\u00e4user verringern. Dann k\u00f6nnen wir langsam aber sicher wieder zur Tagesordnung \u00fcbergehen, aber ich denke, das wird ein paar Wochen dauern.\t\t\t\t\t\t<\/div>\n\t\t\t\t<\/div>\n\t\t\t\t\t<\/div>\n\t\t<\/div>\n\t\t\t\t\t\t\t<\/div>\n\t\t<\/section>\n\t\t\t\t\t\t\t<\/div>","protected":false},"excerpt":{"rendered":"<p>Druk op de ziekenhuizen Maar er was opluchting onder het ziekenhuispersoneel, dat vorige week tot zijn ontzetting vernam dat de regering de beperkingen wil versoepelen op een ogenblik dat bijna driekwart van de bedden op de intensive care bezet zijn door pati\u00ebnten met coronavirussen. Zondag werden nog eens 1.288 besmettingen bekendgemaakt, het hoogste dagelijkse aantal &hellip;<\/p>","protected":false},"author":1,"featured_media":0,"parent":0,"menu_order":0,"comment_status":"closed","ping_status":"closed","template":"","meta":{"footnotes":""},"class_list":["post-350","page","type-page","status-publish","hentry"],"yoast_head":"<!-- This site is optimized with the Yoast SEO plugin v19.6.1 - https:\/\/yoast.com\/wordpress\/plugins\/seo\/ -->\n<title>Elementary #6 - Diginewsworld<\/title>\n<meta name=\"robots\" content=\"index, follow, max-snippet:-1, max-image-preview:large, max-video-preview:-1\" \/>\n<link rel=\"canonical\" href=\"https:\/\/diginewsworld.com\/de\/elementar-6-2\/\" \/>\n<meta property=\"og:locale\" content=\"de_DE\" \/>\n<meta property=\"og:type\" content=\"article\" \/>\n<meta property=\"og:title\" content=\"Elementary #6 - Diginewsworld\" \/>\n<meta property=\"og:description\" content=\"Druk op de ziekenhuizen Maar er was opluchting onder het ziekenhuispersoneel, dat vorige week tot zijn ontzetting vernam dat de regering de beperkingen wil versoepelen op een ogenblik dat bijna driekwart van de bedden op de intensive care bezet zijn door pati\u00ebnten met coronavirussen. Zondag werden nog eens 1.288 besmettingen bekendgemaakt, het hoogste dagelijkse aantal &hellip;\" \/>\n<meta property=\"og:url\" content=\"https:\/\/diginewsworld.com\/de\/elementar-6-2\/\" \/>\n<meta property=\"og:site_name\" content=\"Diginewsworld\" \/>\n<meta name=\"twitter:card\" content=\"summary_large_image\" \/>\n<meta name=\"twitter:label1\" content=\"Gesch\u00e4tzte Lesezeit\" \/>\n\t<meta name=\"twitter:data1\" content=\"1 minute\" \/>\n<script type=\"application\/ld+json\" class=\"yoast-schema-graph\">{\"@context\":\"https:\/\/schema.org\",\"@graph\":[{\"@type\":\"WebPage\",\"@id\":\"https:\/\/diginewsworld.com\/nl\/elementary-6-2\/\",\"url\":\"https:\/\/diginewsworld.com\/nl\/elementary-6-2\/\",\"name\":\"Elementary #6 - Diginewsworld\",\"isPartOf\":{\"@id\":\"http:\/\/diginewsworld.com\/nl\/#website\"},\"datePublished\":\"2021-04-12T13:07:23+00:00\",\"dateModified\":\"2021-04-12T13:07:23+00:00\",\"breadcrumb\":{\"@id\":\"https:\/\/diginewsworld.com\/nl\/elementary-6-2\/#breadcrumb\"},\"inLanguage\":\"de-DE\",\"potentialAction\":[{\"@type\":\"ReadAction\",\"target\":[\"https:\/\/diginewsworld.com\/nl\/elementary-6-2\/\"]}]},{\"@type\":\"BreadcrumbList\",\"@id\":\"https:\/\/diginewsworld.com\/nl\/elementary-6-2\/#breadcrumb\",\"itemListElement\":[{\"@type\":\"ListItem\",\"position\":1,\"name\":\"Home\",\"item\":\"http:\/\/diginewsworld.com\/nl\/\"},{\"@type\":\"ListItem\",\"position\":2,\"name\":\"Elementary #6\"}]},{\"@type\":\"WebSite\",\"@id\":\"http:\/\/diginewsworld.com\/nl\/#website\",\"url\":\"http:\/\/diginewsworld.com\/nl\/\",\"name\":\"Diginewsworld\",\"description\":\"\",\"potentialAction\":[{\"@type\":\"SearchAction\",\"target\":{\"@type\":\"EntryPoint\",\"urlTemplate\":\"http:\/\/diginewsworld.com\/nl\/?s={search_term_string}\"},\"query-input\":\"required name=search_term_string\"}],\"inLanguage\":\"de-DE\"}]}<\/script>\n<!-- \/ Yoast SEO plugin. -->","yoast_head_json":{"title":"Elementary #6 - Diginewsworld","robots":{"index":"index","follow":"follow","max-snippet":"max-snippet:-1","max-image-preview":"max-image-preview:large","max-video-preview":"max-video-preview:-1"},"canonical":"https:\/\/diginewsworld.com\/de\/elementar-6-2\/","og_locale":"de_DE","og_type":"article","og_title":"Elementary #6 - Diginewsworld","og_description":"Druk op de ziekenhuizen Maar er was opluchting onder het ziekenhuispersoneel, dat vorige week tot zijn ontzetting vernam dat de regering de beperkingen wil versoepelen op een ogenblik dat bijna driekwart van de bedden op de intensive care bezet zijn door pati\u00ebnten met coronavirussen. Zondag werden nog eens 1.288 besmettingen bekendgemaakt, het hoogste dagelijkse aantal &hellip;","og_url":"https:\/\/diginewsworld.com\/de\/elementar-6-2\/","og_site_name":"Diginewsworld","twitter_card":"summary_large_image","twitter_misc":{"Gesch\u00e4tzte Lesezeit":"1 minute"},"schema":{"@context":"https:\/\/schema.org","@graph":[{"@type":"WebPage","@id":"https:\/\/diginewsworld.com\/nl\/elementary-6-2\/","url":"https:\/\/diginewsworld.com\/nl\/elementary-6-2\/","name":"Elementary #6 - Diginewsworld","isPartOf":{"@id":"http:\/\/diginewsworld.com\/nl\/#website"},"datePublished":"2021-04-12T13:07:23+00:00","dateModified":"2021-04-12T13:07:23+00:00","breadcrumb":{"@id":"https:\/\/diginewsworld.com\/nl\/elementary-6-2\/#breadcrumb"},"inLanguage":"de-DE","potentialAction":[{"@type":"ReadAction","target":["https:\/\/diginewsworld.com\/nl\/elementary-6-2\/"]}]},{"@type":"BreadcrumbList","@id":"https:\/\/diginewsworld.com\/nl\/elementary-6-2\/#breadcrumb","itemListElement":[{"@type":"ListItem","position":1,"name":"Home","item":"http:\/\/diginewsworld.com\/nl\/"},{"@type":"ListItem","position":2,"name":"Elementary #6"}]},{"@type":"WebSite","@id":"http:\/\/diginewsworld.com\/nl\/#website","url":"http:\/\/diginewsworld.com\/nl\/","name":"Diginewsworld","description":"","potentialAction":[{"@type":"SearchAction","target":{"@type":"EntryPoint","urlTemplate":"http:\/\/diginewsworld.com\/nl\/?s={search_term_string}"},"query-input":"required name=search_term_string"}],"inLanguage":"de-DE"}]}},"_links":{"self":[{"href":"https:\/\/diginewsworld.com\/de\/wp-json\/wp\/v2\/pages\/350","targetHints":{"allow":["GET"]}}],"collection":[{"href":"https:\/\/diginewsworld.com\/de\/wp-json\/wp\/v2\/pages"}],"about":[{"href":"https:\/\/diginewsworld.com\/de\/wp-json\/wp\/v2\/types\/page"}],"author":[{"embeddable":true,"href":"https:\/\/diginewsworld.com\/de\/wp-json\/wp\/v2\/users\/1"}],"replies":[{"embeddable":true,"href":"https:\/\/diginewsworld.com\/de\/wp-json\/wp\/v2\/comments?post=350"}],"version-history":[{"count":0,"href":"https:\/\/diginewsworld.com\/de\/wp-json\/wp\/v2\/pages\/350\/revisions"}],"wp:attachment":[{"href":"https:\/\/diginewsworld.com\/de\/wp-json\/wp\/v2\/media?parent=350"}],"curies":[{"name":"wp","href":"https:\/\/api.w.org\/{rel}","templated":true}]}}