{"id":36,"date":"2021-04-12T12:47:44","date_gmt":"2021-04-12T12:47:44","guid":{"rendered":"https:\/\/diginewsworld.com\/elementor-6-12\/"},"modified":"2021-04-12T12:47:44","modified_gmt":"2021-04-12T12:47:44","slug":"elementor-6-12","status":"publish","type":"page","link":"https:\/\/diginewsworld.com\/de\/elementor-6-12\/","title":{"rendered":"Elementor #6"},"content":{"rendered":"<div data-elementor-type=\"wp-post\" data-elementor-id=\"36\" class=\"elementor elementor-36\">\n\t\t\t\t\t\t\t\t\t<section class=\"elementor-section elementor-top-section elementor-element elementor-element-75e1d1e elementor-section-boxed elementor-section-height-default elementor-section-height-default\" data-id=\"75e1d1e\" data-element_type=\"section\">\n\t\t\t\t\t\t<div class=\"elementor-container elementor-column-gap-default\">\n\t\t\t\t\t<div class=\"elementor-column elementor-col-100 elementor-top-column elementor-element elementor-element-8eb479d\" data-id=\"8eb479d\" data-element_type=\"column\">\n\t\t\t<div class=\"elementor-widget-wrap elementor-element-populated\">\n\t\t\t\t\t\t\t\t<div class=\"elementor-element elementor-element-d86960a elementor-widget elementor-widget-text-editor\" data-id=\"d86960a\" data-element_type=\"widget\" data-widget_type=\"text-editor.default\">\n\t\t\t\t<div class=\"elementor-widget-container\">\n\t\t\t\t\t\t\t<p>Druck auf die Krankenh\u00e4user Das Krankenhauspersonal war jedoch best\u00fcrzt, als es in der letzten Woche erfuhr, dass die Regierung die Beschr\u00e4nkungen aufheben wollte, obwohl mehr als drei Viertel der Intensivstationen mit Coronavirus-Patienten belegt sind. Heute wurden 8 288 weitere Infektionen bekannt gegeben, die h\u00f6chste Zahl seit zwei Jahren, und mehr als 2 500 Personen werden im Krankenhaus wegen des Virus behandelt, davon 788 unter Intensivbehandlung. Ad Melkert, Vorstandsvorsitzender des niederl\u00e4ndischen Krankenhausverbands NVZ, erkl\u00e4rte: \"Es ist schwierig f\u00fcr die Menschen, die einen Zusammenbruch der Beschr\u00e4nkungen erwartet hatten oder erwarten. Sie sind aber dennoch notwendig, denn unsere Krankenh\u00e4user m\u00fcssen alle verf\u00fcgbaren Ressourcen nutzen. Wir m\u00fcssen zun\u00e4chst das Virus bek\u00e4mpfen, mehr Menschen impfen und den Druck auf die Krankenh\u00e4user verringern. Zweitens werden wir langsam aber sicher unsere gewohnten Aktivit\u00e4ten wieder aufnehmen k\u00f6nnen, aber ich denke, das wird noch einige Wochen dauern.\t\t\t\t\t\t<\/div>\n\t\t\t\t<\/div>\n\t\t\t\t\t<\/div>\n\t\t<\/div>\n\t\t\t\t\t\t\t<\/div>\n\t\t<\/section>\n\t\t\t\t\t\t\t<\/div>","protected":false},"excerpt":{"rendered":"<p>Pression sur les h\u00f4pitaux Mais le soulagement \u00e9tait de mise parmi le personnel hospitalier, qui a \u00e9t\u00e9 constern\u00e9 d&#8217;apprendre la semaine derni\u00e8re que le gouvernement souhaitait assouplir les restrictions alors que pr\u00e8s des trois quarts des lits de soins intensifs sont occup\u00e9s par des patients atteints du coronavirus. Dimanche, 8 288 autres infections ont \u00e9t\u00e9 &hellip;<\/p>","protected":false},"author":1,"featured_media":0,"parent":0,"menu_order":0,"comment_status":"closed","ping_status":"closed","template":"","meta":{"footnotes":""},"class_list":["post-36","page","type-page","status-publish","hentry"],"yoast_head":"<!-- This site is optimized with the Yoast SEO plugin v19.6.1 - https:\/\/yoast.com\/wordpress\/plugins\/seo\/ -->\n<title>Elementor #6 - Diginewsworld<\/title>\n<meta name=\"robots\" content=\"index, follow, max-snippet:-1, max-image-preview:large, max-video-preview:-1\" \/>\n<link rel=\"canonical\" href=\"https:\/\/diginewsworld.com\/de\/elementor-6-12\/\" \/>\n<meta property=\"og:locale\" content=\"de_DE\" \/>\n<meta property=\"og:type\" content=\"article\" \/>\n<meta property=\"og:title\" content=\"Elementor #6 - Diginewsworld\" \/>\n<meta property=\"og:description\" content=\"Pression sur les h\u00f4pitaux Mais le soulagement \u00e9tait de mise parmi le personnel hospitalier, qui a \u00e9t\u00e9 constern\u00e9 d&#8217;apprendre la semaine derni\u00e8re que le gouvernement souhaitait assouplir les restrictions alors que pr\u00e8s des trois quarts des lits de soins intensifs sont occup\u00e9s par des patients atteints du coronavirus. Dimanche, 8 288 autres infections ont \u00e9t\u00e9 &hellip;\" \/>\n<meta property=\"og:url\" content=\"https:\/\/diginewsworld.com\/de\/elementor-6-12\/\" \/>\n<meta property=\"og:site_name\" content=\"Diginewsworld\" \/>\n<meta name=\"twitter:card\" content=\"summary_large_image\" \/>\n<meta name=\"twitter:label1\" content=\"Gesch\u00e4tzte Lesezeit\" \/>\n\t<meta name=\"twitter:data1\" content=\"1 minute\" \/>\n<script type=\"application\/ld+json\" class=\"yoast-schema-graph\">{\"@context\":\"https:\/\/schema.org\",\"@graph\":[{\"@type\":\"WebPage\",\"@id\":\"https:\/\/diginewsworld.com\/de\/elementor-6-12\/\",\"url\":\"https:\/\/diginewsworld.com\/de\/elementor-6-12\/\",\"name\":\"Elementor #6 - Diginewsworld\",\"isPartOf\":{\"@id\":\"http:\/\/diginewsworld.com\/nl\/#website\"},\"datePublished\":\"2021-04-12T12:47:44+00:00\",\"dateModified\":\"2021-04-12T12:47:44+00:00\",\"breadcrumb\":{\"@id\":\"https:\/\/diginewsworld.com\/de\/elementor-6-12\/#breadcrumb\"},\"inLanguage\":\"de-DE\",\"potentialAction\":[{\"@type\":\"ReadAction\",\"target\":[\"https:\/\/diginewsworld.com\/de\/elementor-6-12\/\"]}]},{\"@type\":\"BreadcrumbList\",\"@id\":\"https:\/\/diginewsworld.com\/de\/elementor-6-12\/#breadcrumb\",\"itemListElement\":[{\"@type\":\"ListItem\",\"position\":1,\"name\":\"Home\",\"item\":\"http:\/\/diginewsworld.com\/nl\/\"},{\"@type\":\"ListItem\",\"position\":2,\"name\":\"Elementor #6\"}]},{\"@type\":\"WebSite\",\"@id\":\"http:\/\/diginewsworld.com\/nl\/#website\",\"url\":\"http:\/\/diginewsworld.com\/nl\/\",\"name\":\"Diginewsworld\",\"description\":\"\",\"potentialAction\":[{\"@type\":\"SearchAction\",\"target\":{\"@type\":\"EntryPoint\",\"urlTemplate\":\"http:\/\/diginewsworld.com\/nl\/?s={search_term_string}\"},\"query-input\":\"required name=search_term_string\"}],\"inLanguage\":\"de-DE\"}]}<\/script>\n<!-- \/ Yoast SEO plugin. -->","yoast_head_json":{"title":"Elementor #6 - Diginewsworld","robots":{"index":"index","follow":"follow","max-snippet":"max-snippet:-1","max-image-preview":"max-image-preview:large","max-video-preview":"max-video-preview:-1"},"canonical":"https:\/\/diginewsworld.com\/de\/elementor-6-12\/","og_locale":"de_DE","og_type":"article","og_title":"Elementor #6 - Diginewsworld","og_description":"Pression sur les h\u00f4pitaux Mais le soulagement \u00e9tait de mise parmi le personnel hospitalier, qui a \u00e9t\u00e9 constern\u00e9 d&#8217;apprendre la semaine derni\u00e8re que le gouvernement souhaitait assouplir les restrictions alors que pr\u00e8s des trois quarts des lits de soins intensifs sont occup\u00e9s par des patients atteints du coronavirus. Dimanche, 8 288 autres infections ont \u00e9t\u00e9 &hellip;","og_url":"https:\/\/diginewsworld.com\/de\/elementor-6-12\/","og_site_name":"Diginewsworld","twitter_card":"summary_large_image","twitter_misc":{"Gesch\u00e4tzte Lesezeit":"1 minute"},"schema":{"@context":"https:\/\/schema.org","@graph":[{"@type":"WebPage","@id":"https:\/\/diginewsworld.com\/de\/elementor-6-12\/","url":"https:\/\/diginewsworld.com\/de\/elementor-6-12\/","name":"Elementor #6 - Diginewsworld","isPartOf":{"@id":"http:\/\/diginewsworld.com\/nl\/#website"},"datePublished":"2021-04-12T12:47:44+00:00","dateModified":"2021-04-12T12:47:44+00:00","breadcrumb":{"@id":"https:\/\/diginewsworld.com\/de\/elementor-6-12\/#breadcrumb"},"inLanguage":"de-DE","potentialAction":[{"@type":"ReadAction","target":["https:\/\/diginewsworld.com\/de\/elementor-6-12\/"]}]},{"@type":"BreadcrumbList","@id":"https:\/\/diginewsworld.com\/de\/elementor-6-12\/#breadcrumb","itemListElement":[{"@type":"ListItem","position":1,"name":"Home","item":"http:\/\/diginewsworld.com\/nl\/"},{"@type":"ListItem","position":2,"name":"Elementor #6"}]},{"@type":"WebSite","@id":"http:\/\/diginewsworld.com\/nl\/#website","url":"http:\/\/diginewsworld.com\/nl\/","name":"Diginewsworld","description":"","potentialAction":[{"@type":"SearchAction","target":{"@type":"EntryPoint","urlTemplate":"http:\/\/diginewsworld.com\/nl\/?s={search_term_string}"},"query-input":"required name=search_term_string"}],"inLanguage":"de-DE"}]}},"_links":{"self":[{"href":"https:\/\/diginewsworld.com\/de\/wp-json\/wp\/v2\/pages\/36","targetHints":{"allow":["GET"]}}],"collection":[{"href":"https:\/\/diginewsworld.com\/de\/wp-json\/wp\/v2\/pages"}],"about":[{"href":"https:\/\/diginewsworld.com\/de\/wp-json\/wp\/v2\/types\/page"}],"author":[{"embeddable":true,"href":"https:\/\/diginewsworld.com\/de\/wp-json\/wp\/v2\/users\/1"}],"replies":[{"embeddable":true,"href":"https:\/\/diginewsworld.com\/de\/wp-json\/wp\/v2\/comments?post=36"}],"version-history":[{"count":0,"href":"https:\/\/diginewsworld.com\/de\/wp-json\/wp\/v2\/pages\/36\/revisions"}],"wp:attachment":[{"href":"https:\/\/diginewsworld.com\/de\/wp-json\/wp\/v2\/media?parent=36"}],"curies":[{"name":"wp","href":"https:\/\/api.w.org\/{rel}","templated":true}]}}