{"id":39,"date":"2021-04-12T12:47:58","date_gmt":"2021-04-12T12:47:58","guid":{"rendered":"https:\/\/diginewsworld.com\/elementor-6-15\/"},"modified":"2021-04-12T12:47:58","modified_gmt":"2021-04-12T12:47:58","slug":"elementor-6-15","status":"publish","type":"page","link":"https:\/\/diginewsworld.com\/de\/elementor-6-15\/","title":{"rendered":"Elementor #6"},"content":{"rendered":"<div data-elementor-type=\"wp-post\" data-elementor-id=\"39\" class=\"elementor elementor-39\">\n\t\t\t\t\t\t\t\t\t<section class=\"elementor-section elementor-top-section elementor-element elementor-element-75e1d1e elementor-section-boxed elementor-section-height-default elementor-section-height-default\" data-id=\"75e1d1e\" data-element_type=\"section\">\n\t\t\t\t\t\t<div class=\"elementor-container elementor-column-gap-default\">\n\t\t\t\t\t<div class=\"elementor-column elementor-col-100 elementor-top-column elementor-element elementor-element-8eb479d\" data-id=\"8eb479d\" data-element_type=\"column\">\n\t\t\t<div class=\"elementor-widget-wrap elementor-element-populated\">\n\t\t\t\t\t\t\t\t<div class=\"elementor-element elementor-element-d86960a elementor-widget elementor-widget-text-editor\" data-id=\"d86960a\" data-element_type=\"widget\" data-widget_type=\"text-editor.default\">\n\t\t\t\t<div class=\"elementor-widget-container\">\n\t\t\t\t\t\t\t<p>Druck auf \u00f6ffentliche Dienste Ma c'era sollievo tra tragirme il personale ospedaliero, che era costernato di apprendere la scorsa settimana che il governo voleva allentare le restrizioni mentre quasi tre quarti dei letti di terapia intensiva sono occupati da pazienti con coronavirus. Bis heute wurden mehr als 8 288 Infektionen gemeldet, wobei die Zahl alle zwei Wochen steigt, w\u00e4hrend mehr als 2 500 Menschen wegen des Virus behandelt werden, 788 davon auf der Intensivstation. Ad Melkert, Presidente del consiglio dell'associazione olandese degli ospedali NVZ, ha detto: \"Questo \u00e8 difficile per le persone che avevano sperato o contato sull'allentamento delle restrizioni. Aber sie sind auch sehr notwendig, denn wir brauchen jede m\u00f6gliche Hilfe in unseren Krankenh\u00e4usern. Zun\u00e4chst m\u00fcssen wir das Virus unter Kontrolle halten, mehr Menschen impfen und den Druck auf die \u00d6ffentlichkeit verringern. Dann k\u00f6nnen wir langsam aber sicher wieder zur Tagesordnung \u00fcbergehen, aber ich denke, dass wir das schon bald erreichen werden.\t\t\t\t\t\t<\/div>\n\t\t\t\t<\/div>\n\t\t\t\t\t<\/div>\n\t\t<\/div>\n\t\t\t\t\t\t\t<\/div>\n\t\t<\/section>\n\t\t\t\t\t\t\t<\/div>","protected":false},"excerpt":{"rendered":"<p>Pressione sugli ospedali Ma c&#8217;era sollievo tra il personale ospedaliero, che era costernato nell&#8217;apprendere la scorsa settimana che il governo voleva allentare le restrizioni mentre quasi tre quarti dei letti di terapia intensiva sono occupati da pazienti con coronavirus. Altre 8.288 infezioni sono state annunciate domenica, il pi\u00f9 alto numero giornaliero da due settimane, mentre &hellip;<\/p>","protected":false},"author":1,"featured_media":0,"parent":0,"menu_order":0,"comment_status":"closed","ping_status":"closed","template":"","meta":{"footnotes":""},"class_list":["post-39","page","type-page","status-publish","hentry"],"yoast_head":"<!-- This site is optimized with the Yoast SEO plugin v19.6.1 - https:\/\/yoast.com\/wordpress\/plugins\/seo\/ -->\n<title>Elementor #6 - Diginewsworld<\/title>\n<meta name=\"robots\" content=\"index, follow, max-snippet:-1, max-image-preview:large, max-video-preview:-1\" \/>\n<link rel=\"canonical\" href=\"https:\/\/diginewsworld.com\/de\/elementor-6-15\/\" \/>\n<meta property=\"og:locale\" content=\"de_DE\" \/>\n<meta property=\"og:type\" content=\"article\" \/>\n<meta property=\"og:title\" content=\"Elementor #6 - Diginewsworld\" \/>\n<meta property=\"og:description\" content=\"Pressione sugli ospedali Ma c&#8217;era sollievo tra il personale ospedaliero, che era costernato nell&#8217;apprendere la scorsa settimana che il governo voleva allentare le restrizioni mentre quasi tre quarti dei letti di terapia intensiva sono occupati da pazienti con coronavirus. Altre 8.288 infezioni sono state annunciate domenica, il pi\u00f9 alto numero giornaliero da due settimane, mentre &hellip;\" \/>\n<meta property=\"og:url\" content=\"https:\/\/diginewsworld.com\/de\/elementor-6-15\/\" \/>\n<meta property=\"og:site_name\" content=\"Diginewsworld\" \/>\n<meta name=\"twitter:card\" content=\"summary_large_image\" \/>\n<meta name=\"twitter:label1\" content=\"Gesch\u00e4tzte Lesezeit\" \/>\n\t<meta name=\"twitter:data1\" content=\"1 minute\" \/>\n<script type=\"application\/ld+json\" class=\"yoast-schema-graph\">{\"@context\":\"https:\/\/schema.org\",\"@graph\":[{\"@type\":\"WebPage\",\"@id\":\"https:\/\/diginewsworld.com\/en\/elementor-6-15\/\",\"url\":\"https:\/\/diginewsworld.com\/en\/elementor-6-15\/\",\"name\":\"Elementor #6 - Diginewsworld\",\"isPartOf\":{\"@id\":\"http:\/\/diginewsworld.com\/nl\/#website\"},\"datePublished\":\"2021-04-12T12:47:58+00:00\",\"dateModified\":\"2021-04-12T12:47:58+00:00\",\"breadcrumb\":{\"@id\":\"https:\/\/diginewsworld.com\/en\/elementor-6-15\/#breadcrumb\"},\"inLanguage\":\"de-DE\",\"potentialAction\":[{\"@type\":\"ReadAction\",\"target\":[\"https:\/\/diginewsworld.com\/en\/elementor-6-15\/\"]}]},{\"@type\":\"BreadcrumbList\",\"@id\":\"https:\/\/diginewsworld.com\/en\/elementor-6-15\/#breadcrumb\",\"itemListElement\":[{\"@type\":\"ListItem\",\"position\":1,\"name\":\"Home\",\"item\":\"http:\/\/diginewsworld.com\/nl\/\"},{\"@type\":\"ListItem\",\"position\":2,\"name\":\"Elementor #6\"}]},{\"@type\":\"WebSite\",\"@id\":\"http:\/\/diginewsworld.com\/nl\/#website\",\"url\":\"http:\/\/diginewsworld.com\/nl\/\",\"name\":\"Diginewsworld\",\"description\":\"\",\"potentialAction\":[{\"@type\":\"SearchAction\",\"target\":{\"@type\":\"EntryPoint\",\"urlTemplate\":\"http:\/\/diginewsworld.com\/nl\/?s={search_term_string}\"},\"query-input\":\"required name=search_term_string\"}],\"inLanguage\":\"de-DE\"}]}<\/script>\n<!-- \/ Yoast SEO plugin. -->","yoast_head_json":{"title":"Elementor #6 - Diginewsworld","robots":{"index":"index","follow":"follow","max-snippet":"max-snippet:-1","max-image-preview":"max-image-preview:large","max-video-preview":"max-video-preview:-1"},"canonical":"https:\/\/diginewsworld.com\/de\/elementor-6-15\/","og_locale":"de_DE","og_type":"article","og_title":"Elementor #6 - Diginewsworld","og_description":"Pressione sugli ospedali Ma c&#8217;era sollievo tra il personale ospedaliero, che era costernato nell&#8217;apprendere la scorsa settimana che il governo voleva allentare le restrizioni mentre quasi tre quarti dei letti di terapia intensiva sono occupati da pazienti con coronavirus. Altre 8.288 infezioni sono state annunciate domenica, il pi\u00f9 alto numero giornaliero da due settimane, mentre &hellip;","og_url":"https:\/\/diginewsworld.com\/de\/elementor-6-15\/","og_site_name":"Diginewsworld","twitter_card":"summary_large_image","twitter_misc":{"Gesch\u00e4tzte Lesezeit":"1 minute"},"schema":{"@context":"https:\/\/schema.org","@graph":[{"@type":"WebPage","@id":"https:\/\/diginewsworld.com\/en\/elementor-6-15\/","url":"https:\/\/diginewsworld.com\/en\/elementor-6-15\/","name":"Elementor #6 - Diginewsworld","isPartOf":{"@id":"http:\/\/diginewsworld.com\/nl\/#website"},"datePublished":"2021-04-12T12:47:58+00:00","dateModified":"2021-04-12T12:47:58+00:00","breadcrumb":{"@id":"https:\/\/diginewsworld.com\/en\/elementor-6-15\/#breadcrumb"},"inLanguage":"de-DE","potentialAction":[{"@type":"ReadAction","target":["https:\/\/diginewsworld.com\/en\/elementor-6-15\/"]}]},{"@type":"BreadcrumbList","@id":"https:\/\/diginewsworld.com\/en\/elementor-6-15\/#breadcrumb","itemListElement":[{"@type":"ListItem","position":1,"name":"Home","item":"http:\/\/diginewsworld.com\/nl\/"},{"@type":"ListItem","position":2,"name":"Elementor #6"}]},{"@type":"WebSite","@id":"http:\/\/diginewsworld.com\/nl\/#website","url":"http:\/\/diginewsworld.com\/nl\/","name":"Diginewsworld","description":"","potentialAction":[{"@type":"SearchAction","target":{"@type":"EntryPoint","urlTemplate":"http:\/\/diginewsworld.com\/nl\/?s={search_term_string}"},"query-input":"required name=search_term_string"}],"inLanguage":"de-DE"}]}},"_links":{"self":[{"href":"https:\/\/diginewsworld.com\/de\/wp-json\/wp\/v2\/pages\/39","targetHints":{"allow":["GET"]}}],"collection":[{"href":"https:\/\/diginewsworld.com\/de\/wp-json\/wp\/v2\/pages"}],"about":[{"href":"https:\/\/diginewsworld.com\/de\/wp-json\/wp\/v2\/types\/page"}],"author":[{"embeddable":true,"href":"https:\/\/diginewsworld.com\/de\/wp-json\/wp\/v2\/users\/1"}],"replies":[{"embeddable":true,"href":"https:\/\/diginewsworld.com\/de\/wp-json\/wp\/v2\/comments?post=39"}],"version-history":[{"count":0,"href":"https:\/\/diginewsworld.com\/de\/wp-json\/wp\/v2\/pages\/39\/revisions"}],"wp:attachment":[{"href":"https:\/\/diginewsworld.com\/de\/wp-json\/wp\/v2\/media?parent=39"}],"curies":[{"name":"wp","href":"https:\/\/api.w.org\/{rel}","templated":true}]}}