{"id":401,"date":"2021-04-12T13:08:17","date_gmt":"2021-04-12T13:08:17","guid":{"rendered":"https:\/\/diginewsworld.com\/wordpress-galerij\/"},"modified":"2021-04-12T13:08:17","modified_gmt":"2021-04-12T13:08:17","slug":"wordpress-galerij","status":"publish","type":"page","link":"https:\/\/diginewsworld.com\/de\/wordpress-galerie\/","title":{"rendered":"WordPress-Galerie"},"content":{"rendered":"<p>Dieses Theme unterst\u00fctzt die WordPress-Galerie und zeigt sie in einer sch\u00f6n ausgerichteten Weise an.<\/p>\n<blockquote><p><strong>Hinweis<\/strong>: <em>Sie k\u00f6nnen auch f\u00fcr eine einheitliche H\u00f6he sorgen, indem Sie Bilder in der gleichen Gr\u00f6\u00dfe hochladen.  Um ein vollst\u00e4ndiges Bild-Popup-Fenster mit Navigation zu erhalten, nachdem Sie auf ein Bild geklickt haben, installieren Sie das Jetpack-Plugin und aktivieren Sie das Karussell-Modul.<br \/>\n<\/em><\/p><\/blockquote>\n<h2>Eine Spalte<\/h2>\n\n<h2>Zwei Spalten<\/h2>\n\n<h2>Drei S\u00e4ulen<\/h2>\n\n<h2>Vier Spalten<\/h2>\n\n<h2>F\u00fcnf S\u00e4ulen<\/h2>\n\n<h2>Sechste Spalte<\/h2>\n\n<h2>Siebte Spalte<\/h2>\n\n<h2>Echte Spalte<\/h2>\n\n<h2>Neun S\u00e4ulen<\/h2>","protected":false},"excerpt":{"rendered":"<p>Dit thema ondersteunt de WordPress galerij en geeft deze op een mooie uitgelijnde manier weer. Note: U kunt ook voor uniformiteit in de hoogte zorgen door afbeeldingen van dezelfde grootte te uploaden. Ook, om de volledige afbeelding pop-up box met navigatie nadat u klikt op een afbeelding, installeer de jetpack plugin en activeer de carrousel &hellip;<\/p>","protected":false},"author":1,"featured_media":0,"parent":0,"menu_order":0,"comment_status":"closed","ping_status":"closed","template":"","meta":{"footnotes":""},"class_list":["post-401","page","type-page","status-publish","hentry"],"yoast_head":"<!-- This site is optimized with the Yoast SEO plugin v19.6.1 - https:\/\/yoast.com\/wordpress\/plugins\/seo\/ -->\n<title>WordPress Galerij - Diginewsworld<\/title>\n<meta name=\"robots\" content=\"index, follow, max-snippet:-1, max-image-preview:large, max-video-preview:-1\" \/>\n<link rel=\"canonical\" href=\"https:\/\/diginewsworld.com\/de\/wordpress-gallery\/\" \/>\n<meta property=\"og:locale\" content=\"de_DE\" \/>\n<meta property=\"og:type\" content=\"article\" \/>\n<meta property=\"og:title\" content=\"WordPress Galerij - Diginewsworld\" \/>\n<meta property=\"og:description\" content=\"Dit thema ondersteunt de WordPress galerij en geeft deze op een mooie uitgelijnde manier weer. Note: U kunt ook voor uniformiteit in de hoogte zorgen door afbeeldingen van dezelfde grootte te uploaden. Ook, om de volledige afbeelding pop-up box met navigatie nadat u klikt op een afbeelding, installeer de jetpack plugin en activeer de carrousel &hellip;\" \/>\n<meta property=\"og:url\" content=\"https:\/\/diginewsworld.com\/de\/wordpress-gallery\/\" \/>\n<meta property=\"og:site_name\" content=\"Diginewsworld\" \/>\n<meta name=\"twitter:card\" content=\"summary_large_image\" \/>\n<meta name=\"twitter:label1\" content=\"Gesch\u00e4tzte Lesezeit\" \/>\n\t<meta name=\"twitter:data1\" content=\"1 minute\" \/>\n<script type=\"application\/ld+json\" class=\"yoast-schema-graph\">{\"@context\":\"https:\/\/schema.org\",\"@graph\":[{\"@type\":\"WebPage\",\"@id\":\"https:\/\/diginewsworld.com\/en\/wordpress-gallery\/\",\"url\":\"https:\/\/diginewsworld.com\/en\/wordpress-gallery\/\",\"name\":\"WordPress Galerij - Diginewsworld\",\"isPartOf\":{\"@id\":\"http:\/\/diginewsworld.com\/nl\/#website\"},\"datePublished\":\"2021-04-12T13:08:17+00:00\",\"dateModified\":\"2021-04-12T13:08:17+00:00\",\"breadcrumb\":{\"@id\":\"https:\/\/diginewsworld.com\/en\/wordpress-gallery\/#breadcrumb\"},\"inLanguage\":\"de-DE\",\"potentialAction\":[{\"@type\":\"ReadAction\",\"target\":[\"https:\/\/diginewsworld.com\/en\/wordpress-gallery\/\"]}]},{\"@type\":\"BreadcrumbList\",\"@id\":\"https:\/\/diginewsworld.com\/en\/wordpress-gallery\/#breadcrumb\",\"itemListElement\":[{\"@type\":\"ListItem\",\"position\":1,\"name\":\"Home\",\"item\":\"http:\/\/diginewsworld.com\/nl\/\"},{\"@type\":\"ListItem\",\"position\":2,\"name\":\"WordPress Galerij\"}]},{\"@type\":\"WebSite\",\"@id\":\"http:\/\/diginewsworld.com\/nl\/#website\",\"url\":\"http:\/\/diginewsworld.com\/nl\/\",\"name\":\"Diginewsworld\",\"description\":\"\",\"potentialAction\":[{\"@type\":\"SearchAction\",\"target\":{\"@type\":\"EntryPoint\",\"urlTemplate\":\"http:\/\/diginewsworld.com\/nl\/?s={search_term_string}\"},\"query-input\":\"required name=search_term_string\"}],\"inLanguage\":\"de-DE\"}]}<\/script>\n<!-- \/ Yoast SEO plugin. -->","yoast_head_json":{"title":"WordPress Galerij - Diginewsworld","robots":{"index":"index","follow":"follow","max-snippet":"max-snippet:-1","max-image-preview":"max-image-preview:large","max-video-preview":"max-video-preview:-1"},"canonical":"https:\/\/diginewsworld.com\/de\/wordpress-gallery\/","og_locale":"de_DE","og_type":"article","og_title":"WordPress Galerij - Diginewsworld","og_description":"Dit thema ondersteunt de WordPress galerij en geeft deze op een mooie uitgelijnde manier weer. Note: U kunt ook voor uniformiteit in de hoogte zorgen door afbeeldingen van dezelfde grootte te uploaden. Ook, om de volledige afbeelding pop-up box met navigatie nadat u klikt op een afbeelding, installeer de jetpack plugin en activeer de carrousel &hellip;","og_url":"https:\/\/diginewsworld.com\/de\/wordpress-gallery\/","og_site_name":"Diginewsworld","twitter_card":"summary_large_image","twitter_misc":{"Gesch\u00e4tzte Lesezeit":"1 minute"},"schema":{"@context":"https:\/\/schema.org","@graph":[{"@type":"WebPage","@id":"https:\/\/diginewsworld.com\/en\/wordpress-gallery\/","url":"https:\/\/diginewsworld.com\/en\/wordpress-gallery\/","name":"WordPress Galerij - Diginewsworld","isPartOf":{"@id":"http:\/\/diginewsworld.com\/nl\/#website"},"datePublished":"2021-04-12T13:08:17+00:00","dateModified":"2021-04-12T13:08:17+00:00","breadcrumb":{"@id":"https:\/\/diginewsworld.com\/en\/wordpress-gallery\/#breadcrumb"},"inLanguage":"de-DE","potentialAction":[{"@type":"ReadAction","target":["https:\/\/diginewsworld.com\/en\/wordpress-gallery\/"]}]},{"@type":"BreadcrumbList","@id":"https:\/\/diginewsworld.com\/en\/wordpress-gallery\/#breadcrumb","itemListElement":[{"@type":"ListItem","position":1,"name":"Home","item":"http:\/\/diginewsworld.com\/nl\/"},{"@type":"ListItem","position":2,"name":"WordPress Galerij"}]},{"@type":"WebSite","@id":"http:\/\/diginewsworld.com\/nl\/#website","url":"http:\/\/diginewsworld.com\/nl\/","name":"Diginewsworld","description":"","potentialAction":[{"@type":"SearchAction","target":{"@type":"EntryPoint","urlTemplate":"http:\/\/diginewsworld.com\/nl\/?s={search_term_string}"},"query-input":"required name=search_term_string"}],"inLanguage":"de-DE"}]}},"_links":{"self":[{"href":"https:\/\/diginewsworld.com\/de\/wp-json\/wp\/v2\/pages\/401","targetHints":{"allow":["GET"]}}],"collection":[{"href":"https:\/\/diginewsworld.com\/de\/wp-json\/wp\/v2\/pages"}],"about":[{"href":"https:\/\/diginewsworld.com\/de\/wp-json\/wp\/v2\/types\/page"}],"author":[{"embeddable":true,"href":"https:\/\/diginewsworld.com\/de\/wp-json\/wp\/v2\/users\/1"}],"replies":[{"embeddable":true,"href":"https:\/\/diginewsworld.com\/de\/wp-json\/wp\/v2\/comments?post=401"}],"version-history":[{"count":0,"href":"https:\/\/diginewsworld.com\/de\/wp-json\/wp\/v2\/pages\/401\/revisions"}],"wp:attachment":[{"href":"https:\/\/diginewsworld.com\/de\/wp-json\/wp\/v2\/media?parent=401"}],"curies":[{"name":"wp","href":"https:\/\/api.w.org\/{rel}","templated":true}]}}