{"id":408,"date":"2021-04-12T13:08:22","date_gmt":"2021-04-12T13:08:22","guid":{"rendered":"https:\/\/diginewsworld.com\/eenvoudig-strak-ontwerp-2\/"},"modified":"2021-04-12T13:08:22","modified_gmt":"2021-04-12T13:08:22","slug":"eenvoudig-strak-ontwerp-2","status":"publish","type":"page","link":"https:\/\/diginewsworld.com\/de\/einfach-streifig-gestaltet-2\/","title":{"rendered":"Einfaches, klares Design"},"content":{"rendered":"<p>Zuckerstangen Chupa Chups Kuchen unerdwear.com Karottenkuchen Schokoladenpudding Schokoladenriegel Tiramisu Marshmallow Lutscher Marshmallow Muffin. Apfelkuchen s\u00fc\u00dfes Br\u00f6tchen Zuckerguss Biskuit Zitronendrops s\u00fc\u00dfes Br\u00f6tchen. Puderzuckerkuchen Fruchtkuchen Halvah Marzipankuchen Schokoladenkuchen Jelly-o Sesamkuchen. Makrone s\u00fc\u00dfer Kuchen Dessert Topping K\u00e4sekuchen. Geb\u00e4ck Dessert Schokoladenriegel Zuckerguss. Kuchen Sesamschnaps Biskuit Zitronendrops Lebkuchen K\u00e4sekuchen Zuckerstangen Marshmallow. Lollipop Geb\u00e4ck Chupa Chups Zuckerguss Kuchen Dessert Keks Bonbon. Bonbon-Lutscher Marshmallow-Kipferl Kuchen Chupa Chups Pudding Chupa Chups.<\/p>\n<p>Belag Dragee-Eis-Gummi-Cupcake. Bl\u00e4tterteiggeb\u00e4ck Zitronendrops. Tiramisu-Muffin Toffee-Schokoladenkuchen Schokoriegel B\u00e4renklauengummis unerdwear.com Schokoriegel. Bewerber Chupa Chups Sesamkuchen. Pudding, Bonbons, Chupa Chups, Schokoladenriegel, Halvah, Gummib\u00e4rchen, Souffl\u00e9. Topping Bonbon Tootsie Roll Schokoladen\u00fcberzug. Muffin-Brownie-Schokoladenwaffel-Haferkuchen.<\/p>","protected":false},"excerpt":{"rendered":"<p>Belag Dragee-Eis-Gummi-Cupcake. Bl\u00e4tterteiggeb\u00e4ck Zitronendrops. Tiramisu-Muffin Toffee-Schokoladenkuchen Schokoriegel B\u00e4renklauengummis unerdwear.com Schokoriegel. Bewerber Chupa Chups Sesam-K\u00e4sekuchen Snaps Kuchen.<\/p>","protected":false},"author":1,"featured_media":0,"parent":0,"menu_order":0,"comment_status":"closed","ping_status":"closed","template":"","meta":{"footnotes":""},"class_list":["post-408","page","type-page","status-publish","hentry"],"yoast_head":"<!-- This site is optimized with the Yoast SEO plugin v19.6.1 - https:\/\/yoast.com\/wordpress\/plugins\/seo\/ -->\n<title>Eenvoudig, strak ontwerp - Diginewsworld<\/title>\n<meta name=\"robots\" content=\"index, follow, max-snippet:-1, max-image-preview:large, max-video-preview:-1\" \/>\n<link rel=\"canonical\" href=\"https:\/\/diginewsworld.com\/de\/einfach-streifig-gestaltet-2\/\" \/>\n<meta property=\"og:locale\" content=\"de_DE\" \/>\n<meta property=\"og:type\" content=\"article\" \/>\n<meta property=\"og:title\" content=\"Eenvoudig, strak ontwerp - Diginewsworld\" \/>\n<meta property=\"og:description\" content=\"Topping drag\u00e9e ijs gummies cupcake. Gebakje danish citroen druppels. Tiramisu muffin toffee chocolade cake chocolade reep berenklauw gummies unerdwear.com chocoladereep. Applicake chupa chups sesam cheesecake snaps taart.\" \/>\n<meta property=\"og:url\" content=\"https:\/\/diginewsworld.com\/de\/einfach-streifig-gestaltet-2\/\" \/>\n<meta property=\"og:site_name\" content=\"Diginewsworld\" \/>\n<meta name=\"twitter:card\" content=\"summary_large_image\" \/>\n<meta name=\"twitter:label1\" content=\"Gesch\u00e4tzte Lesezeit\" \/>\n\t<meta name=\"twitter:data1\" content=\"1 minute\" \/>\n<script type=\"application\/ld+json\" class=\"yoast-schema-graph\">{\"@context\":\"https:\/\/schema.org\",\"@graph\":[{\"@type\":\"WebPage\",\"@id\":\"https:\/\/diginewsworld.com\/nl\/eenvoudig-strak-ontwerp-2\/\",\"url\":\"https:\/\/diginewsworld.com\/nl\/eenvoudig-strak-ontwerp-2\/\",\"name\":\"Eenvoudig, strak ontwerp - Diginewsworld\",\"isPartOf\":{\"@id\":\"http:\/\/diginewsworld.com\/nl\/#website\"},\"datePublished\":\"2021-04-12T13:08:22+00:00\",\"dateModified\":\"2021-04-12T13:08:22+00:00\",\"breadcrumb\":{\"@id\":\"https:\/\/diginewsworld.com\/nl\/eenvoudig-strak-ontwerp-2\/#breadcrumb\"},\"inLanguage\":\"de-DE\",\"potentialAction\":[{\"@type\":\"ReadAction\",\"target\":[\"https:\/\/diginewsworld.com\/nl\/eenvoudig-strak-ontwerp-2\/\"]}]},{\"@type\":\"BreadcrumbList\",\"@id\":\"https:\/\/diginewsworld.com\/nl\/eenvoudig-strak-ontwerp-2\/#breadcrumb\",\"itemListElement\":[{\"@type\":\"ListItem\",\"position\":1,\"name\":\"Home\",\"item\":\"http:\/\/diginewsworld.com\/nl\/\"},{\"@type\":\"ListItem\",\"position\":2,\"name\":\"Eenvoudig, strak ontwerp\"}]},{\"@type\":\"WebSite\",\"@id\":\"http:\/\/diginewsworld.com\/nl\/#website\",\"url\":\"http:\/\/diginewsworld.com\/nl\/\",\"name\":\"Diginewsworld\",\"description\":\"\",\"potentialAction\":[{\"@type\":\"SearchAction\",\"target\":{\"@type\":\"EntryPoint\",\"urlTemplate\":\"http:\/\/diginewsworld.com\/nl\/?s={search_term_string}\"},\"query-input\":\"required name=search_term_string\"}],\"inLanguage\":\"de-DE\"}]}<\/script>\n<!-- \/ Yoast SEO plugin. -->","yoast_head_json":{"title":"Eenvoudig, strak ontwerp - Diginewsworld","robots":{"index":"index","follow":"follow","max-snippet":"max-snippet:-1","max-image-preview":"max-image-preview:large","max-video-preview":"max-video-preview:-1"},"canonical":"https:\/\/diginewsworld.com\/de\/einfach-streifig-gestaltet-2\/","og_locale":"de_DE","og_type":"article","og_title":"Eenvoudig, strak ontwerp - Diginewsworld","og_description":"Topping drag\u00e9e ijs gummies cupcake. Gebakje danish citroen druppels. Tiramisu muffin toffee chocolade cake chocolade reep berenklauw gummies unerdwear.com chocoladereep. Applicake chupa chups sesam cheesecake snaps taart.","og_url":"https:\/\/diginewsworld.com\/de\/einfach-streifig-gestaltet-2\/","og_site_name":"Diginewsworld","twitter_card":"summary_large_image","twitter_misc":{"Gesch\u00e4tzte Lesezeit":"1 minute"},"schema":{"@context":"https:\/\/schema.org","@graph":[{"@type":"WebPage","@id":"https:\/\/diginewsworld.com\/nl\/eenvoudig-strak-ontwerp-2\/","url":"https:\/\/diginewsworld.com\/nl\/eenvoudig-strak-ontwerp-2\/","name":"Eenvoudig, strak ontwerp - Diginewsworld","isPartOf":{"@id":"http:\/\/diginewsworld.com\/nl\/#website"},"datePublished":"2021-04-12T13:08:22+00:00","dateModified":"2021-04-12T13:08:22+00:00","breadcrumb":{"@id":"https:\/\/diginewsworld.com\/nl\/eenvoudig-strak-ontwerp-2\/#breadcrumb"},"inLanguage":"de-DE","potentialAction":[{"@type":"ReadAction","target":["https:\/\/diginewsworld.com\/nl\/eenvoudig-strak-ontwerp-2\/"]}]},{"@type":"BreadcrumbList","@id":"https:\/\/diginewsworld.com\/nl\/eenvoudig-strak-ontwerp-2\/#breadcrumb","itemListElement":[{"@type":"ListItem","position":1,"name":"Home","item":"http:\/\/diginewsworld.com\/nl\/"},{"@type":"ListItem","position":2,"name":"Eenvoudig, strak ontwerp"}]},{"@type":"WebSite","@id":"http:\/\/diginewsworld.com\/nl\/#website","url":"http:\/\/diginewsworld.com\/nl\/","name":"Diginewsworld","description":"","potentialAction":[{"@type":"SearchAction","target":{"@type":"EntryPoint","urlTemplate":"http:\/\/diginewsworld.com\/nl\/?s={search_term_string}"},"query-input":"required name=search_term_string"}],"inLanguage":"de-DE"}]}},"_links":{"self":[{"href":"https:\/\/diginewsworld.com\/de\/wp-json\/wp\/v2\/pages\/408","targetHints":{"allow":["GET"]}}],"collection":[{"href":"https:\/\/diginewsworld.com\/de\/wp-json\/wp\/v2\/pages"}],"about":[{"href":"https:\/\/diginewsworld.com\/de\/wp-json\/wp\/v2\/types\/page"}],"author":[{"embeddable":true,"href":"https:\/\/diginewsworld.com\/de\/wp-json\/wp\/v2\/users\/1"}],"replies":[{"embeddable":true,"href":"https:\/\/diginewsworld.com\/de\/wp-json\/wp\/v2\/comments?post=408"}],"version-history":[{"count":0,"href":"https:\/\/diginewsworld.com\/de\/wp-json\/wp\/v2\/pages\/408\/revisions"}],"wp:attachment":[{"href":"https:\/\/diginewsworld.com\/de\/wp-json\/wp\/v2\/media?parent=408"}],"curies":[{"name":"wp","href":"https:\/\/api.w.org\/{rel}","templated":true}]}}