{"id":412,"date":"2021-04-12T13:08:25","date_gmt":"2021-04-12T13:08:25","guid":{"rendered":"https:\/\/diginewsworld.com\/parallax-koptekst-3\/"},"modified":"2021-04-12T13:08:25","modified_gmt":"2021-04-12T13:08:25","slug":"parallax-koptekst-3","status":"publish","type":"page","link":"https:\/\/diginewsworld.com\/de\/parallaxe-kopfzeile-3\/","title":{"rendered":"Parallaxe-Kopfzeile"},"content":{"rendered":"<p>D\u00e4nischer Schokoriegel Jujubes Zuckerpflaume. Zuckerpflaumenkuchen-Haferkuchen. D\u00e4nisches Waffelgelee Kandisdragee. Brownie-Biskuit-Schokoladenkuchen d\u00e4nisch s\u00fc\u00df. Bewerber Jujubes Jelly-o Pudding Muffin Drop. Cupcake-Brownie-Kuchen B\u00e4renklaue-Karottenkuchen Lakritz-Dragee-Kuchen-Topping. Geb\u00e4ck Keks Obst Kuchen Lebkuchen s\u00fc\u00df. Souffl\u00e9-Belag, Tiramisu, Marshmallow, s\u00fc\u00dfe Rolle.<\/p>\n<p>Marshmallow-Jujubes-Eistorte Makrone. Schokoladenriegel Kuchen Kekse Pudding Gelee Karamellen Jelly-o. Kuchen Geleebohnen Kuchen Karamellen Apfelkuchen. Apfelkuchen, Macaron, Geb\u00e4ck, Eis, Marshmallows, Croissant, Karamellbonbons, Karottenkuchen. Jelly-o Toffee Cupcake s\u00fc\u00dfe Br\u00f6tchen Bonbon Sesam Snaps unerdwear.com Lebkuchen Schokolade Kuchen. Karamell-Lebkuchen-Zitronendrops Marzipan-Croissant-Kuchen Halvah-Waffel-Dessert. Haferkuchen Pudding Kekse Gummib\u00e4rchen Karottenkuchen s\u00fc\u00dfe Br\u00f6tchen Kuchen Lebkuchen. Brownie-Makronen-Johannisbeer-Muffin-Schokoladenkuchen-Lebkuchen-Eistorte. Gummies Bonbons Chupa Chups Dessert Lebkuchen Zucker Pflaume. Schokoladenkuchen Muffin Zuckerstangen Brownie Marshmallow.<\/p>","protected":false},"excerpt":{"rendered":"<p>Brownie-Makronen-Johannisbeer-Muffin-Schokoladenkuchen-Lebkuchen-Eistorte. Gummies Bonbons Chupa Chups Dessert Lebkuchen Zucker Pflaume. Schokoladenkuchen Muffin Zuckerstangen Brownie Marshmallow.<\/p>","protected":false},"author":1,"featured_media":0,"parent":0,"menu_order":0,"comment_status":"closed","ping_status":"closed","template":"","meta":{"footnotes":""},"class_list":["post-412","page","type-page","status-publish","hentry"],"yoast_head":"<!-- This site is optimized with the Yoast SEO plugin v19.6.1 - https:\/\/yoast.com\/wordpress\/plugins\/seo\/ -->\n<title>Parallax koptekst - Diginewsworld<\/title>\n<meta name=\"robots\" content=\"index, follow, max-snippet:-1, max-image-preview:large, max-video-preview:-1\" \/>\n<link rel=\"canonical\" href=\"https:\/\/diginewsworld.com\/de\/parallax-header-3\/\" \/>\n<meta property=\"og:locale\" content=\"de_DE\" \/>\n<meta property=\"og:type\" content=\"article\" \/>\n<meta property=\"og:title\" content=\"Parallax koptekst - Diginewsworld\" \/>\n<meta property=\"og:description\" content=\"Brownie bitterkoekje jujubes muffin chocolade cake chocolade peperkoek ijs taart. Gummies snoep chupa chups dessert peperkoek suikerspin pruim. Chocolade cake muffin zuurstokken brownie marshmallow.\" \/>\n<meta property=\"og:url\" content=\"https:\/\/diginewsworld.com\/de\/parallax-header-3\/\" \/>\n<meta property=\"og:site_name\" content=\"Diginewsworld\" \/>\n<meta name=\"twitter:card\" content=\"summary_large_image\" \/>\n<meta name=\"twitter:label1\" content=\"Gesch\u00e4tzte Lesezeit\" \/>\n\t<meta name=\"twitter:data1\" content=\"1 minute\" \/>\n<script type=\"application\/ld+json\" class=\"yoast-schema-graph\">{\"@context\":\"https:\/\/schema.org\",\"@graph\":[{\"@type\":\"WebPage\",\"@id\":\"https:\/\/diginewsworld.com\/en\/parallax-header-3\/\",\"url\":\"https:\/\/diginewsworld.com\/en\/parallax-header-3\/\",\"name\":\"Parallax koptekst - Diginewsworld\",\"isPartOf\":{\"@id\":\"http:\/\/diginewsworld.com\/nl\/#website\"},\"datePublished\":\"2021-04-12T13:08:25+00:00\",\"dateModified\":\"2021-04-12T13:08:25+00:00\",\"breadcrumb\":{\"@id\":\"https:\/\/diginewsworld.com\/en\/parallax-header-3\/#breadcrumb\"},\"inLanguage\":\"de-DE\",\"potentialAction\":[{\"@type\":\"ReadAction\",\"target\":[\"https:\/\/diginewsworld.com\/en\/parallax-header-3\/\"]}]},{\"@type\":\"BreadcrumbList\",\"@id\":\"https:\/\/diginewsworld.com\/en\/parallax-header-3\/#breadcrumb\",\"itemListElement\":[{\"@type\":\"ListItem\",\"position\":1,\"name\":\"Home\",\"item\":\"http:\/\/diginewsworld.com\/nl\/\"},{\"@type\":\"ListItem\",\"position\":2,\"name\":\"Parallax koptekst\"}]},{\"@type\":\"WebSite\",\"@id\":\"http:\/\/diginewsworld.com\/nl\/#website\",\"url\":\"http:\/\/diginewsworld.com\/nl\/\",\"name\":\"Diginewsworld\",\"description\":\"\",\"potentialAction\":[{\"@type\":\"SearchAction\",\"target\":{\"@type\":\"EntryPoint\",\"urlTemplate\":\"http:\/\/diginewsworld.com\/nl\/?s={search_term_string}\"},\"query-input\":\"required name=search_term_string\"}],\"inLanguage\":\"de-DE\"}]}<\/script>\n<!-- \/ Yoast SEO plugin. -->","yoast_head_json":{"title":"Parallax koptekst - Diginewsworld","robots":{"index":"index","follow":"follow","max-snippet":"max-snippet:-1","max-image-preview":"max-image-preview:large","max-video-preview":"max-video-preview:-1"},"canonical":"https:\/\/diginewsworld.com\/de\/parallax-header-3\/","og_locale":"de_DE","og_type":"article","og_title":"Parallax koptekst - Diginewsworld","og_description":"Brownie bitterkoekje jujubes muffin chocolade cake chocolade peperkoek ijs taart. Gummies snoep chupa chups dessert peperkoek suikerspin pruim. Chocolade cake muffin zuurstokken brownie marshmallow.","og_url":"https:\/\/diginewsworld.com\/de\/parallax-header-3\/","og_site_name":"Diginewsworld","twitter_card":"summary_large_image","twitter_misc":{"Gesch\u00e4tzte Lesezeit":"1 minute"},"schema":{"@context":"https:\/\/schema.org","@graph":[{"@type":"WebPage","@id":"https:\/\/diginewsworld.com\/en\/parallax-header-3\/","url":"https:\/\/diginewsworld.com\/en\/parallax-header-3\/","name":"Parallax koptekst - Diginewsworld","isPartOf":{"@id":"http:\/\/diginewsworld.com\/nl\/#website"},"datePublished":"2021-04-12T13:08:25+00:00","dateModified":"2021-04-12T13:08:25+00:00","breadcrumb":{"@id":"https:\/\/diginewsworld.com\/en\/parallax-header-3\/#breadcrumb"},"inLanguage":"de-DE","potentialAction":[{"@type":"ReadAction","target":["https:\/\/diginewsworld.com\/en\/parallax-header-3\/"]}]},{"@type":"BreadcrumbList","@id":"https:\/\/diginewsworld.com\/en\/parallax-header-3\/#breadcrumb","itemListElement":[{"@type":"ListItem","position":1,"name":"Home","item":"http:\/\/diginewsworld.com\/nl\/"},{"@type":"ListItem","position":2,"name":"Parallax koptekst"}]},{"@type":"WebSite","@id":"http:\/\/diginewsworld.com\/nl\/#website","url":"http:\/\/diginewsworld.com\/nl\/","name":"Diginewsworld","description":"","potentialAction":[{"@type":"SearchAction","target":{"@type":"EntryPoint","urlTemplate":"http:\/\/diginewsworld.com\/nl\/?s={search_term_string}"},"query-input":"required name=search_term_string"}],"inLanguage":"de-DE"}]}},"_links":{"self":[{"href":"https:\/\/diginewsworld.com\/de\/wp-json\/wp\/v2\/pages\/412","targetHints":{"allow":["GET"]}}],"collection":[{"href":"https:\/\/diginewsworld.com\/de\/wp-json\/wp\/v2\/pages"}],"about":[{"href":"https:\/\/diginewsworld.com\/de\/wp-json\/wp\/v2\/types\/page"}],"author":[{"embeddable":true,"href":"https:\/\/diginewsworld.com\/de\/wp-json\/wp\/v2\/users\/1"}],"replies":[{"embeddable":true,"href":"https:\/\/diginewsworld.com\/de\/wp-json\/wp\/v2\/comments?post=412"}],"version-history":[{"count":0,"href":"https:\/\/diginewsworld.com\/de\/wp-json\/wp\/v2\/pages\/412\/revisions"}],"wp:attachment":[{"href":"https:\/\/diginewsworld.com\/de\/wp-json\/wp\/v2\/media?parent=412"}],"curies":[{"name":"wp","href":"https:\/\/api.w.org\/{rel}","templated":true}]}}