{"id":44,"date":"2021-04-12T12:48:15","date_gmt":"2021-04-12T12:48:15","guid":{"rendered":"https:\/\/diginewsworld.com\/inicio\/"},"modified":"2021-04-12T12:48:15","modified_gmt":"2021-04-12T12:48:15","slug":"inicio","status":"publish","type":"page","link":"https:\/\/diginewsworld.com\/de\/inicio\/","title":{"rendered":"Inicio"},"content":{"rendered":"<div data-elementor-type=\"wp-post\" data-elementor-id=\"44\" class=\"elementor elementor-44\">\n\t\t\t\t\t\t\t\t\t<section class=\"elementor-section elementor-top-section elementor-element elementor-element-75e1d1e elementor-section-boxed elementor-section-height-default elementor-section-height-default\" data-id=\"75e1d1e\" data-element_type=\"section\">\n\t\t\t\t\t\t<div class=\"elementor-container elementor-column-gap-default\">\n\t\t\t\t\t<div class=\"elementor-column elementor-col-100 elementor-top-column elementor-element elementor-element-8eb479d\" data-id=\"8eb479d\" data-element_type=\"column\">\n\t\t\t<div class=\"elementor-widget-wrap elementor-element-populated\">\n\t\t\t\t\t\t\t\t<div class=\"elementor-element elementor-element-d86960a elementor-widget elementor-widget-text-editor\" data-id=\"d86960a\" data-element_type=\"widget\" data-widget_type=\"text-editor.default\">\n\t\t\t\t<div class=\"elementor-widget-container\">\n\t\t\t\t\t\t\t<p>Druck auf die Krankenh\u00e4user Aber auch das Personal der Krankenh\u00e4user war best\u00fcrzt, als es h\u00f6rte, dass die Regierung vorgab, die Beschr\u00e4nkungen aufzuheben, w\u00e4hrend drei Viertel der Intensivstationen von Patienten mit Coronavirus belegt waren. El domingo se anunciaron 8.288 nuevos contagios, la mayor cifra diaria desde hace dos semanas, mientras que m\u00e1s de 2.500 personas est\u00e1n siendo tratadas en el hospital por el virus, de las cuales 788 est\u00e1n en cuidados intensivos. Ad Melkert, Presidente de la junta directiva de la asociaci\u00f3n holandesa de hospitales NVZ, declar\u00f3: \"Esto es duro para las personas que esperaban o contaban con que se suavizaran las restricciones. Pero siguen siendo muy necesarias, porque en nuestros hospitales hay que poner toda la carne en el asador\". Erstens m\u00fcssen wir das Virus unter Kontrolle bringen, mehr Menschen evakuieren und den Druck auf die Krankenh\u00e4user verringern. Entonces podremos empezar a volver a la normalidad de forma lenta pero segura, pero creo que tardaremos unas cuantas semanas m\u00e1s.'<\/p> <p>\t\t\t\t\t\t<\/div>\n\t\t\t\t<\/div>\n\t\t\t\t\t<\/div>\n\t\t<\/div>\n\t\t\t\t\t\t\t<\/div>\n\t\t<\/section>\n\t\t\t\t\t\t\t<\/div>","protected":false},"excerpt":{"rendered":"<p>Presi\u00f3n sobre los hospitales Sin embargo, el personal de los hospitales sinti\u00f3 alivio al enterarse la semana pasada de que el gobierno pretend\u00eda suavizar las restricciones mientras casi tres cuartas partes de las camas de cuidados intensivos est\u00e1n ocupadas por pacientes con coronavirus. El domingo se anunciaron 8.288 nuevos contagios, la mayor cifra diaria desde &hellip;<\/p>","protected":false},"author":1,"featured_media":0,"parent":0,"menu_order":0,"comment_status":"closed","ping_status":"closed","template":"","meta":{"footnotes":""},"class_list":["post-44","page","type-page","status-publish","hentry"],"yoast_head":"<!-- This site is optimized with the Yoast SEO plugin v19.6.1 - https:\/\/yoast.com\/wordpress\/plugins\/seo\/ -->\n<title>Inicio - Diginewsworld<\/title>\n<meta name=\"robots\" content=\"index, follow, max-snippet:-1, max-image-preview:large, max-video-preview:-1\" \/>\n<link rel=\"canonical\" href=\"https:\/\/diginewsworld.com\/de\/inicio\/\" \/>\n<meta property=\"og:locale\" content=\"de_DE\" \/>\n<meta property=\"og:type\" content=\"article\" \/>\n<meta property=\"og:title\" content=\"Inicio - Diginewsworld\" \/>\n<meta property=\"og:description\" content=\"Presi\u00f3n sobre los hospitales Sin embargo, el personal de los hospitales sinti\u00f3 alivio al enterarse la semana pasada de que el gobierno pretend\u00eda suavizar las restricciones mientras casi tres cuartas partes de las camas de cuidados intensivos est\u00e1n ocupadas por pacientes con coronavirus. El domingo se anunciaron 8.288 nuevos contagios, la mayor cifra diaria desde &hellip;\" \/>\n<meta property=\"og:url\" content=\"https:\/\/diginewsworld.com\/de\/inicio\/\" \/>\n<meta property=\"og:site_name\" content=\"Diginewsworld\" \/>\n<meta name=\"twitter:card\" content=\"summary_large_image\" \/>\n<meta name=\"twitter:label1\" content=\"Gesch\u00e4tzte Lesezeit\" \/>\n\t<meta name=\"twitter:data1\" content=\"1 minute\" \/>\n<script type=\"application\/ld+json\" class=\"yoast-schema-graph\">{\"@context\":\"https:\/\/schema.org\",\"@graph\":[{\"@type\":\"WebPage\",\"@id\":\"https:\/\/diginewsworld.com\/nl\/inicio\/\",\"url\":\"https:\/\/diginewsworld.com\/nl\/inicio\/\",\"name\":\"Inicio - Diginewsworld\",\"isPartOf\":{\"@id\":\"http:\/\/diginewsworld.com\/nl\/#website\"},\"datePublished\":\"2021-04-12T12:48:15+00:00\",\"dateModified\":\"2021-04-12T12:48:15+00:00\",\"breadcrumb\":{\"@id\":\"https:\/\/diginewsworld.com\/nl\/inicio\/#breadcrumb\"},\"inLanguage\":\"de-DE\",\"potentialAction\":[{\"@type\":\"ReadAction\",\"target\":[\"https:\/\/diginewsworld.com\/nl\/inicio\/\"]}]},{\"@type\":\"BreadcrumbList\",\"@id\":\"https:\/\/diginewsworld.com\/nl\/inicio\/#breadcrumb\",\"itemListElement\":[{\"@type\":\"ListItem\",\"position\":1,\"name\":\"Home\",\"item\":\"http:\/\/diginewsworld.com\/nl\/\"},{\"@type\":\"ListItem\",\"position\":2,\"name\":\"Inicio\"}]},{\"@type\":\"WebSite\",\"@id\":\"http:\/\/diginewsworld.com\/nl\/#website\",\"url\":\"http:\/\/diginewsworld.com\/nl\/\",\"name\":\"Diginewsworld\",\"description\":\"\",\"potentialAction\":[{\"@type\":\"SearchAction\",\"target\":{\"@type\":\"EntryPoint\",\"urlTemplate\":\"http:\/\/diginewsworld.com\/nl\/?s={search_term_string}\"},\"query-input\":\"required name=search_term_string\"}],\"inLanguage\":\"de-DE\"}]}<\/script>\n<!-- \/ Yoast SEO plugin. -->","yoast_head_json":{"title":"Inicio - Diginewsworld","robots":{"index":"index","follow":"follow","max-snippet":"max-snippet:-1","max-image-preview":"max-image-preview:large","max-video-preview":"max-video-preview:-1"},"canonical":"https:\/\/diginewsworld.com\/de\/inicio\/","og_locale":"de_DE","og_type":"article","og_title":"Inicio - Diginewsworld","og_description":"Presi\u00f3n sobre los hospitales Sin embargo, el personal de los hospitales sinti\u00f3 alivio al enterarse la semana pasada de que el gobierno pretend\u00eda suavizar las restricciones mientras casi tres cuartas partes de las camas de cuidados intensivos est\u00e1n ocupadas por pacientes con coronavirus. El domingo se anunciaron 8.288 nuevos contagios, la mayor cifra diaria desde &hellip;","og_url":"https:\/\/diginewsworld.com\/de\/inicio\/","og_site_name":"Diginewsworld","twitter_card":"summary_large_image","twitter_misc":{"Gesch\u00e4tzte Lesezeit":"1 minute"},"schema":{"@context":"https:\/\/schema.org","@graph":[{"@type":"WebPage","@id":"https:\/\/diginewsworld.com\/nl\/inicio\/","url":"https:\/\/diginewsworld.com\/nl\/inicio\/","name":"Inicio - Diginewsworld","isPartOf":{"@id":"http:\/\/diginewsworld.com\/nl\/#website"},"datePublished":"2021-04-12T12:48:15+00:00","dateModified":"2021-04-12T12:48:15+00:00","breadcrumb":{"@id":"https:\/\/diginewsworld.com\/nl\/inicio\/#breadcrumb"},"inLanguage":"de-DE","potentialAction":[{"@type":"ReadAction","target":["https:\/\/diginewsworld.com\/nl\/inicio\/"]}]},{"@type":"BreadcrumbList","@id":"https:\/\/diginewsworld.com\/nl\/inicio\/#breadcrumb","itemListElement":[{"@type":"ListItem","position":1,"name":"Home","item":"http:\/\/diginewsworld.com\/nl\/"},{"@type":"ListItem","position":2,"name":"Inicio"}]},{"@type":"WebSite","@id":"http:\/\/diginewsworld.com\/nl\/#website","url":"http:\/\/diginewsworld.com\/nl\/","name":"Diginewsworld","description":"","potentialAction":[{"@type":"SearchAction","target":{"@type":"EntryPoint","urlTemplate":"http:\/\/diginewsworld.com\/nl\/?s={search_term_string}"},"query-input":"required name=search_term_string"}],"inLanguage":"de-DE"}]}},"_links":{"self":[{"href":"https:\/\/diginewsworld.com\/de\/wp-json\/wp\/v2\/pages\/44","targetHints":{"allow":["GET"]}}],"collection":[{"href":"https:\/\/diginewsworld.com\/de\/wp-json\/wp\/v2\/pages"}],"about":[{"href":"https:\/\/diginewsworld.com\/de\/wp-json\/wp\/v2\/types\/page"}],"author":[{"embeddable":true,"href":"https:\/\/diginewsworld.com\/de\/wp-json\/wp\/v2\/users\/1"}],"replies":[{"embeddable":true,"href":"https:\/\/diginewsworld.com\/de\/wp-json\/wp\/v2\/comments?post=44"}],"version-history":[{"count":0,"href":"https:\/\/diginewsworld.com\/de\/wp-json\/wp\/v2\/pages\/44\/revisions"}],"wp:attachment":[{"href":"https:\/\/diginewsworld.com\/de\/wp-json\/wp\/v2\/media?parent=44"}],"curies":[{"name":"wp","href":"https:\/\/api.w.org\/{rel}","templated":true}]}}