{"id":45,"date":"2021-04-12T12:48:18","date_gmt":"2021-04-12T12:48:18","guid":{"rendered":"https:\/\/diginewsworld.com\/inicio-2\/"},"modified":"2021-04-12T12:48:18","modified_gmt":"2021-04-12T12:48:18","slug":"inicio-2","status":"publish","type":"page","link":"https:\/\/diginewsworld.com\/de\/inicio-2\/","title":{"rendered":"In\u00edcio"},"content":{"rendered":"<div data-elementor-type=\"wp-post\" data-elementor-id=\"45\" class=\"elementor elementor-45\">\n\t\t\t\t\t\t\t\t\t<section class=\"elementor-section elementor-top-section elementor-element elementor-element-75e1d1e elementor-section-boxed elementor-section-height-default elementor-section-height-default\" data-id=\"75e1d1e\" data-element_type=\"section\">\n\t\t\t\t\t\t<div class=\"elementor-container elementor-column-gap-default\">\n\t\t\t\t\t<div class=\"elementor-column elementor-col-100 elementor-top-column elementor-element elementor-element-8eb479d\" data-id=\"8eb479d\" data-element_type=\"column\">\n\t\t\t<div class=\"elementor-widget-wrap elementor-element-populated\">\n\t\t\t\t\t\t\t\t<div class=\"elementor-element elementor-element-d86960a elementor-widget elementor-widget-text-editor\" data-id=\"d86960a\" data-element_type=\"widget\" data-widget_type=\"text-editor.default\">\n\t\t\t\t<div class=\"elementor-widget-container\">\n\t\t\t\t\t\t\t<p>Der Druck auf die Krankenh\u00e4user ist gro\u00df. Das Krankenhauspersonal ist frustriert, als es in der vergangenen Woche erfuhr, dass die Regierung die Beschr\u00e4nkungen aufheben will, w\u00e4hrend fast drei Viertel der Intensivbetten mit Coronavirus-Kranken belegt sind. Am Donnerstag wurden mehr als 8 288 Infektionen bekannt gegeben, die gr\u00f6\u00dfte Zahl pro Tag in den letzten zwei Semestern, und mehr als 2 500 Personen werden im Krankenhaus mit dem Virus behandelt, davon 788 in Intensivtherapie. Ad Melkert, Vorsitzender des Direktoriums des NVZ (Niederl\u00e4ndischer Krankenhausverband), sagte: \"Das ist schwierig f\u00fcr die Menschen, die erwartet haben oder wussten, dass die Beschr\u00e4nkungen aufgehoben werden w\u00fcrden\". Dennoch sind sie sehr notwendig, denn sie sind Teil unserer Wirtschaft\". Erstens m\u00fcssen wir das Virus in den Griff bekommen, mehr Menschen freisetzen und den Druck auf die Vermieter verringern. Depois podemos lentamente mas certeza come\u00e7ar a voltar a normal, mas acho que vai levar mais algumas semanas.<\/p>\t\t\t\t\t\t<\/div>\n\t\t\t\t<\/div>\n\t\t\t\t\t<\/div>\n\t\t<\/div>\n\t\t\t\t\t\t\t<\/div>\n\t\t<\/section>\n\t\t\t\t\t\t\t<\/div>","protected":false},"excerpt":{"rendered":"<p>Press\u00e3o nos hospitais Mas houve al\u00edvio entre os funcion\u00e1rios do hospital, que ficaram consternados ao saber na semana passada que o governo estava procurando aliviar as restri\u00e7\u00f5es, enquanto quase tr\u00eas quartos dos leitos de terapia intensiva s\u00e3o ocupados por pacientes com coronav\u00edrus. No domingo foram anunciadas mais 8.288 infec\u00e7\u00f5es, o maior n\u00famero di\u00e1rio durante duas &hellip;<\/p>","protected":false},"author":1,"featured_media":0,"parent":0,"menu_order":0,"comment_status":"closed","ping_status":"closed","template":"","meta":{"footnotes":""},"class_list":["post-45","page","type-page","status-publish","hentry"],"yoast_head":"<!-- This site is optimized with the Yoast SEO plugin v19.6.1 - https:\/\/yoast.com\/wordpress\/plugins\/seo\/ -->\n<title>In\u00edcio - Diginewsworld<\/title>\n<meta name=\"robots\" content=\"index, follow, max-snippet:-1, max-image-preview:large, max-video-preview:-1\" \/>\n<link rel=\"canonical\" href=\"https:\/\/diginewsworld.com\/de\/inicio-2\/\" \/>\n<meta property=\"og:locale\" content=\"de_DE\" \/>\n<meta property=\"og:type\" content=\"article\" \/>\n<meta property=\"og:title\" content=\"In\u00edcio - Diginewsworld\" \/>\n<meta property=\"og:description\" content=\"Press\u00e3o nos hospitais Mas houve al\u00edvio entre os funcion\u00e1rios do hospital, que ficaram consternados ao saber na semana passada que o governo estava procurando aliviar as restri\u00e7\u00f5es, enquanto quase tr\u00eas quartos dos leitos de terapia intensiva s\u00e3o ocupados por pacientes com coronav\u00edrus. No domingo foram anunciadas mais 8.288 infec\u00e7\u00f5es, o maior n\u00famero di\u00e1rio durante duas &hellip;\" \/>\n<meta property=\"og:url\" content=\"https:\/\/diginewsworld.com\/de\/inicio-2\/\" \/>\n<meta property=\"og:site_name\" content=\"Diginewsworld\" \/>\n<meta name=\"twitter:card\" content=\"summary_large_image\" \/>\n<meta name=\"twitter:label1\" content=\"Gesch\u00e4tzte Lesezeit\" \/>\n\t<meta name=\"twitter:data1\" content=\"1 minute\" \/>\n<script type=\"application\/ld+json\" class=\"yoast-schema-graph\">{\"@context\":\"https:\/\/schema.org\",\"@graph\":[{\"@type\":\"WebPage\",\"@id\":\"https:\/\/diginewsworld.com\/nl\/inicio-2\/\",\"url\":\"https:\/\/diginewsworld.com\/nl\/inicio-2\/\",\"name\":\"In\u00edcio - Diginewsworld\",\"isPartOf\":{\"@id\":\"http:\/\/diginewsworld.com\/nl\/#website\"},\"datePublished\":\"2021-04-12T12:48:18+00:00\",\"dateModified\":\"2021-04-12T12:48:18+00:00\",\"breadcrumb\":{\"@id\":\"https:\/\/diginewsworld.com\/nl\/inicio-2\/#breadcrumb\"},\"inLanguage\":\"de-DE\",\"potentialAction\":[{\"@type\":\"ReadAction\",\"target\":[\"https:\/\/diginewsworld.com\/nl\/inicio-2\/\"]}]},{\"@type\":\"BreadcrumbList\",\"@id\":\"https:\/\/diginewsworld.com\/nl\/inicio-2\/#breadcrumb\",\"itemListElement\":[{\"@type\":\"ListItem\",\"position\":1,\"name\":\"Home\",\"item\":\"http:\/\/diginewsworld.com\/nl\/\"},{\"@type\":\"ListItem\",\"position\":2,\"name\":\"In\u00edcio\"}]},{\"@type\":\"WebSite\",\"@id\":\"http:\/\/diginewsworld.com\/nl\/#website\",\"url\":\"http:\/\/diginewsworld.com\/nl\/\",\"name\":\"Diginewsworld\",\"description\":\"\",\"potentialAction\":[{\"@type\":\"SearchAction\",\"target\":{\"@type\":\"EntryPoint\",\"urlTemplate\":\"http:\/\/diginewsworld.com\/nl\/?s={search_term_string}\"},\"query-input\":\"required name=search_term_string\"}],\"inLanguage\":\"de-DE\"}]}<\/script>\n<!-- \/ Yoast SEO plugin. -->","yoast_head_json":{"title":"In\u00edcio - Diginewsworld","robots":{"index":"index","follow":"follow","max-snippet":"max-snippet:-1","max-image-preview":"max-image-preview:large","max-video-preview":"max-video-preview:-1"},"canonical":"https:\/\/diginewsworld.com\/de\/inicio-2\/","og_locale":"de_DE","og_type":"article","og_title":"In\u00edcio - Diginewsworld","og_description":"Press\u00e3o nos hospitais Mas houve al\u00edvio entre os funcion\u00e1rios do hospital, que ficaram consternados ao saber na semana passada que o governo estava procurando aliviar as restri\u00e7\u00f5es, enquanto quase tr\u00eas quartos dos leitos de terapia intensiva s\u00e3o ocupados por pacientes com coronav\u00edrus. No domingo foram anunciadas mais 8.288 infec\u00e7\u00f5es, o maior n\u00famero di\u00e1rio durante duas &hellip;","og_url":"https:\/\/diginewsworld.com\/de\/inicio-2\/","og_site_name":"Diginewsworld","twitter_card":"summary_large_image","twitter_misc":{"Gesch\u00e4tzte Lesezeit":"1 minute"},"schema":{"@context":"https:\/\/schema.org","@graph":[{"@type":"WebPage","@id":"https:\/\/diginewsworld.com\/nl\/inicio-2\/","url":"https:\/\/diginewsworld.com\/nl\/inicio-2\/","name":"In\u00edcio - Diginewsworld","isPartOf":{"@id":"http:\/\/diginewsworld.com\/nl\/#website"},"datePublished":"2021-04-12T12:48:18+00:00","dateModified":"2021-04-12T12:48:18+00:00","breadcrumb":{"@id":"https:\/\/diginewsworld.com\/nl\/inicio-2\/#breadcrumb"},"inLanguage":"de-DE","potentialAction":[{"@type":"ReadAction","target":["https:\/\/diginewsworld.com\/nl\/inicio-2\/"]}]},{"@type":"BreadcrumbList","@id":"https:\/\/diginewsworld.com\/nl\/inicio-2\/#breadcrumb","itemListElement":[{"@type":"ListItem","position":1,"name":"Home","item":"http:\/\/diginewsworld.com\/nl\/"},{"@type":"ListItem","position":2,"name":"In\u00edcio"}]},{"@type":"WebSite","@id":"http:\/\/diginewsworld.com\/nl\/#website","url":"http:\/\/diginewsworld.com\/nl\/","name":"Diginewsworld","description":"","potentialAction":[{"@type":"SearchAction","target":{"@type":"EntryPoint","urlTemplate":"http:\/\/diginewsworld.com\/nl\/?s={search_term_string}"},"query-input":"required name=search_term_string"}],"inLanguage":"de-DE"}]}},"_links":{"self":[{"href":"https:\/\/diginewsworld.com\/de\/wp-json\/wp\/v2\/pages\/45","targetHints":{"allow":["GET"]}}],"collection":[{"href":"https:\/\/diginewsworld.com\/de\/wp-json\/wp\/v2\/pages"}],"about":[{"href":"https:\/\/diginewsworld.com\/de\/wp-json\/wp\/v2\/types\/page"}],"author":[{"embeddable":true,"href":"https:\/\/diginewsworld.com\/de\/wp-json\/wp\/v2\/users\/1"}],"replies":[{"embeddable":true,"href":"https:\/\/diginewsworld.com\/de\/wp-json\/wp\/v2\/comments?post=45"}],"version-history":[{"count":0,"href":"https:\/\/diginewsworld.com\/de\/wp-json\/wp\/v2\/pages\/45\/revisions"}],"wp:attachment":[{"href":"https:\/\/diginewsworld.com\/de\/wp-json\/wp\/v2\/media?parent=45"}],"curies":[{"name":"wp","href":"https:\/\/api.w.org\/{rel}","templated":true}]}}