{"id":72,"date":"2021-04-12T12:49:03","date_gmt":"2021-04-12T12:49:03","guid":{"rendered":"https:\/\/diginewsworld.com\/pagina-de-muestra\/"},"modified":"2021-04-12T12:49:03","modified_gmt":"2021-04-12T12:49:03","slug":"pagina-de-muestra","status":"publish","type":"page","link":"https:\/\/diginewsworld.com\/de\/page-de-muestra\/","title":{"rendered":"Bildschirmseite"},"content":{"rendered":"<blockquote class=\"wp-block-quote is-layout-flow wp-block-quote-is-layout-flow\"><p>Das Unternehmen XYZ Doohickey wurde 1971 gegr\u00fcndet und hat seither qualitativ hochwertige Doohickeys f\u00fcr die \u00d6ffentlichkeit hergestellt. XYZ befindet sich in Ciudad G\u00f3tica, besch\u00e4ftigt mehr als 2.000 Mitarbeiter und bietet der Bev\u00f6lkerung von Ciudad G\u00f3tica eine Vielzahl von Vorteilen.<\/p><\/blockquote>\n<br \/> \/wp:quote -&gt;\n\n\n<p>Als neuer WordPress-Benutzer m\u00fcssen Sie eine <a href=\"https:\/\/diginewsworld.com\/wp-admin\/\">Ihr Bedienfeld<\/a> um diese Seite zu l\u00f6schen und neue Seiten f\u00fcr Ihren Inhalt zu erstellen. Divi\u00e9rtete<\/p> <p>\n<!-- wp:p\u00e1rrafo -->\n<p>Dies ist eine Seite f\u00fcr ein Beispiel. Er unterscheidet sich von einem Blogeintrag dadurch, dass er an einem Ort bleibt und in der Navigation der Website (und den meisten Themen) angezeigt wird. Die meisten Leute fangen mit einer Seite an, die potenzielle Besucher der Website auf die Seite aufmerksam macht. Podr\u00eda decir algo como esto:<\/p>\n<!-- \/wp:p\u00e1rrafo -->\n\n\n<blockquote class=\"wp-block-quote is-layout-flow wp-block-quote-is-layout-flow\"><p>Soy un mensajero en bicicleta de d\u00eda, aspirante a actor de noche, y esta es mi p\u00e1gina web. Vivo en Los \u00c1ngeles, tengo un gran perro llamado Jack, y me gustan las pi\u00f1a coladas. (Y que me pille la lluvia.)<\/p><\/blockquote>\n<br \/> \/wp:quote -&gt;\n\n\n<p>...o algo as\u00ed:<\/p>\n\n\n\n<blockquote class=\"wp-block-quote is-layout-flow wp-block-quote-is-layout-flow\"><p>Das Unternehmen XYZ Doohickey wurde 1971 gegr\u00fcndet und hat seither qualitativ hochwertige Doohickeys f\u00fcr die \u00d6ffentlichkeit hergestellt. XYZ befindet sich in Ciudad G\u00f3tica, besch\u00e4ftigt mehr als 2.000 Mitarbeiter und bietet der Bev\u00f6lkerung von Ciudad G\u00f3tica eine Vielzahl von Vorteilen.<\/p><\/blockquote>\n<br \/> \/wp:quote -&gt;\n\n\n<p>Als neuer WordPress-Benutzer m\u00fcssen Sie eine <a href=\"https:\/\/diginewsworld.com\/wp-admin\/\">Ihr Bedienfeld<\/a> um diese Seite zu l\u00f6schen und neue Seiten f\u00fcr Ihren Inhalt zu erstellen. Divi\u00e9rtete<\/p> <p>","protected":false},"excerpt":{"rendered":"<p>La compa\u00f1\u00eda XYZ Doohickey fue fundada en 1971, y desde entonces ha estado proporcionando doohickeys de calidad al p\u00fablico. Situada en Ciudad G\u00f3tica, XYZ emplea a m\u00e1s de 2.000 personas y hace todo tipo de cosas incre\u00edbles para la comunidad de Ciudad G\u00f3tica. \/wp:quote &#8211;&gt; Como nuevo usuario de WordPress, debes ir a tu panel &hellip;<\/p>","protected":false},"author":1,"featured_media":0,"parent":0,"menu_order":0,"comment_status":"closed","ping_status":"closed","template":"","meta":{"footnotes":""},"class_list":["post-72","page","type-page","status-publish","hentry"],"yoast_head":"<!-- This site is optimized with the Yoast SEO plugin v19.6.1 - https:\/\/yoast.com\/wordpress\/plugins\/seo\/ -->\n<title>P\u00e1gina de muestra - Diginewsworld<\/title>\n<meta name=\"robots\" content=\"index, follow, max-snippet:-1, max-image-preview:large, max-video-preview:-1\" \/>\n<link rel=\"canonical\" href=\"https:\/\/diginewsworld.com\/de\/page-de-muestra\/\" \/>\n<meta property=\"og:locale\" content=\"de_DE\" \/>\n<meta property=\"og:type\" content=\"article\" \/>\n<meta property=\"og:title\" content=\"P\u00e1gina de muestra - Diginewsworld\" \/>\n<meta property=\"og:description\" content=\"La compa\u00f1\u00eda XYZ Doohickey fue fundada en 1971, y desde entonces ha estado proporcionando doohickeys de calidad al p\u00fablico. Situada en Ciudad G\u00f3tica, XYZ emplea a m\u00e1s de 2.000 personas y hace todo tipo de cosas incre\u00edbles para la comunidad de Ciudad G\u00f3tica. \/wp:quote &#8211;&gt; Como nuevo usuario de WordPress, debes ir a tu panel &hellip;\" \/>\n<meta property=\"og:url\" content=\"https:\/\/diginewsworld.com\/de\/page-de-muestra\/\" \/>\n<meta property=\"og:site_name\" content=\"Diginewsworld\" \/>\n<meta name=\"twitter:card\" content=\"summary_large_image\" \/>\n<meta name=\"twitter:label1\" content=\"Gesch\u00e4tzte Lesezeit\" \/>\n\t<meta name=\"twitter:data1\" content=\"1 minute\" \/>\n<script type=\"application\/ld+json\" class=\"yoast-schema-graph\">{\"@context\":\"https:\/\/schema.org\",\"@graph\":[{\"@type\":\"WebPage\",\"@id\":\"https:\/\/diginewsworld.com\/de\/page-de-muestra\/\",\"url\":\"https:\/\/diginewsworld.com\/de\/page-de-muestra\/\",\"name\":\"P\u00e1gina de muestra - Diginewsworld\",\"isPartOf\":{\"@id\":\"http:\/\/diginewsworld.com\/nl\/#website\"},\"datePublished\":\"2021-04-12T12:49:03+00:00\",\"dateModified\":\"2021-04-12T12:49:03+00:00\",\"breadcrumb\":{\"@id\":\"https:\/\/diginewsworld.com\/de\/page-de-muestra\/#breadcrumb\"},\"inLanguage\":\"de-DE\",\"potentialAction\":[{\"@type\":\"ReadAction\",\"target\":[\"https:\/\/diginewsworld.com\/de\/page-de-muestra\/\"]}]},{\"@type\":\"BreadcrumbList\",\"@id\":\"https:\/\/diginewsworld.com\/de\/page-de-muestra\/#breadcrumb\",\"itemListElement\":[{\"@type\":\"ListItem\",\"position\":1,\"name\":\"Home\",\"item\":\"http:\/\/diginewsworld.com\/nl\/\"},{\"@type\":\"ListItem\",\"position\":2,\"name\":\"P\u00e1gina de muestra\"}]},{\"@type\":\"WebSite\",\"@id\":\"http:\/\/diginewsworld.com\/nl\/#website\",\"url\":\"http:\/\/diginewsworld.com\/nl\/\",\"name\":\"Diginewsworld\",\"description\":\"\",\"potentialAction\":[{\"@type\":\"SearchAction\",\"target\":{\"@type\":\"EntryPoint\",\"urlTemplate\":\"http:\/\/diginewsworld.com\/nl\/?s={search_term_string}\"},\"query-input\":\"required name=search_term_string\"}],\"inLanguage\":\"de-DE\"}]}<\/script>\n<!-- \/ Yoast SEO plugin. -->","yoast_head_json":{"title":"P\u00e1gina de muestra - Diginewsworld","robots":{"index":"index","follow":"follow","max-snippet":"max-snippet:-1","max-image-preview":"max-image-preview:large","max-video-preview":"max-video-preview:-1"},"canonical":"https:\/\/diginewsworld.com\/de\/page-de-muestra\/","og_locale":"de_DE","og_type":"article","og_title":"P\u00e1gina de muestra - Diginewsworld","og_description":"La compa\u00f1\u00eda XYZ Doohickey fue fundada en 1971, y desde entonces ha estado proporcionando doohickeys de calidad al p\u00fablico. Situada en Ciudad G\u00f3tica, XYZ emplea a m\u00e1s de 2.000 personas y hace todo tipo de cosas incre\u00edbles para la comunidad de Ciudad G\u00f3tica. \/wp:quote &#8211;&gt; Como nuevo usuario de WordPress, debes ir a tu panel &hellip;","og_url":"https:\/\/diginewsworld.com\/de\/page-de-muestra\/","og_site_name":"Diginewsworld","twitter_card":"summary_large_image","twitter_misc":{"Gesch\u00e4tzte Lesezeit":"1 minute"},"schema":{"@context":"https:\/\/schema.org","@graph":[{"@type":"WebPage","@id":"https:\/\/diginewsworld.com\/de\/page-de-muestra\/","url":"https:\/\/diginewsworld.com\/de\/page-de-muestra\/","name":"P\u00e1gina de muestra - Diginewsworld","isPartOf":{"@id":"http:\/\/diginewsworld.com\/nl\/#website"},"datePublished":"2021-04-12T12:49:03+00:00","dateModified":"2021-04-12T12:49:03+00:00","breadcrumb":{"@id":"https:\/\/diginewsworld.com\/de\/page-de-muestra\/#breadcrumb"},"inLanguage":"de-DE","potentialAction":[{"@type":"ReadAction","target":["https:\/\/diginewsworld.com\/de\/page-de-muestra\/"]}]},{"@type":"BreadcrumbList","@id":"https:\/\/diginewsworld.com\/de\/page-de-muestra\/#breadcrumb","itemListElement":[{"@type":"ListItem","position":1,"name":"Home","item":"http:\/\/diginewsworld.com\/nl\/"},{"@type":"ListItem","position":2,"name":"P\u00e1gina de muestra"}]},{"@type":"WebSite","@id":"http:\/\/diginewsworld.com\/nl\/#website","url":"http:\/\/diginewsworld.com\/nl\/","name":"Diginewsworld","description":"","potentialAction":[{"@type":"SearchAction","target":{"@type":"EntryPoint","urlTemplate":"http:\/\/diginewsworld.com\/nl\/?s={search_term_string}"},"query-input":"required name=search_term_string"}],"inLanguage":"de-DE"}]}},"_links":{"self":[{"href":"https:\/\/diginewsworld.com\/de\/wp-json\/wp\/v2\/pages\/72","targetHints":{"allow":["GET"]}}],"collection":[{"href":"https:\/\/diginewsworld.com\/de\/wp-json\/wp\/v2\/pages"}],"about":[{"href":"https:\/\/diginewsworld.com\/de\/wp-json\/wp\/v2\/types\/page"}],"author":[{"embeddable":true,"href":"https:\/\/diginewsworld.com\/de\/wp-json\/wp\/v2\/users\/1"}],"replies":[{"embeddable":true,"href":"https:\/\/diginewsworld.com\/de\/wp-json\/wp\/v2\/comments?post=72"}],"version-history":[{"count":0,"href":"https:\/\/diginewsworld.com\/de\/wp-json\/wp\/v2\/pages\/72\/revisions"}],"wp:attachment":[{"href":"https:\/\/diginewsworld.com\/de\/wp-json\/wp\/v2\/media?parent=72"}],"curies":[{"name":"wp","href":"https:\/\/api.w.org\/{rel}","templated":true}]}}