{"id":69,"date":"2021-04-12T12:49:00","date_gmt":"2021-04-12T12:49:00","guid":{"rendered":"https:\/\/diginewsworld.com\/beispielseite-2\/"},"modified":"2021-04-12T12:49:00","modified_gmt":"2021-04-12T12:49:00","slug":"beispielseite-2","status":"publish","type":"page","link":"https:\/\/diginewsworld.com\/en\/beispielseite-2\/","title":{"rendered":"Beispielseite"},"content":{"rendered":"<p>Dies ist eine Beispielseite. Sie unterscheidet sich von einem Blog-Beitrag, weil sie an einem Ort bleibt und in der Navigation Ihrer Website angezeigt wird (in den meisten Themes). Die meisten Leute beginnen mit einer \u00dcber-Seite, die sie potenziellen Besuchern der Website vorstellt. Sie k\u00f6nnte etwa so lauten:<\/p>\n\n\n\n<blockquote class=\"wp-block-quote is-layout-flow wp-block-quote-is-layout-flow\"><p>Hello, Ich bin ein Fahrradkurier bei Tag, aufstrebender Schauspieler bei Nacht, und dies ist meine Website. Ich lebe in Los Angeles, habe einen tollen Hund namens Jack, und ich mag Pi\u00f1a Coladas. (Und im Regen erwischt zu werden.)<\/p><\/blockquote>\n\n\n\n<p>...oder so etwas wie das hier:<\/p>\n\n\n\n<blockquote class=\"wp-block-quote is-layout-flow wp-block-quote-is-layout-flow\"><p>Die XYZ Doohickey Company wurde 1971 gegr\u00fcndet und liefert seitdem Qualit\u00e4ts-Doohickeys an die \u00d6ffentlichkeit. Mit Sitz in Gotham City besch\u00e4ftigt XYZ mehr als 2.000 Mitarbeiter und tut alle m\u00f6glichen gro\u00dfartigen Dinge f\u00fcr die Gotham-Gemeinschaft.<\/p><\/blockquote>\n\n\n\n<p>Als neuer WordPress-Benutzer sollten Sie auf <a href=\"https:\/\/diginewsworld.com\/wp-admin\/\">Ihr Dashboard<\/a> gehen, um diese Seite zu l\u00f6schen und neue Seiten f\u00fcr Ihre Inhalte zu erstellen. Viel Spa\u00df!<\/p>","protected":false},"excerpt":{"rendered":"<p>Dies ist eine Beispielseite. Sie unterscheidet sich von einem Blog-Beitrag, weil sie an einem Ort bleibt und in der Navigation Ihrer Website angezeigt wird (in den meisten Themes). Die meisten Leute beginnen mit einer \u00dcber-Seite, die sie potenziellen Besuchern der Website vorstellt. Sie k\u00f6nnte etwa so lauten: Hallo! Ich bin ein Fahrradkurier bei Tag, aufstrebender &hellip;<\/p>","protected":false},"author":1,"featured_media":0,"parent":0,"menu_order":0,"comment_status":"closed","ping_status":"closed","template":"","meta":{"footnotes":""},"class_list":["post-69","page","type-page","status-publish","hentry"],"yoast_head":"<!-- This site is optimized with the Yoast SEO plugin v19.6.1 - https:\/\/yoast.com\/wordpress\/plugins\/seo\/ -->\n<title>Beispielseite - Diginewsworld<\/title>\n<meta name=\"robots\" content=\"index, follow, max-snippet:-1, max-image-preview:large, max-video-preview:-1\" \/>\n<link rel=\"canonical\" href=\"https:\/\/diginewsworld.com\/en\/beispielseite-2\/\" \/>\n<meta property=\"og:locale\" content=\"en_US\" \/>\n<meta property=\"og:type\" content=\"article\" \/>\n<meta property=\"og:title\" content=\"Beispielseite - Diginewsworld\" \/>\n<meta property=\"og:description\" content=\"Dies ist eine Beispielseite. Sie unterscheidet sich von einem Blog-Beitrag, weil sie an einem Ort bleibt und in der Navigation Ihrer Website angezeigt wird (in den meisten Themes). Die meisten Leute beginnen mit einer \u00dcber-Seite, die sie potenziellen Besuchern der Website vorstellt. Sie k\u00f6nnte etwa so lauten: Hallo! Ich bin ein Fahrradkurier bei Tag, aufstrebender &hellip;\" \/>\n<meta property=\"og:url\" content=\"https:\/\/diginewsworld.com\/en\/beispielseite-2\/\" \/>\n<meta property=\"og:site_name\" content=\"Diginewsworld\" \/>\n<meta name=\"twitter:card\" content=\"summary_large_image\" \/>\n<meta name=\"twitter:label1\" content=\"Est. reading time\" \/>\n\t<meta name=\"twitter:data1\" content=\"1 minute\" \/>\n<script type=\"application\/ld+json\" class=\"yoast-schema-graph\">{\"@context\":\"https:\/\/schema.org\",\"@graph\":[{\"@type\":\"WebPage\",\"@id\":\"https:\/\/diginewsworld.com\/de\/beispielseite-2\/\",\"url\":\"https:\/\/diginewsworld.com\/de\/beispielseite-2\/\",\"name\":\"Beispielseite - Diginewsworld\",\"isPartOf\":{\"@id\":\"http:\/\/diginewsworld.com\/nl\/#website\"},\"datePublished\":\"2021-04-12T12:49:00+00:00\",\"dateModified\":\"2021-04-12T12:49:00+00:00\",\"breadcrumb\":{\"@id\":\"https:\/\/diginewsworld.com\/de\/beispielseite-2\/#breadcrumb\"},\"inLanguage\":\"en-US\",\"potentialAction\":[{\"@type\":\"ReadAction\",\"target\":[\"https:\/\/diginewsworld.com\/de\/beispielseite-2\/\"]}]},{\"@type\":\"BreadcrumbList\",\"@id\":\"https:\/\/diginewsworld.com\/de\/beispielseite-2\/#breadcrumb\",\"itemListElement\":[{\"@type\":\"ListItem\",\"position\":1,\"name\":\"Home\",\"item\":\"http:\/\/diginewsworld.com\/nl\/\"},{\"@type\":\"ListItem\",\"position\":2,\"name\":\"Beispielseite\"}]},{\"@type\":\"WebSite\",\"@id\":\"http:\/\/diginewsworld.com\/nl\/#website\",\"url\":\"http:\/\/diginewsworld.com\/nl\/\",\"name\":\"Diginewsworld\",\"description\":\"\",\"potentialAction\":[{\"@type\":\"SearchAction\",\"target\":{\"@type\":\"EntryPoint\",\"urlTemplate\":\"http:\/\/diginewsworld.com\/nl\/?s={search_term_string}\"},\"query-input\":\"required name=search_term_string\"}],\"inLanguage\":\"en-US\"}]}<\/script>\n<!-- \/ Yoast SEO plugin. -->","yoast_head_json":{"title":"Beispielseite - Diginewsworld","robots":{"index":"index","follow":"follow","max-snippet":"max-snippet:-1","max-image-preview":"max-image-preview:large","max-video-preview":"max-video-preview:-1"},"canonical":"https:\/\/diginewsworld.com\/en\/beispielseite-2\/","og_locale":"en_US","og_type":"article","og_title":"Beispielseite - Diginewsworld","og_description":"Dies ist eine Beispielseite. Sie unterscheidet sich von einem Blog-Beitrag, weil sie an einem Ort bleibt und in der Navigation Ihrer Website angezeigt wird (in den meisten Themes). Die meisten Leute beginnen mit einer \u00dcber-Seite, die sie potenziellen Besuchern der Website vorstellt. Sie k\u00f6nnte etwa so lauten: Hallo! Ich bin ein Fahrradkurier bei Tag, aufstrebender &hellip;","og_url":"https:\/\/diginewsworld.com\/en\/beispielseite-2\/","og_site_name":"Diginewsworld","twitter_card":"summary_large_image","twitter_misc":{"Est. reading time":"1 minute"},"schema":{"@context":"https:\/\/schema.org","@graph":[{"@type":"WebPage","@id":"https:\/\/diginewsworld.com\/de\/beispielseite-2\/","url":"https:\/\/diginewsworld.com\/de\/beispielseite-2\/","name":"Beispielseite - Diginewsworld","isPartOf":{"@id":"http:\/\/diginewsworld.com\/nl\/#website"},"datePublished":"2021-04-12T12:49:00+00:00","dateModified":"2021-04-12T12:49:00+00:00","breadcrumb":{"@id":"https:\/\/diginewsworld.com\/de\/beispielseite-2\/#breadcrumb"},"inLanguage":"en-US","potentialAction":[{"@type":"ReadAction","target":["https:\/\/diginewsworld.com\/de\/beispielseite-2\/"]}]},{"@type":"BreadcrumbList","@id":"https:\/\/diginewsworld.com\/de\/beispielseite-2\/#breadcrumb","itemListElement":[{"@type":"ListItem","position":1,"name":"Home","item":"http:\/\/diginewsworld.com\/nl\/"},{"@type":"ListItem","position":2,"name":"Beispielseite"}]},{"@type":"WebSite","@id":"http:\/\/diginewsworld.com\/nl\/#website","url":"http:\/\/diginewsworld.com\/nl\/","name":"Diginewsworld","description":"","potentialAction":[{"@type":"SearchAction","target":{"@type":"EntryPoint","urlTemplate":"http:\/\/diginewsworld.com\/nl\/?s={search_term_string}"},"query-input":"required name=search_term_string"}],"inLanguage":"en-US"}]}},"_links":{"self":[{"href":"https:\/\/diginewsworld.com\/en\/wp-json\/wp\/v2\/pages\/69","targetHints":{"allow":["GET"]}}],"collection":[{"href":"https:\/\/diginewsworld.com\/en\/wp-json\/wp\/v2\/pages"}],"about":[{"href":"https:\/\/diginewsworld.com\/en\/wp-json\/wp\/v2\/types\/page"}],"author":[{"embeddable":true,"href":"https:\/\/diginewsworld.com\/en\/wp-json\/wp\/v2\/users\/1"}],"replies":[{"embeddable":true,"href":"https:\/\/diginewsworld.com\/en\/wp-json\/wp\/v2\/comments?post=69"}],"version-history":[{"count":0,"href":"https:\/\/diginewsworld.com\/en\/wp-json\/wp\/v2\/pages\/69\/revisions"}],"wp:attachment":[{"href":"https:\/\/diginewsworld.com\/en\/wp-json\/wp\/v2\/media?parent=69"}],"curies":[{"name":"wp","href":"https:\/\/api.w.org\/{rel}","templated":true}]}}