{"id":74,"date":"2021-04-12T12:49:05","date_gmt":"2021-04-12T12:49:05","guid":{"rendered":"https:\/\/diginewsworld.com\/pagina-de-amostra\/"},"modified":"2021-04-12T12:49:05","modified_gmt":"2021-04-12T12:49:05","slug":"pagina-de-amostra","status":"publish","type":"page","link":"https:\/\/diginewsworld.com\/en\/page-the-amostra\/","title":{"rendered":"P\u00e1gina de amostra"},"content":{"rendered":"<!-- wp:par\u00e1grafo -->\n<p>Esta \u00e9 uma p\u00e1gina de exemplo. \u00c9 diferente de um post de blog porque vai ficar em um lugar e vai aparecer na navega\u00e7\u00e3o do seu site (na maioria dos temas). A maioria das pessoas come\u00e7a com uma p\u00e1gina Sobre que os apresenta aos potenciais visitantes do site. Ela pode dizer algo como isto:<\/p>\n<!-- \/wp:par\u00e1grafo -->\n\n\n<blockquote class=\"wp-block-quote is-layout-flow wp-block-quote-is-layout-flow\"><p>Hi l\u00e1! Sou um mensageiro de bicicleta de dia, aspirante a actor \u00e0 noite, este \u00e9 o meu site. Vivo em Los Angeles, tenho um grande c\u00e3o chamado Jack, e gosto de pi\u00f1a coladas. (E ser apanhado pela chuva.)<\/p><\/blockquote>\n\n\n<!-- wp:par\u00e1grafo -->\n<p>...ou algo parecido com isto:<\/p>\n<!-- \/wp:par\u00e1grafo -->\n\n\n<blockquote class=\"wp-block-quote is-layout-flow wp-block-quote-is-layout-flow\"><p>A XYZ Doohickey Company foi fundada em 1971, e desde ent\u00e3o tem fornecido doohickeys de qualidade ao p\u00fablico. Localizada na cidade de Gotham, a XYZ emprega mais de 2.000 pessoas e faz todo tipo de coisas incr\u00edveis para a comunidade de Gotham.<\/p><\/blockquote>\n\n\n<!-- wp:par\u00e1grafo -->\n<p>Como um novo usu\u00e1rio WordPress, voc\u00ea deve ir para <a href=\"https:\/\/diginewsworld.com\/wp-admin\/\">seu painel de control<\/a> para excluir esta p\u00e1gina e criar novas p\u00e1ginas para o seu conte\u00fado. Divirta-se!<\/p>\n<!-- \/wp:par\u00e1grafo -->","protected":false},"excerpt":{"rendered":"<p>Esta \u00e9 uma p\u00e1gina de exemplo. \u00c9 diferente de um post de blog porque vai ficar em um lugar e vai aparecer na navega\u00e7\u00e3o do seu site (na maioria dos temas). A maioria das pessoas come\u00e7a com uma p\u00e1gina Sobre que os apresenta aos potenciais visitantes do site. Ela pode dizer algo como isto: Hi &hellip;<\/p>","protected":false},"author":1,"featured_media":0,"parent":0,"menu_order":0,"comment_status":"closed","ping_status":"closed","template":"","meta":{"footnotes":""},"class_list":["post-74","page","type-page","status-publish","hentry"],"yoast_head":"<!-- This site is optimized with the Yoast SEO plugin v19.6.1 - https:\/\/yoast.com\/wordpress\/plugins\/seo\/ -->\n<title>P\u00e1gina de amostra - Diginewsworld<\/title>\n<meta name=\"robots\" content=\"index, follow, max-snippet:-1, max-image-preview:large, max-video-preview:-1\" \/>\n<link rel=\"canonical\" href=\"https:\/\/diginewsworld.com\/en\/page-the-amostra\/\" \/>\n<meta property=\"og:locale\" content=\"en_US\" \/>\n<meta property=\"og:type\" content=\"article\" \/>\n<meta property=\"og:title\" content=\"P\u00e1gina de amostra - Diginewsworld\" \/>\n<meta property=\"og:description\" content=\"Esta \u00e9 uma p\u00e1gina de exemplo. \u00c9 diferente de um post de blog porque vai ficar em um lugar e vai aparecer na navega\u00e7\u00e3o do seu site (na maioria dos temas). A maioria das pessoas come\u00e7a com uma p\u00e1gina Sobre que os apresenta aos potenciais visitantes do site. Ela pode dizer algo como isto: Hi &hellip;\" \/>\n<meta property=\"og:url\" content=\"https:\/\/diginewsworld.com\/en\/page-the-amostra\/\" \/>\n<meta property=\"og:site_name\" content=\"Diginewsworld\" \/>\n<meta name=\"twitter:card\" content=\"summary_large_image\" \/>\n<meta name=\"twitter:label1\" content=\"Est. reading time\" \/>\n\t<meta name=\"twitter:data1\" content=\"1 minute\" \/>\n<script type=\"application\/ld+json\" class=\"yoast-schema-graph\">{\"@context\":\"https:\/\/schema.org\",\"@graph\":[{\"@type\":\"WebPage\",\"@id\":\"https:\/\/diginewsworld.com\/en\/page-the-amostra\/\",\"url\":\"https:\/\/diginewsworld.com\/en\/page-the-amostra\/\",\"name\":\"P\u00e1gina de amostra - Diginewsworld\",\"isPartOf\":{\"@id\":\"http:\/\/diginewsworld.com\/nl\/#website\"},\"datePublished\":\"2021-04-12T12:49:05+00:00\",\"dateModified\":\"2021-04-12T12:49:05+00:00\",\"breadcrumb\":{\"@id\":\"https:\/\/diginewsworld.com\/en\/page-the-amostra\/#breadcrumb\"},\"inLanguage\":\"en-US\",\"potentialAction\":[{\"@type\":\"ReadAction\",\"target\":[\"https:\/\/diginewsworld.com\/en\/page-the-amostra\/\"]}]},{\"@type\":\"BreadcrumbList\",\"@id\":\"https:\/\/diginewsworld.com\/en\/page-the-amostra\/#breadcrumb\",\"itemListElement\":[{\"@type\":\"ListItem\",\"position\":1,\"name\":\"Home\",\"item\":\"http:\/\/diginewsworld.com\/nl\/\"},{\"@type\":\"ListItem\",\"position\":2,\"name\":\"P\u00e1gina de amostra\"}]},{\"@type\":\"WebSite\",\"@id\":\"http:\/\/diginewsworld.com\/nl\/#website\",\"url\":\"http:\/\/diginewsworld.com\/nl\/\",\"name\":\"Diginewsworld\",\"description\":\"\",\"potentialAction\":[{\"@type\":\"SearchAction\",\"target\":{\"@type\":\"EntryPoint\",\"urlTemplate\":\"http:\/\/diginewsworld.com\/nl\/?s={search_term_string}\"},\"query-input\":\"required name=search_term_string\"}],\"inLanguage\":\"en-US\"}]}<\/script>\n<!-- \/ Yoast SEO plugin. -->","yoast_head_json":{"title":"P\u00e1gina de amostra - Diginewsworld","robots":{"index":"index","follow":"follow","max-snippet":"max-snippet:-1","max-image-preview":"max-image-preview:large","max-video-preview":"max-video-preview:-1"},"canonical":"https:\/\/diginewsworld.com\/en\/page-the-amostra\/","og_locale":"en_US","og_type":"article","og_title":"P\u00e1gina de amostra - Diginewsworld","og_description":"Esta \u00e9 uma p\u00e1gina de exemplo. \u00c9 diferente de um post de blog porque vai ficar em um lugar e vai aparecer na navega\u00e7\u00e3o do seu site (na maioria dos temas). A maioria das pessoas come\u00e7a com uma p\u00e1gina Sobre que os apresenta aos potenciais visitantes do site. Ela pode dizer algo como isto: Hi &hellip;","og_url":"https:\/\/diginewsworld.com\/en\/page-the-amostra\/","og_site_name":"Diginewsworld","twitter_card":"summary_large_image","twitter_misc":{"Est. reading time":"1 minute"},"schema":{"@context":"https:\/\/schema.org","@graph":[{"@type":"WebPage","@id":"https:\/\/diginewsworld.com\/en\/page-the-amostra\/","url":"https:\/\/diginewsworld.com\/en\/page-the-amostra\/","name":"P\u00e1gina de amostra - Diginewsworld","isPartOf":{"@id":"http:\/\/diginewsworld.com\/nl\/#website"},"datePublished":"2021-04-12T12:49:05+00:00","dateModified":"2021-04-12T12:49:05+00:00","breadcrumb":{"@id":"https:\/\/diginewsworld.com\/en\/page-the-amostra\/#breadcrumb"},"inLanguage":"en-US","potentialAction":[{"@type":"ReadAction","target":["https:\/\/diginewsworld.com\/en\/page-the-amostra\/"]}]},{"@type":"BreadcrumbList","@id":"https:\/\/diginewsworld.com\/en\/page-the-amostra\/#breadcrumb","itemListElement":[{"@type":"ListItem","position":1,"name":"Home","item":"http:\/\/diginewsworld.com\/nl\/"},{"@type":"ListItem","position":2,"name":"P\u00e1gina de amostra"}]},{"@type":"WebSite","@id":"http:\/\/diginewsworld.com\/nl\/#website","url":"http:\/\/diginewsworld.com\/nl\/","name":"Diginewsworld","description":"","potentialAction":[{"@type":"SearchAction","target":{"@type":"EntryPoint","urlTemplate":"http:\/\/diginewsworld.com\/nl\/?s={search_term_string}"},"query-input":"required name=search_term_string"}],"inLanguage":"en-US"}]}},"_links":{"self":[{"href":"https:\/\/diginewsworld.com\/en\/wp-json\/wp\/v2\/pages\/74","targetHints":{"allow":["GET"]}}],"collection":[{"href":"https:\/\/diginewsworld.com\/en\/wp-json\/wp\/v2\/pages"}],"about":[{"href":"https:\/\/diginewsworld.com\/en\/wp-json\/wp\/v2\/types\/page"}],"author":[{"embeddable":true,"href":"https:\/\/diginewsworld.com\/en\/wp-json\/wp\/v2\/users\/1"}],"replies":[{"embeddable":true,"href":"https:\/\/diginewsworld.com\/en\/wp-json\/wp\/v2\/comments?post=74"}],"version-history":[{"count":0,"href":"https:\/\/diginewsworld.com\/en\/wp-json\/wp\/v2\/pages\/74\/revisions"}],"wp:attachment":[{"href":"https:\/\/diginewsworld.com\/en\/wp-json\/wp\/v2\/media?parent=74"}],"curies":[{"name":"wp","href":"https:\/\/api.w.org\/{rel}","templated":true}]}}