{"id":76,"date":"2021-04-12T12:49:07","date_gmt":"2021-04-12T12:49:07","guid":{"rendered":"https:\/\/diginewsworld.com\/pagina-campione\/"},"modified":"2021-04-12T12:49:07","modified_gmt":"2021-04-12T12:49:07","slug":"pagina-campione","status":"publish","type":"page","link":"https:\/\/diginewsworld.com\/en\/page-campione\/","title":{"rendered":"Page campione"},"content":{"rendered":"<p>Questa \u00e8 una pagina di esempio. \u00c8 diversa da un post di blog perch\u00e9 rimarr\u00e0 in un posto e apparir\u00e0 nella navigazione del tuo sito (nella maggior parte dei temi). La maggior parte delle persone inizia con una pagina About che li presenta ai potenziali visitatori del sito. Potrebbe dire qualcosa del genere:<\/p>\n\n\n\n<blockquote class=\"wp-block-quote is-layout-flow wp-block-quote-is-layout-flow\"><p>Ciao! Sono un corriere in bicicletta di giorno, aspirante attore di notte, e questo \u00e8 il mio sito web. Vivo a Los Angeles, ho un grande cane di nome Jack, e mi piace la pi\u00f1a colada. (E farmi prendere dalla pioggia.)<\/p><\/blockquote>.\n\n\n\n<p>...o qualcosa del genere:<\/p>\n\n\n\n<blockquote class=\"wp-block-quote is-layout-flow wp-block-quote-is-layout-flow\"><p>La XYZ Doohickey Company \u00e8 stata fondata nel 1971, e da allora fornisce al pubblico doohickeys di qualit\u00e0. Situata a Gotham City, la XYZ impiega oltre 2.000 persone e fa ogni genere di cose fantastiche per la comunit\u00e0 di Gotham.<\/p><\/blockquote>.\n\n\n\n<p>Come nuovo utente di WordPress, dovresti andare su <a href=\"https:\/\/diginewsworld.com\/wp-admin\/\">la tua dashboard<\/a> per cancellare questa pagina e creare nuove pagine per il tuo contenuto. Buon divertimento!<\/p>","protected":false},"excerpt":{"rendered":"<p>Questa \u00e8 una pagina di esempio. \u00c8 diversa da un post di blog perch\u00e9 rimarr\u00e0 in un posto e apparir\u00e0 nella navigazione del tuo sito (nella maggior parte dei temi). La maggior parte delle persone inizia con una pagina About che li presenta ai potenziali visitatori del sito. Potrebbe dire qualcosa del genere: Ciao! Sono &hellip;<\/p>","protected":false},"author":1,"featured_media":0,"parent":0,"menu_order":0,"comment_status":"closed","ping_status":"closed","template":"","meta":{"footnotes":""},"class_list":["post-76","page","type-page","status-publish","hentry"],"yoast_head":"<!-- This site is optimized with the Yoast SEO plugin v19.6.1 - https:\/\/yoast.com\/wordpress\/plugins\/seo\/ -->\n<title>Pagina campione - Diginewsworld<\/title>\n<meta name=\"robots\" content=\"index, follow, max-snippet:-1, max-image-preview:large, max-video-preview:-1\" \/>\n<link rel=\"canonical\" href=\"https:\/\/diginewsworld.com\/en\/page-campione\/\" \/>\n<meta property=\"og:locale\" content=\"en_US\" \/>\n<meta property=\"og:type\" content=\"article\" \/>\n<meta property=\"og:title\" content=\"Pagina campione - Diginewsworld\" \/>\n<meta property=\"og:description\" content=\"Questa \u00e8 una pagina di esempio. \u00c8 diversa da un post di blog perch\u00e9 rimarr\u00e0 in un posto e apparir\u00e0 nella navigazione del tuo sito (nella maggior parte dei temi). La maggior parte delle persone inizia con una pagina About che li presenta ai potenziali visitatori del sito. Potrebbe dire qualcosa del genere: Ciao! Sono &hellip;\" \/>\n<meta property=\"og:url\" content=\"https:\/\/diginewsworld.com\/en\/page-campione\/\" \/>\n<meta property=\"og:site_name\" content=\"Diginewsworld\" \/>\n<meta name=\"twitter:card\" content=\"summary_large_image\" \/>\n<meta name=\"twitter:label1\" content=\"Est. reading time\" \/>\n\t<meta name=\"twitter:data1\" content=\"1 minute\" \/>\n<script type=\"application\/ld+json\" class=\"yoast-schema-graph\">{\"@context\":\"https:\/\/schema.org\",\"@graph\":[{\"@type\":\"WebPage\",\"@id\":\"https:\/\/diginewsworld.com\/de\/page-campione\/\",\"url\":\"https:\/\/diginewsworld.com\/de\/page-campione\/\",\"name\":\"Pagina campione - Diginewsworld\",\"isPartOf\":{\"@id\":\"http:\/\/diginewsworld.com\/nl\/#website\"},\"datePublished\":\"2021-04-12T12:49:07+00:00\",\"dateModified\":\"2021-04-12T12:49:07+00:00\",\"breadcrumb\":{\"@id\":\"https:\/\/diginewsworld.com\/de\/page-campione\/#breadcrumb\"},\"inLanguage\":\"en-US\",\"potentialAction\":[{\"@type\":\"ReadAction\",\"target\":[\"https:\/\/diginewsworld.com\/de\/page-campione\/\"]}]},{\"@type\":\"BreadcrumbList\",\"@id\":\"https:\/\/diginewsworld.com\/de\/page-campione\/#breadcrumb\",\"itemListElement\":[{\"@type\":\"ListItem\",\"position\":1,\"name\":\"Home\",\"item\":\"http:\/\/diginewsworld.com\/nl\/\"},{\"@type\":\"ListItem\",\"position\":2,\"name\":\"Pagina campione\"}]},{\"@type\":\"WebSite\",\"@id\":\"http:\/\/diginewsworld.com\/nl\/#website\",\"url\":\"http:\/\/diginewsworld.com\/nl\/\",\"name\":\"Diginewsworld\",\"description\":\"\",\"potentialAction\":[{\"@type\":\"SearchAction\",\"target\":{\"@type\":\"EntryPoint\",\"urlTemplate\":\"http:\/\/diginewsworld.com\/nl\/?s={search_term_string}\"},\"query-input\":\"required name=search_term_string\"}],\"inLanguage\":\"en-US\"}]}<\/script>\n<!-- \/ Yoast SEO plugin. -->","yoast_head_json":{"title":"Pagina campione - Diginewsworld","robots":{"index":"index","follow":"follow","max-snippet":"max-snippet:-1","max-image-preview":"max-image-preview:large","max-video-preview":"max-video-preview:-1"},"canonical":"https:\/\/diginewsworld.com\/en\/page-campione\/","og_locale":"en_US","og_type":"article","og_title":"Pagina campione - Diginewsworld","og_description":"Questa \u00e8 una pagina di esempio. \u00c8 diversa da un post di blog perch\u00e9 rimarr\u00e0 in un posto e apparir\u00e0 nella navigazione del tuo sito (nella maggior parte dei temi). La maggior parte delle persone inizia con una pagina About che li presenta ai potenziali visitatori del sito. Potrebbe dire qualcosa del genere: Ciao! Sono &hellip;","og_url":"https:\/\/diginewsworld.com\/en\/page-campione\/","og_site_name":"Diginewsworld","twitter_card":"summary_large_image","twitter_misc":{"Est. reading time":"1 minute"},"schema":{"@context":"https:\/\/schema.org","@graph":[{"@type":"WebPage","@id":"https:\/\/diginewsworld.com\/de\/page-campione\/","url":"https:\/\/diginewsworld.com\/de\/page-campione\/","name":"Pagina campione - Diginewsworld","isPartOf":{"@id":"http:\/\/diginewsworld.com\/nl\/#website"},"datePublished":"2021-04-12T12:49:07+00:00","dateModified":"2021-04-12T12:49:07+00:00","breadcrumb":{"@id":"https:\/\/diginewsworld.com\/de\/page-campione\/#breadcrumb"},"inLanguage":"en-US","potentialAction":[{"@type":"ReadAction","target":["https:\/\/diginewsworld.com\/de\/page-campione\/"]}]},{"@type":"BreadcrumbList","@id":"https:\/\/diginewsworld.com\/de\/page-campione\/#breadcrumb","itemListElement":[{"@type":"ListItem","position":1,"name":"Home","item":"http:\/\/diginewsworld.com\/nl\/"},{"@type":"ListItem","position":2,"name":"Pagina campione"}]},{"@type":"WebSite","@id":"http:\/\/diginewsworld.com\/nl\/#website","url":"http:\/\/diginewsworld.com\/nl\/","name":"Diginewsworld","description":"","potentialAction":[{"@type":"SearchAction","target":{"@type":"EntryPoint","urlTemplate":"http:\/\/diginewsworld.com\/nl\/?s={search_term_string}"},"query-input":"required name=search_term_string"}],"inLanguage":"en-US"}]}},"_links":{"self":[{"href":"https:\/\/diginewsworld.com\/en\/wp-json\/wp\/v2\/pages\/76","targetHints":{"allow":["GET"]}}],"collection":[{"href":"https:\/\/diginewsworld.com\/en\/wp-json\/wp\/v2\/pages"}],"about":[{"href":"https:\/\/diginewsworld.com\/en\/wp-json\/wp\/v2\/types\/page"}],"author":[{"embeddable":true,"href":"https:\/\/diginewsworld.com\/en\/wp-json\/wp\/v2\/users\/1"}],"replies":[{"embeddable":true,"href":"https:\/\/diginewsworld.com\/en\/wp-json\/wp\/v2\/comments?post=76"}],"version-history":[{"count":0,"href":"https:\/\/diginewsworld.com\/en\/wp-json\/wp\/v2\/pages\/76\/revisions"}],"wp:attachment":[{"href":"https:\/\/diginewsworld.com\/en\/wp-json\/wp\/v2\/media?parent=76"}],"curies":[{"name":"wp","href":"https:\/\/api.w.org\/{rel}","templated":true}]}}