{"id":27,"date":"2021-04-12T12:47:15","date_gmt":"2021-04-12T12:47:15","guid":{"rendered":"https:\/\/diginewsworld.com\/elementor-6-4\/"},"modified":"2021-04-12T12:47:15","modified_gmt":"2021-04-12T12:47:15","slug":"elementor-6-4","status":"publish","type":"page","link":"https:\/\/diginewsworld.com\/fr\/elementeur-6-4\/","title":{"rendered":"Elementor #6"},"content":{"rendered":"<div data-elementor-type=\"wp-post\" data-elementor-id=\"27\" class=\"elementor elementor-27\">\n\t\t\t\t\t\t\t\t\t<section class=\"elementor-section elementor-top-section elementor-element elementor-element-75e1d1e elementor-section-boxed elementor-section-height-default elementor-section-height-default\" data-id=\"75e1d1e\" data-element_type=\"section\">\n\t\t\t\t\t\t<div class=\"elementor-container elementor-column-gap-default\">\n\t\t\t\t\t<div class=\"elementor-column elementor-col-100 elementor-top-column elementor-element elementor-element-8eb479d\" data-id=\"8eb479d\" data-element_type=\"column\">\n\t\t\t<div class=\"elementor-widget-wrap elementor-element-populated\">\n\t\t\t\t\t\t\t\t<div class=\"elementor-element elementor-element-d86960a elementor-widget elementor-widget-text-editor\" data-id=\"d86960a\" data-element_type=\"widget\" data-widget_type=\"text-editor.default\">\n\t\t\t\t<div class=\"elementor-widget-container\">\n\t\t\t\t\t\t\t<p>La pression sur les patients hospitalis\u00e9s Cependant, la d\u00e9ception \u00e9tait grande parmi le personnel hospitalier, qui s'est inqui\u00e9t\u00e9 la semaine derni\u00e8re lorsqu'il a appris que le gouvernement cherchait un moyen de fermer les restrictions, alors que pr\u00e8s des trois quarts des patients hospitalis\u00e9s \u00e9taient infect\u00e9s par le coronavirus. Le samedi, 8 288 autres cas d'infection ont \u00e9t\u00e9 enregistr\u00e9s, soit le nombre le plus \u00e9lev\u00e9 depuis deux semaines, alors que plus de 2 500 personnes ont \u00e9t\u00e9 victimes du virus dans un centre de soins, dont 788 dans un centre de soins intensifs. Ad Melkert, Vorstandsvorsitzender des niederl\u00e4ndischen Krankenhausverbands NVZ, sagte : \"Das ist hart f\u00fcr Menschen, die auf eine Lockerung der Beschr\u00e4nkungen gehft oder damit gerechnet hatten. Ils sont n\u00e9anmoins n\u00e9cessaires de toute urgence, car dans nos h\u00f4pitaux, toutes les mains sont occup\u00e9es. Tout d'abord, nous devons ma\u00eetriser le virus, permettre \u00e0 davantage de personnes d'\u00eatre infect\u00e9es et r\u00e9duire la pression sur les h\u00f4pitaux. Nous pourrons alors nous mettre \u00e0 l'abri et revenir \u00e0 la normale, mais je pense que cela ne durera que quelques semaines.<\/p>\t\t\t\t\t\t<\/div>\n\t\t\t\t<\/div>\n\t\t\t\t\t<\/div>\n\t\t<\/div>\n\t\t\t\t\t\t\t<\/div>\n\t\t<\/section>\n\t\t\t\t\t\t\t<\/div>","protected":false},"excerpt":{"rendered":"<p>Der Druck auf die Krankenh\u00e4user Aber es gab Erleichterung unter den Krankenhausmitarbeitern, die letzte Woche best\u00fcrzt waren, als sie h\u00f6rten, dass die Regierung nach einer Lockerung der Beschr\u00e4nkungen sucht, w\u00e4hrend fast drei Viertel der Intensivbetten von Coronavirus-Patienten belegt sind. Am Sonntag wurden 8.288 weitere Infektionen bekannt gegeben, die h\u00f6chste t\u00e4gliche Zahl seit zwei Wochen, w\u00e4hrend &hellip;<\/p>","protected":false},"author":1,"featured_media":0,"parent":0,"menu_order":0,"comment_status":"closed","ping_status":"closed","template":"","meta":{"footnotes":""},"class_list":["post-27","page","type-page","status-publish","hentry"],"yoast_head":"<!-- This site is optimized with the Yoast SEO plugin v19.6.1 - https:\/\/yoast.com\/wordpress\/plugins\/seo\/ -->\n<title>Elementor #6 - Diginewsworld<\/title>\n<meta name=\"robots\" content=\"index, follow, max-snippet:-1, max-image-preview:large, max-video-preview:-1\" \/>\n<link rel=\"canonical\" href=\"https:\/\/diginewsworld.com\/fr\/elementeur-6-4\/\" \/>\n<meta property=\"og:locale\" content=\"fr_FR\" \/>\n<meta property=\"og:type\" content=\"article\" \/>\n<meta property=\"og:title\" content=\"Elementor #6 - Diginewsworld\" \/>\n<meta property=\"og:description\" content=\"Der Druck auf die Krankenh\u00e4user Aber es gab Erleichterung unter den Krankenhausmitarbeitern, die letzte Woche best\u00fcrzt waren, als sie h\u00f6rten, dass die Regierung nach einer Lockerung der Beschr\u00e4nkungen sucht, w\u00e4hrend fast drei Viertel der Intensivbetten von Coronavirus-Patienten belegt sind. Am Sonntag wurden 8.288 weitere Infektionen bekannt gegeben, die h\u00f6chste t\u00e4gliche Zahl seit zwei Wochen, w\u00e4hrend &hellip;\" \/>\n<meta property=\"og:url\" content=\"https:\/\/diginewsworld.com\/fr\/elementeur-6-4\/\" \/>\n<meta property=\"og:site_name\" content=\"Diginewsworld\" \/>\n<meta name=\"twitter:card\" content=\"summary_large_image\" \/>\n<meta name=\"twitter:label1\" content=\"Dur\u00e9e de lecture estim\u00e9e\" \/>\n\t<meta name=\"twitter:data1\" content=\"1 minute\" \/>\n<script type=\"application\/ld+json\" class=\"yoast-schema-graph\">{\"@context\":\"https:\/\/schema.org\",\"@graph\":[{\"@type\":\"WebPage\",\"@id\":\"https:\/\/diginewsworld.com\/fr\/elementeur-6-4\/\",\"url\":\"https:\/\/diginewsworld.com\/fr\/elementeur-6-4\/\",\"name\":\"Elementor #6 - Diginewsworld\",\"isPartOf\":{\"@id\":\"http:\/\/diginewsworld.com\/nl\/#website\"},\"datePublished\":\"2021-04-12T12:47:15+00:00\",\"dateModified\":\"2021-04-12T12:47:15+00:00\",\"breadcrumb\":{\"@id\":\"https:\/\/diginewsworld.com\/fr\/elementeur-6-4\/#breadcrumb\"},\"inLanguage\":\"fr-FR\",\"potentialAction\":[{\"@type\":\"ReadAction\",\"target\":[\"https:\/\/diginewsworld.com\/fr\/elementeur-6-4\/\"]}]},{\"@type\":\"BreadcrumbList\",\"@id\":\"https:\/\/diginewsworld.com\/fr\/elementeur-6-4\/#breadcrumb\",\"itemListElement\":[{\"@type\":\"ListItem\",\"position\":1,\"name\":\"Home\",\"item\":\"http:\/\/diginewsworld.com\/nl\/\"},{\"@type\":\"ListItem\",\"position\":2,\"name\":\"Elementor #6\"}]},{\"@type\":\"WebSite\",\"@id\":\"http:\/\/diginewsworld.com\/nl\/#website\",\"url\":\"http:\/\/diginewsworld.com\/nl\/\",\"name\":\"Diginewsworld\",\"description\":\"\",\"potentialAction\":[{\"@type\":\"SearchAction\",\"target\":{\"@type\":\"EntryPoint\",\"urlTemplate\":\"http:\/\/diginewsworld.com\/nl\/?s={search_term_string}\"},\"query-input\":\"required name=search_term_string\"}],\"inLanguage\":\"fr-FR\"}]}<\/script>\n<!-- \/ Yoast SEO plugin. -->","yoast_head_json":{"title":"Elementor #6 - Diginewsworld","robots":{"index":"index","follow":"follow","max-snippet":"max-snippet:-1","max-image-preview":"max-image-preview:large","max-video-preview":"max-video-preview:-1"},"canonical":"https:\/\/diginewsworld.com\/fr\/elementeur-6-4\/","og_locale":"fr_FR","og_type":"article","og_title":"Elementor #6 - Diginewsworld","og_description":"Der Druck auf die Krankenh\u00e4user Aber es gab Erleichterung unter den Krankenhausmitarbeitern, die letzte Woche best\u00fcrzt waren, als sie h\u00f6rten, dass die Regierung nach einer Lockerung der Beschr\u00e4nkungen sucht, w\u00e4hrend fast drei Viertel der Intensivbetten von Coronavirus-Patienten belegt sind. Am Sonntag wurden 8.288 weitere Infektionen bekannt gegeben, die h\u00f6chste t\u00e4gliche Zahl seit zwei Wochen, w\u00e4hrend &hellip;","og_url":"https:\/\/diginewsworld.com\/fr\/elementeur-6-4\/","og_site_name":"Diginewsworld","twitter_card":"summary_large_image","twitter_misc":{"Dur\u00e9e de lecture estim\u00e9e":"1 minute"},"schema":{"@context":"https:\/\/schema.org","@graph":[{"@type":"WebPage","@id":"https:\/\/diginewsworld.com\/fr\/elementeur-6-4\/","url":"https:\/\/diginewsworld.com\/fr\/elementeur-6-4\/","name":"Elementor #6 - Diginewsworld","isPartOf":{"@id":"http:\/\/diginewsworld.com\/nl\/#website"},"datePublished":"2021-04-12T12:47:15+00:00","dateModified":"2021-04-12T12:47:15+00:00","breadcrumb":{"@id":"https:\/\/diginewsworld.com\/fr\/elementeur-6-4\/#breadcrumb"},"inLanguage":"fr-FR","potentialAction":[{"@type":"ReadAction","target":["https:\/\/diginewsworld.com\/fr\/elementeur-6-4\/"]}]},{"@type":"BreadcrumbList","@id":"https:\/\/diginewsworld.com\/fr\/elementeur-6-4\/#breadcrumb","itemListElement":[{"@type":"ListItem","position":1,"name":"Home","item":"http:\/\/diginewsworld.com\/nl\/"},{"@type":"ListItem","position":2,"name":"Elementor #6"}]},{"@type":"WebSite","@id":"http:\/\/diginewsworld.com\/nl\/#website","url":"http:\/\/diginewsworld.com\/nl\/","name":"Diginewsworld","description":"","potentialAction":[{"@type":"SearchAction","target":{"@type":"EntryPoint","urlTemplate":"http:\/\/diginewsworld.com\/nl\/?s={search_term_string}"},"query-input":"required name=search_term_string"}],"inLanguage":"fr-FR"}]}},"_links":{"self":[{"href":"https:\/\/diginewsworld.com\/fr\/wp-json\/wp\/v2\/pages\/27","targetHints":{"allow":["GET"]}}],"collection":[{"href":"https:\/\/diginewsworld.com\/fr\/wp-json\/wp\/v2\/pages"}],"about":[{"href":"https:\/\/diginewsworld.com\/fr\/wp-json\/wp\/v2\/types\/page"}],"author":[{"embeddable":true,"href":"https:\/\/diginewsworld.com\/fr\/wp-json\/wp\/v2\/users\/1"}],"replies":[{"embeddable":true,"href":"https:\/\/diginewsworld.com\/fr\/wp-json\/wp\/v2\/comments?post=27"}],"version-history":[{"count":0,"href":"https:\/\/diginewsworld.com\/fr\/wp-json\/wp\/v2\/pages\/27\/revisions"}],"wp:attachment":[{"href":"https:\/\/diginewsworld.com\/fr\/wp-json\/wp\/v2\/media?parent=27"}],"curies":[{"name":"wp","href":"https:\/\/api.w.org\/{rel}","templated":true}]}}