{"id":296,"date":"2021-04-12T13:05:29","date_gmt":"2021-04-12T13:05:29","guid":{"rendered":"https:\/\/diginewsworld.com\/voorbeeld-pagina-5\/"},"modified":"2021-04-12T13:05:29","modified_gmt":"2021-04-12T13:05:29","slug":"voorbeeld-pagina-5","status":"publish","type":"page","link":"https:\/\/diginewsworld.com\/fr\/exemple-page-5\/","title":{"rendered":"Exemple de page"},"content":{"rendered":"<p>Il s'agit d'une page d'exemple. Il diff\u00e8re d'un article de blog en ce qu'il reste \u00e0 un seul endroit et est visible dans la navigation du site (dans la plupart des th\u00e8mes). La plupart des gens commencent par une page \"\u00c0 propos de nous\", qui les pr\u00e9sente aux visiteurs potentiels. \u00c7a pourrait \u00eatre quelque chose comme \u00e7a :<\/p>\n.\n\n\n<blockquote class=\"wp-block-quote is-layout-flow wp-block-quote-is-layout-flow\"><p>Bienvenue, je suis coursier \u00e0 v\u00e9lo le jour, acteur en herbe la nuit, et ceci est mon site web. Je vis \u00e0 Los Angeles, j'ai un chien g\u00e9nial qui s'appelle Jack et j'aime les pi\u00f1a coladas. (Et se faire surprendre par la pluie).<\/p><\/blockquote> <\/p><\/div> <\/p><\/div> <\/p> <p>Merci.\n\n\n\n<p>...ou quelque chose comme \u00e7a :<\/p> <\/p> <p>.\n\n\n\n<blockquote class=\"wp-block-quote is-layout-flow wp-block-quote-is-layout-flow\"><p>La XYZ Doohickey Company a \u00e9t\u00e9 fond\u00e9e en 1971 et fournit depuis lors des doohickeys de qualit\u00e9 au public. Bas\u00e9e \u00e0 Gotham City, la soci\u00e9t\u00e9 XYZ emploie plus de 2 000 personnes et fait beaucoup de bonnes choses pour la communaut\u00e9 de Gotham.<\/p><\/blockquote>\n\n\n\n<p>En tant que nouvel utilisateur de WordPress, vous devez aller \u00e0 <a href=\"https:\/\/diginewsworld.com\/wp-admin\/\">votre tableau de bord<\/a> pour supprimer cette page et cr\u00e9er de nouvelles pages pour votre contenu. Amusez-vous bien ! <\/p> <p>","protected":false},"excerpt":{"rendered":"<p>Dit is een voorbeeldpagina. Het verschilt van een blogbericht omdat het op \u00e9\u00e9n plaats blijft staan en zichtbaar is in de site navigatie (in de meeste thema&#8217;s). De meeste mensen beginnen met een Over ons-pagina, die hen voorstelt aan potenti\u00eble bezoekers. Het zou iets als dit kunnen inhouden: . Welkom, ik ben een fietskoerier overdag, &hellip;<\/p>","protected":false},"author":1,"featured_media":0,"parent":0,"menu_order":0,"comment_status":"closed","ping_status":"closed","template":"","meta":{"footnotes":""},"class_list":["post-296","page","type-page","status-publish","hentry"],"yoast_head":"<!-- This site is optimized with the Yoast SEO plugin v19.6.1 - https:\/\/yoast.com\/wordpress\/plugins\/seo\/ -->\n<title>Voorbeeld pagina - Diginewsworld<\/title>\n<meta name=\"robots\" content=\"index, follow, max-snippet:-1, max-image-preview:large, max-video-preview:-1\" \/>\n<link rel=\"canonical\" href=\"https:\/\/diginewsworld.com\/fr\/example-page-5\/\" \/>\n<meta property=\"og:locale\" content=\"fr_FR\" \/>\n<meta property=\"og:type\" content=\"article\" \/>\n<meta property=\"og:title\" content=\"Voorbeeld pagina - Diginewsworld\" \/>\n<meta property=\"og:description\" content=\"Dit is een voorbeeldpagina. Het verschilt van een blogbericht omdat het op \u00e9\u00e9n plaats blijft staan en zichtbaar is in de site navigatie (in de meeste thema&#8217;s). De meeste mensen beginnen met een Over ons-pagina, die hen voorstelt aan potenti\u00eble bezoekers. Het zou iets als dit kunnen inhouden: . Welkom, ik ben een fietskoerier overdag, &hellip;\" \/>\n<meta property=\"og:url\" content=\"https:\/\/diginewsworld.com\/fr\/example-page-5\/\" \/>\n<meta property=\"og:site_name\" content=\"Diginewsworld\" \/>\n<meta name=\"twitter:card\" content=\"summary_large_image\" \/>\n<meta name=\"twitter:label1\" content=\"Dur\u00e9e de lecture estim\u00e9e\" \/>\n\t<meta name=\"twitter:data1\" content=\"1 minute\" \/>\n<script type=\"application\/ld+json\" class=\"yoast-schema-graph\">{\"@context\":\"https:\/\/schema.org\",\"@graph\":[{\"@type\":\"WebPage\",\"@id\":\"https:\/\/diginewsworld.com\/en\/example-page-5\/\",\"url\":\"https:\/\/diginewsworld.com\/en\/example-page-5\/\",\"name\":\"Voorbeeld pagina - Diginewsworld\",\"isPartOf\":{\"@id\":\"http:\/\/diginewsworld.com\/nl\/#website\"},\"datePublished\":\"2021-04-12T13:05:29+00:00\",\"dateModified\":\"2021-04-12T13:05:29+00:00\",\"breadcrumb\":{\"@id\":\"https:\/\/diginewsworld.com\/en\/example-page-5\/#breadcrumb\"},\"inLanguage\":\"fr-FR\",\"potentialAction\":[{\"@type\":\"ReadAction\",\"target\":[\"https:\/\/diginewsworld.com\/en\/example-page-5\/\"]}]},{\"@type\":\"BreadcrumbList\",\"@id\":\"https:\/\/diginewsworld.com\/en\/example-page-5\/#breadcrumb\",\"itemListElement\":[{\"@type\":\"ListItem\",\"position\":1,\"name\":\"Home\",\"item\":\"http:\/\/diginewsworld.com\/nl\/\"},{\"@type\":\"ListItem\",\"position\":2,\"name\":\"Voorbeeld pagina\"}]},{\"@type\":\"WebSite\",\"@id\":\"http:\/\/diginewsworld.com\/nl\/#website\",\"url\":\"http:\/\/diginewsworld.com\/nl\/\",\"name\":\"Diginewsworld\",\"description\":\"\",\"potentialAction\":[{\"@type\":\"SearchAction\",\"target\":{\"@type\":\"EntryPoint\",\"urlTemplate\":\"http:\/\/diginewsworld.com\/nl\/?s={search_term_string}\"},\"query-input\":\"required name=search_term_string\"}],\"inLanguage\":\"fr-FR\"}]}<\/script>\n<!-- \/ Yoast SEO plugin. -->","yoast_head_json":{"title":"Voorbeeld pagina - Diginewsworld","robots":{"index":"index","follow":"follow","max-snippet":"max-snippet:-1","max-image-preview":"max-image-preview:large","max-video-preview":"max-video-preview:-1"},"canonical":"https:\/\/diginewsworld.com\/fr\/example-page-5\/","og_locale":"fr_FR","og_type":"article","og_title":"Voorbeeld pagina - Diginewsworld","og_description":"Dit is een voorbeeldpagina. Het verschilt van een blogbericht omdat het op \u00e9\u00e9n plaats blijft staan en zichtbaar is in de site navigatie (in de meeste thema&#8217;s). De meeste mensen beginnen met een Over ons-pagina, die hen voorstelt aan potenti\u00eble bezoekers. Het zou iets als dit kunnen inhouden: . Welkom, ik ben een fietskoerier overdag, &hellip;","og_url":"https:\/\/diginewsworld.com\/fr\/example-page-5\/","og_site_name":"Diginewsworld","twitter_card":"summary_large_image","twitter_misc":{"Dur\u00e9e de lecture estim\u00e9e":"1 minute"},"schema":{"@context":"https:\/\/schema.org","@graph":[{"@type":"WebPage","@id":"https:\/\/diginewsworld.com\/en\/example-page-5\/","url":"https:\/\/diginewsworld.com\/en\/example-page-5\/","name":"Voorbeeld pagina - Diginewsworld","isPartOf":{"@id":"http:\/\/diginewsworld.com\/nl\/#website"},"datePublished":"2021-04-12T13:05:29+00:00","dateModified":"2021-04-12T13:05:29+00:00","breadcrumb":{"@id":"https:\/\/diginewsworld.com\/en\/example-page-5\/#breadcrumb"},"inLanguage":"fr-FR","potentialAction":[{"@type":"ReadAction","target":["https:\/\/diginewsworld.com\/en\/example-page-5\/"]}]},{"@type":"BreadcrumbList","@id":"https:\/\/diginewsworld.com\/en\/example-page-5\/#breadcrumb","itemListElement":[{"@type":"ListItem","position":1,"name":"Home","item":"http:\/\/diginewsworld.com\/nl\/"},{"@type":"ListItem","position":2,"name":"Voorbeeld pagina"}]},{"@type":"WebSite","@id":"http:\/\/diginewsworld.com\/nl\/#website","url":"http:\/\/diginewsworld.com\/nl\/","name":"Diginewsworld","description":"","potentialAction":[{"@type":"SearchAction","target":{"@type":"EntryPoint","urlTemplate":"http:\/\/diginewsworld.com\/nl\/?s={search_term_string}"},"query-input":"required name=search_term_string"}],"inLanguage":"fr-FR"}]}},"_links":{"self":[{"href":"https:\/\/diginewsworld.com\/fr\/wp-json\/wp\/v2\/pages\/296","targetHints":{"allow":["GET"]}}],"collection":[{"href":"https:\/\/diginewsworld.com\/fr\/wp-json\/wp\/v2\/pages"}],"about":[{"href":"https:\/\/diginewsworld.com\/fr\/wp-json\/wp\/v2\/types\/page"}],"author":[{"embeddable":true,"href":"https:\/\/diginewsworld.com\/fr\/wp-json\/wp\/v2\/users\/1"}],"replies":[{"embeddable":true,"href":"https:\/\/diginewsworld.com\/fr\/wp-json\/wp\/v2\/comments?post=296"}],"version-history":[{"count":0,"href":"https:\/\/diginewsworld.com\/fr\/wp-json\/wp\/v2\/pages\/296\/revisions"}],"wp:attachment":[{"href":"https:\/\/diginewsworld.com\/fr\/wp-json\/wp\/v2\/media?parent=296"}],"curies":[{"name":"wp","href":"https:\/\/api.w.org\/{rel}","templated":true}]}}