{"id":30,"date":"2021-04-12T12:47:23","date_gmt":"2021-04-12T12:47:23","guid":{"rendered":"https:\/\/diginewsworld.com\/elementor-6-7\/"},"modified":"2021-04-12T12:47:23","modified_gmt":"2021-04-12T12:47:23","slug":"elementor-6-7","status":"publish","type":"page","link":"https:\/\/diginewsworld.com\/fr\/elementeur-6-7\/","title":{"rendered":"Elementor #6"},"content":{"rendered":"<div data-elementor-type=\"wp-post\" data-elementor-id=\"30\" class=\"elementor elementor-30\">\n\t\t\t\t\t\t\t\t\t<section class=\"elementor-section elementor-top-section elementor-element elementor-element-75e1d1e elementor-section-boxed elementor-section-height-default elementor-section-height-default\" data-id=\"75e1d1e\" data-element_type=\"section\">\n\t\t\t\t\t\t<div class=\"elementor-container elementor-column-gap-default\">\n\t\t\t\t\t<div class=\"elementor-column elementor-col-100 elementor-top-column elementor-element elementor-element-8eb479d\" data-id=\"8eb479d\" data-element_type=\"column\">\n\t\t\t<div class=\"elementor-widget-wrap elementor-element-populated\">\n\t\t\t\t\t\t\t\t<div class=\"elementor-element elementor-element-d86960a elementor-widget elementor-widget-text-editor\" data-id=\"d86960a\" data-element_type=\"widget\" data-widget_type=\"text-editor.default\">\n\t\t\t\t<div class=\"elementor-widget-container\">\n\t\t\t\t\t\t\t<p>La pression sur Mas s'accentue parmi les travailleurs hospitaliers, qui ont appris la semaine derni\u00e8re que le gouvernement cherchait \u00e0 lever les restrictions alors que pr\u00e8s des trois quarts des unit\u00e9s de soins intensifs des h\u00f4pitaux \u00e9taient occup\u00e9s par des patients atteints du coronavirus. No domingo, foram anunciadas plus 8.288 infec\u00e7\u00f5es, o maior n\u00famero di\u00e1rio em duas semanas, enquanto plus de 2.500 pessoas est\u00e3o sendo tratadas in hospital pelo v\u00edrus, das quais 788 est\u00e3o em terapia intensiva. Ad Melkert, chefe executivo da associa\u00e7\u00e3o hospitalar holandesa NVZ, disse : \"Isso \u00e9 dif\u00edcil para as pessoas que esperavam ou esperavam que as restrictiones fossem aliviadas. Cependant, ils sont encore n\u00e9cessaires de mani\u00e8re urgente, car nos m\u00e9nages souffrent. Tout d'abord, nous devons contr\u00f4ler le virus, lib\u00e9rer davantage de personnes et soulager la pression sur les propri\u00e9taires. Ent\u00e3o, lenta mas seguramente podemos come\u00e7ar a voltar ao normal, mas acho que isso vai levar algumas semanas'.<\/p>\t\t\t\t\t\t<\/div>\n\t\t\t\t<\/div>\n\t\t\t\t\t<\/div>\n\t\t<\/div>\n\t\t\t\t\t\t\t<\/div>\n\t\t<\/section>\n\t\t\t\t\t\t\t<\/div>","protected":false},"excerpt":{"rendered":"<p>A press\u00e3o sobre os hospitais Mas houve al\u00edvio entre os trabalhadores hospitalares, que ficaram consternados na semana passada ao saber que o governo estava procurando aliviar as restri\u00e7\u00f5es enquanto quase tr\u00eas quartos dos leitos de terapia intensiva s\u00e3o ocupados por pacientes com coronav\u00edrus. No domingo, foram anunciadas mais 8.288 infec\u00e7\u00f5es, o maior n\u00famero di\u00e1rio em &hellip;<\/p>","protected":false},"author":1,"featured_media":0,"parent":0,"menu_order":0,"comment_status":"closed","ping_status":"closed","template":"","meta":{"footnotes":""},"class_list":["post-30","page","type-page","status-publish","hentry"],"yoast_head":"<!-- This site is optimized with the Yoast SEO plugin v19.6.1 - https:\/\/yoast.com\/wordpress\/plugins\/seo\/ -->\n<title>Elementor #6 - Diginewsworld<\/title>\n<meta name=\"robots\" content=\"index, follow, max-snippet:-1, max-image-preview:large, max-video-preview:-1\" \/>\n<link rel=\"canonical\" href=\"https:\/\/diginewsworld.com\/fr\/elementeur-6-7\/\" \/>\n<meta property=\"og:locale\" content=\"fr_FR\" \/>\n<meta property=\"og:type\" content=\"article\" \/>\n<meta property=\"og:title\" content=\"Elementor #6 - Diginewsworld\" \/>\n<meta property=\"og:description\" content=\"A press\u00e3o sobre os hospitais Mas houve al\u00edvio entre os trabalhadores hospitalares, que ficaram consternados na semana passada ao saber que o governo estava procurando aliviar as restri\u00e7\u00f5es enquanto quase tr\u00eas quartos dos leitos de terapia intensiva s\u00e3o ocupados por pacientes com coronav\u00edrus. No domingo, foram anunciadas mais 8.288 infec\u00e7\u00f5es, o maior n\u00famero di\u00e1rio em &hellip;\" \/>\n<meta property=\"og:url\" content=\"https:\/\/diginewsworld.com\/fr\/elementeur-6-7\/\" \/>\n<meta property=\"og:site_name\" content=\"Diginewsworld\" \/>\n<meta name=\"twitter:card\" content=\"summary_large_image\" \/>\n<meta name=\"twitter:label1\" content=\"Dur\u00e9e de lecture estim\u00e9e\" \/>\n\t<meta name=\"twitter:data1\" content=\"1 minute\" \/>\n<script type=\"application\/ld+json\" class=\"yoast-schema-graph\">{\"@context\":\"https:\/\/schema.org\",\"@graph\":[{\"@type\":\"WebPage\",\"@id\":\"https:\/\/diginewsworld.com\/fr\/elementeur-6-7\/\",\"url\":\"https:\/\/diginewsworld.com\/fr\/elementeur-6-7\/\",\"name\":\"Elementor #6 - Diginewsworld\",\"isPartOf\":{\"@id\":\"http:\/\/diginewsworld.com\/nl\/#website\"},\"datePublished\":\"2021-04-12T12:47:23+00:00\",\"dateModified\":\"2021-04-12T12:47:23+00:00\",\"breadcrumb\":{\"@id\":\"https:\/\/diginewsworld.com\/fr\/elementeur-6-7\/#breadcrumb\"},\"inLanguage\":\"fr-FR\",\"potentialAction\":[{\"@type\":\"ReadAction\",\"target\":[\"https:\/\/diginewsworld.com\/fr\/elementeur-6-7\/\"]}]},{\"@type\":\"BreadcrumbList\",\"@id\":\"https:\/\/diginewsworld.com\/fr\/elementeur-6-7\/#breadcrumb\",\"itemListElement\":[{\"@type\":\"ListItem\",\"position\":1,\"name\":\"Home\",\"item\":\"http:\/\/diginewsworld.com\/nl\/\"},{\"@type\":\"ListItem\",\"position\":2,\"name\":\"Elementor #6\"}]},{\"@type\":\"WebSite\",\"@id\":\"http:\/\/diginewsworld.com\/nl\/#website\",\"url\":\"http:\/\/diginewsworld.com\/nl\/\",\"name\":\"Diginewsworld\",\"description\":\"\",\"potentialAction\":[{\"@type\":\"SearchAction\",\"target\":{\"@type\":\"EntryPoint\",\"urlTemplate\":\"http:\/\/diginewsworld.com\/nl\/?s={search_term_string}\"},\"query-input\":\"required name=search_term_string\"}],\"inLanguage\":\"fr-FR\"}]}<\/script>\n<!-- \/ Yoast SEO plugin. -->","yoast_head_json":{"title":"Elementor #6 - Diginewsworld","robots":{"index":"index","follow":"follow","max-snippet":"max-snippet:-1","max-image-preview":"max-image-preview:large","max-video-preview":"max-video-preview:-1"},"canonical":"https:\/\/diginewsworld.com\/fr\/elementeur-6-7\/","og_locale":"fr_FR","og_type":"article","og_title":"Elementor #6 - Diginewsworld","og_description":"A press\u00e3o sobre os hospitais Mas houve al\u00edvio entre os trabalhadores hospitalares, que ficaram consternados na semana passada ao saber que o governo estava procurando aliviar as restri\u00e7\u00f5es enquanto quase tr\u00eas quartos dos leitos de terapia intensiva s\u00e3o ocupados por pacientes com coronav\u00edrus. No domingo, foram anunciadas mais 8.288 infec\u00e7\u00f5es, o maior n\u00famero di\u00e1rio em &hellip;","og_url":"https:\/\/diginewsworld.com\/fr\/elementeur-6-7\/","og_site_name":"Diginewsworld","twitter_card":"summary_large_image","twitter_misc":{"Dur\u00e9e de lecture estim\u00e9e":"1 minute"},"schema":{"@context":"https:\/\/schema.org","@graph":[{"@type":"WebPage","@id":"https:\/\/diginewsworld.com\/fr\/elementeur-6-7\/","url":"https:\/\/diginewsworld.com\/fr\/elementeur-6-7\/","name":"Elementor #6 - Diginewsworld","isPartOf":{"@id":"http:\/\/diginewsworld.com\/nl\/#website"},"datePublished":"2021-04-12T12:47:23+00:00","dateModified":"2021-04-12T12:47:23+00:00","breadcrumb":{"@id":"https:\/\/diginewsworld.com\/fr\/elementeur-6-7\/#breadcrumb"},"inLanguage":"fr-FR","potentialAction":[{"@type":"ReadAction","target":["https:\/\/diginewsworld.com\/fr\/elementeur-6-7\/"]}]},{"@type":"BreadcrumbList","@id":"https:\/\/diginewsworld.com\/fr\/elementeur-6-7\/#breadcrumb","itemListElement":[{"@type":"ListItem","position":1,"name":"Home","item":"http:\/\/diginewsworld.com\/nl\/"},{"@type":"ListItem","position":2,"name":"Elementor #6"}]},{"@type":"WebSite","@id":"http:\/\/diginewsworld.com\/nl\/#website","url":"http:\/\/diginewsworld.com\/nl\/","name":"Diginewsworld","description":"","potentialAction":[{"@type":"SearchAction","target":{"@type":"EntryPoint","urlTemplate":"http:\/\/diginewsworld.com\/nl\/?s={search_term_string}"},"query-input":"required name=search_term_string"}],"inLanguage":"fr-FR"}]}},"_links":{"self":[{"href":"https:\/\/diginewsworld.com\/fr\/wp-json\/wp\/v2\/pages\/30","targetHints":{"allow":["GET"]}}],"collection":[{"href":"https:\/\/diginewsworld.com\/fr\/wp-json\/wp\/v2\/pages"}],"about":[{"href":"https:\/\/diginewsworld.com\/fr\/wp-json\/wp\/v2\/types\/page"}],"author":[{"embeddable":true,"href":"https:\/\/diginewsworld.com\/fr\/wp-json\/wp\/v2\/users\/1"}],"replies":[{"embeddable":true,"href":"https:\/\/diginewsworld.com\/fr\/wp-json\/wp\/v2\/comments?post=30"}],"version-history":[{"count":0,"href":"https:\/\/diginewsworld.com\/fr\/wp-json\/wp\/v2\/pages\/30\/revisions"}],"wp:attachment":[{"href":"https:\/\/diginewsworld.com\/fr\/wp-json\/wp\/v2\/media?parent=30"}],"curies":[{"name":"wp","href":"https:\/\/api.w.org\/{rel}","templated":true}]}}