{"id":31,"date":"2021-04-12T12:47:26","date_gmt":"2021-04-12T12:47:26","guid":{"rendered":"https:\/\/diginewsworld.com\/elementor-6-8\/"},"modified":"2021-04-12T12:47:26","modified_gmt":"2021-04-12T12:47:26","slug":"elementor-6-8","status":"publish","type":"page","link":"https:\/\/diginewsworld.com\/fr\/elementeur-6-8\/","title":{"rendered":"Elementor #6"},"content":{"rendered":"<div data-elementor-type=\"wp-post\" data-elementor-id=\"31\" class=\"elementor elementor-31\">\n\t\t\t\t\t\t\t\t\t<section class=\"elementor-section elementor-top-section elementor-element elementor-element-75e1d1e elementor-section-boxed elementor-section-height-default elementor-section-height-default\" data-id=\"75e1d1e\" data-element_type=\"section\">\n\t\t\t\t\t\t<div class=\"elementor-container elementor-column-gap-default\">\n\t\t\t\t\t<div class=\"elementor-column elementor-col-100 elementor-top-column elementor-element elementor-element-8eb479d\" data-id=\"8eb479d\" data-element_type=\"column\">\n\t\t\t<div class=\"elementor-widget-wrap elementor-element-populated\">\n\t\t\t\t\t\t\t\t<div class=\"elementor-element elementor-element-d86960a elementor-widget elementor-widget-text-editor\" data-id=\"d86960a\" data-element_type=\"widget\" data-widget_type=\"text-editor.default\">\n\t\t\t\t<div class=\"elementor-widget-container\">\n\t\t\t\t\t\t\t<p>La pression sur le public Ma c'era sollievo traderi ospedalieri, che erano costernati la scorsa settimana a sentire il governo stava cercando di allentare le restrizioni mentre quasi tre quarti dei letti di terapia intensiva sono occupati da pazienti con coronavirus. Aujourd'hui, plus de 8 288 infections ont \u00e9t\u00e9 signal\u00e9es, le nombre le plus \u00e9lev\u00e9 de d\u00e9c\u00e8s en deux semaines, tandis que plus de 2 500 personnes sont soign\u00e9es pour le virus, dont 788 en soins intensifs. Ad Melkert, administrateur d\u00e9l\u00e9gu\u00e9 de l'association NVZ des Antilles n\u00e9erlandaises, a d\u00e9clar\u00e9 : \"C'est difficile pour les personnes qui attendent ou qui veulent savoir si les restrictions ont \u00e9t\u00e9 lev\u00e9es. Ma sono ancora urgentemente necessari, perch\u00e9 i nostri ospedali hanno le mani occupate. Pour autant, nous devons garder le virus sous contr\u00f4le, vacciner davantage de personnes et maintenir la pression sur le public. Ensuite, lentement mais s\u00fbrement, nous pourrons commencer \u00e0 revenir \u00e0 la normale, mais je pense que nous devrons attendre encore quelques semaines.\t\t\t\t\t\t<\/div>\n\t\t\t\t<\/div>\n\t\t\t\t\t<\/div>\n\t\t<\/div>\n\t\t\t\t\t\t\t<\/div>\n\t\t<\/section>\n\t\t\t\t\t\t\t<\/div>","protected":false},"excerpt":{"rendered":"<p>La pressione sugli ospedali Ma c&#8217;era sollievo tra i lavoratori ospedalieri, che erano costernati la scorsa settimana a sentire il governo stava cercando di allentare le restrizioni mentre quasi tre quarti dei letti di terapia intensiva sono occupati da pazienti con coronavirus. Domenica sono state annunciate altre 8.288 infezioni, il numero giornaliero pi\u00f9 alto in &hellip;<\/p>","protected":false},"author":1,"featured_media":0,"parent":0,"menu_order":0,"comment_status":"closed","ping_status":"closed","template":"","meta":{"footnotes":""},"class_list":["post-31","page","type-page","status-publish","hentry"],"yoast_head":"<!-- This site is optimized with the Yoast SEO plugin v19.6.1 - https:\/\/yoast.com\/wordpress\/plugins\/seo\/ -->\n<title>Elementor #6 - Diginewsworld<\/title>\n<meta name=\"robots\" content=\"index, follow, max-snippet:-1, max-image-preview:large, max-video-preview:-1\" \/>\n<link rel=\"canonical\" href=\"https:\/\/diginewsworld.com\/fr\/elementor-6-8\/\" \/>\n<meta property=\"og:locale\" content=\"fr_FR\" \/>\n<meta property=\"og:type\" content=\"article\" \/>\n<meta property=\"og:title\" content=\"Elementor #6 - Diginewsworld\" \/>\n<meta property=\"og:description\" content=\"La pressione sugli ospedali Ma c&#8217;era sollievo tra i lavoratori ospedalieri, che erano costernati la scorsa settimana a sentire il governo stava cercando di allentare le restrizioni mentre quasi tre quarti dei letti di terapia intensiva sono occupati da pazienti con coronavirus. Domenica sono state annunciate altre 8.288 infezioni, il numero giornaliero pi\u00f9 alto in &hellip;\" \/>\n<meta property=\"og:url\" content=\"https:\/\/diginewsworld.com\/fr\/elementor-6-8\/\" \/>\n<meta property=\"og:site_name\" content=\"Diginewsworld\" \/>\n<meta name=\"twitter:card\" content=\"summary_large_image\" \/>\n<meta name=\"twitter:label1\" content=\"Dur\u00e9e de lecture estim\u00e9e\" \/>\n\t<meta name=\"twitter:data1\" content=\"1 minute\" \/>\n<script type=\"application\/ld+json\" class=\"yoast-schema-graph\">{\"@context\":\"https:\/\/schema.org\",\"@graph\":[{\"@type\":\"WebPage\",\"@id\":\"https:\/\/diginewsworld.com\/en\/elementor-6-8\/\",\"url\":\"https:\/\/diginewsworld.com\/en\/elementor-6-8\/\",\"name\":\"Elementor #6 - Diginewsworld\",\"isPartOf\":{\"@id\":\"http:\/\/diginewsworld.com\/nl\/#website\"},\"datePublished\":\"2021-04-12T12:47:26+00:00\",\"dateModified\":\"2021-04-12T12:47:26+00:00\",\"breadcrumb\":{\"@id\":\"https:\/\/diginewsworld.com\/en\/elementor-6-8\/#breadcrumb\"},\"inLanguage\":\"fr-FR\",\"potentialAction\":[{\"@type\":\"ReadAction\",\"target\":[\"https:\/\/diginewsworld.com\/en\/elementor-6-8\/\"]}]},{\"@type\":\"BreadcrumbList\",\"@id\":\"https:\/\/diginewsworld.com\/en\/elementor-6-8\/#breadcrumb\",\"itemListElement\":[{\"@type\":\"ListItem\",\"position\":1,\"name\":\"Home\",\"item\":\"http:\/\/diginewsworld.com\/nl\/\"},{\"@type\":\"ListItem\",\"position\":2,\"name\":\"Elementor #6\"}]},{\"@type\":\"WebSite\",\"@id\":\"http:\/\/diginewsworld.com\/nl\/#website\",\"url\":\"http:\/\/diginewsworld.com\/nl\/\",\"name\":\"Diginewsworld\",\"description\":\"\",\"potentialAction\":[{\"@type\":\"SearchAction\",\"target\":{\"@type\":\"EntryPoint\",\"urlTemplate\":\"http:\/\/diginewsworld.com\/nl\/?s={search_term_string}\"},\"query-input\":\"required name=search_term_string\"}],\"inLanguage\":\"fr-FR\"}]}<\/script>\n<!-- \/ Yoast SEO plugin. -->","yoast_head_json":{"title":"Elementor #6 - Diginewsworld","robots":{"index":"index","follow":"follow","max-snippet":"max-snippet:-1","max-image-preview":"max-image-preview:large","max-video-preview":"max-video-preview:-1"},"canonical":"https:\/\/diginewsworld.com\/fr\/elementor-6-8\/","og_locale":"fr_FR","og_type":"article","og_title":"Elementor #6 - Diginewsworld","og_description":"La pressione sugli ospedali Ma c&#8217;era sollievo tra i lavoratori ospedalieri, che erano costernati la scorsa settimana a sentire il governo stava cercando di allentare le restrizioni mentre quasi tre quarti dei letti di terapia intensiva sono occupati da pazienti con coronavirus. Domenica sono state annunciate altre 8.288 infezioni, il numero giornaliero pi\u00f9 alto in &hellip;","og_url":"https:\/\/diginewsworld.com\/fr\/elementor-6-8\/","og_site_name":"Diginewsworld","twitter_card":"summary_large_image","twitter_misc":{"Dur\u00e9e de lecture estim\u00e9e":"1 minute"},"schema":{"@context":"https:\/\/schema.org","@graph":[{"@type":"WebPage","@id":"https:\/\/diginewsworld.com\/en\/elementor-6-8\/","url":"https:\/\/diginewsworld.com\/en\/elementor-6-8\/","name":"Elementor #6 - Diginewsworld","isPartOf":{"@id":"http:\/\/diginewsworld.com\/nl\/#website"},"datePublished":"2021-04-12T12:47:26+00:00","dateModified":"2021-04-12T12:47:26+00:00","breadcrumb":{"@id":"https:\/\/diginewsworld.com\/en\/elementor-6-8\/#breadcrumb"},"inLanguage":"fr-FR","potentialAction":[{"@type":"ReadAction","target":["https:\/\/diginewsworld.com\/en\/elementor-6-8\/"]}]},{"@type":"BreadcrumbList","@id":"https:\/\/diginewsworld.com\/en\/elementor-6-8\/#breadcrumb","itemListElement":[{"@type":"ListItem","position":1,"name":"Home","item":"http:\/\/diginewsworld.com\/nl\/"},{"@type":"ListItem","position":2,"name":"Elementor #6"}]},{"@type":"WebSite","@id":"http:\/\/diginewsworld.com\/nl\/#website","url":"http:\/\/diginewsworld.com\/nl\/","name":"Diginewsworld","description":"","potentialAction":[{"@type":"SearchAction","target":{"@type":"EntryPoint","urlTemplate":"http:\/\/diginewsworld.com\/nl\/?s={search_term_string}"},"query-input":"required name=search_term_string"}],"inLanguage":"fr-FR"}]}},"_links":{"self":[{"href":"https:\/\/diginewsworld.com\/fr\/wp-json\/wp\/v2\/pages\/31","targetHints":{"allow":["GET"]}}],"collection":[{"href":"https:\/\/diginewsworld.com\/fr\/wp-json\/wp\/v2\/pages"}],"about":[{"href":"https:\/\/diginewsworld.com\/fr\/wp-json\/wp\/v2\/types\/page"}],"author":[{"embeddable":true,"href":"https:\/\/diginewsworld.com\/fr\/wp-json\/wp\/v2\/users\/1"}],"replies":[{"embeddable":true,"href":"https:\/\/diginewsworld.com\/fr\/wp-json\/wp\/v2\/comments?post=31"}],"version-history":[{"count":0,"href":"https:\/\/diginewsworld.com\/fr\/wp-json\/wp\/v2\/pages\/31\/revisions"}],"wp:attachment":[{"href":"https:\/\/diginewsworld.com\/fr\/wp-json\/wp\/v2\/media?parent=31"}],"curies":[{"name":"wp","href":"https:\/\/api.w.org\/{rel}","templated":true}]}}