{"id":335,"date":"2021-04-12T13:06:53","date_gmt":"2021-04-12T13:06:53","guid":{"rendered":"https:\/\/diginewsworld.com\/homepage\/"},"modified":"2021-04-12T13:06:53","modified_gmt":"2021-04-12T13:06:53","slug":"homepage","status":"publish","type":"page","link":"https:\/\/diginewsworld.com\/fr\/page-daccueil\/","title":{"rendered":"Page d'accueil"},"content":{"rendered":"<div data-elementor-type=\"wp-post\" data-elementor-id=\"335\" class=\"elementor elementor-335\">\n\t\t\t\t\t\t\t\t\t<section class=\"elementor-section elementor-top-section elementor-element elementor-element-75e1d1e elementor-section-boxed elementor-section-height-default elementor-section-height-default\" data-id=\"75e1d1e\" data-element_type=\"section\">\n\t\t\t\t\t\t<div class=\"elementor-container elementor-column-gap-default\">\n\t\t\t\t\t<div class=\"elementor-column elementor-col-100 elementor-top-column elementor-element elementor-element-8eb479d\" data-id=\"8eb479d\" data-element_type=\"column\">\n\t\t\t<div class=\"elementor-widget-wrap elementor-element-populated\">\n\t\t\t\t\t\t\t\t<div class=\"elementor-element elementor-element-d86960a elementor-widget elementor-widget-text-editor\" data-id=\"d86960a\" data-element_type=\"widget\" data-widget_type=\"text-editor.default\">\n\t\t\t\t<div class=\"elementor-widget-container\">\n\t\t\t\t\t\t\t<p>Pression sur les h\u00f4pitaux Mais le personnel hospitalier a \u00e9t\u00e9 soulag\u00e9 d'apprendre la semaine derni\u00e8re que le gouvernement voulait assouplir les restrictions alors que pr\u00e8s des trois quarts des lits de soins intensifs sont occup\u00e9s par des patients atteints du coronavirus. Dimanche, 8 288 nouvelles infections ont \u00e9t\u00e9 annonc\u00e9es, le nombre quotidien le plus \u00e9lev\u00e9 depuis quinze jours, tandis que plus de 2 500 personnes sont trait\u00e9es \u00e0 l'h\u00f4pital pour le virus, dont 788 en soins intensifs. Ad Melkert, pr\u00e9sident du conseil d'administration de l'association n\u00e9erlandaise des h\u00f4pitaux NVZ, a d\u00e9clar\u00e9 : \"C'est difficile pour les personnes qui esp\u00e9raient ou souhaitaient un assouplissement des restrictions. Mais ils sont toujours aussi n\u00e9cessaires, car dans nos h\u00f4pitaux, toutes les mains sont sur le pont. Nous devons d'abord ma\u00eetriser le virus, vacciner davantage de personnes et all\u00e9ger la pression sur les h\u00f4pitaux. Ensuite, lentement mais s\u00fbrement, nous pourrons revenir \u00e0 la normale, mais je pense que cela prendra encore quelques semaines.<\/p>.\t\t\t\t\t\t<\/div>\n\t\t\t\t<\/div>\n\t\t\t\t\t<\/div>\n\t\t<\/div>\n\t\t\t\t\t\t\t<\/div>\n\t\t<\/section>\n\t\t\t\t\t\t\t<\/div>","protected":false},"excerpt":{"rendered":"<p>Druk op ziekenhuizen Maar het ziekenhuispersoneel was opgelucht toen het vorige week hoorde dat de regering van plan was de beperkingen te versoepelen terwijl bijna driekwart van de bedden op de intensive care bezet is door pati\u00ebnten met het coronavirus. Zondag werden nog eens 8.288 besmettingen bekendgemaakt, het hoogste dagelijkse aantal in twee weken, terwijl &hellip;<\/p>","protected":false},"author":1,"featured_media":0,"parent":0,"menu_order":0,"comment_status":"closed","ping_status":"closed","template":"","meta":{"footnotes":""},"class_list":["post-335","page","type-page","status-publish","hentry"],"yoast_head":"<!-- This site is optimized with the Yoast SEO plugin v19.6.1 - https:\/\/yoast.com\/wordpress\/plugins\/seo\/ -->\n<title>Homepage - Diginewsworld<\/title>\n<meta name=\"robots\" content=\"index, follow, max-snippet:-1, max-image-preview:large, max-video-preview:-1\" \/>\n<link rel=\"canonical\" href=\"https:\/\/diginewsworld.com\/fr\/homepage\/\" \/>\n<meta property=\"og:locale\" content=\"fr_FR\" \/>\n<meta property=\"og:type\" content=\"article\" \/>\n<meta property=\"og:title\" content=\"Homepage - Diginewsworld\" \/>\n<meta property=\"og:description\" content=\"Druk op ziekenhuizen Maar het ziekenhuispersoneel was opgelucht toen het vorige week hoorde dat de regering van plan was de beperkingen te versoepelen terwijl bijna driekwart van de bedden op de intensive care bezet is door pati\u00ebnten met het coronavirus. Zondag werden nog eens 8.288 besmettingen bekendgemaakt, het hoogste dagelijkse aantal in twee weken, terwijl &hellip;\" \/>\n<meta property=\"og:url\" content=\"https:\/\/diginewsworld.com\/fr\/homepage\/\" \/>\n<meta property=\"og:site_name\" content=\"Diginewsworld\" \/>\n<meta name=\"twitter:card\" content=\"summary_large_image\" \/>\n<meta name=\"twitter:label1\" content=\"Dur\u00e9e de lecture estim\u00e9e\" \/>\n\t<meta name=\"twitter:data1\" content=\"1 minute\" \/>\n<script type=\"application\/ld+json\" class=\"yoast-schema-graph\">{\"@context\":\"https:\/\/schema.org\",\"@graph\":[{\"@type\":\"WebPage\",\"@id\":\"https:\/\/diginewsworld.com\/en\/homepage\/\",\"url\":\"https:\/\/diginewsworld.com\/en\/homepage\/\",\"name\":\"Homepage - Diginewsworld\",\"isPartOf\":{\"@id\":\"http:\/\/diginewsworld.com\/nl\/#website\"},\"datePublished\":\"2021-04-12T13:06:53+00:00\",\"dateModified\":\"2021-04-12T13:06:53+00:00\",\"breadcrumb\":{\"@id\":\"https:\/\/diginewsworld.com\/en\/homepage\/#breadcrumb\"},\"inLanguage\":\"fr-FR\",\"potentialAction\":[{\"@type\":\"ReadAction\",\"target\":[\"https:\/\/diginewsworld.com\/en\/homepage\/\"]}]},{\"@type\":\"BreadcrumbList\",\"@id\":\"https:\/\/diginewsworld.com\/en\/homepage\/#breadcrumb\",\"itemListElement\":[{\"@type\":\"ListItem\",\"position\":1,\"name\":\"Home\",\"item\":\"http:\/\/diginewsworld.com\/nl\/\"},{\"@type\":\"ListItem\",\"position\":2,\"name\":\"Homepage\"}]},{\"@type\":\"WebSite\",\"@id\":\"http:\/\/diginewsworld.com\/nl\/#website\",\"url\":\"http:\/\/diginewsworld.com\/nl\/\",\"name\":\"Diginewsworld\",\"description\":\"\",\"potentialAction\":[{\"@type\":\"SearchAction\",\"target\":{\"@type\":\"EntryPoint\",\"urlTemplate\":\"http:\/\/diginewsworld.com\/nl\/?s={search_term_string}\"},\"query-input\":\"required name=search_term_string\"}],\"inLanguage\":\"fr-FR\"}]}<\/script>\n<!-- \/ Yoast SEO plugin. -->","yoast_head_json":{"title":"Homepage - Diginewsworld","robots":{"index":"index","follow":"follow","max-snippet":"max-snippet:-1","max-image-preview":"max-image-preview:large","max-video-preview":"max-video-preview:-1"},"canonical":"https:\/\/diginewsworld.com\/fr\/homepage\/","og_locale":"fr_FR","og_type":"article","og_title":"Homepage - Diginewsworld","og_description":"Druk op ziekenhuizen Maar het ziekenhuispersoneel was opgelucht toen het vorige week hoorde dat de regering van plan was de beperkingen te versoepelen terwijl bijna driekwart van de bedden op de intensive care bezet is door pati\u00ebnten met het coronavirus. Zondag werden nog eens 8.288 besmettingen bekendgemaakt, het hoogste dagelijkse aantal in twee weken, terwijl &hellip;","og_url":"https:\/\/diginewsworld.com\/fr\/homepage\/","og_site_name":"Diginewsworld","twitter_card":"summary_large_image","twitter_misc":{"Dur\u00e9e de lecture estim\u00e9e":"1 minute"},"schema":{"@context":"https:\/\/schema.org","@graph":[{"@type":"WebPage","@id":"https:\/\/diginewsworld.com\/en\/homepage\/","url":"https:\/\/diginewsworld.com\/en\/homepage\/","name":"Homepage - Diginewsworld","isPartOf":{"@id":"http:\/\/diginewsworld.com\/nl\/#website"},"datePublished":"2021-04-12T13:06:53+00:00","dateModified":"2021-04-12T13:06:53+00:00","breadcrumb":{"@id":"https:\/\/diginewsworld.com\/en\/homepage\/#breadcrumb"},"inLanguage":"fr-FR","potentialAction":[{"@type":"ReadAction","target":["https:\/\/diginewsworld.com\/en\/homepage\/"]}]},{"@type":"BreadcrumbList","@id":"https:\/\/diginewsworld.com\/en\/homepage\/#breadcrumb","itemListElement":[{"@type":"ListItem","position":1,"name":"Home","item":"http:\/\/diginewsworld.com\/nl\/"},{"@type":"ListItem","position":2,"name":"Homepage"}]},{"@type":"WebSite","@id":"http:\/\/diginewsworld.com\/nl\/#website","url":"http:\/\/diginewsworld.com\/nl\/","name":"Diginewsworld","description":"","potentialAction":[{"@type":"SearchAction","target":{"@type":"EntryPoint","urlTemplate":"http:\/\/diginewsworld.com\/nl\/?s={search_term_string}"},"query-input":"required name=search_term_string"}],"inLanguage":"fr-FR"}]}},"_links":{"self":[{"href":"https:\/\/diginewsworld.com\/fr\/wp-json\/wp\/v2\/pages\/335","targetHints":{"allow":["GET"]}}],"collection":[{"href":"https:\/\/diginewsworld.com\/fr\/wp-json\/wp\/v2\/pages"}],"about":[{"href":"https:\/\/diginewsworld.com\/fr\/wp-json\/wp\/v2\/types\/page"}],"author":[{"embeddable":true,"href":"https:\/\/diginewsworld.com\/fr\/wp-json\/wp\/v2\/users\/1"}],"replies":[{"embeddable":true,"href":"https:\/\/diginewsworld.com\/fr\/wp-json\/wp\/v2\/comments?post=335"}],"version-history":[{"count":0,"href":"https:\/\/diginewsworld.com\/fr\/wp-json\/wp\/v2\/pages\/335\/revisions"}],"wp:attachment":[{"href":"https:\/\/diginewsworld.com\/fr\/wp-json\/wp\/v2\/media?parent=335"}],"curies":[{"name":"wp","href":"https:\/\/api.w.org\/{rel}","templated":true}]}}