{"id":34,"date":"2021-04-12T12:47:36","date_gmt":"2021-04-12T12:47:36","guid":{"rendered":"https:\/\/diginewsworld.com\/%d1%8d%d0%bb%d0%b5%d0%bc%d0%b5%d0%bd%d1%82%d0%b0%d1%80-%e2%84%96-6\/"},"modified":"2021-04-12T12:47:36","modified_gmt":"2021-04-12T12:47:36","slug":"%d1%8d%d0%bb%d0%b5%d0%bc%d0%b5%d0%bd%d1%82%d0%b0%d1%80-%e2%84%96-6","status":"publish","type":"page","link":"https:\/\/diginewsworld.com\/fr\/%d1%8d%d0%bb%d0%b5%d0%bc%d0%b5%d0%bd%d1%82%d0%b0%d1%80-%e2%84%96-6\/","title":{"rendered":"\u042d\u043b\u0435\u043c\u0435\u043d\u0442\u0430\u0440 \u2116 6"},"content":{"rendered":"<div data-elementor-type=\"wp-post\" data-elementor-id=\"34\" class=\"elementor elementor-34\">\n\t\t\t\t\t\t\t\t\t<section class=\"elementor-section elementor-top-section elementor-element elementor-element-75e1d1e elementor-section-boxed elementor-section-height-default elementor-section-height-default\" data-id=\"75e1d1e\" data-element_type=\"section\">\n\t\t\t\t\t\t<div class=\"elementor-container elementor-column-gap-default\">\n\t\t\t\t\t<div class=\"elementor-column elementor-col-100 elementor-top-column elementor-element elementor-element-8eb479d\" data-id=\"8eb479d\" data-element_type=\"column\">\n\t\t\t<div class=\"elementor-widget-wrap elementor-element-populated\">\n\t\t\t\t\t\t\t\t<div class=\"elementor-element elementor-element-d86960a elementor-widget elementor-widget-text-editor\" data-id=\"d86960a\" data-element_type=\"widget\" data-widget_type=\"text-editor.default\">\n\t\t\t\t<div class=\"elementor-widget-container\">\n\t\t\t\t\t\t\t<p>Nous ne sommes pas autoris\u00e9s \u00e0 avoir une interdiction de l'utilisation d'Internet, et nous ne sommes pas autoris\u00e9s \u00e0 avoir une interdiction de l'utilisation d'Internet, Toutefois, je pense qu'il est important que nous tenions compte du fait qu'il s'agit d'une question tr\u00e8s importante. Il n'y a pas de signes de perc\u00e9e, mais il y a des signes de perc\u00e9e dans le processus, 2 500 personnes ont \u00e9t\u00e9 tu\u00e9es ou bless\u00e9es dans l'accident, 788 personnes ont \u00e9t\u00e9 tu\u00e9es ou bless\u00e9es dans l'accident, 788 personnes ont \u00e9t\u00e9 tu\u00e9es ou bless\u00e9es dans l'accident, 788 personnes ont \u00e9t\u00e9 tu\u00e9es ou bless\u00e9es dans l'accident, 788 personnes ont \u00e9t\u00e9 tu\u00e9es ou bless\u00e9es dans l'accident, 788 personnes ont \u00e9t\u00e9 tu\u00e9es ou bless\u00e9es dans l'accident, 788 personnes ont \u00e9t\u00e9 tu\u00e9es ou bless\u00e9es dans l'accident, 788 personnes ont \u00e9t\u00e9 tu\u00e9es ou bless\u00e9es dans l'accident. \u0410\u0434 \u041c\u0435\u043b\u043a\u0435\u0440\u0442 (Ad Melkert), \u0438\u0441\u043f\u043e\u043b\u043d\u0438\u0442\u0435\u043b\u044c\u043d\u044b\u0439 \u0434\u0438\u0440\u0435\u043a\u0442\u043e\u0440 \u0433\u043e\u043b\u0430\u043d\u0434\u0441\u043a\u043e\u0439 \u0431\u043e\u043b\u044c\u043d\u0438\u0447\u043d\u043e\u0439 \u0430\u0441\u0441\u043e\u0446\u0438\u0430\u0446\u0438\u0438 NVZ, \u0441\u043a\u0430\u0437\u0430\u043b : \"\u042d\u0442\u043e \u0442\u044f\u0436\u0435\u043b\u043e \u0434\u044f \u043b\u044e\u0434\u0435\u0439, \u043a\u043e\u0442\u043e\u0440\u044b\u0435 \u043d\u0430\u0434\u0435\u044f\u043b\u0438\u0441\u044c \u0438\u043b\u0438 \u043e\u0436\u0438\u0434\u0430\u043b\u0438, \u0447\u0442\u043e \u043e\u0433\u0440\u0430\u043d\u0438\u0447\u0435\u043d\u0438\u044f \u0431\u0443\u0434\u0443\u0442 \u0441\u043c\u044f\u0433\u0447\u0435\u043d\u044b\". Nous ne pouvons pas avoir une situation dans laquelle il n'y a pas de signes d'une perc\u00e9e. Il est difficile de voir comment cela peut \u00eatre fait, et c'est un bon signe pour l'industrie de la construction. C'est la raison pour laquelle nous nous battons pour les droits du peuple, mais nous ne voulons pas les voir dispara\u00eetre.\t\t\t\t\t\t<\/div>\n\t\t\t\t<\/div>\n\t\t\t\t\t<\/div>\n\t\t<\/div>\n\t\t\t\t\t\t\t<\/div>\n\t\t<\/section>\n\t\t\t\t\t\t\t<\/div>","protected":false},"excerpt":{"rendered":"<p>\u0414\u0430\u0432\u043b\u0435\u043d\u0438\u0435 \u043d\u0430 \u0431\u043e\u043b\u044c\u043d\u0438\u0446\u044b \u041d\u043e \u0431\u044b\u043b\u043e \u043e\u0431\u043b\u0435\u0433\u0447\u0435\u043d\u0438\u0435 \u0441\u0440\u0435\u0434\u0438 \u0440\u0430\u0431\u043e\u0442\u043d\u0438\u043a\u043e\u0432 \u0431\u043e\u043b\u044c\u043d\u0438\u0446, \u043a\u043e\u0442\u043e\u0440\u044b\u0435 \u043d\u0430 \u043f\u0440\u043e\u0448\u043b\u043e\u0439 \u043d\u0435\u0434\u0435\u043b\u0435 \u0431\u044b\u043b\u0438 \u0432\u0441\u0442\u0440\u0435\u0432\u043e\u0436\u0435\u043d\u044b \u0443\u0441\u043b\u044b\u0448\u0430\u0432, \u0447\u0442\u043e \u043f\u0440\u0430\u0432\u0438\u0442\u0435\u043b\u044c\u0441\u0442\u0432\u043e \u0441\u0442\u0440\u0435\u043c\u0438\u0442\u0441\u044f \u043e\u0441\u043b\u0430\u0431\u0438\u0442\u044c \u043e\u0433\u0440\u0430\u043d\u0438\u0447\u0435\u043d\u0438\u044f, \u0432 \u0442\u043e \u0432\u0440\u0435\u043c\u044f \u043a\u0430\u043a \u043f\u043e\u0447\u0442\u0438 \u0442\u0440\u0438 \u0447\u0435\u0442\u0432\u0435\u0440\u0442\u0438 \u043a\u043e\u0435\u043a \u0438\u043d\u0442\u0435\u043d\u0441\u0438\u0432\u043d\u043e\u0439 \u0442\u0435\u0440\u0430\u043f\u0438\u0438 \u0437\u0430\u043d\u044f\u0442\u044b \u043f\u0430\u0446\u0438\u0435\u043d\u0442\u0430\u043c\u0438 \u0441 \u043a\u043e\u0440\u043e\u043d\u0430\u0432\u0438\u0440\u0443\u0441\u0430\u043c\u0438. \u0412 \u0432\u043e\u0441\u043a\u0440\u0435\u0441\u0435\u043d\u044c\u0435 \u0431\u044b\u043b\u043e \u043e\u0431\u044a\u044f\u0432\u043b\u0435\u043d\u043e \u043e 8888 \u043d\u043e\u0432\u044b\u0445 \u0441\u043b\u0443\u0447\u0430\u044f\u0445 \u0438\u043d\u0444\u0438\u0446\u0438\u0440\u043e\u0432\u0430\u043d\u0438\u044f, \u0447\u0442\u043e \u044f\u0432\u043b\u044f\u0435\u0442\u0441\u044f \u0441\u0430\u043c\u044b\u043c \u0432\u044b\u0441\u043e\u043a\u0438\u043c \u0435\u0436\u0435\u0434\u043d\u0435\u0432\u043d\u044b\u043c \u043f\u043e\u043a\u0430\u0437\u0430\u0442\u0435\u043b\u0435\u043c \u0437\u0430 \u043f\u043e\u0441\u043b\u0435\u0434\u043d\u0438\u0435 \u0434\u0432\u0435 \u043d\u0435\u0434\u0435\u043b\u0438, \u0432 &hellip;<\/p>","protected":false},"author":1,"featured_media":0,"parent":0,"menu_order":0,"comment_status":"closed","ping_status":"closed","template":"","meta":{"footnotes":""},"class_list":["post-34","page","type-page","status-publish","hentry"],"yoast_head":"<!-- This site is optimized with the Yoast SEO plugin v19.6.1 - https:\/\/yoast.com\/wordpress\/plugins\/seo\/ -->\n<title>\u042d\u043b\u0435\u043c\u0435\u043d\u0442\u0430\u0440 \u2116 6 - Diginewsworld<\/title>\n<meta name=\"robots\" content=\"index, follow, max-snippet:-1, max-image-preview:large, max-video-preview:-1\" \/>\n<link rel=\"canonical\" href=\"https:\/\/diginewsworld.com\/fr\/\u044d\u043b\u0435\u043c\u0435\u043d\u0442\u0430\u0440-\u2116-6\/\" \/>\n<meta property=\"og:locale\" content=\"fr_FR\" \/>\n<meta property=\"og:type\" content=\"article\" \/>\n<meta property=\"og:title\" content=\"\u042d\u043b\u0435\u043c\u0435\u043d\u0442\u0430\u0440 \u2116 6 - Diginewsworld\" \/>\n<meta property=\"og:description\" content=\"\u0414\u0430\u0432\u043b\u0435\u043d\u0438\u0435 \u043d\u0430 \u0431\u043e\u043b\u044c\u043d\u0438\u0446\u044b \u041d\u043e \u0431\u044b\u043b\u043e \u043e\u0431\u043b\u0435\u0433\u0447\u0435\u043d\u0438\u0435 \u0441\u0440\u0435\u0434\u0438 \u0440\u0430\u0431\u043e\u0442\u043d\u0438\u043a\u043e\u0432 \u0431\u043e\u043b\u044c\u043d\u0438\u0446, \u043a\u043e\u0442\u043e\u0440\u044b\u0435 \u043d\u0430 \u043f\u0440\u043e\u0448\u043b\u043e\u0439 \u043d\u0435\u0434\u0435\u043b\u0435 \u0431\u044b\u043b\u0438 \u0432\u0441\u0442\u0440\u0435\u0432\u043e\u0436\u0435\u043d\u044b \u0443\u0441\u043b\u044b\u0448\u0430\u0432, \u0447\u0442\u043e \u043f\u0440\u0430\u0432\u0438\u0442\u0435\u043b\u044c\u0441\u0442\u0432\u043e \u0441\u0442\u0440\u0435\u043c\u0438\u0442\u0441\u044f \u043e\u0441\u043b\u0430\u0431\u0438\u0442\u044c \u043e\u0433\u0440\u0430\u043d\u0438\u0447\u0435\u043d\u0438\u044f, \u0432 \u0442\u043e \u0432\u0440\u0435\u043c\u044f \u043a\u0430\u043a \u043f\u043e\u0447\u0442\u0438 \u0442\u0440\u0438 \u0447\u0435\u0442\u0432\u0435\u0440\u0442\u0438 \u043a\u043e\u0435\u043a \u0438\u043d\u0442\u0435\u043d\u0441\u0438\u0432\u043d\u043e\u0439 \u0442\u0435\u0440\u0430\u043f\u0438\u0438 \u0437\u0430\u043d\u044f\u0442\u044b \u043f\u0430\u0446\u0438\u0435\u043d\u0442\u0430\u043c\u0438 \u0441 \u043a\u043e\u0440\u043e\u043d\u0430\u0432\u0438\u0440\u0443\u0441\u0430\u043c\u0438. \u0412 \u0432\u043e\u0441\u043a\u0440\u0435\u0441\u0435\u043d\u044c\u0435 \u0431\u044b\u043b\u043e \u043e\u0431\u044a\u044f\u0432\u043b\u0435\u043d\u043e \u043e 8888 \u043d\u043e\u0432\u044b\u0445 \u0441\u043b\u0443\u0447\u0430\u044f\u0445 \u0438\u043d\u0444\u0438\u0446\u0438\u0440\u043e\u0432\u0430\u043d\u0438\u044f, \u0447\u0442\u043e \u044f\u0432\u043b\u044f\u0435\u0442\u0441\u044f \u0441\u0430\u043c\u044b\u043c \u0432\u044b\u0441\u043e\u043a\u0438\u043c \u0435\u0436\u0435\u0434\u043d\u0435\u0432\u043d\u044b\u043c \u043f\u043e\u043a\u0430\u0437\u0430\u0442\u0435\u043b\u0435\u043c \u0437\u0430 \u043f\u043e\u0441\u043b\u0435\u0434\u043d\u0438\u0435 \u0434\u0432\u0435 \u043d\u0435\u0434\u0435\u043b\u0438, \u0432 &hellip;\" \/>\n<meta property=\"og:url\" content=\"https:\/\/diginewsworld.com\/fr\/\u044d\u043b\u0435\u043c\u0435\u043d\u0442\u0430\u0440-\u2116-6\/\" \/>\n<meta property=\"og:site_name\" content=\"Diginewsworld\" \/>\n<meta name=\"twitter:card\" content=\"summary_large_image\" \/>\n<script type=\"application\/ld+json\" class=\"yoast-schema-graph\">{\"@context\":\"https:\/\/schema.org\",\"@graph\":[{\"@type\":\"WebPage\",\"@id\":\"https:\/\/diginewsworld.com\/nl\/%d1%8d%d0%bb%d0%b5%d0%bc%d0%b5%d0%bd%d1%82%d0%b0%d1%80-%e2%84%96-6\/\",\"url\":\"https:\/\/diginewsworld.com\/nl\/%d1%8d%d0%bb%d0%b5%d0%bc%d0%b5%d0%bd%d1%82%d0%b0%d1%80-%e2%84%96-6\/\",\"name\":\"\u042d\u043b\u0435\u043c\u0435\u043d\u0442\u0430\u0440 \u2116 6 - Diginewsworld\",\"isPartOf\":{\"@id\":\"http:\/\/diginewsworld.com\/nl\/#website\"},\"datePublished\":\"2021-04-12T12:47:36+00:00\",\"dateModified\":\"2021-04-12T12:47:36+00:00\",\"breadcrumb\":{\"@id\":\"https:\/\/diginewsworld.com\/nl\/%d1%8d%d0%bb%d0%b5%d0%bc%d0%b5%d0%bd%d1%82%d0%b0%d1%80-%e2%84%96-6\/#breadcrumb\"},\"inLanguage\":\"fr-FR\",\"potentialAction\":[{\"@type\":\"ReadAction\",\"target\":[\"https:\/\/diginewsworld.com\/nl\/%d1%8d%d0%bb%d0%b5%d0%bc%d0%b5%d0%bd%d1%82%d0%b0%d1%80-%e2%84%96-6\/\"]}]},{\"@type\":\"BreadcrumbList\",\"@id\":\"https:\/\/diginewsworld.com\/nl\/%d1%8d%d0%bb%d0%b5%d0%bc%d0%b5%d0%bd%d1%82%d0%b0%d1%80-%e2%84%96-6\/#breadcrumb\",\"itemListElement\":[{\"@type\":\"ListItem\",\"position\":1,\"name\":\"Home\",\"item\":\"http:\/\/diginewsworld.com\/nl\/\"},{\"@type\":\"ListItem\",\"position\":2,\"name\":\"\u042d\u043b\u0435\u043c\u0435\u043d\u0442\u0430\u0440 \u2116 6\"}]},{\"@type\":\"WebSite\",\"@id\":\"http:\/\/diginewsworld.com\/nl\/#website\",\"url\":\"http:\/\/diginewsworld.com\/nl\/\",\"name\":\"Diginewsworld\",\"description\":\"\",\"potentialAction\":[{\"@type\":\"SearchAction\",\"target\":{\"@type\":\"EntryPoint\",\"urlTemplate\":\"http:\/\/diginewsworld.com\/nl\/?s={search_term_string}\"},\"query-input\":\"required name=search_term_string\"}],\"inLanguage\":\"fr-FR\"}]}<\/script>\n<!-- \/ Yoast SEO plugin. -->","yoast_head_json":{"title":"\u042d\u043b\u0435\u043c\u0435\u043d\u0442\u0430\u0440 \u2116 6 - Diginewsworld","robots":{"index":"index","follow":"follow","max-snippet":"max-snippet:-1","max-image-preview":"max-image-preview:large","max-video-preview":"max-video-preview:-1"},"canonical":"https:\/\/diginewsworld.com\/fr\/\u044d\u043b\u0435\u043c\u0435\u043d\u0442\u0430\u0440-\u2116-6\/","og_locale":"fr_FR","og_type":"article","og_title":"\u042d\u043b\u0435\u043c\u0435\u043d\u0442\u0430\u0440 \u2116 6 - Diginewsworld","og_description":"\u0414\u0430\u0432\u043b\u0435\u043d\u0438\u0435 \u043d\u0430 \u0431\u043e\u043b\u044c\u043d\u0438\u0446\u044b \u041d\u043e \u0431\u044b\u043b\u043e \u043e\u0431\u043b\u0435\u0433\u0447\u0435\u043d\u0438\u0435 \u0441\u0440\u0435\u0434\u0438 \u0440\u0430\u0431\u043e\u0442\u043d\u0438\u043a\u043e\u0432 \u0431\u043e\u043b\u044c\u043d\u0438\u0446, \u043a\u043e\u0442\u043e\u0440\u044b\u0435 \u043d\u0430 \u043f\u0440\u043e\u0448\u043b\u043e\u0439 \u043d\u0435\u0434\u0435\u043b\u0435 \u0431\u044b\u043b\u0438 \u0432\u0441\u0442\u0440\u0435\u0432\u043e\u0436\u0435\u043d\u044b \u0443\u0441\u043b\u044b\u0448\u0430\u0432, \u0447\u0442\u043e \u043f\u0440\u0430\u0432\u0438\u0442\u0435\u043b\u044c\u0441\u0442\u0432\u043e \u0441\u0442\u0440\u0435\u043c\u0438\u0442\u0441\u044f \u043e\u0441\u043b\u0430\u0431\u0438\u0442\u044c \u043e\u0433\u0440\u0430\u043d\u0438\u0447\u0435\u043d\u0438\u044f, \u0432 \u0442\u043e \u0432\u0440\u0435\u043c\u044f \u043a\u0430\u043a \u043f\u043e\u0447\u0442\u0438 \u0442\u0440\u0438 \u0447\u0435\u0442\u0432\u0435\u0440\u0442\u0438 \u043a\u043e\u0435\u043a \u0438\u043d\u0442\u0435\u043d\u0441\u0438\u0432\u043d\u043e\u0439 \u0442\u0435\u0440\u0430\u043f\u0438\u0438 \u0437\u0430\u043d\u044f\u0442\u044b \u043f\u0430\u0446\u0438\u0435\u043d\u0442\u0430\u043c\u0438 \u0441 \u043a\u043e\u0440\u043e\u043d\u0430\u0432\u0438\u0440\u0443\u0441\u0430\u043c\u0438. \u0412 \u0432\u043e\u0441\u043a\u0440\u0435\u0441\u0435\u043d\u044c\u0435 \u0431\u044b\u043b\u043e \u043e\u0431\u044a\u044f\u0432\u043b\u0435\u043d\u043e \u043e 8888 \u043d\u043e\u0432\u044b\u0445 \u0441\u043b\u0443\u0447\u0430\u044f\u0445 \u0438\u043d\u0444\u0438\u0446\u0438\u0440\u043e\u0432\u0430\u043d\u0438\u044f, \u0447\u0442\u043e \u044f\u0432\u043b\u044f\u0435\u0442\u0441\u044f \u0441\u0430\u043c\u044b\u043c \u0432\u044b\u0441\u043e\u043a\u0438\u043c \u0435\u0436\u0435\u0434\u043d\u0435\u0432\u043d\u044b\u043c \u043f\u043e\u043a\u0430\u0437\u0430\u0442\u0435\u043b\u0435\u043c \u0437\u0430 \u043f\u043e\u0441\u043b\u0435\u0434\u043d\u0438\u0435 \u0434\u0432\u0435 \u043d\u0435\u0434\u0435\u043b\u0438, \u0432 &hellip;","og_url":"https:\/\/diginewsworld.com\/fr\/\u044d\u043b\u0435\u043c\u0435\u043d\u0442\u0430\u0440-\u2116-6\/","og_site_name":"Diginewsworld","twitter_card":"summary_large_image","schema":{"@context":"https:\/\/schema.org","@graph":[{"@type":"WebPage","@id":"https:\/\/diginewsworld.com\/nl\/%d1%8d%d0%bb%d0%b5%d0%bc%d0%b5%d0%bd%d1%82%d0%b0%d1%80-%e2%84%96-6\/","url":"https:\/\/diginewsworld.com\/nl\/%d1%8d%d0%bb%d0%b5%d0%bc%d0%b5%d0%bd%d1%82%d0%b0%d1%80-%e2%84%96-6\/","name":"\u042d\u043b\u0435\u043c\u0435\u043d\u0442\u0430\u0440 \u2116 6 - Diginewsworld","isPartOf":{"@id":"http:\/\/diginewsworld.com\/nl\/#website"},"datePublished":"2021-04-12T12:47:36+00:00","dateModified":"2021-04-12T12:47:36+00:00","breadcrumb":{"@id":"https:\/\/diginewsworld.com\/nl\/%d1%8d%d0%bb%d0%b5%d0%bc%d0%b5%d0%bd%d1%82%d0%b0%d1%80-%e2%84%96-6\/#breadcrumb"},"inLanguage":"fr-FR","potentialAction":[{"@type":"ReadAction","target":["https:\/\/diginewsworld.com\/nl\/%d1%8d%d0%bb%d0%b5%d0%bc%d0%b5%d0%bd%d1%82%d0%b0%d1%80-%e2%84%96-6\/"]}]},{"@type":"BreadcrumbList","@id":"https:\/\/diginewsworld.com\/nl\/%d1%8d%d0%bb%d0%b5%d0%bc%d0%b5%d0%bd%d1%82%d0%b0%d1%80-%e2%84%96-6\/#breadcrumb","itemListElement":[{"@type":"ListItem","position":1,"name":"Home","item":"http:\/\/diginewsworld.com\/nl\/"},{"@type":"ListItem","position":2,"name":"\u042d\u043b\u0435\u043c\u0435\u043d\u0442\u0430\u0440 \u2116 6"}]},{"@type":"WebSite","@id":"http:\/\/diginewsworld.com\/nl\/#website","url":"http:\/\/diginewsworld.com\/nl\/","name":"Diginewsworld","description":"","potentialAction":[{"@type":"SearchAction","target":{"@type":"EntryPoint","urlTemplate":"http:\/\/diginewsworld.com\/nl\/?s={search_term_string}"},"query-input":"required name=search_term_string"}],"inLanguage":"fr-FR"}]}},"_links":{"self":[{"href":"https:\/\/diginewsworld.com\/fr\/wp-json\/wp\/v2\/pages\/34","targetHints":{"allow":["GET"]}}],"collection":[{"href":"https:\/\/diginewsworld.com\/fr\/wp-json\/wp\/v2\/pages"}],"about":[{"href":"https:\/\/diginewsworld.com\/fr\/wp-json\/wp\/v2\/types\/page"}],"author":[{"embeddable":true,"href":"https:\/\/diginewsworld.com\/fr\/wp-json\/wp\/v2\/users\/1"}],"replies":[{"embeddable":true,"href":"https:\/\/diginewsworld.com\/fr\/wp-json\/wp\/v2\/comments?post=34"}],"version-history":[{"count":0,"href":"https:\/\/diginewsworld.com\/fr\/wp-json\/wp\/v2\/pages\/34\/revisions"}],"wp:attachment":[{"href":"https:\/\/diginewsworld.com\/fr\/wp-json\/wp\/v2\/media?parent=34"}],"curies":[{"name":"wp","href":"https:\/\/api.w.org\/{rel}","templated":true}]}}