{"id":357,"date":"2021-04-12T13:07:32","date_gmt":"2021-04-12T13:07:32","guid":{"rendered":"https:\/\/diginewsworld.com\/elementor-6-22\/"},"modified":"2021-04-12T13:07:32","modified_gmt":"2021-04-12T13:07:32","slug":"elementor-6-22","status":"publish","type":"page","link":"https:\/\/diginewsworld.com\/fr\/elementeur-6-22\/","title":{"rendered":"Elementor #6"},"content":{"rendered":"<div data-elementor-type=\"wp-post\" data-elementor-id=\"357\" class=\"elementor elementor-357\">\n\t\t\t\t\t\t\t\t\t<section class=\"elementor-section elementor-top-section elementor-element elementor-element-75e1d1e elementor-section-boxed elementor-section-height-default elementor-section-height-default\" data-id=\"75e1d1e\" data-element_type=\"section\">\n\t\t\t\t\t\t<div class=\"elementor-container elementor-column-gap-default\">\n\t\t\t\t\t<div class=\"elementor-column elementor-col-100 elementor-top-column elementor-element elementor-element-8eb479d\" data-id=\"8eb479d\" data-element_type=\"column\">\n\t\t\t<div class=\"elementor-widget-wrap elementor-element-populated\">\n\t\t\t\t\t\t\t\t<div class=\"elementor-element elementor-element-d86960a elementor-widget elementor-widget-text-editor\" data-id=\"d86960a\" data-element_type=\"widget\" data-widget_type=\"text-editor.default\">\n\t\t\t\t<div class=\"elementor-widget-container\">\n\t\t\t\t\t\t\t<p>Pression sur les h\u00f4pitaux Mais le soulagement \u00e9tait de mise parmi le personnel hospitalier, qui a \u00e9t\u00e9 constern\u00e9 d'apprendre la semaine derni\u00e8re que le gouvernement voulait assouplir les restrictions alors que pr\u00e8s des trois quarts des lits de soins intensifs sont occup\u00e9s par des patients atteints du coronavirus. Dimanche, 8 288 autres infections ont \u00e9t\u00e9 signal\u00e9es, soit le nombre quotidien le plus \u00e9lev\u00e9 depuis quinze jours, tandis que plus de 2 500 personnes sont trait\u00e9es contre le virus \u00e0 l'h\u00f4pital, dont 788 en soins intensifs. Ad Melkert, pr\u00e9sident du conseil d'administration de l'association n\u00e9erlandaise des h\u00f4pitaux NVZ, a d\u00e9clar\u00e9 : \"C'est difficile pour les personnes qui avaient esp\u00e9r\u00e9 ou compt\u00e9 sur un assouplissement des restrictions. Mais ils sont toujours aussi n\u00e9cessaires, car nous avons besoin de toute l'aide que nous pouvons obtenir dans nos h\u00f4pitaux. Nous devons d'abord ma\u00eetriser le virus, vacciner davantage de personnes et r\u00e9duire la pression sur les h\u00f4pitaux. Ensuite, nous pourrons lentement mais s\u00fbrement reprendre nos activit\u00e9s habituelles, mais je pense que cela prendra quelques semaines.\t\t\t\t\t\t<\/div>\n\t\t\t\t<\/div>\n\t\t\t\t\t<\/div>\n\t\t<\/div>\n\t\t\t\t\t\t\t<\/div>\n\t\t<\/section>\n\t\t\t\t\t\t\t<\/div>","protected":false},"excerpt":{"rendered":"<p>Druk op de ziekenhuizen Maar er was opluchting onder het ziekenhuispersoneel, dat vorige week tot zijn ontzetting vernam dat de regering de beperkingen wilde versoepelen terwijl bijna driekwart van de bedden op de intensive care bezet zijn door pati\u00ebnten met het coronavirus. Zondag werden nog eens 8 288 besmettingen gemeld, het hoogste dagelijkse aantal in &hellip;<\/p>","protected":false},"author":1,"featured_media":0,"parent":0,"menu_order":0,"comment_status":"closed","ping_status":"closed","template":"","meta":{"footnotes":""},"class_list":["post-357","page","type-page","status-publish","hentry"],"yoast_head":"<!-- This site is optimized with the Yoast SEO plugin v19.6.1 - https:\/\/yoast.com\/wordpress\/plugins\/seo\/ -->\n<title>Elementor #6 - Diginewsworld<\/title>\n<meta name=\"robots\" content=\"index, follow, max-snippet:-1, max-image-preview:large, max-video-preview:-1\" \/>\n<link rel=\"canonical\" href=\"https:\/\/diginewsworld.com\/fr\/elementeur-6-22\/\" \/>\n<meta property=\"og:locale\" content=\"fr_FR\" \/>\n<meta property=\"og:type\" content=\"article\" \/>\n<meta property=\"og:title\" content=\"Elementor #6 - Diginewsworld\" \/>\n<meta property=\"og:description\" content=\"Druk op de ziekenhuizen Maar er was opluchting onder het ziekenhuispersoneel, dat vorige week tot zijn ontzetting vernam dat de regering de beperkingen wilde versoepelen terwijl bijna driekwart van de bedden op de intensive care bezet zijn door pati\u00ebnten met het coronavirus. Zondag werden nog eens 8 288 besmettingen gemeld, het hoogste dagelijkse aantal in &hellip;\" \/>\n<meta property=\"og:url\" content=\"https:\/\/diginewsworld.com\/fr\/elementeur-6-22\/\" \/>\n<meta property=\"og:site_name\" content=\"Diginewsworld\" \/>\n<meta name=\"twitter:card\" content=\"summary_large_image\" \/>\n<meta name=\"twitter:label1\" content=\"Dur\u00e9e de lecture estim\u00e9e\" \/>\n\t<meta name=\"twitter:data1\" content=\"1 minute\" \/>\n<script type=\"application\/ld+json\" class=\"yoast-schema-graph\">{\"@context\":\"https:\/\/schema.org\",\"@graph\":[{\"@type\":\"WebPage\",\"@id\":\"https:\/\/diginewsworld.com\/nl\/elementor-6-22\/\",\"url\":\"https:\/\/diginewsworld.com\/nl\/elementor-6-22\/\",\"name\":\"Elementor #6 - Diginewsworld\",\"isPartOf\":{\"@id\":\"http:\/\/diginewsworld.com\/nl\/#website\"},\"datePublished\":\"2021-04-12T13:07:32+00:00\",\"dateModified\":\"2021-04-12T13:07:32+00:00\",\"breadcrumb\":{\"@id\":\"https:\/\/diginewsworld.com\/nl\/elementor-6-22\/#breadcrumb\"},\"inLanguage\":\"fr-FR\",\"potentialAction\":[{\"@type\":\"ReadAction\",\"target\":[\"https:\/\/diginewsworld.com\/nl\/elementor-6-22\/\"]}]},{\"@type\":\"BreadcrumbList\",\"@id\":\"https:\/\/diginewsworld.com\/nl\/elementor-6-22\/#breadcrumb\",\"itemListElement\":[{\"@type\":\"ListItem\",\"position\":1,\"name\":\"Home\",\"item\":\"http:\/\/diginewsworld.com\/nl\/\"},{\"@type\":\"ListItem\",\"position\":2,\"name\":\"Elementor #6\"}]},{\"@type\":\"WebSite\",\"@id\":\"http:\/\/diginewsworld.com\/nl\/#website\",\"url\":\"http:\/\/diginewsworld.com\/nl\/\",\"name\":\"Diginewsworld\",\"description\":\"\",\"potentialAction\":[{\"@type\":\"SearchAction\",\"target\":{\"@type\":\"EntryPoint\",\"urlTemplate\":\"http:\/\/diginewsworld.com\/nl\/?s={search_term_string}\"},\"query-input\":\"required name=search_term_string\"}],\"inLanguage\":\"fr-FR\"}]}<\/script>\n<!-- \/ Yoast SEO plugin. -->","yoast_head_json":{"title":"Elementor #6 - Diginewsworld","robots":{"index":"index","follow":"follow","max-snippet":"max-snippet:-1","max-image-preview":"max-image-preview:large","max-video-preview":"max-video-preview:-1"},"canonical":"https:\/\/diginewsworld.com\/fr\/elementeur-6-22\/","og_locale":"fr_FR","og_type":"article","og_title":"Elementor #6 - Diginewsworld","og_description":"Druk op de ziekenhuizen Maar er was opluchting onder het ziekenhuispersoneel, dat vorige week tot zijn ontzetting vernam dat de regering de beperkingen wilde versoepelen terwijl bijna driekwart van de bedden op de intensive care bezet zijn door pati\u00ebnten met het coronavirus. Zondag werden nog eens 8 288 besmettingen gemeld, het hoogste dagelijkse aantal in &hellip;","og_url":"https:\/\/diginewsworld.com\/fr\/elementeur-6-22\/","og_site_name":"Diginewsworld","twitter_card":"summary_large_image","twitter_misc":{"Dur\u00e9e de lecture estim\u00e9e":"1 minute"},"schema":{"@context":"https:\/\/schema.org","@graph":[{"@type":"WebPage","@id":"https:\/\/diginewsworld.com\/nl\/elementor-6-22\/","url":"https:\/\/diginewsworld.com\/nl\/elementor-6-22\/","name":"Elementor #6 - Diginewsworld","isPartOf":{"@id":"http:\/\/diginewsworld.com\/nl\/#website"},"datePublished":"2021-04-12T13:07:32+00:00","dateModified":"2021-04-12T13:07:32+00:00","breadcrumb":{"@id":"https:\/\/diginewsworld.com\/nl\/elementor-6-22\/#breadcrumb"},"inLanguage":"fr-FR","potentialAction":[{"@type":"ReadAction","target":["https:\/\/diginewsworld.com\/nl\/elementor-6-22\/"]}]},{"@type":"BreadcrumbList","@id":"https:\/\/diginewsworld.com\/nl\/elementor-6-22\/#breadcrumb","itemListElement":[{"@type":"ListItem","position":1,"name":"Home","item":"http:\/\/diginewsworld.com\/nl\/"},{"@type":"ListItem","position":2,"name":"Elementor #6"}]},{"@type":"WebSite","@id":"http:\/\/diginewsworld.com\/nl\/#website","url":"http:\/\/diginewsworld.com\/nl\/","name":"Diginewsworld","description":"","potentialAction":[{"@type":"SearchAction","target":{"@type":"EntryPoint","urlTemplate":"http:\/\/diginewsworld.com\/nl\/?s={search_term_string}"},"query-input":"required name=search_term_string"}],"inLanguage":"fr-FR"}]}},"_links":{"self":[{"href":"https:\/\/diginewsworld.com\/fr\/wp-json\/wp\/v2\/pages\/357","targetHints":{"allow":["GET"]}}],"collection":[{"href":"https:\/\/diginewsworld.com\/fr\/wp-json\/wp\/v2\/pages"}],"about":[{"href":"https:\/\/diginewsworld.com\/fr\/wp-json\/wp\/v2\/types\/page"}],"author":[{"embeddable":true,"href":"https:\/\/diginewsworld.com\/fr\/wp-json\/wp\/v2\/users\/1"}],"replies":[{"embeddable":true,"href":"https:\/\/diginewsworld.com\/fr\/wp-json\/wp\/v2\/comments?post=357"}],"version-history":[{"count":0,"href":"https:\/\/diginewsworld.com\/fr\/wp-json\/wp\/v2\/pages\/357\/revisions"}],"wp:attachment":[{"href":"https:\/\/diginewsworld.com\/fr\/wp-json\/wp\/v2\/media?parent=357"}],"curies":[{"name":"wp","href":"https:\/\/api.w.org\/{rel}","templated":true}]}}