{"id":37,"date":"2021-04-12T12:47:49","date_gmt":"2021-04-12T12:47:49","guid":{"rendered":"https:\/\/diginewsworld.com\/elementor-6-13\/"},"modified":"2021-04-12T12:47:49","modified_gmt":"2021-04-12T12:47:49","slug":"elementor-6-13","status":"publish","type":"page","link":"https:\/\/diginewsworld.com\/fr\/elementaire-6-13\/","title":{"rendered":"Elementor #6"},"content":{"rendered":"<div data-elementor-type=\"wp-post\" data-elementor-id=\"37\" class=\"elementor elementor-37\">\n\t\t\t\t\t\t\t\t\t<section class=\"elementor-section elementor-top-section elementor-element elementor-element-75e1d1e elementor-section-boxed elementor-section-height-default elementor-section-height-default\" data-id=\"75e1d1e\" data-element_type=\"section\">\n\t\t\t\t\t\t<div class=\"elementor-container elementor-column-gap-default\">\n\t\t\t\t\t<div class=\"elementor-column elementor-col-100 elementor-top-column elementor-element elementor-element-8eb479d\" data-id=\"8eb479d\" data-element_type=\"column\">\n\t\t\t<div class=\"elementor-widget-wrap elementor-element-populated\">\n\t\t\t\t\t\t\t\t<div class=\"elementor-element elementor-element-d86960a elementor-widget elementor-widget-text-editor\" data-id=\"d86960a\" data-element_type=\"widget\" data-widget_type=\"text-editor.default\">\n\t\t\t\t<div class=\"elementor-widget-container\">\n\t\t\t\t\t\t\t<p>Presi\u00f3n sobre los hospitales Pero hubo alivio entre el personal de los hospitales, consternado al enterarse la semana pastada de que el gobierno quer\u00eda aliviar las restricciones mientras casi tres cuartas partes de las camas de cuidados intensivos est\u00e1n ocupadas por pacientes con coronavirus. Ce jour-l\u00e0, 8 288 contagions ont \u00e9t\u00e9 annonc\u00e9es, soit le plus grand nombre quotidien depuis deux semaines, alors que plus de 2 500 personnes sont trait\u00e9es \u00e0 l'h\u00f4pital pour le virus, dont 788 dans les services de soins intensifs. Ad Melkert, pr\u00e9sident du conseil d'administration de l'Asociaci\u00f3n Holandesa de Hospitales NVZ, a d\u00e9clar\u00e9 : \"C'est difficile pour les personnes qui esp\u00e9raient ou qui voulaient que les restrictions soient respect\u00e9es. Mais elles continuent \u00e0 \u00eatre tr\u00e8s n\u00e9cessaires, car dans nos h\u00f4pitaux, il faut mettre toute la viande dans l'\u00e9vier. Il faut d'abord contr\u00f4ler le virus, vacciner un plus grand nombre de personnes et r\u00e9duire la pression sur les h\u00f4pitaux. Ensuite, nous pourrons revenir lentement mais inexorablement \u00e0 la normale, mais je pense que cela prendra quelques semaines.\t\t\t\t\t\t<\/div>\n\t\t\t\t<\/div>\n\t\t\t\t\t<\/div>\n\t\t<\/div>\n\t\t\t\t\t\t\t<\/div>\n\t\t<\/section>\n\t\t\t\t\t\t\t<\/div>","protected":false},"excerpt":{"rendered":"<p>Presi\u00f3n sobre los hospitales Sin embargo, el personal de los hospitales se sinti\u00f3 aliviado al enterarse la semana pasada de que el gobierno quer\u00eda suavizar las restricciones mientras casi tres cuartas partes de las camas de cuidados intensivos est\u00e1n ocupadas por pacientes con coronavirus. El domingo se anunciaron otros 8.288 contagios, la mayor cifra diaria &hellip;<\/p>","protected":false},"author":1,"featured_media":0,"parent":0,"menu_order":0,"comment_status":"closed","ping_status":"closed","template":"","meta":{"footnotes":""},"class_list":["post-37","page","type-page","status-publish","hentry"],"yoast_head":"<!-- This site is optimized with the Yoast SEO plugin v19.6.1 - https:\/\/yoast.com\/wordpress\/plugins\/seo\/ -->\n<title>Elementor #6 - Diginewsworld<\/title>\n<meta name=\"robots\" content=\"index, follow, max-snippet:-1, max-image-preview:large, max-video-preview:-1\" \/>\n<link rel=\"canonical\" href=\"https:\/\/diginewsworld.com\/fr\/elementor-6-13\/\" \/>\n<meta property=\"og:locale\" content=\"fr_FR\" \/>\n<meta property=\"og:type\" content=\"article\" \/>\n<meta property=\"og:title\" content=\"Elementor #6 - Diginewsworld\" \/>\n<meta property=\"og:description\" content=\"Presi\u00f3n sobre los hospitales Sin embargo, el personal de los hospitales se sinti\u00f3 aliviado al enterarse la semana pasada de que el gobierno quer\u00eda suavizar las restricciones mientras casi tres cuartas partes de las camas de cuidados intensivos est\u00e1n ocupadas por pacientes con coronavirus. El domingo se anunciaron otros 8.288 contagios, la mayor cifra diaria &hellip;\" \/>\n<meta property=\"og:url\" content=\"https:\/\/diginewsworld.com\/fr\/elementor-6-13\/\" \/>\n<meta property=\"og:site_name\" content=\"Diginewsworld\" \/>\n<meta name=\"twitter:card\" content=\"summary_large_image\" \/>\n<meta name=\"twitter:label1\" content=\"Dur\u00e9e de lecture estim\u00e9e\" \/>\n\t<meta name=\"twitter:data1\" content=\"1 minute\" \/>\n<script type=\"application\/ld+json\" class=\"yoast-schema-graph\">{\"@context\":\"https:\/\/schema.org\",\"@graph\":[{\"@type\":\"WebPage\",\"@id\":\"https:\/\/diginewsworld.com\/fr\/elementor-6-13\/\",\"url\":\"https:\/\/diginewsworld.com\/fr\/elementor-6-13\/\",\"name\":\"Elementor #6 - Diginewsworld\",\"isPartOf\":{\"@id\":\"http:\/\/diginewsworld.com\/nl\/#website\"},\"datePublished\":\"2021-04-12T12:47:49+00:00\",\"dateModified\":\"2021-04-12T12:47:49+00:00\",\"breadcrumb\":{\"@id\":\"https:\/\/diginewsworld.com\/fr\/elementor-6-13\/#breadcrumb\"},\"inLanguage\":\"fr-FR\",\"potentialAction\":[{\"@type\":\"ReadAction\",\"target\":[\"https:\/\/diginewsworld.com\/fr\/elementor-6-13\/\"]}]},{\"@type\":\"BreadcrumbList\",\"@id\":\"https:\/\/diginewsworld.com\/fr\/elementor-6-13\/#breadcrumb\",\"itemListElement\":[{\"@type\":\"ListItem\",\"position\":1,\"name\":\"Home\",\"item\":\"http:\/\/diginewsworld.com\/nl\/\"},{\"@type\":\"ListItem\",\"position\":2,\"name\":\"Elementor #6\"}]},{\"@type\":\"WebSite\",\"@id\":\"http:\/\/diginewsworld.com\/nl\/#website\",\"url\":\"http:\/\/diginewsworld.com\/nl\/\",\"name\":\"Diginewsworld\",\"description\":\"\",\"potentialAction\":[{\"@type\":\"SearchAction\",\"target\":{\"@type\":\"EntryPoint\",\"urlTemplate\":\"http:\/\/diginewsworld.com\/nl\/?s={search_term_string}\"},\"query-input\":\"required name=search_term_string\"}],\"inLanguage\":\"fr-FR\"}]}<\/script>\n<!-- \/ Yoast SEO plugin. -->","yoast_head_json":{"title":"Elementor #6 - Diginewsworld","robots":{"index":"index","follow":"follow","max-snippet":"max-snippet:-1","max-image-preview":"max-image-preview:large","max-video-preview":"max-video-preview:-1"},"canonical":"https:\/\/diginewsworld.com\/fr\/elementor-6-13\/","og_locale":"fr_FR","og_type":"article","og_title":"Elementor #6 - Diginewsworld","og_description":"Presi\u00f3n sobre los hospitales Sin embargo, el personal de los hospitales se sinti\u00f3 aliviado al enterarse la semana pasada de que el gobierno quer\u00eda suavizar las restricciones mientras casi tres cuartas partes de las camas de cuidados intensivos est\u00e1n ocupadas por pacientes con coronavirus. El domingo se anunciaron otros 8.288 contagios, la mayor cifra diaria &hellip;","og_url":"https:\/\/diginewsworld.com\/fr\/elementor-6-13\/","og_site_name":"Diginewsworld","twitter_card":"summary_large_image","twitter_misc":{"Dur\u00e9e de lecture estim\u00e9e":"1 minute"},"schema":{"@context":"https:\/\/schema.org","@graph":[{"@type":"WebPage","@id":"https:\/\/diginewsworld.com\/fr\/elementor-6-13\/","url":"https:\/\/diginewsworld.com\/fr\/elementor-6-13\/","name":"Elementor #6 - Diginewsworld","isPartOf":{"@id":"http:\/\/diginewsworld.com\/nl\/#website"},"datePublished":"2021-04-12T12:47:49+00:00","dateModified":"2021-04-12T12:47:49+00:00","breadcrumb":{"@id":"https:\/\/diginewsworld.com\/fr\/elementor-6-13\/#breadcrumb"},"inLanguage":"fr-FR","potentialAction":[{"@type":"ReadAction","target":["https:\/\/diginewsworld.com\/fr\/elementor-6-13\/"]}]},{"@type":"BreadcrumbList","@id":"https:\/\/diginewsworld.com\/fr\/elementor-6-13\/#breadcrumb","itemListElement":[{"@type":"ListItem","position":1,"name":"Home","item":"http:\/\/diginewsworld.com\/nl\/"},{"@type":"ListItem","position":2,"name":"Elementor #6"}]},{"@type":"WebSite","@id":"http:\/\/diginewsworld.com\/nl\/#website","url":"http:\/\/diginewsworld.com\/nl\/","name":"Diginewsworld","description":"","potentialAction":[{"@type":"SearchAction","target":{"@type":"EntryPoint","urlTemplate":"http:\/\/diginewsworld.com\/nl\/?s={search_term_string}"},"query-input":"required name=search_term_string"}],"inLanguage":"fr-FR"}]}},"_links":{"self":[{"href":"https:\/\/diginewsworld.com\/fr\/wp-json\/wp\/v2\/pages\/37","targetHints":{"allow":["GET"]}}],"collection":[{"href":"https:\/\/diginewsworld.com\/fr\/wp-json\/wp\/v2\/pages"}],"about":[{"href":"https:\/\/diginewsworld.com\/fr\/wp-json\/wp\/v2\/types\/page"}],"author":[{"embeddable":true,"href":"https:\/\/diginewsworld.com\/fr\/wp-json\/wp\/v2\/users\/1"}],"replies":[{"embeddable":true,"href":"https:\/\/diginewsworld.com\/fr\/wp-json\/wp\/v2\/comments?post=37"}],"version-history":[{"count":0,"href":"https:\/\/diginewsworld.com\/fr\/wp-json\/wp\/v2\/pages\/37\/revisions"}],"wp:attachment":[{"href":"https:\/\/diginewsworld.com\/fr\/wp-json\/wp\/v2\/media?parent=37"}],"curies":[{"name":"wp","href":"https:\/\/api.w.org\/{rel}","templated":true}]}}