{"id":396,"date":"2021-04-12T13:08:14","date_gmt":"2021-04-12T13:08:14","guid":{"rendered":"https:\/\/diginewsworld.com\/wordpress-diashow-galerij-2\/"},"modified":"2021-04-12T13:08:14","modified_gmt":"2021-04-12T13:08:14","slug":"wordpress-diashow-galerij-2","status":"publish","type":"page","link":"https:\/\/diginewsworld.com\/fr\/wordpress-diashow-galerij-2\/","title":{"rendered":"Galerie de diapositives WordPress"},"content":{"rendered":"<p>Cette page pr\u00e9sente le type de galerie de diapositives offert par le plugin jetpack.<\/p>\n<blockquote><p><strong>Note<\/strong>: <em>Pour activer les types d'affichage de galerie suivants, installez le plugin jetpack et activez le module tile gallery and shortcode. De m\u00eame, pour afficher la bo\u00eete pop-up avec navigation apr\u00e8s avoir cliqu\u00e9 sur une image, installez le plugin jetpack et activez le module carrousel.<\/em><\/p><\/blockquote>","protected":false},"excerpt":{"rendered":"<p>Deze pagina toont het diavoorstelling galerij type aangeboden door jetpack plugin. Note: Om de volgende soorten galerijweergave te activeren, installeert u de jetpack-plugin en activeert u de tegelgalerij- en shortcode-module. Ook, om de volledige afbeelding pop up box met navigatie te tonen nadat u op een afbeelding klikt, installeert u de jetpack plugin en activeert &hellip;<\/p>","protected":false},"author":1,"featured_media":0,"parent":0,"menu_order":0,"comment_status":"closed","ping_status":"closed","template":"","meta":{"footnotes":""},"class_list":["post-396","page","type-page","status-publish","hentry"],"yoast_head":"<!-- This site is optimized with the Yoast SEO plugin v19.6.1 - https:\/\/yoast.com\/wordpress\/plugins\/seo\/ -->\n<title>WordPress Diashow Galerij - Diginewsworld<\/title>\n<meta name=\"robots\" content=\"index, follow, max-snippet:-1, max-image-preview:large, max-video-preview:-1\" \/>\n<link rel=\"canonical\" href=\"https:\/\/diginewsworld.com\/fr\/wordpress-diashow-galerij-2\/\" \/>\n<meta property=\"og:locale\" content=\"fr_FR\" \/>\n<meta property=\"og:type\" content=\"article\" \/>\n<meta property=\"og:title\" content=\"WordPress Diashow Galerij - Diginewsworld\" \/>\n<meta property=\"og:description\" content=\"Deze pagina toont het diavoorstelling galerij type aangeboden door jetpack plugin. Note: Om de volgende soorten galerijweergave te activeren, installeert u de jetpack-plugin en activeert u de tegelgalerij- en shortcode-module. Ook, om de volledige afbeelding pop up box met navigatie te tonen nadat u op een afbeelding klikt, installeert u de jetpack plugin en activeert &hellip;\" \/>\n<meta property=\"og:url\" content=\"https:\/\/diginewsworld.com\/fr\/wordpress-diashow-galerij-2\/\" \/>\n<meta property=\"og:site_name\" content=\"Diginewsworld\" \/>\n<meta name=\"twitter:card\" content=\"summary_large_image\" \/>\n<script type=\"application\/ld+json\" class=\"yoast-schema-graph\">{\"@context\":\"https:\/\/schema.org\",\"@graph\":[{\"@type\":\"WebPage\",\"@id\":\"https:\/\/diginewsworld.com\/nl\/wordpress-diashow-galerij-2\/\",\"url\":\"https:\/\/diginewsworld.com\/nl\/wordpress-diashow-galerij-2\/\",\"name\":\"WordPress Diashow Galerij - Diginewsworld\",\"isPartOf\":{\"@id\":\"http:\/\/diginewsworld.com\/nl\/#website\"},\"datePublished\":\"2021-04-12T13:08:14+00:00\",\"dateModified\":\"2021-04-12T13:08:14+00:00\",\"breadcrumb\":{\"@id\":\"https:\/\/diginewsworld.com\/nl\/wordpress-diashow-galerij-2\/#breadcrumb\"},\"inLanguage\":\"fr-FR\",\"potentialAction\":[{\"@type\":\"ReadAction\",\"target\":[\"https:\/\/diginewsworld.com\/nl\/wordpress-diashow-galerij-2\/\"]}]},{\"@type\":\"BreadcrumbList\",\"@id\":\"https:\/\/diginewsworld.com\/nl\/wordpress-diashow-galerij-2\/#breadcrumb\",\"itemListElement\":[{\"@type\":\"ListItem\",\"position\":1,\"name\":\"Home\",\"item\":\"http:\/\/diginewsworld.com\/nl\/\"},{\"@type\":\"ListItem\",\"position\":2,\"name\":\"WordPress Diashow Galerij\"}]},{\"@type\":\"WebSite\",\"@id\":\"http:\/\/diginewsworld.com\/nl\/#website\",\"url\":\"http:\/\/diginewsworld.com\/nl\/\",\"name\":\"Diginewsworld\",\"description\":\"\",\"potentialAction\":[{\"@type\":\"SearchAction\",\"target\":{\"@type\":\"EntryPoint\",\"urlTemplate\":\"http:\/\/diginewsworld.com\/nl\/?s={search_term_string}\"},\"query-input\":\"required name=search_term_string\"}],\"inLanguage\":\"fr-FR\"}]}<\/script>\n<!-- \/ Yoast SEO plugin. -->","yoast_head_json":{"title":"WordPress Diashow Galerij - Diginewsworld","robots":{"index":"index","follow":"follow","max-snippet":"max-snippet:-1","max-image-preview":"max-image-preview:large","max-video-preview":"max-video-preview:-1"},"canonical":"https:\/\/diginewsworld.com\/fr\/wordpress-diashow-galerij-2\/","og_locale":"fr_FR","og_type":"article","og_title":"WordPress Diashow Galerij - Diginewsworld","og_description":"Deze pagina toont het diavoorstelling galerij type aangeboden door jetpack plugin. Note: Om de volgende soorten galerijweergave te activeren, installeert u de jetpack-plugin en activeert u de tegelgalerij- en shortcode-module. Ook, om de volledige afbeelding pop up box met navigatie te tonen nadat u op een afbeelding klikt, installeert u de jetpack plugin en activeert &hellip;","og_url":"https:\/\/diginewsworld.com\/fr\/wordpress-diashow-galerij-2\/","og_site_name":"Diginewsworld","twitter_card":"summary_large_image","schema":{"@context":"https:\/\/schema.org","@graph":[{"@type":"WebPage","@id":"https:\/\/diginewsworld.com\/nl\/wordpress-diashow-galerij-2\/","url":"https:\/\/diginewsworld.com\/nl\/wordpress-diashow-galerij-2\/","name":"WordPress Diashow Galerij - Diginewsworld","isPartOf":{"@id":"http:\/\/diginewsworld.com\/nl\/#website"},"datePublished":"2021-04-12T13:08:14+00:00","dateModified":"2021-04-12T13:08:14+00:00","breadcrumb":{"@id":"https:\/\/diginewsworld.com\/nl\/wordpress-diashow-galerij-2\/#breadcrumb"},"inLanguage":"fr-FR","potentialAction":[{"@type":"ReadAction","target":["https:\/\/diginewsworld.com\/nl\/wordpress-diashow-galerij-2\/"]}]},{"@type":"BreadcrumbList","@id":"https:\/\/diginewsworld.com\/nl\/wordpress-diashow-galerij-2\/#breadcrumb","itemListElement":[{"@type":"ListItem","position":1,"name":"Home","item":"http:\/\/diginewsworld.com\/nl\/"},{"@type":"ListItem","position":2,"name":"WordPress Diashow Galerij"}]},{"@type":"WebSite","@id":"http:\/\/diginewsworld.com\/nl\/#website","url":"http:\/\/diginewsworld.com\/nl\/","name":"Diginewsworld","description":"","potentialAction":[{"@type":"SearchAction","target":{"@type":"EntryPoint","urlTemplate":"http:\/\/diginewsworld.com\/nl\/?s={search_term_string}"},"query-input":"required name=search_term_string"}],"inLanguage":"fr-FR"}]}},"_links":{"self":[{"href":"https:\/\/diginewsworld.com\/fr\/wp-json\/wp\/v2\/pages\/396","targetHints":{"allow":["GET"]}}],"collection":[{"href":"https:\/\/diginewsworld.com\/fr\/wp-json\/wp\/v2\/pages"}],"about":[{"href":"https:\/\/diginewsworld.com\/fr\/wp-json\/wp\/v2\/types\/page"}],"author":[{"embeddable":true,"href":"https:\/\/diginewsworld.com\/fr\/wp-json\/wp\/v2\/users\/1"}],"replies":[{"embeddable":true,"href":"https:\/\/diginewsworld.com\/fr\/wp-json\/wp\/v2\/comments?post=396"}],"version-history":[{"count":0,"href":"https:\/\/diginewsworld.com\/fr\/wp-json\/wp\/v2\/pages\/396\/revisions"}],"wp:attachment":[{"href":"https:\/\/diginewsworld.com\/fr\/wp-json\/wp\/v2\/media?parent=396"}],"curies":[{"name":"wp","href":"https:\/\/api.w.org\/{rel}","templated":true}]}}