{"id":405,"date":"2021-04-12T13:08:20","date_gmt":"2021-04-12T13:08:20","guid":{"rendered":"https:\/\/diginewsworld.com\/gratis-ondersteuning-2\/"},"modified":"2021-04-12T13:08:20","modified_gmt":"2021-04-12T13:08:20","slug":"gratis-ondersteuning-2","status":"publish","type":"page","link":"https:\/\/diginewsworld.com\/fr\/gratis-ondersteuning-2\/","title":{"rendered":"Assistance gratuite"},"content":{"rendered":"<p>Tiramisu muffin toffee chocolade cake chocolade reep bear claw gummies unerdwear.com chocoladereep. Applicake chupa chups sesam snaps taart. Pudding suikerspin chupa chups chocolade reep topping halvah gummi beertjes souffl\u00e9. Topping bonbon tootsie roll chocolade topping. Muffin brownie chocolade wafeltje haverkoekje.<\/p>\n<p>G\u00e2teau caramel aux macarons dessert aux macarons en gel\u00e9e. Biscuit pour prunes au sucre caramel. G\u00e2teau, cupcake, chocolat, g\u00e2teau aux fruits, p\u00e2te \u00e0 g\u00e2teau aux carottes, gaufrette. G\u00e2teau au chocolat, haricots en gel\u00e9e, pain d'\u00e9pices, gaufres, brownies, cupcakes. Biscuit jelly beans candy applica. Jujubes gummi bears sesame snaps pudding cupcake oat cake. G\u00e2teau au fromage \u00e0 la gel\u00e9e de caramel. G\u00e2teau au chocolat et \u00e0 la guimauve. Cr\u00e8me glac\u00e9e, guimauve, barbe \u00e0 papa, drag\u00e9es, gla\u00e7age, g\u00e2teau au fromage, donut.<\/p>","protected":false},"excerpt":{"rendered":"<p>Karamelsuiker pruim koekje. Taart cupcake chocolade fruitcake deeg worteltaart wafeltje. Chocolade cake jelly beans peperkoek danish wafer brownie cupcake. Koekje gelei bonen snoepje applicake.  Toffee gebakje kaastaart.<\/p>","protected":false},"author":1,"featured_media":0,"parent":0,"menu_order":0,"comment_status":"closed","ping_status":"closed","template":"","meta":{"footnotes":""},"class_list":["post-405","page","type-page","status-publish","hentry"],"yoast_head":"<!-- This site is optimized with the Yoast SEO plugin v19.6.1 - https:\/\/yoast.com\/wordpress\/plugins\/seo\/ -->\n<title>Gratis ondersteuning - Diginewsworld<\/title>\n<meta name=\"robots\" content=\"index, follow, max-snippet:-1, max-image-preview:large, max-video-preview:-1\" \/>\n<link rel=\"canonical\" href=\"https:\/\/diginewsworld.com\/fr\/gratis-ondersteuning-2\/\" \/>\n<meta property=\"og:locale\" content=\"fr_FR\" \/>\n<meta property=\"og:type\" content=\"article\" \/>\n<meta property=\"og:title\" content=\"Gratis ondersteuning - Diginewsworld\" \/>\n<meta property=\"og:description\" content=\"Karamelsuiker pruim koekje. Taart cupcake chocolade fruitcake deeg worteltaart wafeltje. Chocolade cake jelly beans peperkoek danish wafer brownie cupcake. Koekje gelei bonen snoepje applicake. Toffee gebakje kaastaart.\" \/>\n<meta property=\"og:url\" content=\"https:\/\/diginewsworld.com\/fr\/gratis-ondersteuning-2\/\" \/>\n<meta property=\"og:site_name\" content=\"Diginewsworld\" \/>\n<meta name=\"twitter:card\" content=\"summary_large_image\" \/>\n<script type=\"application\/ld+json\" class=\"yoast-schema-graph\">{\"@context\":\"https:\/\/schema.org\",\"@graph\":[{\"@type\":\"WebPage\",\"@id\":\"https:\/\/diginewsworld.com\/nl\/gratis-ondersteuning-2\/\",\"url\":\"https:\/\/diginewsworld.com\/nl\/gratis-ondersteuning-2\/\",\"name\":\"Gratis ondersteuning - Diginewsworld\",\"isPartOf\":{\"@id\":\"http:\/\/diginewsworld.com\/nl\/#website\"},\"datePublished\":\"2021-04-12T13:08:20+00:00\",\"dateModified\":\"2021-04-12T13:08:20+00:00\",\"breadcrumb\":{\"@id\":\"https:\/\/diginewsworld.com\/nl\/gratis-ondersteuning-2\/#breadcrumb\"},\"inLanguage\":\"fr-FR\",\"potentialAction\":[{\"@type\":\"ReadAction\",\"target\":[\"https:\/\/diginewsworld.com\/nl\/gratis-ondersteuning-2\/\"]}]},{\"@type\":\"BreadcrumbList\",\"@id\":\"https:\/\/diginewsworld.com\/nl\/gratis-ondersteuning-2\/#breadcrumb\",\"itemListElement\":[{\"@type\":\"ListItem\",\"position\":1,\"name\":\"Home\",\"item\":\"http:\/\/diginewsworld.com\/nl\/\"},{\"@type\":\"ListItem\",\"position\":2,\"name\":\"Gratis ondersteuning\"}]},{\"@type\":\"WebSite\",\"@id\":\"http:\/\/diginewsworld.com\/nl\/#website\",\"url\":\"http:\/\/diginewsworld.com\/nl\/\",\"name\":\"Diginewsworld\",\"description\":\"\",\"potentialAction\":[{\"@type\":\"SearchAction\",\"target\":{\"@type\":\"EntryPoint\",\"urlTemplate\":\"http:\/\/diginewsworld.com\/nl\/?s={search_term_string}\"},\"query-input\":\"required name=search_term_string\"}],\"inLanguage\":\"fr-FR\"}]}<\/script>\n<!-- \/ Yoast SEO plugin. -->","yoast_head_json":{"title":"Gratis ondersteuning - Diginewsworld","robots":{"index":"index","follow":"follow","max-snippet":"max-snippet:-1","max-image-preview":"max-image-preview:large","max-video-preview":"max-video-preview:-1"},"canonical":"https:\/\/diginewsworld.com\/fr\/gratis-ondersteuning-2\/","og_locale":"fr_FR","og_type":"article","og_title":"Gratis ondersteuning - Diginewsworld","og_description":"Karamelsuiker pruim koekje. Taart cupcake chocolade fruitcake deeg worteltaart wafeltje. Chocolade cake jelly beans peperkoek danish wafer brownie cupcake. Koekje gelei bonen snoepje applicake. Toffee gebakje kaastaart.","og_url":"https:\/\/diginewsworld.com\/fr\/gratis-ondersteuning-2\/","og_site_name":"Diginewsworld","twitter_card":"summary_large_image","schema":{"@context":"https:\/\/schema.org","@graph":[{"@type":"WebPage","@id":"https:\/\/diginewsworld.com\/nl\/gratis-ondersteuning-2\/","url":"https:\/\/diginewsworld.com\/nl\/gratis-ondersteuning-2\/","name":"Gratis ondersteuning - Diginewsworld","isPartOf":{"@id":"http:\/\/diginewsworld.com\/nl\/#website"},"datePublished":"2021-04-12T13:08:20+00:00","dateModified":"2021-04-12T13:08:20+00:00","breadcrumb":{"@id":"https:\/\/diginewsworld.com\/nl\/gratis-ondersteuning-2\/#breadcrumb"},"inLanguage":"fr-FR","potentialAction":[{"@type":"ReadAction","target":["https:\/\/diginewsworld.com\/nl\/gratis-ondersteuning-2\/"]}]},{"@type":"BreadcrumbList","@id":"https:\/\/diginewsworld.com\/nl\/gratis-ondersteuning-2\/#breadcrumb","itemListElement":[{"@type":"ListItem","position":1,"name":"Home","item":"http:\/\/diginewsworld.com\/nl\/"},{"@type":"ListItem","position":2,"name":"Gratis ondersteuning"}]},{"@type":"WebSite","@id":"http:\/\/diginewsworld.com\/nl\/#website","url":"http:\/\/diginewsworld.com\/nl\/","name":"Diginewsworld","description":"","potentialAction":[{"@type":"SearchAction","target":{"@type":"EntryPoint","urlTemplate":"http:\/\/diginewsworld.com\/nl\/?s={search_term_string}"},"query-input":"required name=search_term_string"}],"inLanguage":"fr-FR"}]}},"_links":{"self":[{"href":"https:\/\/diginewsworld.com\/fr\/wp-json\/wp\/v2\/pages\/405","targetHints":{"allow":["GET"]}}],"collection":[{"href":"https:\/\/diginewsworld.com\/fr\/wp-json\/wp\/v2\/pages"}],"about":[{"href":"https:\/\/diginewsworld.com\/fr\/wp-json\/wp\/v2\/types\/page"}],"author":[{"embeddable":true,"href":"https:\/\/diginewsworld.com\/fr\/wp-json\/wp\/v2\/users\/1"}],"replies":[{"embeddable":true,"href":"https:\/\/diginewsworld.com\/fr\/wp-json\/wp\/v2\/comments?post=405"}],"version-history":[{"count":0,"href":"https:\/\/diginewsworld.com\/fr\/wp-json\/wp\/v2\/pages\/405\/revisions"}],"wp:attachment":[{"href":"https:\/\/diginewsworld.com\/fr\/wp-json\/wp\/v2\/media?parent=405"}],"curies":[{"name":"wp","href":"https:\/\/api.w.org\/{rel}","templated":true}]}}