{"id":407,"date":"2021-04-12T13:08:22","date_gmt":"2021-04-12T13:08:22","guid":{"rendered":"https:\/\/diginewsworld.com\/eenvoudig-strak-ontwerp\/"},"modified":"2021-04-12T13:08:22","modified_gmt":"2021-04-12T13:08:22","slug":"eenvoudig-strak-ontwerp","status":"publish","type":"page","link":"https:\/\/diginewsworld.com\/fr\/simple-streak-design\/","title":{"rendered":"Un design simple et \u00e9pur\u00e9"},"content":{"rendered":"<p>Cannes de bonbons tarte chupa chups unerdwear.com g\u00e2teau aux carottes pudding au chocolat barre de chocolat Tiramisu, sucette en guimauve, muffin en guimauve. Rouleau sucr\u00e9 de tarte aux pommes gla\u00e7age biscuit gouttes de citron rouleau sucr\u00e9. Poudre tootsie roll g\u00e2teau aux fruits halvah g\u00e2teau \u00e0 la p\u00e2te d'amande g\u00e2teau au chocolat jelly-o sesame snaps. Macaron g\u00e2teau sucr\u00e9 dessert garniture cheesecake. Gla\u00e7age de barre de chocolat pour dessert p\u00e2tissier. G\u00e2teau s\u00e9same snaps g\u00e2teau \u00e9ponge gouttes de citron pain d'\u00e9pice g\u00e2teau au fromage cannes de bonbons guimauve. Sucette p\u00e2tisserie chupa chups gla\u00e7age g\u00e2teau dessert biscuit bonbon. Bonbon sucette guimauve croissant g\u00e2teau chupa chups pudding chupa chups.<\/p>\n<p>Garniture drag\u00e9e cr\u00e8me glac\u00e9e gummies cupcake. P\u00e2tisseries danoises gouttes de citron. Muffin Tiramisu g\u00e2teau au chocolat caramel barre de chocolat gummies bear claw unerdwear.com barre de chocolat. Applicake chupa chups sesame snaps cake. Pudding candy chupa chups barre de chocolat topping halvah gummi bears souffl\u00e9. Garniture bonbon tootsie roll garnie de chocolat. Muffin, brownie, gaufre au chocolat, g\u00e2teau d'avoine.<\/p>","protected":false},"excerpt":{"rendered":"<p>Garniture drag\u00e9e cr\u00e8me glac\u00e9e gummies cupcake. P\u00e2tisseries danoises gouttes de citron. Muffin Tiramisu g\u00e2teau au chocolat caramel barre de chocolat gummies bear claw unerdwear.com barre de chocolat. Applicake chupa chups cheesecake s\u00e9same snaps cake.<\/p>","protected":false},"author":1,"featured_media":0,"parent":0,"menu_order":0,"comment_status":"closed","ping_status":"closed","template":"","meta":{"footnotes":""},"class_list":["post-407","page","type-page","status-publish","hentry"],"yoast_head":"<!-- This site is optimized with the Yoast SEO plugin v19.6.1 - https:\/\/yoast.com\/wordpress\/plugins\/seo\/ -->\n<title>Eenvoudig, strak ontwerp - Diginewsworld<\/title>\n<meta name=\"robots\" content=\"index, follow, max-snippet:-1, max-image-preview:large, max-video-preview:-1\" \/>\n<link rel=\"canonical\" href=\"https:\/\/diginewsworld.com\/fr\/simple-straight-design\/\" \/>\n<meta property=\"og:locale\" content=\"fr_FR\" \/>\n<meta property=\"og:type\" content=\"article\" \/>\n<meta property=\"og:title\" content=\"Eenvoudig, strak ontwerp - Diginewsworld\" \/>\n<meta property=\"og:description\" content=\"Topping drag\u00e9e ijs gummies cupcake. Gebakje danish citroen druppels. Tiramisu muffin toffee chocolade cake chocolade reep berenklauw gummies unerdwear.com chocoladereep. Applicake chupa chups sesam cheesecake snaps taart.\" \/>\n<meta property=\"og:url\" content=\"https:\/\/diginewsworld.com\/fr\/simple-straight-design\/\" \/>\n<meta property=\"og:site_name\" content=\"Diginewsworld\" \/>\n<meta name=\"twitter:card\" content=\"summary_large_image\" \/>\n<meta name=\"twitter:label1\" content=\"Dur\u00e9e de lecture estim\u00e9e\" \/>\n\t<meta name=\"twitter:data1\" content=\"1 minute\" \/>\n<script type=\"application\/ld+json\" class=\"yoast-schema-graph\">{\"@context\":\"https:\/\/schema.org\",\"@graph\":[{\"@type\":\"WebPage\",\"@id\":\"https:\/\/diginewsworld.com\/en\/simple-straight-design\/\",\"url\":\"https:\/\/diginewsworld.com\/en\/simple-straight-design\/\",\"name\":\"Eenvoudig, strak ontwerp - Diginewsworld\",\"isPartOf\":{\"@id\":\"http:\/\/diginewsworld.com\/nl\/#website\"},\"datePublished\":\"2021-04-12T13:08:22+00:00\",\"dateModified\":\"2021-04-12T13:08:22+00:00\",\"breadcrumb\":{\"@id\":\"https:\/\/diginewsworld.com\/en\/simple-straight-design\/#breadcrumb\"},\"inLanguage\":\"fr-FR\",\"potentialAction\":[{\"@type\":\"ReadAction\",\"target\":[\"https:\/\/diginewsworld.com\/en\/simple-straight-design\/\"]}]},{\"@type\":\"BreadcrumbList\",\"@id\":\"https:\/\/diginewsworld.com\/en\/simple-straight-design\/#breadcrumb\",\"itemListElement\":[{\"@type\":\"ListItem\",\"position\":1,\"name\":\"Home\",\"item\":\"http:\/\/diginewsworld.com\/nl\/\"},{\"@type\":\"ListItem\",\"position\":2,\"name\":\"Eenvoudig, strak ontwerp\"}]},{\"@type\":\"WebSite\",\"@id\":\"http:\/\/diginewsworld.com\/nl\/#website\",\"url\":\"http:\/\/diginewsworld.com\/nl\/\",\"name\":\"Diginewsworld\",\"description\":\"\",\"potentialAction\":[{\"@type\":\"SearchAction\",\"target\":{\"@type\":\"EntryPoint\",\"urlTemplate\":\"http:\/\/diginewsworld.com\/nl\/?s={search_term_string}\"},\"query-input\":\"required name=search_term_string\"}],\"inLanguage\":\"fr-FR\"}]}<\/script>\n<!-- \/ Yoast SEO plugin. -->","yoast_head_json":{"title":"Eenvoudig, strak ontwerp - Diginewsworld","robots":{"index":"index","follow":"follow","max-snippet":"max-snippet:-1","max-image-preview":"max-image-preview:large","max-video-preview":"max-video-preview:-1"},"canonical":"https:\/\/diginewsworld.com\/fr\/simple-straight-design\/","og_locale":"fr_FR","og_type":"article","og_title":"Eenvoudig, strak ontwerp - Diginewsworld","og_description":"Topping drag\u00e9e ijs gummies cupcake. Gebakje danish citroen druppels. Tiramisu muffin toffee chocolade cake chocolade reep berenklauw gummies unerdwear.com chocoladereep. Applicake chupa chups sesam cheesecake snaps taart.","og_url":"https:\/\/diginewsworld.com\/fr\/simple-straight-design\/","og_site_name":"Diginewsworld","twitter_card":"summary_large_image","twitter_misc":{"Dur\u00e9e de lecture estim\u00e9e":"1 minute"},"schema":{"@context":"https:\/\/schema.org","@graph":[{"@type":"WebPage","@id":"https:\/\/diginewsworld.com\/en\/simple-straight-design\/","url":"https:\/\/diginewsworld.com\/en\/simple-straight-design\/","name":"Eenvoudig, strak ontwerp - Diginewsworld","isPartOf":{"@id":"http:\/\/diginewsworld.com\/nl\/#website"},"datePublished":"2021-04-12T13:08:22+00:00","dateModified":"2021-04-12T13:08:22+00:00","breadcrumb":{"@id":"https:\/\/diginewsworld.com\/en\/simple-straight-design\/#breadcrumb"},"inLanguage":"fr-FR","potentialAction":[{"@type":"ReadAction","target":["https:\/\/diginewsworld.com\/en\/simple-straight-design\/"]}]},{"@type":"BreadcrumbList","@id":"https:\/\/diginewsworld.com\/en\/simple-straight-design\/#breadcrumb","itemListElement":[{"@type":"ListItem","position":1,"name":"Home","item":"http:\/\/diginewsworld.com\/nl\/"},{"@type":"ListItem","position":2,"name":"Eenvoudig, strak ontwerp"}]},{"@type":"WebSite","@id":"http:\/\/diginewsworld.com\/nl\/#website","url":"http:\/\/diginewsworld.com\/nl\/","name":"Diginewsworld","description":"","potentialAction":[{"@type":"SearchAction","target":{"@type":"EntryPoint","urlTemplate":"http:\/\/diginewsworld.com\/nl\/?s={search_term_string}"},"query-input":"required name=search_term_string"}],"inLanguage":"fr-FR"}]}},"_links":{"self":[{"href":"https:\/\/diginewsworld.com\/fr\/wp-json\/wp\/v2\/pages\/407","targetHints":{"allow":["GET"]}}],"collection":[{"href":"https:\/\/diginewsworld.com\/fr\/wp-json\/wp\/v2\/pages"}],"about":[{"href":"https:\/\/diginewsworld.com\/fr\/wp-json\/wp\/v2\/types\/page"}],"author":[{"embeddable":true,"href":"https:\/\/diginewsworld.com\/fr\/wp-json\/wp\/v2\/users\/1"}],"replies":[{"embeddable":true,"href":"https:\/\/diginewsworld.com\/fr\/wp-json\/wp\/v2\/comments?post=407"}],"version-history":[{"count":0,"href":"https:\/\/diginewsworld.com\/fr\/wp-json\/wp\/v2\/pages\/407\/revisions"}],"wp:attachment":[{"href":"https:\/\/diginewsworld.com\/fr\/wp-json\/wp\/v2\/media?parent=407"}],"curies":[{"name":"wp","href":"https:\/\/api.w.org\/{rel}","templated":true}]}}