{"id":41,"date":"2021-04-12T12:48:03","date_gmt":"2021-04-12T12:48:03","guid":{"rendered":"https:\/\/diginewsworld.com\/elementor-6-17\/"},"modified":"2021-04-12T12:48:03","modified_gmt":"2021-04-12T12:48:03","slug":"elementor-6-17","status":"publish","type":"page","link":"https:\/\/diginewsworld.com\/fr\/elementeur-6-17\/","title":{"rendered":"Elementor #6"},"content":{"rendered":"<div data-elementor-type=\"wp-post\" data-elementor-id=\"41\" class=\"elementor elementor-41\">\n\t\t\t\t\t\t\t\t\t<section class=\"elementor-section elementor-top-section elementor-element elementor-element-75e1d1e elementor-section-boxed elementor-section-height-default elementor-section-height-default\" data-id=\"75e1d1e\" data-element_type=\"section\">\n\t\t\t\t\t\t<div class=\"elementor-container elementor-column-gap-default\">\n\t\t\t\t\t<div class=\"elementor-column elementor-col-100 elementor-top-column elementor-element elementor-element-8eb479d\" data-id=\"8eb479d\" data-element_type=\"column\">\n\t\t\t<div class=\"elementor-widget-wrap elementor-element-populated\">\n\t\t\t\t\t\t\t\t<div class=\"elementor-element elementor-element-d86960a elementor-widget elementor-widget-text-editor\" data-id=\"d86960a\" data-element_type=\"widget\" data-widget_type=\"text-editor.default\">\n\t\t\t\t<div class=\"elementor-widget-container\">\n\t\t\t\t\t\t\t<p>En revanche, au d\u00e9but de l'ann\u00e9e, il s'agissait d'augmenter le nombre d'offres de formation disponibles, afin de permettre \u00e0 la sixi\u00e8me g\u00e9n\u00e9ration de pouvoir profiter du fait que le march\u00e9 du travail se caract\u00e9rise par un niveau tr\u00e8s \u00e9lev\u00e9 de formation intensive, qui est assur\u00e9e par des paquets de virus en koruna. Au d\u00e9but de l'ann\u00e9e, on comptait 8 288 sacs, dont les plus visibles provenaient de deux mille cinq cents personnes menac\u00e9es d'extinction par le virus, \u00e0 savoir 788 sur des terres intensives. Ad Melkert, przewodnicz\u0105cy zarz\u0105du Holenderskiego Stowarzyszenia Szpitali NVZ, powiedzia\u0142 : \"Jest to trudne dla os\u00f3b, kt\u00f3re mia\u0142y nadziej\u0119 lubzy\u0142y na z\u0142agodzenie ogranicze\u0144. Ils sont cependant encore tr\u00e8s n\u00e9cessaires, car lors de nos sommets, les divergences d'opinion sur les sujets abord\u00e9s sont nombreuses. Nous devons particuli\u00e8rement nous concentrer sur leurus, fl\u00e9trir davantage de personnes et r\u00e9duire la pression sur les sanctions. Nous pourrons le faire, mais nous ne pourrons pas le faire de mani\u00e8re normale, ou nous devrons le faire d'une mani\u00e8re inappropri\u00e9e pour la population.\t\t\t\t\t\t<\/div>\n\t\t\t\t<\/div>\n\t\t\t\t\t<\/div>\n\t\t<\/div>\n\t\t\t\t\t\t\t<\/div>\n\t\t<\/section>\n\t\t\t\t\t\t\t<\/div>","protected":false},"excerpt":{"rendered":"<p>Presja na szpitale Ale by\u0142a ulga w\u015br\u00f3d pracownik\u00f3w szpitali, kt\u00f3rzy byli przera\u017ceni, aby dowiedzie\u0107 si\u0119 w zesz\u0142ym tygodniu, \u017ce rz\u0105d chce z\u0142agodzi\u0107 ograniczenia, podczas gdy prawie trzy czwarte \u0142\u00f3\u017cek intensywnej terapii s\u0105 zaj\u0119te przez pacjent\u00f3w koronawirusem. W niedziel\u0119 og\u0142oszono kolejne 8 288 zaka\u017ce\u0144, co stanowi najwy\u017csz\u0105 dzienn\u0105 liczb\u0119 od dw\u00f3ch tygodni, podczas gdy ponad 2 &hellip;<\/p>","protected":false},"author":1,"featured_media":0,"parent":0,"menu_order":0,"comment_status":"closed","ping_status":"closed","template":"","meta":{"footnotes":""},"class_list":["post-41","page","type-page","status-publish","hentry"],"yoast_head":"<!-- This site is optimized with the Yoast SEO plugin v19.6.1 - https:\/\/yoast.com\/wordpress\/plugins\/seo\/ -->\n<title>Elementor #6 - Diginewsworld<\/title>\n<meta name=\"robots\" content=\"index, follow, max-snippet:-1, max-image-preview:large, max-video-preview:-1\" \/>\n<link rel=\"canonical\" href=\"https:\/\/diginewsworld.com\/fr\/elementor-6-17\/\" \/>\n<meta property=\"og:locale\" content=\"fr_FR\" \/>\n<meta property=\"og:type\" content=\"article\" \/>\n<meta property=\"og:title\" content=\"Elementor #6 - Diginewsworld\" \/>\n<meta property=\"og:description\" content=\"Presja na szpitale Ale by\u0142a ulga w\u015br\u00f3d pracownik\u00f3w szpitali, kt\u00f3rzy byli przera\u017ceni, aby dowiedzie\u0107 si\u0119 w zesz\u0142ym tygodniu, \u017ce rz\u0105d chce z\u0142agodzi\u0107 ograniczenia, podczas gdy prawie trzy czwarte \u0142\u00f3\u017cek intensywnej terapii s\u0105 zaj\u0119te przez pacjent\u00f3w koronawirusem. W niedziel\u0119 og\u0142oszono kolejne 8 288 zaka\u017ce\u0144, co stanowi najwy\u017csz\u0105 dzienn\u0105 liczb\u0119 od dw\u00f3ch tygodni, podczas gdy ponad 2 &hellip;\" \/>\n<meta property=\"og:url\" content=\"https:\/\/diginewsworld.com\/fr\/elementor-6-17\/\" \/>\n<meta property=\"og:site_name\" content=\"Diginewsworld\" \/>\n<meta name=\"twitter:card\" content=\"summary_large_image\" \/>\n<meta name=\"twitter:label1\" content=\"Dur\u00e9e de lecture estim\u00e9e\" \/>\n\t<meta name=\"twitter:data1\" content=\"1 minute\" \/>\n<script type=\"application\/ld+json\" class=\"yoast-schema-graph\">{\"@context\":\"https:\/\/schema.org\",\"@graph\":[{\"@type\":\"WebPage\",\"@id\":\"https:\/\/diginewsworld.com\/de\/elementor-6-17\/\",\"url\":\"https:\/\/diginewsworld.com\/de\/elementor-6-17\/\",\"name\":\"Elementor #6 - Diginewsworld\",\"isPartOf\":{\"@id\":\"http:\/\/diginewsworld.com\/nl\/#website\"},\"datePublished\":\"2021-04-12T12:48:03+00:00\",\"dateModified\":\"2021-04-12T12:48:03+00:00\",\"breadcrumb\":{\"@id\":\"https:\/\/diginewsworld.com\/de\/elementor-6-17\/#breadcrumb\"},\"inLanguage\":\"fr-FR\",\"potentialAction\":[{\"@type\":\"ReadAction\",\"target\":[\"https:\/\/diginewsworld.com\/de\/elementor-6-17\/\"]}]},{\"@type\":\"BreadcrumbList\",\"@id\":\"https:\/\/diginewsworld.com\/de\/elementor-6-17\/#breadcrumb\",\"itemListElement\":[{\"@type\":\"ListItem\",\"position\":1,\"name\":\"Home\",\"item\":\"http:\/\/diginewsworld.com\/nl\/\"},{\"@type\":\"ListItem\",\"position\":2,\"name\":\"Elementor #6\"}]},{\"@type\":\"WebSite\",\"@id\":\"http:\/\/diginewsworld.com\/nl\/#website\",\"url\":\"http:\/\/diginewsworld.com\/nl\/\",\"name\":\"Diginewsworld\",\"description\":\"\",\"potentialAction\":[{\"@type\":\"SearchAction\",\"target\":{\"@type\":\"EntryPoint\",\"urlTemplate\":\"http:\/\/diginewsworld.com\/nl\/?s={search_term_string}\"},\"query-input\":\"required name=search_term_string\"}],\"inLanguage\":\"fr-FR\"}]}<\/script>\n<!-- \/ Yoast SEO plugin. -->","yoast_head_json":{"title":"Elementor #6 - Diginewsworld","robots":{"index":"index","follow":"follow","max-snippet":"max-snippet:-1","max-image-preview":"max-image-preview:large","max-video-preview":"max-video-preview:-1"},"canonical":"https:\/\/diginewsworld.com\/fr\/elementor-6-17\/","og_locale":"fr_FR","og_type":"article","og_title":"Elementor #6 - Diginewsworld","og_description":"Presja na szpitale Ale by\u0142a ulga w\u015br\u00f3d pracownik\u00f3w szpitali, kt\u00f3rzy byli przera\u017ceni, aby dowiedzie\u0107 si\u0119 w zesz\u0142ym tygodniu, \u017ce rz\u0105d chce z\u0142agodzi\u0107 ograniczenia, podczas gdy prawie trzy czwarte \u0142\u00f3\u017cek intensywnej terapii s\u0105 zaj\u0119te przez pacjent\u00f3w koronawirusem. W niedziel\u0119 og\u0142oszono kolejne 8 288 zaka\u017ce\u0144, co stanowi najwy\u017csz\u0105 dzienn\u0105 liczb\u0119 od dw\u00f3ch tygodni, podczas gdy ponad 2 &hellip;","og_url":"https:\/\/diginewsworld.com\/fr\/elementor-6-17\/","og_site_name":"Diginewsworld","twitter_card":"summary_large_image","twitter_misc":{"Dur\u00e9e de lecture estim\u00e9e":"1 minute"},"schema":{"@context":"https:\/\/schema.org","@graph":[{"@type":"WebPage","@id":"https:\/\/diginewsworld.com\/de\/elementor-6-17\/","url":"https:\/\/diginewsworld.com\/de\/elementor-6-17\/","name":"Elementor #6 - Diginewsworld","isPartOf":{"@id":"http:\/\/diginewsworld.com\/nl\/#website"},"datePublished":"2021-04-12T12:48:03+00:00","dateModified":"2021-04-12T12:48:03+00:00","breadcrumb":{"@id":"https:\/\/diginewsworld.com\/de\/elementor-6-17\/#breadcrumb"},"inLanguage":"fr-FR","potentialAction":[{"@type":"ReadAction","target":["https:\/\/diginewsworld.com\/de\/elementor-6-17\/"]}]},{"@type":"BreadcrumbList","@id":"https:\/\/diginewsworld.com\/de\/elementor-6-17\/#breadcrumb","itemListElement":[{"@type":"ListItem","position":1,"name":"Home","item":"http:\/\/diginewsworld.com\/nl\/"},{"@type":"ListItem","position":2,"name":"Elementor #6"}]},{"@type":"WebSite","@id":"http:\/\/diginewsworld.com\/nl\/#website","url":"http:\/\/diginewsworld.com\/nl\/","name":"Diginewsworld","description":"","potentialAction":[{"@type":"SearchAction","target":{"@type":"EntryPoint","urlTemplate":"http:\/\/diginewsworld.com\/nl\/?s={search_term_string}"},"query-input":"required name=search_term_string"}],"inLanguage":"fr-FR"}]}},"_links":{"self":[{"href":"https:\/\/diginewsworld.com\/fr\/wp-json\/wp\/v2\/pages\/41","targetHints":{"allow":["GET"]}}],"collection":[{"href":"https:\/\/diginewsworld.com\/fr\/wp-json\/wp\/v2\/pages"}],"about":[{"href":"https:\/\/diginewsworld.com\/fr\/wp-json\/wp\/v2\/types\/page"}],"author":[{"embeddable":true,"href":"https:\/\/diginewsworld.com\/fr\/wp-json\/wp\/v2\/users\/1"}],"replies":[{"embeddable":true,"href":"https:\/\/diginewsworld.com\/fr\/wp-json\/wp\/v2\/comments?post=41"}],"version-history":[{"count":0,"href":"https:\/\/diginewsworld.com\/fr\/wp-json\/wp\/v2\/pages\/41\/revisions"}],"wp:attachment":[{"href":"https:\/\/diginewsworld.com\/fr\/wp-json\/wp\/v2\/media?parent=41"}],"curies":[{"name":"wp","href":"https:\/\/api.w.org\/{rel}","templated":true}]}}