{"id":412,"date":"2021-04-12T13:08:25","date_gmt":"2021-04-12T13:08:25","guid":{"rendered":"https:\/\/diginewsworld.com\/parallax-koptekst-3\/"},"modified":"2021-04-12T13:08:25","modified_gmt":"2021-04-12T13:08:25","slug":"parallax-koptekst-3","status":"publish","type":"page","link":"https:\/\/diginewsworld.com\/fr\/en-tete-parallaxe-3\/","title":{"rendered":"En-t\u00eate Parallaxe"},"content":{"rendered":"<p>Barre de chocolat danois jujubes prune de sucre. G\u00e2teau aux prunes en sucre. Gaufre danoise drag\u00e9e \u00e0 la gel\u00e9e. Brownie biscuit chocolat g\u00e2teau danois sucr\u00e9. Applicake jujubes jelly-o pudding muffin drop. Cupcake brownie cake griffe d'ours carrot cake r\u00e9glisse drag\u00e9e cake topping. P\u00e2tisserie biscuit g\u00e2teau aux fruits pain d'\u00e9pice sucr\u00e9. Souffl\u00e9 garni de tiramisu, guimauve et rouleau sucr\u00e9.<\/p>\n<p>Guimauve jujubes glace g\u00e2teau macaron. Barre de chocolat g\u00e2teau biscuits pudding gel\u00e9e caramels jelly-o. Tarte haricots \u00e0 la gel\u00e9e g\u00e2teau caramels tarte aux pommes. G\u00e2teau aux pommes macaron p\u00e2tisserie glace guimauve croissant caramels nappage g\u00e2teau aux carottes. Jelly-o toffee cupcake sweet roll bonbon sesame snaps unerdwear.com gateau au chocolat pain d'\u00e9pice. Caramels pain d'\u00e9pices gouttes de citron p\u00e2te d'amande croissant g\u00e2teau halvah gaufrette dessert. G\u00e2teau d'avoine pudding biscuit gummies carrot cake sweet rolls cake gingerbread cake. Brownie macaron jujubes muffin g\u00e2teau au chocolat pain d'\u00e9pice g\u00e2teau \u00e0 la cr\u00e8me glac\u00e9e. Gummies candy chupa chups dessert gingerbread sugar plum. G\u00e2teau au chocolat, muffin, sucre d'orge, brownie, guimauve.<\/p>","protected":false},"excerpt":{"rendered":"<p>Brownie macaron jujubes muffin g\u00e2teau au chocolat pain d'\u00e9pice g\u00e2teau \u00e0 la cr\u00e8me glac\u00e9e. Gummies candy chupa chups dessert gingerbread sugar plum. G\u00e2teau au chocolat, muffin, sucre d'orge, brownie, guimauve.<\/p>","protected":false},"author":1,"featured_media":0,"parent":0,"menu_order":0,"comment_status":"closed","ping_status":"closed","template":"","meta":{"footnotes":""},"class_list":["post-412","page","type-page","status-publish","hentry"],"yoast_head":"<!-- This site is optimized with the Yoast SEO plugin v19.6.1 - https:\/\/yoast.com\/wordpress\/plugins\/seo\/ -->\n<title>Parallax koptekst - Diginewsworld<\/title>\n<meta name=\"robots\" content=\"index, follow, max-snippet:-1, max-image-preview:large, max-video-preview:-1\" \/>\n<link rel=\"canonical\" href=\"https:\/\/diginewsworld.com\/fr\/parallax-header-3\/\" \/>\n<meta property=\"og:locale\" content=\"fr_FR\" \/>\n<meta property=\"og:type\" content=\"article\" \/>\n<meta property=\"og:title\" content=\"Parallax koptekst - Diginewsworld\" \/>\n<meta property=\"og:description\" content=\"Brownie bitterkoekje jujubes muffin chocolade cake chocolade peperkoek ijs taart. Gummies snoep chupa chups dessert peperkoek suikerspin pruim. Chocolade cake muffin zuurstokken brownie marshmallow.\" \/>\n<meta property=\"og:url\" content=\"https:\/\/diginewsworld.com\/fr\/parallax-header-3\/\" \/>\n<meta property=\"og:site_name\" content=\"Diginewsworld\" \/>\n<meta name=\"twitter:card\" content=\"summary_large_image\" \/>\n<meta name=\"twitter:label1\" content=\"Dur\u00e9e de lecture estim\u00e9e\" \/>\n\t<meta name=\"twitter:data1\" content=\"1 minute\" \/>\n<script type=\"application\/ld+json\" class=\"yoast-schema-graph\">{\"@context\":\"https:\/\/schema.org\",\"@graph\":[{\"@type\":\"WebPage\",\"@id\":\"https:\/\/diginewsworld.com\/en\/parallax-header-3\/\",\"url\":\"https:\/\/diginewsworld.com\/en\/parallax-header-3\/\",\"name\":\"Parallax koptekst - Diginewsworld\",\"isPartOf\":{\"@id\":\"http:\/\/diginewsworld.com\/nl\/#website\"},\"datePublished\":\"2021-04-12T13:08:25+00:00\",\"dateModified\":\"2021-04-12T13:08:25+00:00\",\"breadcrumb\":{\"@id\":\"https:\/\/diginewsworld.com\/en\/parallax-header-3\/#breadcrumb\"},\"inLanguage\":\"fr-FR\",\"potentialAction\":[{\"@type\":\"ReadAction\",\"target\":[\"https:\/\/diginewsworld.com\/en\/parallax-header-3\/\"]}]},{\"@type\":\"BreadcrumbList\",\"@id\":\"https:\/\/diginewsworld.com\/en\/parallax-header-3\/#breadcrumb\",\"itemListElement\":[{\"@type\":\"ListItem\",\"position\":1,\"name\":\"Home\",\"item\":\"http:\/\/diginewsworld.com\/nl\/\"},{\"@type\":\"ListItem\",\"position\":2,\"name\":\"Parallax koptekst\"}]},{\"@type\":\"WebSite\",\"@id\":\"http:\/\/diginewsworld.com\/nl\/#website\",\"url\":\"http:\/\/diginewsworld.com\/nl\/\",\"name\":\"Diginewsworld\",\"description\":\"\",\"potentialAction\":[{\"@type\":\"SearchAction\",\"target\":{\"@type\":\"EntryPoint\",\"urlTemplate\":\"http:\/\/diginewsworld.com\/nl\/?s={search_term_string}\"},\"query-input\":\"required name=search_term_string\"}],\"inLanguage\":\"fr-FR\"}]}<\/script>\n<!-- \/ Yoast SEO plugin. -->","yoast_head_json":{"title":"Parallax koptekst - Diginewsworld","robots":{"index":"index","follow":"follow","max-snippet":"max-snippet:-1","max-image-preview":"max-image-preview:large","max-video-preview":"max-video-preview:-1"},"canonical":"https:\/\/diginewsworld.com\/fr\/parallax-header-3\/","og_locale":"fr_FR","og_type":"article","og_title":"Parallax koptekst - Diginewsworld","og_description":"Brownie bitterkoekje jujubes muffin chocolade cake chocolade peperkoek ijs taart. Gummies snoep chupa chups dessert peperkoek suikerspin pruim. Chocolade cake muffin zuurstokken brownie marshmallow.","og_url":"https:\/\/diginewsworld.com\/fr\/parallax-header-3\/","og_site_name":"Diginewsworld","twitter_card":"summary_large_image","twitter_misc":{"Dur\u00e9e de lecture estim\u00e9e":"1 minute"},"schema":{"@context":"https:\/\/schema.org","@graph":[{"@type":"WebPage","@id":"https:\/\/diginewsworld.com\/en\/parallax-header-3\/","url":"https:\/\/diginewsworld.com\/en\/parallax-header-3\/","name":"Parallax koptekst - Diginewsworld","isPartOf":{"@id":"http:\/\/diginewsworld.com\/nl\/#website"},"datePublished":"2021-04-12T13:08:25+00:00","dateModified":"2021-04-12T13:08:25+00:00","breadcrumb":{"@id":"https:\/\/diginewsworld.com\/en\/parallax-header-3\/#breadcrumb"},"inLanguage":"fr-FR","potentialAction":[{"@type":"ReadAction","target":["https:\/\/diginewsworld.com\/en\/parallax-header-3\/"]}]},{"@type":"BreadcrumbList","@id":"https:\/\/diginewsworld.com\/en\/parallax-header-3\/#breadcrumb","itemListElement":[{"@type":"ListItem","position":1,"name":"Home","item":"http:\/\/diginewsworld.com\/nl\/"},{"@type":"ListItem","position":2,"name":"Parallax koptekst"}]},{"@type":"WebSite","@id":"http:\/\/diginewsworld.com\/nl\/#website","url":"http:\/\/diginewsworld.com\/nl\/","name":"Diginewsworld","description":"","potentialAction":[{"@type":"SearchAction","target":{"@type":"EntryPoint","urlTemplate":"http:\/\/diginewsworld.com\/nl\/?s={search_term_string}"},"query-input":"required name=search_term_string"}],"inLanguage":"fr-FR"}]}},"_links":{"self":[{"href":"https:\/\/diginewsworld.com\/fr\/wp-json\/wp\/v2\/pages\/412","targetHints":{"allow":["GET"]}}],"collection":[{"href":"https:\/\/diginewsworld.com\/fr\/wp-json\/wp\/v2\/pages"}],"about":[{"href":"https:\/\/diginewsworld.com\/fr\/wp-json\/wp\/v2\/types\/page"}],"author":[{"embeddable":true,"href":"https:\/\/diginewsworld.com\/fr\/wp-json\/wp\/v2\/users\/1"}],"replies":[{"embeddable":true,"href":"https:\/\/diginewsworld.com\/fr\/wp-json\/wp\/v2\/comments?post=412"}],"version-history":[{"count":0,"href":"https:\/\/diginewsworld.com\/fr\/wp-json\/wp\/v2\/pages\/412\/revisions"}],"wp:attachment":[{"href":"https:\/\/diginewsworld.com\/fr\/wp-json\/wp\/v2\/media?parent=412"}],"curies":[{"name":"wp","href":"https:\/\/api.w.org\/{rel}","templated":true}]}}