{"id":414,"date":"2021-04-12T13:08:25","date_gmt":"2021-04-12T13:08:25","guid":{"rendered":"https:\/\/diginewsworld.com\/voorbeeld-pagina-21\/"},"modified":"2021-04-12T13:08:25","modified_gmt":"2021-04-12T13:08:25","slug":"voorbeeld-pagina-21","status":"publish","type":"page","link":"https:\/\/diginewsworld.com\/fr\/exemple-page-21\/","title":{"rendered":"Exemple de page"},"content":{"rendered":"<p>Il s'agit d'une page d'exemple. Il est diff\u00e9rent d'un article de blog car il reste \u00e0 un seul endroit et s'affiche dans la navigation de votre site (dans la plupart des th\u00e8mes). La plupart des gens commencent par une page \u00c0 propos qui les pr\u00e9sente aux visiteurs potentiels. \u00c7a pourrait \u00eatre quelque chose comme \u00e7a :<\/p>\n<blockquote><p>Salut ! Je suis coursier \u00e0 v\u00e9lo le jour, acteur en herbe la nuit, et ceci est mon blog. Je vis \u00e0 Los Angeles, j'ai un chien g\u00e9nial qui s'appelle Jack, et j'adore les pi\u00f1a coladas. (Et se faire surprendre par la pluie.)<\/p><\/blockquote>\n<p>...ou quelque chose comme \u00e7a :<\/p>\n<blockquote><p>La XYZ Doohickey Company a \u00e9t\u00e9 fond\u00e9e en 1971 et fournit depuis lors des doohickeys de qualit\u00e9 au public. Bas\u00e9e \u00e0 Gotham City, XYZ emploie plus de 2000 personnes et fait toutes sortes de choses formidables pour la communaut\u00e9 de Gotham.<\/p><\/blockquote>\n<p>En tant que nouvel utilisateur de WordPress, vous devez aller \u00e0 <a href=\"http:\/\/demo.themegrill.com\/radiate\/wp-admin\/\">votre tableau de bord<\/a> pour supprimer cette page et cr\u00e9er de nouvelles pages pour votre contenu. Amusez-vous bien !<\/p>","protected":false},"excerpt":{"rendered":"<p>Dit is een voorbeeldpagina. Het is anders dan een blogbericht omdat het op \u00e9\u00e9n plaats blijft en in de navigatie van uw site wordt weergegeven (in de meeste thema&#8217;s). De meeste mensen beginnen met een Over pagina die hen voorstelt aan potenti\u00eble bezoekers. Zoiets als dit zou er kunnen staan: Hoi daar! Ik ben een &hellip;<\/p>","protected":false},"author":1,"featured_media":0,"parent":0,"menu_order":0,"comment_status":"closed","ping_status":"closed","template":"","meta":{"footnotes":""},"class_list":["post-414","page","type-page","status-publish","hentry"],"yoast_head":"<!-- This site is optimized with the Yoast SEO plugin v19.6.1 - https:\/\/yoast.com\/wordpress\/plugins\/seo\/ -->\n<title>Voorbeeld pagina - Diginewsworld<\/title>\n<meta name=\"robots\" content=\"index, follow, max-snippet:-1, max-image-preview:large, max-video-preview:-1\" \/>\n<link rel=\"canonical\" href=\"https:\/\/diginewsworld.com\/fr\/exemple-page-21\/\" \/>\n<meta property=\"og:locale\" content=\"fr_FR\" \/>\n<meta property=\"og:type\" content=\"article\" \/>\n<meta property=\"og:title\" content=\"Voorbeeld pagina - Diginewsworld\" \/>\n<meta property=\"og:description\" content=\"Dit is een voorbeeldpagina. Het is anders dan een blogbericht omdat het op \u00e9\u00e9n plaats blijft en in de navigatie van uw site wordt weergegeven (in de meeste thema&#8217;s). De meeste mensen beginnen met een Over pagina die hen voorstelt aan potenti\u00eble bezoekers. Zoiets als dit zou er kunnen staan: Hoi daar! Ik ben een &hellip;\" \/>\n<meta property=\"og:url\" content=\"https:\/\/diginewsworld.com\/fr\/exemple-page-21\/\" \/>\n<meta property=\"og:site_name\" content=\"Diginewsworld\" \/>\n<meta name=\"twitter:card\" content=\"summary_large_image\" \/>\n<meta name=\"twitter:label1\" content=\"Dur\u00e9e de lecture estim\u00e9e\" \/>\n\t<meta name=\"twitter:data1\" content=\"1 minute\" \/>\n<script type=\"application\/ld+json\" class=\"yoast-schema-graph\">{\"@context\":\"https:\/\/schema.org\",\"@graph\":[{\"@type\":\"WebPage\",\"@id\":\"https:\/\/diginewsworld.com\/fr\/exemple-page-21\/\",\"url\":\"https:\/\/diginewsworld.com\/fr\/exemple-page-21\/\",\"name\":\"Voorbeeld pagina - Diginewsworld\",\"isPartOf\":{\"@id\":\"http:\/\/diginewsworld.com\/nl\/#website\"},\"datePublished\":\"2021-04-12T13:08:25+00:00\",\"dateModified\":\"2021-04-12T13:08:25+00:00\",\"breadcrumb\":{\"@id\":\"https:\/\/diginewsworld.com\/fr\/exemple-page-21\/#breadcrumb\"},\"inLanguage\":\"fr-FR\",\"potentialAction\":[{\"@type\":\"ReadAction\",\"target\":[\"https:\/\/diginewsworld.com\/fr\/exemple-page-21\/\"]}]},{\"@type\":\"BreadcrumbList\",\"@id\":\"https:\/\/diginewsworld.com\/fr\/exemple-page-21\/#breadcrumb\",\"itemListElement\":[{\"@type\":\"ListItem\",\"position\":1,\"name\":\"Home\",\"item\":\"http:\/\/diginewsworld.com\/nl\/\"},{\"@type\":\"ListItem\",\"position\":2,\"name\":\"Voorbeeld pagina\"}]},{\"@type\":\"WebSite\",\"@id\":\"http:\/\/diginewsworld.com\/nl\/#website\",\"url\":\"http:\/\/diginewsworld.com\/nl\/\",\"name\":\"Diginewsworld\",\"description\":\"\",\"potentialAction\":[{\"@type\":\"SearchAction\",\"target\":{\"@type\":\"EntryPoint\",\"urlTemplate\":\"http:\/\/diginewsworld.com\/nl\/?s={search_term_string}\"},\"query-input\":\"required name=search_term_string\"}],\"inLanguage\":\"fr-FR\"}]}<\/script>\n<!-- \/ Yoast SEO plugin. -->","yoast_head_json":{"title":"Voorbeeld pagina - Diginewsworld","robots":{"index":"index","follow":"follow","max-snippet":"max-snippet:-1","max-image-preview":"max-image-preview:large","max-video-preview":"max-video-preview:-1"},"canonical":"https:\/\/diginewsworld.com\/fr\/exemple-page-21\/","og_locale":"fr_FR","og_type":"article","og_title":"Voorbeeld pagina - Diginewsworld","og_description":"Dit is een voorbeeldpagina. Het is anders dan een blogbericht omdat het op \u00e9\u00e9n plaats blijft en in de navigatie van uw site wordt weergegeven (in de meeste thema&#8217;s). De meeste mensen beginnen met een Over pagina die hen voorstelt aan potenti\u00eble bezoekers. Zoiets als dit zou er kunnen staan: Hoi daar! Ik ben een &hellip;","og_url":"https:\/\/diginewsworld.com\/fr\/exemple-page-21\/","og_site_name":"Diginewsworld","twitter_card":"summary_large_image","twitter_misc":{"Dur\u00e9e de lecture estim\u00e9e":"1 minute"},"schema":{"@context":"https:\/\/schema.org","@graph":[{"@type":"WebPage","@id":"https:\/\/diginewsworld.com\/fr\/exemple-page-21\/","url":"https:\/\/diginewsworld.com\/fr\/exemple-page-21\/","name":"Voorbeeld pagina - Diginewsworld","isPartOf":{"@id":"http:\/\/diginewsworld.com\/nl\/#website"},"datePublished":"2021-04-12T13:08:25+00:00","dateModified":"2021-04-12T13:08:25+00:00","breadcrumb":{"@id":"https:\/\/diginewsworld.com\/fr\/exemple-page-21\/#breadcrumb"},"inLanguage":"fr-FR","potentialAction":[{"@type":"ReadAction","target":["https:\/\/diginewsworld.com\/fr\/exemple-page-21\/"]}]},{"@type":"BreadcrumbList","@id":"https:\/\/diginewsworld.com\/fr\/exemple-page-21\/#breadcrumb","itemListElement":[{"@type":"ListItem","position":1,"name":"Home","item":"http:\/\/diginewsworld.com\/nl\/"},{"@type":"ListItem","position":2,"name":"Voorbeeld pagina"}]},{"@type":"WebSite","@id":"http:\/\/diginewsworld.com\/nl\/#website","url":"http:\/\/diginewsworld.com\/nl\/","name":"Diginewsworld","description":"","potentialAction":[{"@type":"SearchAction","target":{"@type":"EntryPoint","urlTemplate":"http:\/\/diginewsworld.com\/nl\/?s={search_term_string}"},"query-input":"required name=search_term_string"}],"inLanguage":"fr-FR"}]}},"_links":{"self":[{"href":"https:\/\/diginewsworld.com\/fr\/wp-json\/wp\/v2\/pages\/414","targetHints":{"allow":["GET"]}}],"collection":[{"href":"https:\/\/diginewsworld.com\/fr\/wp-json\/wp\/v2\/pages"}],"about":[{"href":"https:\/\/diginewsworld.com\/fr\/wp-json\/wp\/v2\/types\/page"}],"author":[{"embeddable":true,"href":"https:\/\/diginewsworld.com\/fr\/wp-json\/wp\/v2\/users\/1"}],"replies":[{"embeddable":true,"href":"https:\/\/diginewsworld.com\/fr\/wp-json\/wp\/v2\/comments?post=414"}],"version-history":[{"count":0,"href":"https:\/\/diginewsworld.com\/fr\/wp-json\/wp\/v2\/pages\/414\/revisions"}],"wp:attachment":[{"href":"https:\/\/diginewsworld.com\/fr\/wp-json\/wp\/v2\/media?parent=414"}],"curies":[{"name":"wp","href":"https:\/\/api.w.org\/{rel}","templated":true}]}}