{"id":45,"date":"2021-04-12T12:48:18","date_gmt":"2021-04-12T12:48:18","guid":{"rendered":"https:\/\/diginewsworld.com\/inicio-2\/"},"modified":"2021-04-12T12:48:18","modified_gmt":"2021-04-12T12:48:18","slug":"inicio-2","status":"publish","type":"page","link":"https:\/\/diginewsworld.com\/fr\/inicio-2\/","title":{"rendered":"In\u00edcio"},"content":{"rendered":"<div data-elementor-type=\"wp-post\" data-elementor-id=\"45\" class=\"elementor elementor-45\">\n\t\t\t\t\t\t\t\t\t<section class=\"elementor-section elementor-top-section elementor-element elementor-element-75e1d1e elementor-section-boxed elementor-section-height-default elementor-section-height-default\" data-id=\"75e1d1e\" data-element_type=\"section\">\n\t\t\t\t\t\t<div class=\"elementor-container elementor-column-gap-default\">\n\t\t\t\t\t<div class=\"elementor-column elementor-col-100 elementor-top-column elementor-element elementor-element-8eb479d\" data-id=\"8eb479d\" data-element_type=\"column\">\n\t\t\t<div class=\"elementor-widget-wrap elementor-element-populated\">\n\t\t\t\t\t\t\t\t<div class=\"elementor-element elementor-element-d86960a elementor-widget elementor-widget-text-editor\" data-id=\"d86960a\" data-element_type=\"widget\" data-widget_type=\"text-editor.default\">\n\t\t\t\t<div class=\"elementor-widget-container\">\n\t\t\t\t\t\t\t<p>La pression sur les h\u00f4pitaux Mas tient al\u00edvio parmi le personnel hospitalier, qui a \u00e9t\u00e9 frustr\u00e9 d'apprendre la semaine derni\u00e8re que le gouvernement cherche \u00e0 lever les restrictions, alors que pr\u00e8s des trois quarts des lits de soins intensifs sont occup\u00e9s par des personnes atteintes du coronavirus. No domingo foram anunciadas plus 8 288 infec\u00e7\u00f5es, o maior n\u00famero di\u00e1rio durante duas semanas, enquanto plus de 2 500 pessoas est\u00e3o sendo tratadas in hospital pelo v\u00edrus, das quais 788 est\u00e3o em terapia intensiva. Ad Melkert, pr\u00e9sident de la direction de la NVZ (Association n\u00e9erlandaise des h\u00f4pitaux), a d\u00e9clar\u00e9 : \"C'est difficile pour les personnes qui s'attendaient ou savaient que les restrictions seraient lev\u00e9es\". Cependant, ils restent tr\u00e8s n\u00e9cessaires, car tout cela fait partie de notre \"\u00e9conomie\". Tout d'abord, nous devons contr\u00f4ler le virus, lib\u00e9rer davantage de personnes et r\u00e9duire la pression sur les propri\u00e9taires. Depois podemos lentamente mas certeza come\u00e7ar a voltar a normal, mas acho que vai levar mais algumas semanas.<\/p>\t\t\t\t\t\t<\/div>\n\t\t\t\t<\/div>\n\t\t\t\t\t<\/div>\n\t\t<\/div>\n\t\t\t\t\t\t\t<\/div>\n\t\t<\/section>\n\t\t\t\t\t\t\t<\/div>","protected":false},"excerpt":{"rendered":"<p>Press\u00e3o nos hospitais Mas houve al\u00edvio entre os funcion\u00e1rios do hospital, que ficaram consternados ao saber na semana passada que o governo estava procurando aliviar as restri\u00e7\u00f5es, enquanto quase tr\u00eas quartos dos leitos de terapia intensiva s\u00e3o ocupados por pacientes com coronav\u00edrus. No domingo foram anunciadas mais 8.288 infec\u00e7\u00f5es, o maior n\u00famero di\u00e1rio durante duas &hellip;<\/p>","protected":false},"author":1,"featured_media":0,"parent":0,"menu_order":0,"comment_status":"closed","ping_status":"closed","template":"","meta":{"footnotes":""},"class_list":["post-45","page","type-page","status-publish","hentry"],"yoast_head":"<!-- This site is optimized with the Yoast SEO plugin v19.6.1 - https:\/\/yoast.com\/wordpress\/plugins\/seo\/ -->\n<title>In\u00edcio - Diginewsworld<\/title>\n<meta name=\"robots\" content=\"index, follow, max-snippet:-1, max-image-preview:large, max-video-preview:-1\" \/>\n<link rel=\"canonical\" href=\"https:\/\/diginewsworld.com\/fr\/inicio-2\/\" \/>\n<meta property=\"og:locale\" content=\"fr_FR\" \/>\n<meta property=\"og:type\" content=\"article\" \/>\n<meta property=\"og:title\" content=\"In\u00edcio - Diginewsworld\" \/>\n<meta property=\"og:description\" content=\"Press\u00e3o nos hospitais Mas houve al\u00edvio entre os funcion\u00e1rios do hospital, que ficaram consternados ao saber na semana passada que o governo estava procurando aliviar as restri\u00e7\u00f5es, enquanto quase tr\u00eas quartos dos leitos de terapia intensiva s\u00e3o ocupados por pacientes com coronav\u00edrus. No domingo foram anunciadas mais 8.288 infec\u00e7\u00f5es, o maior n\u00famero di\u00e1rio durante duas &hellip;\" \/>\n<meta property=\"og:url\" content=\"https:\/\/diginewsworld.com\/fr\/inicio-2\/\" \/>\n<meta property=\"og:site_name\" content=\"Diginewsworld\" \/>\n<meta name=\"twitter:card\" content=\"summary_large_image\" \/>\n<meta name=\"twitter:label1\" content=\"Dur\u00e9e de lecture estim\u00e9e\" \/>\n\t<meta name=\"twitter:data1\" content=\"1 minute\" \/>\n<script type=\"application\/ld+json\" class=\"yoast-schema-graph\">{\"@context\":\"https:\/\/schema.org\",\"@graph\":[{\"@type\":\"WebPage\",\"@id\":\"https:\/\/diginewsworld.com\/nl\/inicio-2\/\",\"url\":\"https:\/\/diginewsworld.com\/nl\/inicio-2\/\",\"name\":\"In\u00edcio - Diginewsworld\",\"isPartOf\":{\"@id\":\"http:\/\/diginewsworld.com\/nl\/#website\"},\"datePublished\":\"2021-04-12T12:48:18+00:00\",\"dateModified\":\"2021-04-12T12:48:18+00:00\",\"breadcrumb\":{\"@id\":\"https:\/\/diginewsworld.com\/nl\/inicio-2\/#breadcrumb\"},\"inLanguage\":\"fr-FR\",\"potentialAction\":[{\"@type\":\"ReadAction\",\"target\":[\"https:\/\/diginewsworld.com\/nl\/inicio-2\/\"]}]},{\"@type\":\"BreadcrumbList\",\"@id\":\"https:\/\/diginewsworld.com\/nl\/inicio-2\/#breadcrumb\",\"itemListElement\":[{\"@type\":\"ListItem\",\"position\":1,\"name\":\"Home\",\"item\":\"http:\/\/diginewsworld.com\/nl\/\"},{\"@type\":\"ListItem\",\"position\":2,\"name\":\"In\u00edcio\"}]},{\"@type\":\"WebSite\",\"@id\":\"http:\/\/diginewsworld.com\/nl\/#website\",\"url\":\"http:\/\/diginewsworld.com\/nl\/\",\"name\":\"Diginewsworld\",\"description\":\"\",\"potentialAction\":[{\"@type\":\"SearchAction\",\"target\":{\"@type\":\"EntryPoint\",\"urlTemplate\":\"http:\/\/diginewsworld.com\/nl\/?s={search_term_string}\"},\"query-input\":\"required name=search_term_string\"}],\"inLanguage\":\"fr-FR\"}]}<\/script>\n<!-- \/ Yoast SEO plugin. -->","yoast_head_json":{"title":"In\u00edcio - Diginewsworld","robots":{"index":"index","follow":"follow","max-snippet":"max-snippet:-1","max-image-preview":"max-image-preview:large","max-video-preview":"max-video-preview:-1"},"canonical":"https:\/\/diginewsworld.com\/fr\/inicio-2\/","og_locale":"fr_FR","og_type":"article","og_title":"In\u00edcio - Diginewsworld","og_description":"Press\u00e3o nos hospitais Mas houve al\u00edvio entre os funcion\u00e1rios do hospital, que ficaram consternados ao saber na semana passada que o governo estava procurando aliviar as restri\u00e7\u00f5es, enquanto quase tr\u00eas quartos dos leitos de terapia intensiva s\u00e3o ocupados por pacientes com coronav\u00edrus. No domingo foram anunciadas mais 8.288 infec\u00e7\u00f5es, o maior n\u00famero di\u00e1rio durante duas &hellip;","og_url":"https:\/\/diginewsworld.com\/fr\/inicio-2\/","og_site_name":"Diginewsworld","twitter_card":"summary_large_image","twitter_misc":{"Dur\u00e9e de lecture estim\u00e9e":"1 minute"},"schema":{"@context":"https:\/\/schema.org","@graph":[{"@type":"WebPage","@id":"https:\/\/diginewsworld.com\/nl\/inicio-2\/","url":"https:\/\/diginewsworld.com\/nl\/inicio-2\/","name":"In\u00edcio - Diginewsworld","isPartOf":{"@id":"http:\/\/diginewsworld.com\/nl\/#website"},"datePublished":"2021-04-12T12:48:18+00:00","dateModified":"2021-04-12T12:48:18+00:00","breadcrumb":{"@id":"https:\/\/diginewsworld.com\/nl\/inicio-2\/#breadcrumb"},"inLanguage":"fr-FR","potentialAction":[{"@type":"ReadAction","target":["https:\/\/diginewsworld.com\/nl\/inicio-2\/"]}]},{"@type":"BreadcrumbList","@id":"https:\/\/diginewsworld.com\/nl\/inicio-2\/#breadcrumb","itemListElement":[{"@type":"ListItem","position":1,"name":"Home","item":"http:\/\/diginewsworld.com\/nl\/"},{"@type":"ListItem","position":2,"name":"In\u00edcio"}]},{"@type":"WebSite","@id":"http:\/\/diginewsworld.com\/nl\/#website","url":"http:\/\/diginewsworld.com\/nl\/","name":"Diginewsworld","description":"","potentialAction":[{"@type":"SearchAction","target":{"@type":"EntryPoint","urlTemplate":"http:\/\/diginewsworld.com\/nl\/?s={search_term_string}"},"query-input":"required name=search_term_string"}],"inLanguage":"fr-FR"}]}},"_links":{"self":[{"href":"https:\/\/diginewsworld.com\/fr\/wp-json\/wp\/v2\/pages\/45","targetHints":{"allow":["GET"]}}],"collection":[{"href":"https:\/\/diginewsworld.com\/fr\/wp-json\/wp\/v2\/pages"}],"about":[{"href":"https:\/\/diginewsworld.com\/fr\/wp-json\/wp\/v2\/types\/page"}],"author":[{"embeddable":true,"href":"https:\/\/diginewsworld.com\/fr\/wp-json\/wp\/v2\/users\/1"}],"replies":[{"embeddable":true,"href":"https:\/\/diginewsworld.com\/fr\/wp-json\/wp\/v2\/comments?post=45"}],"version-history":[{"count":0,"href":"https:\/\/diginewsworld.com\/fr\/wp-json\/wp\/v2\/pages\/45\/revisions"}],"wp:attachment":[{"href":"https:\/\/diginewsworld.com\/fr\/wp-json\/wp\/v2\/media?parent=45"}],"curies":[{"name":"wp","href":"https:\/\/api.w.org\/{rel}","templated":true}]}}