{"id":72,"date":"2021-04-12T12:49:03","date_gmt":"2021-04-12T12:49:03","guid":{"rendered":"https:\/\/diginewsworld.com\/pagina-de-muestra\/"},"modified":"2021-04-12T12:49:03","modified_gmt":"2021-04-12T12:49:03","slug":"pagina-de-muestra","status":"publish","type":"page","link":"https:\/\/diginewsworld.com\/fr\/page-de-muestra\/","title":{"rendered":"Page d'accueil"},"content":{"rendered":"<blockquote class=\"wp-block-quote is-layout-flow wp-block-quote-is-layout-flow\"><p>La soci\u00e9t\u00e9 XYZ Doohickey a \u00e9t\u00e9 fond\u00e9e en 1971, et depuis lors, elle a fourni au public des doohickeys de qualit\u00e9. Situ\u00e9e \u00e0 Ciudad G\u00f3tica, XYZ emploie plus de 2 000 personnes et offre des services incroyables \u00e0 la communaut\u00e9 de Ciudad G\u00f3tica.<\/p><\/blockquote>\n<br \/> \/wp:quote -&gt;\n\n\n<p>En tant que nouvel utilisateur de WordPress, vous devez aller \u00e0 <a href=\"https:\/\/diginewsworld.com\/wp-admin\/\">ton panneau de contr\u00f4le<\/a> pour \u00e9liminer cette page et cr\u00e9er de nouvelles pages pour votre contenu. Divi\u00e9rtete<\/p> <p>\n<!-- wp:p\u00e1rrafo -->\n<p>Il s'agit d'une page d'exemple. Il est diff\u00e9rent d'une entr\u00e9e de blog car il reste \u00e0 un endroit et est affich\u00e9 dans la navigation du site (et la plupart des sujets). La plupart des gens commencent par une page \"Acerca\" qui pr\u00e9sente les visiteurs potentiels du site. Podr\u00eda decir algo como esto :<\/p>\n<!-- \/wp:p\u00e1rrafo -->\n\n\n<blockquote class=\"wp-block-quote is-layout-flow wp-block-quote-is-layout-flow\"><p>Soy un mensajero en bicicleta de d\u00eda, aspirante a actor de noche, y esta es mi p\u00e1gina web. Vivo en Los \u00c1ngeles, tengo un gran perro llamado Jack, y me gustan las pi\u00f1a coladas. (Y que me pille la lluvia.)<\/p><\/blockquote>\n<br \/> \/wp:quote -&gt;\n\n\n<p>...o algo as\u00ed :<\/p>\n\n\n\n<blockquote class=\"wp-block-quote is-layout-flow wp-block-quote-is-layout-flow\"><p>La soci\u00e9t\u00e9 XYZ Doohickey a \u00e9t\u00e9 fond\u00e9e en 1971, et depuis lors, elle a fourni au public des doohickeys de qualit\u00e9. Situ\u00e9e \u00e0 Ciudad G\u00f3tica, XYZ emploie plus de 2 000 personnes et offre des services incroyables \u00e0 la communaut\u00e9 de Ciudad G\u00f3tica.<\/p><\/blockquote>\n<br \/> \/wp:quote -&gt;\n\n\n<p>En tant que nouvel utilisateur de WordPress, vous devez aller \u00e0 <a href=\"https:\/\/diginewsworld.com\/wp-admin\/\">ton panneau de contr\u00f4le<\/a> pour \u00e9liminer cette page et cr\u00e9er de nouvelles pages pour votre contenu. Divi\u00e9rtete<\/p> <p>","protected":false},"excerpt":{"rendered":"<p>La compa\u00f1\u00eda XYZ Doohickey fue fundada en 1971, y desde entonces ha estado proporcionando doohickeys de calidad al p\u00fablico. Situada en Ciudad G\u00f3tica, XYZ emplea a m\u00e1s de 2.000 personas y hace todo tipo de cosas incre\u00edbles para la comunidad de Ciudad G\u00f3tica. \/wp:quote &#8211;&gt; Como nuevo usuario de WordPress, debes ir a tu panel &hellip;<\/p>","protected":false},"author":1,"featured_media":0,"parent":0,"menu_order":0,"comment_status":"closed","ping_status":"closed","template":"","meta":{"footnotes":""},"class_list":["post-72","page","type-page","status-publish","hentry"],"yoast_head":"<!-- This site is optimized with the Yoast SEO plugin v19.6.1 - https:\/\/yoast.com\/wordpress\/plugins\/seo\/ -->\n<title>P\u00e1gina de muestra - Diginewsworld<\/title>\n<meta name=\"robots\" content=\"index, follow, max-snippet:-1, max-image-preview:large, max-video-preview:-1\" \/>\n<link rel=\"canonical\" href=\"https:\/\/diginewsworld.com\/fr\/page-de-muestra\/\" \/>\n<meta property=\"og:locale\" content=\"fr_FR\" \/>\n<meta property=\"og:type\" content=\"article\" \/>\n<meta property=\"og:title\" content=\"P\u00e1gina de muestra - Diginewsworld\" \/>\n<meta property=\"og:description\" content=\"La compa\u00f1\u00eda XYZ Doohickey fue fundada en 1971, y desde entonces ha estado proporcionando doohickeys de calidad al p\u00fablico. Situada en Ciudad G\u00f3tica, XYZ emplea a m\u00e1s de 2.000 personas y hace todo tipo de cosas incre\u00edbles para la comunidad de Ciudad G\u00f3tica. \/wp:quote &#8211;&gt; Como nuevo usuario de WordPress, debes ir a tu panel &hellip;\" \/>\n<meta property=\"og:url\" content=\"https:\/\/diginewsworld.com\/fr\/page-de-muestra\/\" \/>\n<meta property=\"og:site_name\" content=\"Diginewsworld\" \/>\n<meta name=\"twitter:card\" content=\"summary_large_image\" \/>\n<meta name=\"twitter:label1\" content=\"Dur\u00e9e de lecture estim\u00e9e\" \/>\n\t<meta name=\"twitter:data1\" content=\"1 minute\" \/>\n<script type=\"application\/ld+json\" class=\"yoast-schema-graph\">{\"@context\":\"https:\/\/schema.org\",\"@graph\":[{\"@type\":\"WebPage\",\"@id\":\"https:\/\/diginewsworld.com\/de\/page-de-muestra\/\",\"url\":\"https:\/\/diginewsworld.com\/de\/page-de-muestra\/\",\"name\":\"P\u00e1gina de muestra - Diginewsworld\",\"isPartOf\":{\"@id\":\"http:\/\/diginewsworld.com\/nl\/#website\"},\"datePublished\":\"2021-04-12T12:49:03+00:00\",\"dateModified\":\"2021-04-12T12:49:03+00:00\",\"breadcrumb\":{\"@id\":\"https:\/\/diginewsworld.com\/de\/page-de-muestra\/#breadcrumb\"},\"inLanguage\":\"fr-FR\",\"potentialAction\":[{\"@type\":\"ReadAction\",\"target\":[\"https:\/\/diginewsworld.com\/de\/page-de-muestra\/\"]}]},{\"@type\":\"BreadcrumbList\",\"@id\":\"https:\/\/diginewsworld.com\/de\/page-de-muestra\/#breadcrumb\",\"itemListElement\":[{\"@type\":\"ListItem\",\"position\":1,\"name\":\"Home\",\"item\":\"http:\/\/diginewsworld.com\/nl\/\"},{\"@type\":\"ListItem\",\"position\":2,\"name\":\"P\u00e1gina de muestra\"}]},{\"@type\":\"WebSite\",\"@id\":\"http:\/\/diginewsworld.com\/nl\/#website\",\"url\":\"http:\/\/diginewsworld.com\/nl\/\",\"name\":\"Diginewsworld\",\"description\":\"\",\"potentialAction\":[{\"@type\":\"SearchAction\",\"target\":{\"@type\":\"EntryPoint\",\"urlTemplate\":\"http:\/\/diginewsworld.com\/nl\/?s={search_term_string}\"},\"query-input\":\"required name=search_term_string\"}],\"inLanguage\":\"fr-FR\"}]}<\/script>\n<!-- \/ Yoast SEO plugin. -->","yoast_head_json":{"title":"P\u00e1gina de muestra - Diginewsworld","robots":{"index":"index","follow":"follow","max-snippet":"max-snippet:-1","max-image-preview":"max-image-preview:large","max-video-preview":"max-video-preview:-1"},"canonical":"https:\/\/diginewsworld.com\/fr\/page-de-muestra\/","og_locale":"fr_FR","og_type":"article","og_title":"P\u00e1gina de muestra - Diginewsworld","og_description":"La compa\u00f1\u00eda XYZ Doohickey fue fundada en 1971, y desde entonces ha estado proporcionando doohickeys de calidad al p\u00fablico. Situada en Ciudad G\u00f3tica, XYZ emplea a m\u00e1s de 2.000 personas y hace todo tipo de cosas incre\u00edbles para la comunidad de Ciudad G\u00f3tica. \/wp:quote &#8211;&gt; Como nuevo usuario de WordPress, debes ir a tu panel &hellip;","og_url":"https:\/\/diginewsworld.com\/fr\/page-de-muestra\/","og_site_name":"Diginewsworld","twitter_card":"summary_large_image","twitter_misc":{"Dur\u00e9e de lecture estim\u00e9e":"1 minute"},"schema":{"@context":"https:\/\/schema.org","@graph":[{"@type":"WebPage","@id":"https:\/\/diginewsworld.com\/de\/page-de-muestra\/","url":"https:\/\/diginewsworld.com\/de\/page-de-muestra\/","name":"P\u00e1gina de muestra - Diginewsworld","isPartOf":{"@id":"http:\/\/diginewsworld.com\/nl\/#website"},"datePublished":"2021-04-12T12:49:03+00:00","dateModified":"2021-04-12T12:49:03+00:00","breadcrumb":{"@id":"https:\/\/diginewsworld.com\/de\/page-de-muestra\/#breadcrumb"},"inLanguage":"fr-FR","potentialAction":[{"@type":"ReadAction","target":["https:\/\/diginewsworld.com\/de\/page-de-muestra\/"]}]},{"@type":"BreadcrumbList","@id":"https:\/\/diginewsworld.com\/de\/page-de-muestra\/#breadcrumb","itemListElement":[{"@type":"ListItem","position":1,"name":"Home","item":"http:\/\/diginewsworld.com\/nl\/"},{"@type":"ListItem","position":2,"name":"P\u00e1gina de muestra"}]},{"@type":"WebSite","@id":"http:\/\/diginewsworld.com\/nl\/#website","url":"http:\/\/diginewsworld.com\/nl\/","name":"Diginewsworld","description":"","potentialAction":[{"@type":"SearchAction","target":{"@type":"EntryPoint","urlTemplate":"http:\/\/diginewsworld.com\/nl\/?s={search_term_string}"},"query-input":"required name=search_term_string"}],"inLanguage":"fr-FR"}]}},"_links":{"self":[{"href":"https:\/\/diginewsworld.com\/fr\/wp-json\/wp\/v2\/pages\/72","targetHints":{"allow":["GET"]}}],"collection":[{"href":"https:\/\/diginewsworld.com\/fr\/wp-json\/wp\/v2\/pages"}],"about":[{"href":"https:\/\/diginewsworld.com\/fr\/wp-json\/wp\/v2\/types\/page"}],"author":[{"embeddable":true,"href":"https:\/\/diginewsworld.com\/fr\/wp-json\/wp\/v2\/users\/1"}],"replies":[{"embeddable":true,"href":"https:\/\/diginewsworld.com\/fr\/wp-json\/wp\/v2\/comments?post=72"}],"version-history":[{"count":0,"href":"https:\/\/diginewsworld.com\/fr\/wp-json\/wp\/v2\/pages\/72\/revisions"}],"wp:attachment":[{"href":"https:\/\/diginewsworld.com\/fr\/wp-json\/wp\/v2\/media?parent=72"}],"curies":[{"name":"wp","href":"https:\/\/api.w.org\/{rel}","templated":true}]}}