{"id":74,"date":"2021-04-12T12:49:05","date_gmt":"2021-04-12T12:49:05","guid":{"rendered":"https:\/\/diginewsworld.com\/pagina-de-amostra\/"},"modified":"2021-04-12T12:49:05","modified_gmt":"2021-04-12T12:49:05","slug":"pagina-de-amostra","status":"publish","type":"page","link":"https:\/\/diginewsworld.com\/fr\/page-de-amostra\/","title":{"rendered":"Page d'accueil"},"content":{"rendered":"<!-- wp:par\u00e1grafo -->\n<p>Voici un exemple de page. Il est diff\u00e9rent d'un article de blog car il se trouve \u00e0 un seul endroit et appara\u00eet sur le site web (pour la majorit\u00e9 des sujets). La majorit\u00e9 des gens viennent avec une page sur ce qu'ils ont \u00e0 dire aux visiteurs potentiels du site. Il peut dire quelque chose comme \u00e7a :<\/p>\n<!-- \/wp:par\u00e1grafo -->\n\n\n<blockquote class=\"wp-block-quote is-layout-flow wp-block-quote-is-layout-flow\"><p>Salut ! Sou um mensageiro de bicicleta de dia, aspirante a actor \u00e0 noite, este \u00e9 o meu site. Je vis \u00e0 Los Angeles, j'ai un gros chat, Jack, et j'aime les cocktails. (E ser apanhado pela chuva.)<\/p><\/blockquote>\n\n\n<!-- wp:par\u00e1grafo -->\n<p>...ou quelque chose de semblable \u00e0 \u00e7a :<\/p>\n<!-- \/wp:par\u00e1grafo -->\n\n\n<blockquote class=\"wp-block-quote is-layout-flow wp-block-quote-is-layout-flow\"><p>A XYZ Doohickey Company foi fundada em 1971, e desde ent\u00e3o tem fornecido doohickeys de qualidade ao p\u00fablico. Situ\u00e9e dans la ville de Gotham, l'entreprise XYZ emploie plus de 2 000 personnes et r\u00e9alise toutes sortes d'activit\u00e9s pour la communaut\u00e9 de Gotham.<\/p><\/blockquote>\n\n\n<!-- wp:par\u00e1grafo -->\n<p>En tant que nouvel utilisateur de WordPress, vous devez vous rendre sur les sites suivants <a href=\"https:\/\/diginewsworld.com\/wp-admin\/\">son tableau de contr\u00f4le<\/a> pour exclure cette page et cr\u00e9er de nouvelles pages pour votre contenu. Divirta-se !<\/p>\n<!-- \/wp:par\u00e1grafo -->","protected":false},"excerpt":{"rendered":"<p>Esta \u00e9 uma p\u00e1gina de exemplo. \u00c9 diferente de um post de blog porque vai ficar em um lugar e vai aparecer na navega\u00e7\u00e3o do seu site (na maioria dos temas). A maioria das pessoas come\u00e7a com uma p\u00e1gina Sobre que os apresenta aos potenciais visitantes do site. Ela pode dizer algo como isto: Hi &hellip;<\/p>","protected":false},"author":1,"featured_media":0,"parent":0,"menu_order":0,"comment_status":"closed","ping_status":"closed","template":"","meta":{"footnotes":""},"class_list":["post-74","page","type-page","status-publish","hentry"],"yoast_head":"<!-- This site is optimized with the Yoast SEO plugin v19.6.1 - https:\/\/yoast.com\/wordpress\/plugins\/seo\/ -->\n<title>P\u00e1gina de amostra - Diginewsworld<\/title>\n<meta name=\"robots\" content=\"index, follow, max-snippet:-1, max-image-preview:large, max-video-preview:-1\" \/>\n<link rel=\"canonical\" href=\"https:\/\/diginewsworld.com\/fr\/page-the-amostra\/\" \/>\n<meta property=\"og:locale\" content=\"fr_FR\" \/>\n<meta property=\"og:type\" content=\"article\" \/>\n<meta property=\"og:title\" content=\"P\u00e1gina de amostra - Diginewsworld\" \/>\n<meta property=\"og:description\" content=\"Esta \u00e9 uma p\u00e1gina de exemplo. \u00c9 diferente de um post de blog porque vai ficar em um lugar e vai aparecer na navega\u00e7\u00e3o do seu site (na maioria dos temas). A maioria das pessoas come\u00e7a com uma p\u00e1gina Sobre que os apresenta aos potenciais visitantes do site. Ela pode dizer algo como isto: Hi &hellip;\" \/>\n<meta property=\"og:url\" content=\"https:\/\/diginewsworld.com\/fr\/page-the-amostra\/\" \/>\n<meta property=\"og:site_name\" content=\"Diginewsworld\" \/>\n<meta name=\"twitter:card\" content=\"summary_large_image\" \/>\n<meta name=\"twitter:label1\" content=\"Dur\u00e9e de lecture estim\u00e9e\" \/>\n\t<meta name=\"twitter:data1\" content=\"1 minute\" \/>\n<script type=\"application\/ld+json\" class=\"yoast-schema-graph\">{\"@context\":\"https:\/\/schema.org\",\"@graph\":[{\"@type\":\"WebPage\",\"@id\":\"https:\/\/diginewsworld.com\/en\/page-the-amostra\/\",\"url\":\"https:\/\/diginewsworld.com\/en\/page-the-amostra\/\",\"name\":\"P\u00e1gina de amostra - Diginewsworld\",\"isPartOf\":{\"@id\":\"http:\/\/diginewsworld.com\/nl\/#website\"},\"datePublished\":\"2021-04-12T12:49:05+00:00\",\"dateModified\":\"2021-04-12T12:49:05+00:00\",\"breadcrumb\":{\"@id\":\"https:\/\/diginewsworld.com\/en\/page-the-amostra\/#breadcrumb\"},\"inLanguage\":\"fr-FR\",\"potentialAction\":[{\"@type\":\"ReadAction\",\"target\":[\"https:\/\/diginewsworld.com\/en\/page-the-amostra\/\"]}]},{\"@type\":\"BreadcrumbList\",\"@id\":\"https:\/\/diginewsworld.com\/en\/page-the-amostra\/#breadcrumb\",\"itemListElement\":[{\"@type\":\"ListItem\",\"position\":1,\"name\":\"Home\",\"item\":\"http:\/\/diginewsworld.com\/nl\/\"},{\"@type\":\"ListItem\",\"position\":2,\"name\":\"P\u00e1gina de amostra\"}]},{\"@type\":\"WebSite\",\"@id\":\"http:\/\/diginewsworld.com\/nl\/#website\",\"url\":\"http:\/\/diginewsworld.com\/nl\/\",\"name\":\"Diginewsworld\",\"description\":\"\",\"potentialAction\":[{\"@type\":\"SearchAction\",\"target\":{\"@type\":\"EntryPoint\",\"urlTemplate\":\"http:\/\/diginewsworld.com\/nl\/?s={search_term_string}\"},\"query-input\":\"required name=search_term_string\"}],\"inLanguage\":\"fr-FR\"}]}<\/script>\n<!-- \/ Yoast SEO plugin. -->","yoast_head_json":{"title":"P\u00e1gina de amostra - Diginewsworld","robots":{"index":"index","follow":"follow","max-snippet":"max-snippet:-1","max-image-preview":"max-image-preview:large","max-video-preview":"max-video-preview:-1"},"canonical":"https:\/\/diginewsworld.com\/fr\/page-the-amostra\/","og_locale":"fr_FR","og_type":"article","og_title":"P\u00e1gina de amostra - Diginewsworld","og_description":"Esta \u00e9 uma p\u00e1gina de exemplo. \u00c9 diferente de um post de blog porque vai ficar em um lugar e vai aparecer na navega\u00e7\u00e3o do seu site (na maioria dos temas). A maioria das pessoas come\u00e7a com uma p\u00e1gina Sobre que os apresenta aos potenciais visitantes do site. Ela pode dizer algo como isto: Hi &hellip;","og_url":"https:\/\/diginewsworld.com\/fr\/page-the-amostra\/","og_site_name":"Diginewsworld","twitter_card":"summary_large_image","twitter_misc":{"Dur\u00e9e de lecture estim\u00e9e":"1 minute"},"schema":{"@context":"https:\/\/schema.org","@graph":[{"@type":"WebPage","@id":"https:\/\/diginewsworld.com\/en\/page-the-amostra\/","url":"https:\/\/diginewsworld.com\/en\/page-the-amostra\/","name":"P\u00e1gina de amostra - Diginewsworld","isPartOf":{"@id":"http:\/\/diginewsworld.com\/nl\/#website"},"datePublished":"2021-04-12T12:49:05+00:00","dateModified":"2021-04-12T12:49:05+00:00","breadcrumb":{"@id":"https:\/\/diginewsworld.com\/en\/page-the-amostra\/#breadcrumb"},"inLanguage":"fr-FR","potentialAction":[{"@type":"ReadAction","target":["https:\/\/diginewsworld.com\/en\/page-the-amostra\/"]}]},{"@type":"BreadcrumbList","@id":"https:\/\/diginewsworld.com\/en\/page-the-amostra\/#breadcrumb","itemListElement":[{"@type":"ListItem","position":1,"name":"Home","item":"http:\/\/diginewsworld.com\/nl\/"},{"@type":"ListItem","position":2,"name":"P\u00e1gina de amostra"}]},{"@type":"WebSite","@id":"http:\/\/diginewsworld.com\/nl\/#website","url":"http:\/\/diginewsworld.com\/nl\/","name":"Diginewsworld","description":"","potentialAction":[{"@type":"SearchAction","target":{"@type":"EntryPoint","urlTemplate":"http:\/\/diginewsworld.com\/nl\/?s={search_term_string}"},"query-input":"required name=search_term_string"}],"inLanguage":"fr-FR"}]}},"_links":{"self":[{"href":"https:\/\/diginewsworld.com\/fr\/wp-json\/wp\/v2\/pages\/74","targetHints":{"allow":["GET"]}}],"collection":[{"href":"https:\/\/diginewsworld.com\/fr\/wp-json\/wp\/v2\/pages"}],"about":[{"href":"https:\/\/diginewsworld.com\/fr\/wp-json\/wp\/v2\/types\/page"}],"author":[{"embeddable":true,"href":"https:\/\/diginewsworld.com\/fr\/wp-json\/wp\/v2\/users\/1"}],"replies":[{"embeddable":true,"href":"https:\/\/diginewsworld.com\/fr\/wp-json\/wp\/v2\/comments?post=74"}],"version-history":[{"count":0,"href":"https:\/\/diginewsworld.com\/fr\/wp-json\/wp\/v2\/pages\/74\/revisions"}],"wp:attachment":[{"href":"https:\/\/diginewsworld.com\/fr\/wp-json\/wp\/v2\/media?parent=74"}],"curies":[{"name":"wp","href":"https:\/\/api.w.org\/{rel}","templated":true}]}}