{"id":80,"date":"2021-04-12T12:49:12","date_gmt":"2021-04-12T12:49:12","guid":{"rendered":"https:\/\/diginewsworld.com\/przykladowa-strona\/"},"modified":"2021-04-12T12:49:12","modified_gmt":"2021-04-12T12:49:12","slug":"przykladowa-strona","status":"publish","type":"page","link":"https:\/\/diginewsworld.com\/fr\/przykladowa-strona\/","title":{"rendered":"Couronne de Przyk\u0142adowa"},"content":{"rendered":"<p>C'est la premi\u00e8re fois que cela se produit. Je voudrais attirer votre attention sur le billet du blog, car il s'agit d'une position qui est tr\u00e8s importante pour une personne et qui est tr\u00e8s importante pour d'autres (en termes de motifs). Il y a beaucoup de confusion entre nous, ce qui a conduit \u00e0 leur destruction potentielle. Nous devons \u00eatre en mesure de le faire :<\/p>\n\n\n\n<blockquote class=\"wp-block-quote is-layout-flow wp-block-quote-is-layout-flow\"><p>Witam ! Je voudrais remercier le rapporteur pour son travail, ainsi que le rapporteur pour son travail dans le pass\u00e9, et pour l'Internet. Mieszkam w Los Angeles, mam wspania\u0142ego psa o imieniu Jack i lubi\u0119 pi\u00f1a coladas. (Je z\u0142apa\u0107 si\u0119 w deszczu.)<\/p><\/blockquote> <\/p><\/div> <\/p><\/div> <\/p> <p>Dzi\u0119kuj\u0119.\n\n\n\n<p>...lub co\u015b w tym stylu :<\/p> <\/p> <p>\n\n\n\n<blockquote class=\"wp-block-quote is-layout-flow wp-block-quote-is-layout-flow\"><p>La soci\u00e9t\u00e9 XYZ Doohickey Company a \u00e9t\u00e9 cr\u00e9\u00e9e en 1971 et depuis lors, elle s'occupe de l'\u00e9laboration d'une gamme de produits destin\u00e9s aux enfants de 15 ans et plus. Zlokalizowana w Gotham City, firma XYZ zatrudnia ponad 2000 os\u00f3b i robi wiele wspania\u0142ych rzeczy dla spo\u0142eczno\u015bci Gotham.<\/p><\/blockquote>\n\n\n\n<p>Maintenant que nous utilisons WordPress, nous sommes pr\u00eats \u00e0 vous aider. <a href=\"https:\/\/diginewsworld.com\/wp-admin\/\">Twojego pulpitu nawigacyjnego<\/a>Nous devons profiter de cette occasion pour d\u00e9velopper de nouvelles id\u00e9es dans notre propre int\u00e9r\u00eat. Merci beaucoup !<\/p> <p>","protected":false},"excerpt":{"rendered":"<p>To jest przyk\u0142adowa strona. R\u00f3\u017cni si\u0119 ona od posta na blogu, poniewa\u017c pozostanie w jednym miejscu i b\u0119dzie widoczna w nawigacji witryny (w wi\u0119kszo\u015bci motyw\u00f3w). Wi\u0119kszo\u015b\u0107 ludzi zaczyna od strony O nas, kt\u00f3ra przedstawia ich potencjalnym odwiedzaj\u0105cym. Mo\u017ce ona zawiera\u0107 co\u015b takiego: Witam! Jestem pos\u0142a\u0144cem rowerowym za dnia, aspiruj\u0105cym aktorem w nocy, a to jest &hellip;<\/p>","protected":false},"author":1,"featured_media":0,"parent":0,"menu_order":0,"comment_status":"closed","ping_status":"closed","template":"","meta":{"footnotes":""},"class_list":["post-80","page","type-page","status-publish","hentry"],"yoast_head":"<!-- This site is optimized with the Yoast SEO plugin v19.6.1 - https:\/\/yoast.com\/wordpress\/plugins\/seo\/ -->\n<title>Przyk\u0142adowa strona - Diginewsworld<\/title>\n<meta name=\"robots\" content=\"index, follow, max-snippet:-1, max-image-preview:large, max-video-preview:-1\" \/>\n<link rel=\"canonical\" href=\"https:\/\/diginewsworld.com\/fr\/przykladowa-strona\/\" \/>\n<meta property=\"og:locale\" content=\"fr_FR\" \/>\n<meta property=\"og:type\" content=\"article\" \/>\n<meta property=\"og:title\" content=\"Przyk\u0142adowa strona - Diginewsworld\" \/>\n<meta property=\"og:description\" content=\"To jest przyk\u0142adowa strona. R\u00f3\u017cni si\u0119 ona od posta na blogu, poniewa\u017c pozostanie w jednym miejscu i b\u0119dzie widoczna w nawigacji witryny (w wi\u0119kszo\u015bci motyw\u00f3w). Wi\u0119kszo\u015b\u0107 ludzi zaczyna od strony O nas, kt\u00f3ra przedstawia ich potencjalnym odwiedzaj\u0105cym. Mo\u017ce ona zawiera\u0107 co\u015b takiego: Witam! Jestem pos\u0142a\u0144cem rowerowym za dnia, aspiruj\u0105cym aktorem w nocy, a to jest &hellip;\" \/>\n<meta property=\"og:url\" content=\"https:\/\/diginewsworld.com\/fr\/przykladowa-strona\/\" \/>\n<meta property=\"og:site_name\" content=\"Diginewsworld\" \/>\n<meta name=\"twitter:card\" content=\"summary_large_image\" \/>\n<meta name=\"twitter:label1\" content=\"Dur\u00e9e de lecture estim\u00e9e\" \/>\n\t<meta name=\"twitter:data1\" content=\"1 minute\" \/>\n<script type=\"application\/ld+json\" class=\"yoast-schema-graph\">{\"@context\":\"https:\/\/schema.org\",\"@graph\":[{\"@type\":\"WebPage\",\"@id\":\"https:\/\/diginewsworld.com\/fr\/przykladowa-strona\/\",\"url\":\"https:\/\/diginewsworld.com\/fr\/przykladowa-strona\/\",\"name\":\"Przyk\u0142adowa strona - Diginewsworld\",\"isPartOf\":{\"@id\":\"http:\/\/diginewsworld.com\/nl\/#website\"},\"datePublished\":\"2021-04-12T12:49:12+00:00\",\"dateModified\":\"2021-04-12T12:49:12+00:00\",\"breadcrumb\":{\"@id\":\"https:\/\/diginewsworld.com\/fr\/przykladowa-strona\/#breadcrumb\"},\"inLanguage\":\"fr-FR\",\"potentialAction\":[{\"@type\":\"ReadAction\",\"target\":[\"https:\/\/diginewsworld.com\/fr\/przykladowa-strona\/\"]}]},{\"@type\":\"BreadcrumbList\",\"@id\":\"https:\/\/diginewsworld.com\/fr\/przykladowa-strona\/#breadcrumb\",\"itemListElement\":[{\"@type\":\"ListItem\",\"position\":1,\"name\":\"Home\",\"item\":\"http:\/\/diginewsworld.com\/nl\/\"},{\"@type\":\"ListItem\",\"position\":2,\"name\":\"Przyk\u0142adowa strona\"}]},{\"@type\":\"WebSite\",\"@id\":\"http:\/\/diginewsworld.com\/nl\/#website\",\"url\":\"http:\/\/diginewsworld.com\/nl\/\",\"name\":\"Diginewsworld\",\"description\":\"\",\"potentialAction\":[{\"@type\":\"SearchAction\",\"target\":{\"@type\":\"EntryPoint\",\"urlTemplate\":\"http:\/\/diginewsworld.com\/nl\/?s={search_term_string}\"},\"query-input\":\"required name=search_term_string\"}],\"inLanguage\":\"fr-FR\"}]}<\/script>\n<!-- \/ Yoast SEO plugin. -->","yoast_head_json":{"title":"Przyk\u0142adowa strona - Diginewsworld","robots":{"index":"index","follow":"follow","max-snippet":"max-snippet:-1","max-image-preview":"max-image-preview:large","max-video-preview":"max-video-preview:-1"},"canonical":"https:\/\/diginewsworld.com\/fr\/przykladowa-strona\/","og_locale":"fr_FR","og_type":"article","og_title":"Przyk\u0142adowa strona - Diginewsworld","og_description":"To jest przyk\u0142adowa strona. R\u00f3\u017cni si\u0119 ona od posta na blogu, poniewa\u017c pozostanie w jednym miejscu i b\u0119dzie widoczna w nawigacji witryny (w wi\u0119kszo\u015bci motyw\u00f3w). Wi\u0119kszo\u015b\u0107 ludzi zaczyna od strony O nas, kt\u00f3ra przedstawia ich potencjalnym odwiedzaj\u0105cym. Mo\u017ce ona zawiera\u0107 co\u015b takiego: Witam! Jestem pos\u0142a\u0144cem rowerowym za dnia, aspiruj\u0105cym aktorem w nocy, a to jest &hellip;","og_url":"https:\/\/diginewsworld.com\/fr\/przykladowa-strona\/","og_site_name":"Diginewsworld","twitter_card":"summary_large_image","twitter_misc":{"Dur\u00e9e de lecture estim\u00e9e":"1 minute"},"schema":{"@context":"https:\/\/schema.org","@graph":[{"@type":"WebPage","@id":"https:\/\/diginewsworld.com\/fr\/przykladowa-strona\/","url":"https:\/\/diginewsworld.com\/fr\/przykladowa-strona\/","name":"Przyk\u0142adowa strona - Diginewsworld","isPartOf":{"@id":"http:\/\/diginewsworld.com\/nl\/#website"},"datePublished":"2021-04-12T12:49:12+00:00","dateModified":"2021-04-12T12:49:12+00:00","breadcrumb":{"@id":"https:\/\/diginewsworld.com\/fr\/przykladowa-strona\/#breadcrumb"},"inLanguage":"fr-FR","potentialAction":[{"@type":"ReadAction","target":["https:\/\/diginewsworld.com\/fr\/przykladowa-strona\/"]}]},{"@type":"BreadcrumbList","@id":"https:\/\/diginewsworld.com\/fr\/przykladowa-strona\/#breadcrumb","itemListElement":[{"@type":"ListItem","position":1,"name":"Home","item":"http:\/\/diginewsworld.com\/nl\/"},{"@type":"ListItem","position":2,"name":"Przyk\u0142adowa strona"}]},{"@type":"WebSite","@id":"http:\/\/diginewsworld.com\/nl\/#website","url":"http:\/\/diginewsworld.com\/nl\/","name":"Diginewsworld","description":"","potentialAction":[{"@type":"SearchAction","target":{"@type":"EntryPoint","urlTemplate":"http:\/\/diginewsworld.com\/nl\/?s={search_term_string}"},"query-input":"required name=search_term_string"}],"inLanguage":"fr-FR"}]}},"_links":{"self":[{"href":"https:\/\/diginewsworld.com\/fr\/wp-json\/wp\/v2\/pages\/80","targetHints":{"allow":["GET"]}}],"collection":[{"href":"https:\/\/diginewsworld.com\/fr\/wp-json\/wp\/v2\/pages"}],"about":[{"href":"https:\/\/diginewsworld.com\/fr\/wp-json\/wp\/v2\/types\/page"}],"author":[{"embeddable":true,"href":"https:\/\/diginewsworld.com\/fr\/wp-json\/wp\/v2\/users\/1"}],"replies":[{"embeddable":true,"href":"https:\/\/diginewsworld.com\/fr\/wp-json\/wp\/v2\/comments?post=80"}],"version-history":[{"count":0,"href":"https:\/\/diginewsworld.com\/fr\/wp-json\/wp\/v2\/pages\/80\/revisions"}],"wp:attachment":[{"href":"https:\/\/diginewsworld.com\/fr\/wp-json\/wp\/v2\/media?parent=80"}],"curies":[{"name":"wp","href":"https:\/\/api.w.org\/{rel}","templated":true}]}}