{"id":82,"date":"2021-04-12T12:49:13","date_gmt":"2021-04-12T12:49:13","guid":{"rendered":"https:\/\/diginewsworld.com\/%d1%81%d1%82%d1%80%d0%b0%d0%bd%d0%b8%d1%86%d0%b0-%d0%be%d0%b1%d1%80%d0%b0%d0%b7%d1%86%d0%b0\/"},"modified":"2021-04-12T12:49:13","modified_gmt":"2021-04-12T12:49:13","slug":"%d1%81%d1%82%d1%80%d0%b0%d0%bd%d0%b8%d1%86%d0%b0-%d0%be%d0%b1%d1%80%d0%b0%d0%b7%d1%86%d0%b0","status":"publish","type":"page","link":"https:\/\/diginewsworld.com\/fr\/%d1%81%d1%82%d1%80%d0%b0%d0%bd%d0%b8%d1%86%d0%b0-%d0%be%d0%b1%d1%80%d0%b0%d0%b7%d1%86%d0%b0\/","title":{"rendered":"\u0421\u0442\u0440\u0430\u043d\u0438\u0446\u0430 \u043e\u0431\u0440\u0430\u0437\u0446\u0430"},"content":{"rendered":"<p>Il n'y a aucune raison de ne pas le faire. Je pense qu'il est tr\u00e8s important que les habitants de la r\u00e9gion puissent voir les r\u00e9sultats de leur travail et qu'ils soient en mesure de les constater par eux-m\u00eames. A propos de, \u043a\u043e\u0442\u043e\u0440\u0430\u044f \u0437\u043d\u0430\u043a\u043e\u043c\u0438\u0442 \u0438\u0445 \u0441 \u043f\u043e\u0442\u0435\u043d\u0446\u0438\u0430\u043b\u044c\u043d\u044b\u043c\u0438 \u043f\u043e\u0441\u0435\u0442\u0438\u0442\u0435\u043b\u044f\u043c\u0438 \u0441\u0430\u0439\u0442\u0430. N'oublions pas que c'est nous qui en subissons les cons\u00e9quences :<\/p>.\n\n\n\n<blockquote class=\"wp-block-quote is-layout-flow wp-block-quote-is-layout-flow\"><p>Il n'y a rien \u00e0 faire ! Nous sommes conscients du fait qu'il y a beaucoup d'argent en jeu, mais nous sommes \u00e9galement conscients du fait qu'il y a beaucoup d'argent en jeu. Il n'y a aucune raison de ne pas le faire. Il y a aussi la possibilit\u00e9 de faire des \u00e9conomies. (\u0418 \u043f\u043e\u043f\u0430\u0434\u0430\u044e \u043f\u043e\u0434 \u0434\u043e\u0436\u0434\u044c.) <\/p><\/blockquote>\n\n\n\n<p>...\u0438\u043b\u0438 \u0447\u0442\u043e-\u0442\u043e \u0432\u0440\u043e\u0434\u0435 \u044d\u0442\u043e\u0433\u043e :<\/p>\n\n\n\n<blockquote class=\"wp-block-\u0446\u0438\u0442\u0430\u0442\u0430 is-layout-flow wp-block-quote-is-layout-flow\"><p>Le Doohickey de XYZ a \u00e9t\u00e9 con\u00e7u en 1971, et a permis d'am\u00e9liorer la qualit\u00e9 de vie des gens qui l'utilisent. La communaut\u00e9 de Gotham.<\/p><\/blockquote>.\n\n\n\n<p>\u041d\u043e\u0432\u044b\u0439 \u043f\u043e\u043b\u044c\u0437\u043e\u0432\u0430\u0442\u0435\u043b\u044c WordPress \u0434\u043e\u043b\u0436\u0435\u043d \u0437\u0430\u0439\u0442\u0438 \u043d\u0430 <a href=\"https:\/\/diginewsworld.com\/wp-admin\/\">\u0432\u0430\u0448\u0430 \u043f\u0430\u043d\u0435\u043b\u044c \u0443\u043f\u0440\u0430\u0432\u043b\u0435\u043d\u0438\u044f<\/a>Je pense qu'il est juste d'\u00eatre \u044d\u0442\u0443 \u0441\u0442\u0440\u0430\u043d\u0438\u0446\u0443 \u0438 \u0441\u043e\u0437\u0434\u0430\u0442\u044c \u043d\u043e\u0432\u044b\u0435 \u0441\u0442\u0440\u0430\u043d\u0438\u0446\u044b \u0434\u043b\u044f \u0432\u0430\u0448\u0435\u0433\u043e \u043a\u043e\u043d\u0442\u0435\u043d\u0442\u0430. C'est le cas !<\/p>","protected":false},"excerpt":{"rendered":"<p>\u042d\u0442\u043e \u043f\u0440\u0438\u043c\u0435\u0440 \u0441\u0442\u0440\u0430\u043d\u0438\u0446\u044b. \u041e\u043d\u0430 \u043e\u0442\u043b\u0438\u0447\u0430\u0435\u0442\u0441\u044f \u043e\u0442 \u0437\u0430\u043f\u0438\u0441\u0438 \u0432 \u0431\u043b\u043e\u0433\u0435 \u0442\u0435\u043c, \u0447\u0442\u043e \u043e\u0441\u0442\u0430\u043d\u0435\u0442\u0441\u044f \u0432 \u043e\u0434\u043d\u043e\u043c \u043c\u0435\u0441\u0442\u0435 \u0438 \u0431\u0443\u0434\u0435\u0442 \u043e\u0442\u043e\u0431\u0440\u0430\u0436\u0430\u0442\u044c\u0441\u044f \u0432 \u043d\u0430\u0432\u0438\u0433\u0430\u0446\u0438\u0438 \u043f\u043e \u0432\u0430\u0448\u0435\u043c\u0443 \u0441\u0430\u0439\u0442\u0443 (\u0432 \u0431\u043e\u043b\u044c\u0448\u0438\u043d\u0441\u0442\u0432\u0435 \u0442\u0435\u043c). \u0411\u043e\u043b\u044c\u0448\u0438\u043d\u0441\u0442\u0432\u043e \u043b\u044e\u0434\u0435\u0439 \u043d\u0430\u0447\u0438\u043d\u0430\u044e\u0442 \u0441\u043e \u0441\u0442\u0440\u0430\u043d\u0438\u0446\u044b About, \u043a\u043e\u0442\u043e\u0440\u0430\u044f \u0437\u043d\u0430\u043a\u043e\u043c\u0438\u0442 \u0438\u0445 \u0441 \u043f\u043e\u0442\u0435\u043d\u0446\u0438\u0430\u043b\u044c\u043d\u044b\u043c\u0438 \u043f\u043e\u0441\u0435\u0442\u0438\u0442\u0435\u043b\u044f\u043c\u0438 \u0441\u0430\u0439\u0442\u0430. \u041d\u0430 \u043d\u0435\u0439 \u043c\u043e\u0436\u0435\u0442 \u0431\u044b\u0442\u044c \u043d\u0430\u043f\u0438\u0441\u0430\u043d\u043e \u0447\u0442\u043e-\u0442\u043e \u0432\u0440\u043e\u0434\u0435 \u044d\u0442\u043e\u0433\u043e:. \u0417\u0434\u0440\u0430\u0432\u0441\u0442\u0432\u0443\u0439\u0442\u0435! \u0414\u043d\u0435\u043c \u044f \u0432\u0435\u043b\u043e\u0441\u0438\u043f\u0435\u0434\u043d\u044b\u0439 \u043c\u0435\u0441\u0441\u0435\u043d\u0434\u0436\u0435\u0440, \u043d\u043e\u0447\u044c\u044e &#8211; \u043d\u0430\u0447\u0438\u043d\u0430\u044e\u0449\u0438\u0439 &hellip;<\/p>","protected":false},"author":1,"featured_media":0,"parent":0,"menu_order":0,"comment_status":"closed","ping_status":"closed","template":"","meta":{"footnotes":""},"class_list":["post-82","page","type-page","status-publish","hentry"],"yoast_head":"<!-- This site is optimized with the Yoast SEO plugin v19.6.1 - https:\/\/yoast.com\/wordpress\/plugins\/seo\/ -->\n<title>\u0421\u0442\u0440\u0430\u043d\u0438\u0446\u0430 \u043e\u0431\u0440\u0430\u0437\u0446\u0430 - Diginewsworld<\/title>\n<meta name=\"robots\" content=\"index, follow, max-snippet:-1, max-image-preview:large, max-video-preview:-1\" \/>\n<link rel=\"canonical\" href=\"https:\/\/diginewsworld.com\/fr\/\u0441\u0442\u0440\u0430\u043d\u0438\u0446\u0430-\u043e\u0431\u0440\u0430\u0437\u0446\u0430\/\" \/>\n<meta property=\"og:locale\" content=\"fr_FR\" \/>\n<meta property=\"og:type\" content=\"article\" \/>\n<meta property=\"og:title\" content=\"\u0421\u0442\u0440\u0430\u043d\u0438\u0446\u0430 \u043e\u0431\u0440\u0430\u0437\u0446\u0430 - Diginewsworld\" \/>\n<meta property=\"og:description\" content=\"\u042d\u0442\u043e \u043f\u0440\u0438\u043c\u0435\u0440 \u0441\u0442\u0440\u0430\u043d\u0438\u0446\u044b. \u041e\u043d\u0430 \u043e\u0442\u043b\u0438\u0447\u0430\u0435\u0442\u0441\u044f \u043e\u0442 \u0437\u0430\u043f\u0438\u0441\u0438 \u0432 \u0431\u043b\u043e\u0433\u0435 \u0442\u0435\u043c, \u0447\u0442\u043e \u043e\u0441\u0442\u0430\u043d\u0435\u0442\u0441\u044f \u0432 \u043e\u0434\u043d\u043e\u043c \u043c\u0435\u0441\u0442\u0435 \u0438 \u0431\u0443\u0434\u0435\u0442 \u043e\u0442\u043e\u0431\u0440\u0430\u0436\u0430\u0442\u044c\u0441\u044f \u0432 \u043d\u0430\u0432\u0438\u0433\u0430\u0446\u0438\u0438 \u043f\u043e \u0432\u0430\u0448\u0435\u043c\u0443 \u0441\u0430\u0439\u0442\u0443 (\u0432 \u0431\u043e\u043b\u044c\u0448\u0438\u043d\u0441\u0442\u0432\u0435 \u0442\u0435\u043c). \u0411\u043e\u043b\u044c\u0448\u0438\u043d\u0441\u0442\u0432\u043e \u043b\u044e\u0434\u0435\u0439 \u043d\u0430\u0447\u0438\u043d\u0430\u044e\u0442 \u0441\u043e \u0441\u0442\u0440\u0430\u043d\u0438\u0446\u044b About, \u043a\u043e\u0442\u043e\u0440\u0430\u044f \u0437\u043d\u0430\u043a\u043e\u043c\u0438\u0442 \u0438\u0445 \u0441 \u043f\u043e\u0442\u0435\u043d\u0446\u0438\u0430\u043b\u044c\u043d\u044b\u043c\u0438 \u043f\u043e\u0441\u0435\u0442\u0438\u0442\u0435\u043b\u044f\u043c\u0438 \u0441\u0430\u0439\u0442\u0430. \u041d\u0430 \u043d\u0435\u0439 \u043c\u043e\u0436\u0435\u0442 \u0431\u044b\u0442\u044c \u043d\u0430\u043f\u0438\u0441\u0430\u043d\u043e \u0447\u0442\u043e-\u0442\u043e \u0432\u0440\u043e\u0434\u0435 \u044d\u0442\u043e\u0433\u043e:. \u0417\u0434\u0440\u0430\u0432\u0441\u0442\u0432\u0443\u0439\u0442\u0435! \u0414\u043d\u0435\u043c \u044f \u0432\u0435\u043b\u043e\u0441\u0438\u043f\u0435\u0434\u043d\u044b\u0439 \u043c\u0435\u0441\u0441\u0435\u043d\u0434\u0436\u0435\u0440, \u043d\u043e\u0447\u044c\u044e &#8211; \u043d\u0430\u0447\u0438\u043d\u0430\u044e\u0449\u0438\u0439 &hellip;\" \/>\n<meta property=\"og:url\" content=\"https:\/\/diginewsworld.com\/fr\/\u0441\u0442\u0440\u0430\u043d\u0438\u0446\u0430-\u043e\u0431\u0440\u0430\u0437\u0446\u0430\/\" \/>\n<meta property=\"og:site_name\" content=\"Diginewsworld\" \/>\n<meta name=\"twitter:card\" content=\"summary_large_image\" \/>\n<script type=\"application\/ld+json\" class=\"yoast-schema-graph\">{\"@context\":\"https:\/\/schema.org\",\"@graph\":[{\"@type\":\"WebPage\",\"@id\":\"https:\/\/diginewsworld.com\/fr\/%d1%81%d1%82%d1%80%d0%b0%d0%bd%d0%b8%d1%86%d0%b0-%d0%be%d0%b1%d1%80%d0%b0%d0%b7%d1%86%d0%b0\/\",\"url\":\"https:\/\/diginewsworld.com\/fr\/%d1%81%d1%82%d1%80%d0%b0%d0%bd%d0%b8%d1%86%d0%b0-%d0%be%d0%b1%d1%80%d0%b0%d0%b7%d1%86%d0%b0\/\",\"name\":\"\u0421\u0442\u0440\u0430\u043d\u0438\u0446\u0430 \u043e\u0431\u0440\u0430\u0437\u0446\u0430 - Diginewsworld\",\"isPartOf\":{\"@id\":\"http:\/\/diginewsworld.com\/nl\/#website\"},\"datePublished\":\"2021-04-12T12:49:13+00:00\",\"dateModified\":\"2021-04-12T12:49:13+00:00\",\"breadcrumb\":{\"@id\":\"https:\/\/diginewsworld.com\/fr\/%d1%81%d1%82%d1%80%d0%b0%d0%bd%d0%b8%d1%86%d0%b0-%d0%be%d0%b1%d1%80%d0%b0%d0%b7%d1%86%d0%b0\/#breadcrumb\"},\"inLanguage\":\"fr-FR\",\"potentialAction\":[{\"@type\":\"ReadAction\",\"target\":[\"https:\/\/diginewsworld.com\/fr\/%d1%81%d1%82%d1%80%d0%b0%d0%bd%d0%b8%d1%86%d0%b0-%d0%be%d0%b1%d1%80%d0%b0%d0%b7%d1%86%d0%b0\/\"]}]},{\"@type\":\"BreadcrumbList\",\"@id\":\"https:\/\/diginewsworld.com\/fr\/%d1%81%d1%82%d1%80%d0%b0%d0%bd%d0%b8%d1%86%d0%b0-%d0%be%d0%b1%d1%80%d0%b0%d0%b7%d1%86%d0%b0\/#breadcrumb\",\"itemListElement\":[{\"@type\":\"ListItem\",\"position\":1,\"name\":\"Home\",\"item\":\"http:\/\/diginewsworld.com\/nl\/\"},{\"@type\":\"ListItem\",\"position\":2,\"name\":\"\u0421\u0442\u0440\u0430\u043d\u0438\u0446\u0430 \u043e\u0431\u0440\u0430\u0437\u0446\u0430\"}]},{\"@type\":\"WebSite\",\"@id\":\"http:\/\/diginewsworld.com\/nl\/#website\",\"url\":\"http:\/\/diginewsworld.com\/nl\/\",\"name\":\"Diginewsworld\",\"description\":\"\",\"potentialAction\":[{\"@type\":\"SearchAction\",\"target\":{\"@type\":\"EntryPoint\",\"urlTemplate\":\"http:\/\/diginewsworld.com\/nl\/?s={search_term_string}\"},\"query-input\":\"required name=search_term_string\"}],\"inLanguage\":\"fr-FR\"}]}<\/script>\n<!-- \/ Yoast SEO plugin. -->","yoast_head_json":{"title":"\u0421\u0442\u0440\u0430\u043d\u0438\u0446\u0430 \u043e\u0431\u0440\u0430\u0437\u0446\u0430 - Diginewsworld","robots":{"index":"index","follow":"follow","max-snippet":"max-snippet:-1","max-image-preview":"max-image-preview:large","max-video-preview":"max-video-preview:-1"},"canonical":"https:\/\/diginewsworld.com\/fr\/\u0441\u0442\u0440\u0430\u043d\u0438\u0446\u0430-\u043e\u0431\u0440\u0430\u0437\u0446\u0430\/","og_locale":"fr_FR","og_type":"article","og_title":"\u0421\u0442\u0440\u0430\u043d\u0438\u0446\u0430 \u043e\u0431\u0440\u0430\u0437\u0446\u0430 - Diginewsworld","og_description":"\u042d\u0442\u043e \u043f\u0440\u0438\u043c\u0435\u0440 \u0441\u0442\u0440\u0430\u043d\u0438\u0446\u044b. \u041e\u043d\u0430 \u043e\u0442\u043b\u0438\u0447\u0430\u0435\u0442\u0441\u044f \u043e\u0442 \u0437\u0430\u043f\u0438\u0441\u0438 \u0432 \u0431\u043b\u043e\u0433\u0435 \u0442\u0435\u043c, \u0447\u0442\u043e \u043e\u0441\u0442\u0430\u043d\u0435\u0442\u0441\u044f \u0432 \u043e\u0434\u043d\u043e\u043c \u043c\u0435\u0441\u0442\u0435 \u0438 \u0431\u0443\u0434\u0435\u0442 \u043e\u0442\u043e\u0431\u0440\u0430\u0436\u0430\u0442\u044c\u0441\u044f \u0432 \u043d\u0430\u0432\u0438\u0433\u0430\u0446\u0438\u0438 \u043f\u043e \u0432\u0430\u0448\u0435\u043c\u0443 \u0441\u0430\u0439\u0442\u0443 (\u0432 \u0431\u043e\u043b\u044c\u0448\u0438\u043d\u0441\u0442\u0432\u0435 \u0442\u0435\u043c). \u0411\u043e\u043b\u044c\u0448\u0438\u043d\u0441\u0442\u0432\u043e \u043b\u044e\u0434\u0435\u0439 \u043d\u0430\u0447\u0438\u043d\u0430\u044e\u0442 \u0441\u043e \u0441\u0442\u0440\u0430\u043d\u0438\u0446\u044b About, \u043a\u043e\u0442\u043e\u0440\u0430\u044f \u0437\u043d\u0430\u043a\u043e\u043c\u0438\u0442 \u0438\u0445 \u0441 \u043f\u043e\u0442\u0435\u043d\u0446\u0438\u0430\u043b\u044c\u043d\u044b\u043c\u0438 \u043f\u043e\u0441\u0435\u0442\u0438\u0442\u0435\u043b\u044f\u043c\u0438 \u0441\u0430\u0439\u0442\u0430. \u041d\u0430 \u043d\u0435\u0439 \u043c\u043e\u0436\u0435\u0442 \u0431\u044b\u0442\u044c \u043d\u0430\u043f\u0438\u0441\u0430\u043d\u043e \u0447\u0442\u043e-\u0442\u043e \u0432\u0440\u043e\u0434\u0435 \u044d\u0442\u043e\u0433\u043e:. \u0417\u0434\u0440\u0430\u0432\u0441\u0442\u0432\u0443\u0439\u0442\u0435! \u0414\u043d\u0435\u043c \u044f \u0432\u0435\u043b\u043e\u0441\u0438\u043f\u0435\u0434\u043d\u044b\u0439 \u043c\u0435\u0441\u0441\u0435\u043d\u0434\u0436\u0435\u0440, \u043d\u043e\u0447\u044c\u044e &#8211; \u043d\u0430\u0447\u0438\u043d\u0430\u044e\u0449\u0438\u0439 &hellip;","og_url":"https:\/\/diginewsworld.com\/fr\/\u0441\u0442\u0440\u0430\u043d\u0438\u0446\u0430-\u043e\u0431\u0440\u0430\u0437\u0446\u0430\/","og_site_name":"Diginewsworld","twitter_card":"summary_large_image","schema":{"@context":"https:\/\/schema.org","@graph":[{"@type":"WebPage","@id":"https:\/\/diginewsworld.com\/fr\/%d1%81%d1%82%d1%80%d0%b0%d0%bd%d0%b8%d1%86%d0%b0-%d0%be%d0%b1%d1%80%d0%b0%d0%b7%d1%86%d0%b0\/","url":"https:\/\/diginewsworld.com\/fr\/%d1%81%d1%82%d1%80%d0%b0%d0%bd%d0%b8%d1%86%d0%b0-%d0%be%d0%b1%d1%80%d0%b0%d0%b7%d1%86%d0%b0\/","name":"\u0421\u0442\u0440\u0430\u043d\u0438\u0446\u0430 \u043e\u0431\u0440\u0430\u0437\u0446\u0430 - Diginewsworld","isPartOf":{"@id":"http:\/\/diginewsworld.com\/nl\/#website"},"datePublished":"2021-04-12T12:49:13+00:00","dateModified":"2021-04-12T12:49:13+00:00","breadcrumb":{"@id":"https:\/\/diginewsworld.com\/fr\/%d1%81%d1%82%d1%80%d0%b0%d0%bd%d0%b8%d1%86%d0%b0-%d0%be%d0%b1%d1%80%d0%b0%d0%b7%d1%86%d0%b0\/#breadcrumb"},"inLanguage":"fr-FR","potentialAction":[{"@type":"ReadAction","target":["https:\/\/diginewsworld.com\/fr\/%d1%81%d1%82%d1%80%d0%b0%d0%bd%d0%b8%d1%86%d0%b0-%d0%be%d0%b1%d1%80%d0%b0%d0%b7%d1%86%d0%b0\/"]}]},{"@type":"BreadcrumbList","@id":"https:\/\/diginewsworld.com\/fr\/%d1%81%d1%82%d1%80%d0%b0%d0%bd%d0%b8%d1%86%d0%b0-%d0%be%d0%b1%d1%80%d0%b0%d0%b7%d1%86%d0%b0\/#breadcrumb","itemListElement":[{"@type":"ListItem","position":1,"name":"Home","item":"http:\/\/diginewsworld.com\/nl\/"},{"@type":"ListItem","position":2,"name":"\u0421\u0442\u0440\u0430\u043d\u0438\u0446\u0430 \u043e\u0431\u0440\u0430\u0437\u0446\u0430"}]},{"@type":"WebSite","@id":"http:\/\/diginewsworld.com\/nl\/#website","url":"http:\/\/diginewsworld.com\/nl\/","name":"Diginewsworld","description":"","potentialAction":[{"@type":"SearchAction","target":{"@type":"EntryPoint","urlTemplate":"http:\/\/diginewsworld.com\/nl\/?s={search_term_string}"},"query-input":"required name=search_term_string"}],"inLanguage":"fr-FR"}]}},"_links":{"self":[{"href":"https:\/\/diginewsworld.com\/fr\/wp-json\/wp\/v2\/pages\/82","targetHints":{"allow":["GET"]}}],"collection":[{"href":"https:\/\/diginewsworld.com\/fr\/wp-json\/wp\/v2\/pages"}],"about":[{"href":"https:\/\/diginewsworld.com\/fr\/wp-json\/wp\/v2\/types\/page"}],"author":[{"embeddable":true,"href":"https:\/\/diginewsworld.com\/fr\/wp-json\/wp\/v2\/users\/1"}],"replies":[{"embeddable":true,"href":"https:\/\/diginewsworld.com\/fr\/wp-json\/wp\/v2\/comments?post=82"}],"version-history":[{"count":0,"href":"https:\/\/diginewsworld.com\/fr\/wp-json\/wp\/v2\/pages\/82\/revisions"}],"wp:attachment":[{"href":"https:\/\/diginewsworld.com\/fr\/wp-json\/wp\/v2\/media?parent=82"}],"curies":[{"name":"wp","href":"https:\/\/api.w.org\/{rel}","templated":true}]}}