{"id":28,"date":"2021-04-12T12:47:18","date_gmt":"2021-04-12T12:47:18","guid":{"rendered":"https:\/\/diginewsworld.com\/elementor-6-5\/"},"modified":"2021-04-12T12:47:18","modified_gmt":"2021-04-12T12:47:18","slug":"elementor-6-5","status":"publish","type":"page","link":"https:\/\/diginewsworld.com\/nl\/elementor-6-5\/","title":{"rendered":"Elementor #6"},"content":{"rendered":"\t\t<div data-elementor-type=\"wp-post\" data-elementor-id=\"28\" class=\"elementor elementor-28\">\n\t\t\t\t\t\t\t\t\t<section class=\"elementor-section elementor-top-section elementor-element elementor-element-75e1d1e elementor-section-boxed elementor-section-height-default elementor-section-height-default\" data-id=\"75e1d1e\" data-element_type=\"section\">\n\t\t\t\t\t\t<div class=\"elementor-container elementor-column-gap-default\">\n\t\t\t\t\t<div class=\"elementor-column elementor-col-100 elementor-top-column elementor-element elementor-element-8eb479d\" data-id=\"8eb479d\" data-element_type=\"column\">\n\t\t\t<div class=\"elementor-widget-wrap elementor-element-populated\">\n\t\t\t\t\t\t\t\t<div class=\"elementor-element elementor-element-d86960a elementor-widget elementor-widget-text-editor\" data-id=\"d86960a\" data-element_type=\"widget\" data-widget_type=\"text-editor.default\">\n\t\t\t\t<div class=\"elementor-widget-container\">\n\t\t\t\t\t\t\t<\/p> <p>La pression sur les h\u00f4pitaux Mais le soulagement \u00e9tait de mise parmi les travailleurs hospitaliers, qui ont \u00e9t\u00e9 constern\u00e9s la semaine derni\u00e8re d&#8217;apprendre que le gouvernement cherchait \u00e0 assouplir les restrictions alors que pr\u00e8s des trois quarts des lits de soins intensifs sont occup\u00e9s par des patients atteints du coronavirus. Dimanche, 8 288 nouvelles infections ont \u00e9t\u00e9 annonc\u00e9es, le nombre quotidien le plus \u00e9lev\u00e9 depuis deux semaines, tandis que plus de 2 500 personnes sont trait\u00e9es \u00e0 l&#8217;h\u00f4pital pour le virus, dont 788 en soins intensifs. Ad Melkert, directeur g\u00e9n\u00e9ral de l&#8217;association n\u00e9erlandaise des h\u00f4pitaux NVZ, a d\u00e9clar\u00e9 : &#8220;C&#8217;est difficile pour les personnes qui avaient esp\u00e9r\u00e9 ou pr\u00e9vu un assouplissement des restrictions. Mais ils sont encore n\u00e9cessaires de toute urgence, car nos h\u00f4pitaux sont d\u00e9bord\u00e9s. Nous devons d&#8217;abord ma\u00eetriser le virus, vacciner davantage de personnes et all\u00e9ger la pression sur les h\u00f4pitaux. Ensuite, lentement mais s\u00fbrement, nous pourrons commencer \u00e0 revenir \u00e0 la normale, mais je pense que cela prendra quelques semaines.&#8217;<\/p>\t\t\t\t\t\t<\/div>\n\t\t\t\t<\/div>\n\t\t\t\t\t<\/div>\n\t\t<\/div>\n\t\t\t\t\t\t\t<\/div>\n\t\t<\/section>\n\t\t\t\t\t\t\t<\/div>\n\t\t","protected":false},"excerpt":{"rendered":"<p>La pression sur les h\u00f4pitaux Mais le soulagement \u00e9tait de mise parmi les travailleurs hospitaliers, qui ont \u00e9t\u00e9 constern\u00e9s la semaine derni\u00e8re d&#8217;apprendre que le gouvernement cherchait \u00e0 assouplir les restrictions alors que pr\u00e8s des trois quarts des lits de soins intensifs sont occup\u00e9s par des patients atteints du coronavirus. Dimanche, 8 288 nouvelles infections &hellip;<\/p>\n","protected":false},"author":1,"featured_media":0,"parent":0,"menu_order":0,"comment_status":"closed","ping_status":"closed","template":"","meta":{"footnotes":""},"class_list":["post-28","page","type-page","status-publish","hentry"],"yoast_head":"<!-- This site is optimized with the Yoast SEO plugin v19.6.1 - https:\/\/yoast.com\/wordpress\/plugins\/seo\/ -->\n<title>Elementor #6 - Diginewsworld<\/title>\n<meta name=\"robots\" content=\"index, follow, max-snippet:-1, max-image-preview:large, max-video-preview:-1\" \/>\n<link rel=\"canonical\" href=\"https:\/\/diginewsworld.com\/nl\/elementor-6-5\/\" \/>\n<meta property=\"og:locale\" content=\"nl_NL\" \/>\n<meta property=\"og:type\" content=\"article\" \/>\n<meta property=\"og:title\" content=\"Elementor #6 - Diginewsworld\" \/>\n<meta property=\"og:description\" content=\"La pression sur les h\u00f4pitaux Mais le soulagement \u00e9tait de mise parmi les travailleurs hospitaliers, qui ont \u00e9t\u00e9 constern\u00e9s la semaine derni\u00e8re d&#8217;apprendre que le gouvernement cherchait \u00e0 assouplir les restrictions alors que pr\u00e8s des trois quarts des lits de soins intensifs sont occup\u00e9s par des patients atteints du coronavirus. Dimanche, 8 288 nouvelles infections &hellip;\" \/>\n<meta property=\"og:url\" content=\"https:\/\/diginewsworld.com\/nl\/elementor-6-5\/\" \/>\n<meta property=\"og:site_name\" content=\"Diginewsworld\" \/>\n<meta name=\"twitter:card\" content=\"summary_large_image\" \/>\n<meta name=\"twitter:label1\" content=\"Geschatte leestijd\" \/>\n\t<meta name=\"twitter:data1\" content=\"1 minuut\" \/>\n<script type=\"application\/ld+json\" class=\"yoast-schema-graph\">{\"@context\":\"https:\/\/schema.org\",\"@graph\":[{\"@type\":\"WebPage\",\"@id\":\"https:\/\/diginewsworld.com\/nl\/elementor-6-5\/\",\"url\":\"https:\/\/diginewsworld.com\/nl\/elementor-6-5\/\",\"name\":\"Elementor #6 - Diginewsworld\",\"isPartOf\":{\"@id\":\"http:\/\/diginewsworld.com\/nl\/#website\"},\"datePublished\":\"2021-04-12T12:47:18+00:00\",\"dateModified\":\"2021-04-12T12:47:18+00:00\",\"breadcrumb\":{\"@id\":\"https:\/\/diginewsworld.com\/nl\/elementor-6-5\/#breadcrumb\"},\"inLanguage\":\"nl-NL\",\"potentialAction\":[{\"@type\":\"ReadAction\",\"target\":[\"https:\/\/diginewsworld.com\/nl\/elementor-6-5\/\"]}]},{\"@type\":\"BreadcrumbList\",\"@id\":\"https:\/\/diginewsworld.com\/nl\/elementor-6-5\/#breadcrumb\",\"itemListElement\":[{\"@type\":\"ListItem\",\"position\":1,\"name\":\"Home\",\"item\":\"http:\/\/diginewsworld.com\/nl\/\"},{\"@type\":\"ListItem\",\"position\":2,\"name\":\"Elementor #6\"}]},{\"@type\":\"WebSite\",\"@id\":\"http:\/\/diginewsworld.com\/nl\/#website\",\"url\":\"http:\/\/diginewsworld.com\/nl\/\",\"name\":\"Diginewsworld\",\"description\":\"\",\"potentialAction\":[{\"@type\":\"SearchAction\",\"target\":{\"@type\":\"EntryPoint\",\"urlTemplate\":\"http:\/\/diginewsworld.com\/nl\/?s={search_term_string}\"},\"query-input\":\"required name=search_term_string\"}],\"inLanguage\":\"nl-NL\"}]}<\/script>\n<!-- \/ Yoast SEO plugin. -->","yoast_head_json":{"title":"Elementor #6 - Diginewsworld","robots":{"index":"index","follow":"follow","max-snippet":"max-snippet:-1","max-image-preview":"max-image-preview:large","max-video-preview":"max-video-preview:-1"},"canonical":"https:\/\/diginewsworld.com\/nl\/elementor-6-5\/","og_locale":"nl_NL","og_type":"article","og_title":"Elementor #6 - Diginewsworld","og_description":"La pression sur les h\u00f4pitaux Mais le soulagement \u00e9tait de mise parmi les travailleurs hospitaliers, qui ont \u00e9t\u00e9 constern\u00e9s la semaine derni\u00e8re d&#8217;apprendre que le gouvernement cherchait \u00e0 assouplir les restrictions alors que pr\u00e8s des trois quarts des lits de soins intensifs sont occup\u00e9s par des patients atteints du coronavirus. Dimanche, 8 288 nouvelles infections &hellip;","og_url":"https:\/\/diginewsworld.com\/nl\/elementor-6-5\/","og_site_name":"Diginewsworld","twitter_card":"summary_large_image","twitter_misc":{"Geschatte leestijd":"1 minuut"},"schema":{"@context":"https:\/\/schema.org","@graph":[{"@type":"WebPage","@id":"https:\/\/diginewsworld.com\/nl\/elementor-6-5\/","url":"https:\/\/diginewsworld.com\/nl\/elementor-6-5\/","name":"Elementor #6 - Diginewsworld","isPartOf":{"@id":"http:\/\/diginewsworld.com\/nl\/#website"},"datePublished":"2021-04-12T12:47:18+00:00","dateModified":"2021-04-12T12:47:18+00:00","breadcrumb":{"@id":"https:\/\/diginewsworld.com\/nl\/elementor-6-5\/#breadcrumb"},"inLanguage":"nl-NL","potentialAction":[{"@type":"ReadAction","target":["https:\/\/diginewsworld.com\/nl\/elementor-6-5\/"]}]},{"@type":"BreadcrumbList","@id":"https:\/\/diginewsworld.com\/nl\/elementor-6-5\/#breadcrumb","itemListElement":[{"@type":"ListItem","position":1,"name":"Home","item":"http:\/\/diginewsworld.com\/nl\/"},{"@type":"ListItem","position":2,"name":"Elementor #6"}]},{"@type":"WebSite","@id":"http:\/\/diginewsworld.com\/nl\/#website","url":"http:\/\/diginewsworld.com\/nl\/","name":"Diginewsworld","description":"","potentialAction":[{"@type":"SearchAction","target":{"@type":"EntryPoint","urlTemplate":"http:\/\/diginewsworld.com\/nl\/?s={search_term_string}"},"query-input":"required name=search_term_string"}],"inLanguage":"nl-NL"}]}},"_links":{"self":[{"href":"https:\/\/diginewsworld.com\/nl\/wp-json\/wp\/v2\/pages\/28","targetHints":{"allow":["GET"]}}],"collection":[{"href":"https:\/\/diginewsworld.com\/nl\/wp-json\/wp\/v2\/pages"}],"about":[{"href":"https:\/\/diginewsworld.com\/nl\/wp-json\/wp\/v2\/types\/page"}],"author":[{"embeddable":true,"href":"https:\/\/diginewsworld.com\/nl\/wp-json\/wp\/v2\/users\/1"}],"replies":[{"embeddable":true,"href":"https:\/\/diginewsworld.com\/nl\/wp-json\/wp\/v2\/comments?post=28"}],"version-history":[{"count":0,"href":"https:\/\/diginewsworld.com\/nl\/wp-json\/wp\/v2\/pages\/28\/revisions"}],"wp:attachment":[{"href":"https:\/\/diginewsworld.com\/nl\/wp-json\/wp\/v2\/media?parent=28"}],"curies":[{"name":"wp","href":"https:\/\/api.w.org\/{rel}","templated":true}]}}