{"id":29,"date":"2021-04-12T12:47:20","date_gmt":"2021-04-12T12:47:20","guid":{"rendered":"https:\/\/diginewsworld.com\/elementor-6-6\/"},"modified":"2021-04-12T12:47:20","modified_gmt":"2021-04-12T12:47:20","slug":"elementor-6-6","status":"publish","type":"page","link":"https:\/\/diginewsworld.com\/nl\/elementor-6-6\/","title":{"rendered":"Elementor #6"},"content":{"rendered":"\t\t<div data-elementor-type=\"wp-post\" data-elementor-id=\"29\" class=\"elementor elementor-29\">\n\t\t\t\t\t\t\t\t\t<section class=\"elementor-section elementor-top-section elementor-element elementor-element-75e1d1e elementor-section-boxed elementor-section-height-default elementor-section-height-default\" data-id=\"75e1d1e\" data-element_type=\"section\">\n\t\t\t\t\t\t<div class=\"elementor-container elementor-column-gap-default\">\n\t\t\t\t\t<div class=\"elementor-column elementor-col-100 elementor-top-column elementor-element elementor-element-8eb479d\" data-id=\"8eb479d\" data-element_type=\"column\">\n\t\t\t<div class=\"elementor-widget-wrap elementor-element-populated\">\n\t\t\t\t\t\t\t\t<div class=\"elementor-element elementor-element-d86960a elementor-widget elementor-widget-text-editor\" data-id=\"d86960a\" data-element_type=\"widget\" data-widget_type=\"text-editor.default\">\n\t\t\t\t<div class=\"elementor-widget-container\">\n\t\t\t\t\t\t\t<p>La presi\u00f3n sobre los hospitales Pero hubo alivio entre los trabajadores de los hospitales, que se mostraron consternados la semana pasada al escuchar que el gobierno estaba buscando aliviar las restricciones mientras casi tres cuartas partes de las camas de cuidados intensivos est\u00e1n ocupadas por pacientes con coronavirus. El domingo se anunciaron 8.288 nuevos contagios, la mayor cifra diaria en dos semanas, mientras que m\u00e1s de 2.500 personas est\u00e1n siendo tratadas en el hospital por el virus, 788 de las cuales est\u00e1n en cuidados intensivos. Ad Melkert, director ejecutivo de la asociaci\u00f3n holandesa de hospitales NVZ, declar\u00f3: &#8220;Esto es duro para las personas que esperaban que se suavizaran las restricciones. Pero se necesitan urgentemente, porque nuestros hospitales est\u00e1n muy ocupados. En primer lugar, tenemos que controlar el virus, vacunar a m\u00e1s personas y aliviar la presi\u00f3n sobre los hospitales. Entonces, de forma lenta pero segura, podemos empezar a volver a la normalidad, pero creo que eso llevar\u00e1 unas semanas.&#8217;<\/p> <p>\t\t\t\t\t\t<\/div>\n\t\t\t\t<\/div>\n\t\t\t\t\t<\/div>\n\t\t<\/div>\n\t\t\t\t\t\t\t<\/div>\n\t\t<\/section>\n\t\t\t\t\t\t\t<\/div>\n\t\t","protected":false},"excerpt":{"rendered":"<p>La presi\u00f3n sobre los hospitales Pero hubo alivio entre los trabajadores de los hospitales, que se mostraron consternados la semana pasada al escuchar que el gobierno estaba buscando aliviar las restricciones mientras casi tres cuartas partes de las camas de cuidados intensivos est\u00e1n ocupadas por pacientes con coronavirus. El domingo se anunciaron 8.288 nuevos contagios, &hellip;<\/p>\n","protected":false},"author":1,"featured_media":0,"parent":0,"menu_order":0,"comment_status":"closed","ping_status":"closed","template":"","meta":{"footnotes":""},"class_list":["post-29","page","type-page","status-publish","hentry"],"yoast_head":"<!-- This site is optimized with the Yoast SEO plugin v19.6.1 - https:\/\/yoast.com\/wordpress\/plugins\/seo\/ -->\n<title>Elementor #6 - Diginewsworld<\/title>\n<meta name=\"robots\" content=\"index, follow, max-snippet:-1, max-image-preview:large, max-video-preview:-1\" \/>\n<link rel=\"canonical\" href=\"https:\/\/diginewsworld.com\/nl\/elementor-6-6\/\" \/>\n<meta property=\"og:locale\" content=\"nl_NL\" \/>\n<meta property=\"og:type\" content=\"article\" \/>\n<meta property=\"og:title\" content=\"Elementor #6 - Diginewsworld\" \/>\n<meta property=\"og:description\" content=\"La presi\u00f3n sobre los hospitales Pero hubo alivio entre los trabajadores de los hospitales, que se mostraron consternados la semana pasada al escuchar que el gobierno estaba buscando aliviar las restricciones mientras casi tres cuartas partes de las camas de cuidados intensivos est\u00e1n ocupadas por pacientes con coronavirus. El domingo se anunciaron 8.288 nuevos contagios, &hellip;\" \/>\n<meta property=\"og:url\" content=\"https:\/\/diginewsworld.com\/nl\/elementor-6-6\/\" \/>\n<meta property=\"og:site_name\" content=\"Diginewsworld\" \/>\n<meta name=\"twitter:card\" content=\"summary_large_image\" \/>\n<meta name=\"twitter:label1\" content=\"Geschatte leestijd\" \/>\n\t<meta name=\"twitter:data1\" content=\"1 minuut\" \/>\n<script type=\"application\/ld+json\" class=\"yoast-schema-graph\">{\"@context\":\"https:\/\/schema.org\",\"@graph\":[{\"@type\":\"WebPage\",\"@id\":\"https:\/\/diginewsworld.com\/nl\/elementor-6-6\/\",\"url\":\"https:\/\/diginewsworld.com\/nl\/elementor-6-6\/\",\"name\":\"Elementor #6 - Diginewsworld\",\"isPartOf\":{\"@id\":\"http:\/\/diginewsworld.com\/nl\/#website\"},\"datePublished\":\"2021-04-12T12:47:20+00:00\",\"dateModified\":\"2021-04-12T12:47:20+00:00\",\"breadcrumb\":{\"@id\":\"https:\/\/diginewsworld.com\/nl\/elementor-6-6\/#breadcrumb\"},\"inLanguage\":\"nl-NL\",\"potentialAction\":[{\"@type\":\"ReadAction\",\"target\":[\"https:\/\/diginewsworld.com\/nl\/elementor-6-6\/\"]}]},{\"@type\":\"BreadcrumbList\",\"@id\":\"https:\/\/diginewsworld.com\/nl\/elementor-6-6\/#breadcrumb\",\"itemListElement\":[{\"@type\":\"ListItem\",\"position\":1,\"name\":\"Home\",\"item\":\"http:\/\/diginewsworld.com\/nl\/\"},{\"@type\":\"ListItem\",\"position\":2,\"name\":\"Elementor #6\"}]},{\"@type\":\"WebSite\",\"@id\":\"http:\/\/diginewsworld.com\/nl\/#website\",\"url\":\"http:\/\/diginewsworld.com\/nl\/\",\"name\":\"Diginewsworld\",\"description\":\"\",\"potentialAction\":[{\"@type\":\"SearchAction\",\"target\":{\"@type\":\"EntryPoint\",\"urlTemplate\":\"http:\/\/diginewsworld.com\/nl\/?s={search_term_string}\"},\"query-input\":\"required name=search_term_string\"}],\"inLanguage\":\"nl-NL\"}]}<\/script>\n<!-- \/ Yoast SEO plugin. -->","yoast_head_json":{"title":"Elementor #6 - Diginewsworld","robots":{"index":"index","follow":"follow","max-snippet":"max-snippet:-1","max-image-preview":"max-image-preview:large","max-video-preview":"max-video-preview:-1"},"canonical":"https:\/\/diginewsworld.com\/nl\/elementor-6-6\/","og_locale":"nl_NL","og_type":"article","og_title":"Elementor #6 - Diginewsworld","og_description":"La presi\u00f3n sobre los hospitales Pero hubo alivio entre los trabajadores de los hospitales, que se mostraron consternados la semana pasada al escuchar que el gobierno estaba buscando aliviar las restricciones mientras casi tres cuartas partes de las camas de cuidados intensivos est\u00e1n ocupadas por pacientes con coronavirus. El domingo se anunciaron 8.288 nuevos contagios, &hellip;","og_url":"https:\/\/diginewsworld.com\/nl\/elementor-6-6\/","og_site_name":"Diginewsworld","twitter_card":"summary_large_image","twitter_misc":{"Geschatte leestijd":"1 minuut"},"schema":{"@context":"https:\/\/schema.org","@graph":[{"@type":"WebPage","@id":"https:\/\/diginewsworld.com\/nl\/elementor-6-6\/","url":"https:\/\/diginewsworld.com\/nl\/elementor-6-6\/","name":"Elementor #6 - Diginewsworld","isPartOf":{"@id":"http:\/\/diginewsworld.com\/nl\/#website"},"datePublished":"2021-04-12T12:47:20+00:00","dateModified":"2021-04-12T12:47:20+00:00","breadcrumb":{"@id":"https:\/\/diginewsworld.com\/nl\/elementor-6-6\/#breadcrumb"},"inLanguage":"nl-NL","potentialAction":[{"@type":"ReadAction","target":["https:\/\/diginewsworld.com\/nl\/elementor-6-6\/"]}]},{"@type":"BreadcrumbList","@id":"https:\/\/diginewsworld.com\/nl\/elementor-6-6\/#breadcrumb","itemListElement":[{"@type":"ListItem","position":1,"name":"Home","item":"http:\/\/diginewsworld.com\/nl\/"},{"@type":"ListItem","position":2,"name":"Elementor #6"}]},{"@type":"WebSite","@id":"http:\/\/diginewsworld.com\/nl\/#website","url":"http:\/\/diginewsworld.com\/nl\/","name":"Diginewsworld","description":"","potentialAction":[{"@type":"SearchAction","target":{"@type":"EntryPoint","urlTemplate":"http:\/\/diginewsworld.com\/nl\/?s={search_term_string}"},"query-input":"required name=search_term_string"}],"inLanguage":"nl-NL"}]}},"_links":{"self":[{"href":"https:\/\/diginewsworld.com\/nl\/wp-json\/wp\/v2\/pages\/29","targetHints":{"allow":["GET"]}}],"collection":[{"href":"https:\/\/diginewsworld.com\/nl\/wp-json\/wp\/v2\/pages"}],"about":[{"href":"https:\/\/diginewsworld.com\/nl\/wp-json\/wp\/v2\/types\/page"}],"author":[{"embeddable":true,"href":"https:\/\/diginewsworld.com\/nl\/wp-json\/wp\/v2\/users\/1"}],"replies":[{"embeddable":true,"href":"https:\/\/diginewsworld.com\/nl\/wp-json\/wp\/v2\/comments?post=29"}],"version-history":[{"count":0,"href":"https:\/\/diginewsworld.com\/nl\/wp-json\/wp\/v2\/pages\/29\/revisions"}],"wp:attachment":[{"href":"https:\/\/diginewsworld.com\/nl\/wp-json\/wp\/v2\/media?parent=29"}],"curies":[{"name":"wp","href":"https:\/\/api.w.org\/{rel}","templated":true}]}}