{"id":46,"date":"2021-04-12T12:48:20","date_gmt":"2021-04-12T12:48:20","guid":{"rendered":"https:\/\/diginewsworld.com\/casa\/"},"modified":"2021-04-12T12:48:20","modified_gmt":"2021-04-12T12:48:20","slug":"casa","status":"publish","type":"page","link":"https:\/\/diginewsworld.com\/nl\/casa\/","title":{"rendered":"Casa"},"content":{"rendered":"\t\t<div data-elementor-type=\"wp-post\" data-elementor-id=\"46\" class=\"elementor elementor-46\">\n\t\t\t\t\t\t\t\t\t<section class=\"elementor-section elementor-top-section elementor-element elementor-element-75e1d1e elementor-section-boxed elementor-section-height-default elementor-section-height-default\" data-id=\"75e1d1e\" data-element_type=\"section\">\n\t\t\t\t\t\t<div class=\"elementor-container elementor-column-gap-default\">\n\t\t\t\t\t<div class=\"elementor-column elementor-col-100 elementor-top-column elementor-element elementor-element-8eb479d\" data-id=\"8eb479d\" data-element_type=\"column\">\n\t\t\t<div class=\"elementor-widget-wrap elementor-element-populated\">\n\t\t\t\t\t\t\t\t<div class=\"elementor-element elementor-element-d86960a elementor-widget elementor-widget-text-editor\" data-id=\"d86960a\" data-element_type=\"widget\" data-widget_type=\"text-editor.default\">\n\t\t\t\t<div class=\"elementor-widget-container\">\n\t\t\t\t\t\t\t<p>Pressione sugli ospedali Ma c&#8217;era sollievo tra il personale ospedaliero, che era costernato di sentire la scorsa settimana che il governo stava cercando di allentare le restrizioni mentre quasi tre quarti dei letti di terapia intensiva sono occupati da pazienti con coronavirus. Domenica sono state annunciate altre 8.288 infezioni, il numero giornaliero pi\u00f9 alto da due settimane, mentre pi\u00f9 di 2.500 persone sono in cura in ospedale per il virus, di cui 788 sono in terapia intensiva. Ad Melkert, presidente del consiglio di amministrazione dell&#8217;associazione degli ospedali olandesi NVZ, ha detto: &#8220;Questo \u00e8 duro per le persone che avevano sperato o contato su un allentamento delle restrizioni. Ma sono ancora molto necessarie, perch\u00e9 c&#8217;\u00e8 bisogno di tutto l&#8217;aiuto possibile nei nostri ospedali. Prima dobbiamo tenere il virus sotto controllo, far vaccinare pi\u00f9 persone e ridurre la pressione sugli ospedali. Poi potremo lentamente ma sicuramente iniziare a tornare alla normalit\u00e0, ma penso che ci vorr\u00e0 ancora qualche settimana&#8221;.\t\t\t\t\t\t<\/div>\n\t\t\t\t<\/div>\n\t\t\t\t\t<\/div>\n\t\t<\/div>\n\t\t\t\t\t\t\t<\/div>\n\t\t<\/section>\n\t\t\t\t\t\t\t<\/div>\n\t\t","protected":false},"excerpt":{"rendered":"<p>Pressione sugli ospedali Ma c&#8217;era sollievo tra il personale ospedaliero, che era costernato di sentire la scorsa settimana che il governo stava cercando di allentare le restrizioni mentre quasi tre quarti dei letti di terapia intensiva sono occupati da pazienti con coronavirus. Domenica sono state annunciate altre 8.288 infezioni, il numero giornaliero pi\u00f9 alto da &hellip;<\/p>\n","protected":false},"author":1,"featured_media":0,"parent":0,"menu_order":0,"comment_status":"closed","ping_status":"closed","template":"","meta":{"footnotes":""},"class_list":["post-46","page","type-page","status-publish","hentry"],"yoast_head":"<!-- This site is optimized with the Yoast SEO plugin v19.6.1 - https:\/\/yoast.com\/wordpress\/plugins\/seo\/ -->\n<title>Casa - Diginewsworld<\/title>\n<meta name=\"robots\" content=\"index, follow, max-snippet:-1, max-image-preview:large, max-video-preview:-1\" \/>\n<link rel=\"canonical\" href=\"https:\/\/diginewsworld.com\/nl\/casa\/\" \/>\n<meta property=\"og:locale\" content=\"nl_NL\" \/>\n<meta property=\"og:type\" content=\"article\" \/>\n<meta property=\"og:title\" content=\"Casa - Diginewsworld\" \/>\n<meta property=\"og:description\" content=\"Pressione sugli ospedali Ma c&#8217;era sollievo tra il personale ospedaliero, che era costernato di sentire la scorsa settimana che il governo stava cercando di allentare le restrizioni mentre quasi tre quarti dei letti di terapia intensiva sono occupati da pazienti con coronavirus. Domenica sono state annunciate altre 8.288 infezioni, il numero giornaliero pi\u00f9 alto da &hellip;\" \/>\n<meta property=\"og:url\" content=\"https:\/\/diginewsworld.com\/nl\/casa\/\" \/>\n<meta property=\"og:site_name\" content=\"Diginewsworld\" \/>\n<meta name=\"twitter:card\" content=\"summary_large_image\" \/>\n<meta name=\"twitter:label1\" content=\"Geschatte leestijd\" \/>\n\t<meta name=\"twitter:data1\" content=\"1 minuut\" \/>\n<script type=\"application\/ld+json\" class=\"yoast-schema-graph\">{\"@context\":\"https:\/\/schema.org\",\"@graph\":[{\"@type\":\"WebPage\",\"@id\":\"https:\/\/diginewsworld.com\/nl\/casa\/\",\"url\":\"https:\/\/diginewsworld.com\/nl\/casa\/\",\"name\":\"Casa - Diginewsworld\",\"isPartOf\":{\"@id\":\"http:\/\/diginewsworld.com\/nl\/#website\"},\"datePublished\":\"2021-04-12T12:48:20+00:00\",\"dateModified\":\"2021-04-12T12:48:20+00:00\",\"breadcrumb\":{\"@id\":\"https:\/\/diginewsworld.com\/nl\/casa\/#breadcrumb\"},\"inLanguage\":\"nl-NL\",\"potentialAction\":[{\"@type\":\"ReadAction\",\"target\":[\"https:\/\/diginewsworld.com\/nl\/casa\/\"]}]},{\"@type\":\"BreadcrumbList\",\"@id\":\"https:\/\/diginewsworld.com\/nl\/casa\/#breadcrumb\",\"itemListElement\":[{\"@type\":\"ListItem\",\"position\":1,\"name\":\"Home\",\"item\":\"http:\/\/diginewsworld.com\/nl\/\"},{\"@type\":\"ListItem\",\"position\":2,\"name\":\"Casa\"}]},{\"@type\":\"WebSite\",\"@id\":\"http:\/\/diginewsworld.com\/nl\/#website\",\"url\":\"http:\/\/diginewsworld.com\/nl\/\",\"name\":\"Diginewsworld\",\"description\":\"\",\"potentialAction\":[{\"@type\":\"SearchAction\",\"target\":{\"@type\":\"EntryPoint\",\"urlTemplate\":\"http:\/\/diginewsworld.com\/nl\/?s={search_term_string}\"},\"query-input\":\"required name=search_term_string\"}],\"inLanguage\":\"nl-NL\"}]}<\/script>\n<!-- \/ Yoast SEO plugin. -->","yoast_head_json":{"title":"Casa - Diginewsworld","robots":{"index":"index","follow":"follow","max-snippet":"max-snippet:-1","max-image-preview":"max-image-preview:large","max-video-preview":"max-video-preview:-1"},"canonical":"https:\/\/diginewsworld.com\/nl\/casa\/","og_locale":"nl_NL","og_type":"article","og_title":"Casa - Diginewsworld","og_description":"Pressione sugli ospedali Ma c&#8217;era sollievo tra il personale ospedaliero, che era costernato di sentire la scorsa settimana che il governo stava cercando di allentare le restrizioni mentre quasi tre quarti dei letti di terapia intensiva sono occupati da pazienti con coronavirus. Domenica sono state annunciate altre 8.288 infezioni, il numero giornaliero pi\u00f9 alto da &hellip;","og_url":"https:\/\/diginewsworld.com\/nl\/casa\/","og_site_name":"Diginewsworld","twitter_card":"summary_large_image","twitter_misc":{"Geschatte leestijd":"1 minuut"},"schema":{"@context":"https:\/\/schema.org","@graph":[{"@type":"WebPage","@id":"https:\/\/diginewsworld.com\/nl\/casa\/","url":"https:\/\/diginewsworld.com\/nl\/casa\/","name":"Casa - Diginewsworld","isPartOf":{"@id":"http:\/\/diginewsworld.com\/nl\/#website"},"datePublished":"2021-04-12T12:48:20+00:00","dateModified":"2021-04-12T12:48:20+00:00","breadcrumb":{"@id":"https:\/\/diginewsworld.com\/nl\/casa\/#breadcrumb"},"inLanguage":"nl-NL","potentialAction":[{"@type":"ReadAction","target":["https:\/\/diginewsworld.com\/nl\/casa\/"]}]},{"@type":"BreadcrumbList","@id":"https:\/\/diginewsworld.com\/nl\/casa\/#breadcrumb","itemListElement":[{"@type":"ListItem","position":1,"name":"Home","item":"http:\/\/diginewsworld.com\/nl\/"},{"@type":"ListItem","position":2,"name":"Casa"}]},{"@type":"WebSite","@id":"http:\/\/diginewsworld.com\/nl\/#website","url":"http:\/\/diginewsworld.com\/nl\/","name":"Diginewsworld","description":"","potentialAction":[{"@type":"SearchAction","target":{"@type":"EntryPoint","urlTemplate":"http:\/\/diginewsworld.com\/nl\/?s={search_term_string}"},"query-input":"required name=search_term_string"}],"inLanguage":"nl-NL"}]}},"_links":{"self":[{"href":"https:\/\/diginewsworld.com\/nl\/wp-json\/wp\/v2\/pages\/46","targetHints":{"allow":["GET"]}}],"collection":[{"href":"https:\/\/diginewsworld.com\/nl\/wp-json\/wp\/v2\/pages"}],"about":[{"href":"https:\/\/diginewsworld.com\/nl\/wp-json\/wp\/v2\/types\/page"}],"author":[{"embeddable":true,"href":"https:\/\/diginewsworld.com\/nl\/wp-json\/wp\/v2\/users\/1"}],"replies":[{"embeddable":true,"href":"https:\/\/diginewsworld.com\/nl\/wp-json\/wp\/v2\/comments?post=46"}],"version-history":[{"count":0,"href":"https:\/\/diginewsworld.com\/nl\/wp-json\/wp\/v2\/pages\/46\/revisions"}],"wp:attachment":[{"href":"https:\/\/diginewsworld.com\/nl\/wp-json\/wp\/v2\/media?parent=46"}],"curies":[{"name":"wp","href":"https:\/\/api.w.org\/{rel}","templated":true}]}}