{"id":49,"date":"2021-04-12T12:48:25","date_gmt":"2021-04-12T12:48:25","guid":{"rendered":"https:\/\/diginewsworld.com\/strona-glowna-2\/"},"modified":"2021-04-12T12:48:25","modified_gmt":"2021-04-12T12:48:25","slug":"strona-glowna-2","status":"publish","type":"page","link":"https:\/\/diginewsworld.com\/nl\/strona-glowna-2\/","title":{"rendered":"Strona g\u0142\u00f3wna"},"content":{"rendered":"\t\t<div data-elementor-type=\"wp-post\" data-elementor-id=\"49\" class=\"elementor elementor-49\">\n\t\t\t\t\t\t\t\t\t<section class=\"elementor-section elementor-top-section elementor-element elementor-element-75e1d1e elementor-section-boxed elementor-section-height-default elementor-section-height-default\" data-id=\"75e1d1e\" data-element_type=\"section\">\n\t\t\t\t\t\t<div class=\"elementor-container elementor-column-gap-default\">\n\t\t\t\t\t<div class=\"elementor-column elementor-col-100 elementor-top-column elementor-element elementor-element-8eb479d\" data-id=\"8eb479d\" data-element_type=\"column\">\n\t\t\t<div class=\"elementor-widget-wrap elementor-element-populated\">\n\t\t\t\t\t\t\t\t<div class=\"elementor-element elementor-element-d86960a elementor-widget elementor-widget-text-editor\" data-id=\"d86960a\" data-element_type=\"widget\" data-widget_type=\"text-editor.default\">\n\t\t\t\t<div class=\"elementor-widget-container\">\n\t\t\t\t\t\t\t<p>Presja na szpitale Ale by\u0142a ulga w\u015br\u00f3d pracownik\u00f3w szpitali, kt\u00f3rzy byli przera\u017ceni, aby us\u0142ysze\u0107 w zesz\u0142ym tygodniu, \u017ce rz\u0105d szuka z\u0142agodzenia ogranicze\u0144, podczas gdy prawie trzy czwarte \u0142\u00f3\u017cek intensywnej terapii s\u0105 zaj\u0119te przez pacjent\u00f3w koronawirusa. W niedziel\u0119 og\u0142oszono 8,288 kolejnych infekcji, najwy\u017csz\u0105 dzienn\u0105 liczb\u0119 od dw\u00f3ch tygodni, podczas gdy ponad 2,500 os\u00f3b jest leczonych w szpitalu z powodu wirusa, z kt\u00f3rych 788 znajduje si\u0119 na intensywnej terapii. Ad Melkert, przewodnicz\u0105cy zarz\u0105du holenderskiego stowarzyszenia szpitali NVZ, powiedzia\u0142: &#8220;To trudne dla ludzi, kt\u00f3rzy mieli nadziej\u0119 lub liczyli na z\u0142agodzenie ogranicze\u0144. Ale i tak s\u0105 one bardzo potrzebne, bo w naszych szpitalach wszystkie r\u0119ce s\u0105 na pok\u0142adzie. &#8216;Najpierw musimy opanowa\u0107 wirusa, zaszczepi\u0107 wi\u0119cej os\u00f3b i zmniejszy\u0107 presj\u0119 na szpitale. Wtedy b\u0119dziemy mogli powoli, ale pewnie zacz\u0105\u0107 wraca\u0107 do normalno\u015bci, ale my\u015bl\u0119, \u017ce zajmie to jeszcze kilka tygodni.&#8217;<\/p>.\t\t\t\t\t\t<\/div>\n\t\t\t\t<\/div>\n\t\t\t\t\t<\/div>\n\t\t<\/div>\n\t\t\t\t\t\t\t<\/div>\n\t\t<\/section>\n\t\t\t\t\t\t\t<\/div>\n\t\t","protected":false},"excerpt":{"rendered":"<p>Presja na szpitale Ale by\u0142a ulga w\u015br\u00f3d personelu szpitalnego, kt\u00f3ry by\u0142 przera\u017cony, aby us\u0142ysze\u0107 w zesz\u0142ym tygodniu, \u017ce rz\u0105d szuka z\u0142agodzenia ogranicze\u0144, podczas gdy prawie trzy czwarte \u0142\u00f3\u017cek intensywnej terapii s\u0105 zaj\u0119te przez pacjent\u00f3w z koronawirusem. W niedziel\u0119 og\u0142oszono 8,288 kolejnych infekcji, najwy\u017csz\u0105 dzienn\u0105 liczb\u0119 od dw\u00f3ch tygodni, podczas gdy ponad 2,500 os\u00f3b jest leczonych &hellip;<\/p>\n","protected":false},"author":1,"featured_media":0,"parent":0,"menu_order":0,"comment_status":"closed","ping_status":"closed","template":"","meta":{"footnotes":""},"class_list":["post-49","page","type-page","status-publish","hentry"],"yoast_head":"<!-- This site is optimized with the Yoast SEO plugin v19.6.1 - https:\/\/yoast.com\/wordpress\/plugins\/seo\/ -->\n<title>Strona g\u0142\u00f3wna - Diginewsworld<\/title>\n<meta name=\"robots\" content=\"index, follow, max-snippet:-1, max-image-preview:large, max-video-preview:-1\" \/>\n<link rel=\"canonical\" href=\"https:\/\/diginewsworld.com\/nl\/strona-glowna-2\/\" \/>\n<meta property=\"og:locale\" content=\"nl_NL\" \/>\n<meta property=\"og:type\" content=\"article\" \/>\n<meta property=\"og:title\" content=\"Strona g\u0142\u00f3wna - Diginewsworld\" \/>\n<meta property=\"og:description\" content=\"Presja na szpitale Ale by\u0142a ulga w\u015br\u00f3d personelu szpitalnego, kt\u00f3ry by\u0142 przera\u017cony, aby us\u0142ysze\u0107 w zesz\u0142ym tygodniu, \u017ce rz\u0105d szuka z\u0142agodzenia ogranicze\u0144, podczas gdy prawie trzy czwarte \u0142\u00f3\u017cek intensywnej terapii s\u0105 zaj\u0119te przez pacjent\u00f3w z koronawirusem. W niedziel\u0119 og\u0142oszono 8,288 kolejnych infekcji, najwy\u017csz\u0105 dzienn\u0105 liczb\u0119 od dw\u00f3ch tygodni, podczas gdy ponad 2,500 os\u00f3b jest leczonych &hellip;\" \/>\n<meta property=\"og:url\" content=\"https:\/\/diginewsworld.com\/nl\/strona-glowna-2\/\" \/>\n<meta property=\"og:site_name\" content=\"Diginewsworld\" \/>\n<meta name=\"twitter:card\" content=\"summary_large_image\" \/>\n<meta name=\"twitter:label1\" content=\"Geschatte leestijd\" \/>\n\t<meta name=\"twitter:data1\" content=\"1 minuut\" \/>\n<script type=\"application\/ld+json\" class=\"yoast-schema-graph\">{\"@context\":\"https:\/\/schema.org\",\"@graph\":[{\"@type\":\"WebPage\",\"@id\":\"https:\/\/diginewsworld.com\/de\/strona-glowna-2\/\",\"url\":\"https:\/\/diginewsworld.com\/de\/strona-glowna-2\/\",\"name\":\"Strona g\u0142\u00f3wna - Diginewsworld\",\"isPartOf\":{\"@id\":\"http:\/\/diginewsworld.com\/nl\/#website\"},\"datePublished\":\"2021-04-12T12:48:25+00:00\",\"dateModified\":\"2021-04-12T12:48:25+00:00\",\"breadcrumb\":{\"@id\":\"https:\/\/diginewsworld.com\/de\/strona-glowna-2\/#breadcrumb\"},\"inLanguage\":\"nl-NL\",\"potentialAction\":[{\"@type\":\"ReadAction\",\"target\":[\"https:\/\/diginewsworld.com\/de\/strona-glowna-2\/\"]}]},{\"@type\":\"BreadcrumbList\",\"@id\":\"https:\/\/diginewsworld.com\/de\/strona-glowna-2\/#breadcrumb\",\"itemListElement\":[{\"@type\":\"ListItem\",\"position\":1,\"name\":\"Home\",\"item\":\"http:\/\/diginewsworld.com\/nl\/\"},{\"@type\":\"ListItem\",\"position\":2,\"name\":\"Strona g\u0142\u00f3wna\"}]},{\"@type\":\"WebSite\",\"@id\":\"http:\/\/diginewsworld.com\/nl\/#website\",\"url\":\"http:\/\/diginewsworld.com\/nl\/\",\"name\":\"Diginewsworld\",\"description\":\"\",\"potentialAction\":[{\"@type\":\"SearchAction\",\"target\":{\"@type\":\"EntryPoint\",\"urlTemplate\":\"http:\/\/diginewsworld.com\/nl\/?s={search_term_string}\"},\"query-input\":\"required name=search_term_string\"}],\"inLanguage\":\"nl-NL\"}]}<\/script>\n<!-- \/ Yoast SEO plugin. -->","yoast_head_json":{"title":"Strona g\u0142\u00f3wna - Diginewsworld","robots":{"index":"index","follow":"follow","max-snippet":"max-snippet:-1","max-image-preview":"max-image-preview:large","max-video-preview":"max-video-preview:-1"},"canonical":"https:\/\/diginewsworld.com\/nl\/strona-glowna-2\/","og_locale":"nl_NL","og_type":"article","og_title":"Strona g\u0142\u00f3wna - Diginewsworld","og_description":"Presja na szpitale Ale by\u0142a ulga w\u015br\u00f3d personelu szpitalnego, kt\u00f3ry by\u0142 przera\u017cony, aby us\u0142ysze\u0107 w zesz\u0142ym tygodniu, \u017ce rz\u0105d szuka z\u0142agodzenia ogranicze\u0144, podczas gdy prawie trzy czwarte \u0142\u00f3\u017cek intensywnej terapii s\u0105 zaj\u0119te przez pacjent\u00f3w z koronawirusem. W niedziel\u0119 og\u0142oszono 8,288 kolejnych infekcji, najwy\u017csz\u0105 dzienn\u0105 liczb\u0119 od dw\u00f3ch tygodni, podczas gdy ponad 2,500 os\u00f3b jest leczonych &hellip;","og_url":"https:\/\/diginewsworld.com\/nl\/strona-glowna-2\/","og_site_name":"Diginewsworld","twitter_card":"summary_large_image","twitter_misc":{"Geschatte leestijd":"1 minuut"},"schema":{"@context":"https:\/\/schema.org","@graph":[{"@type":"WebPage","@id":"https:\/\/diginewsworld.com\/de\/strona-glowna-2\/","url":"https:\/\/diginewsworld.com\/de\/strona-glowna-2\/","name":"Strona g\u0142\u00f3wna - Diginewsworld","isPartOf":{"@id":"http:\/\/diginewsworld.com\/nl\/#website"},"datePublished":"2021-04-12T12:48:25+00:00","dateModified":"2021-04-12T12:48:25+00:00","breadcrumb":{"@id":"https:\/\/diginewsworld.com\/de\/strona-glowna-2\/#breadcrumb"},"inLanguage":"nl-NL","potentialAction":[{"@type":"ReadAction","target":["https:\/\/diginewsworld.com\/de\/strona-glowna-2\/"]}]},{"@type":"BreadcrumbList","@id":"https:\/\/diginewsworld.com\/de\/strona-glowna-2\/#breadcrumb","itemListElement":[{"@type":"ListItem","position":1,"name":"Home","item":"http:\/\/diginewsworld.com\/nl\/"},{"@type":"ListItem","position":2,"name":"Strona g\u0142\u00f3wna"}]},{"@type":"WebSite","@id":"http:\/\/diginewsworld.com\/nl\/#website","url":"http:\/\/diginewsworld.com\/nl\/","name":"Diginewsworld","description":"","potentialAction":[{"@type":"SearchAction","target":{"@type":"EntryPoint","urlTemplate":"http:\/\/diginewsworld.com\/nl\/?s={search_term_string}"},"query-input":"required name=search_term_string"}],"inLanguage":"nl-NL"}]}},"_links":{"self":[{"href":"https:\/\/diginewsworld.com\/nl\/wp-json\/wp\/v2\/pages\/49","targetHints":{"allow":["GET"]}}],"collection":[{"href":"https:\/\/diginewsworld.com\/nl\/wp-json\/wp\/v2\/pages"}],"about":[{"href":"https:\/\/diginewsworld.com\/nl\/wp-json\/wp\/v2\/types\/page"}],"author":[{"embeddable":true,"href":"https:\/\/diginewsworld.com\/nl\/wp-json\/wp\/v2\/users\/1"}],"replies":[{"embeddable":true,"href":"https:\/\/diginewsworld.com\/nl\/wp-json\/wp\/v2\/comments?post=49"}],"version-history":[{"count":0,"href":"https:\/\/diginewsworld.com\/nl\/wp-json\/wp\/v2\/pages\/49\/revisions"}],"wp:attachment":[{"href":"https:\/\/diginewsworld.com\/nl\/wp-json\/wp\/v2\/media?parent=49"}],"curies":[{"name":"wp","href":"https:\/\/api.w.org\/{rel}","templated":true}]}}