{"id":71,"date":"2021-04-12T12:49:02","date_gmt":"2021-04-12T12:49:02","guid":{"rendered":"https:\/\/diginewsworld.com\/page-dexemple-2\/"},"modified":"2021-04-12T12:49:02","modified_gmt":"2021-04-12T12:49:02","slug":"page-dexemple-2","status":"publish","type":"page","link":"https:\/\/diginewsworld.com\/nl\/page-dexemple-2\/","title":{"rendered":"Page d&#8217;exemple"},"content":{"rendered":"\n<p>C&#8217;est une page d&#8217;exemple. Elle est diff\u00e9rente d&#8217;un article de blog car elle restera \u00e0 un seul endroit et appara\u00eetra dans la navigation de votre site (dans la plupart des th\u00e8mes). La plupart des gens commencent par une page \u00c0 propos qui les pr\u00e9sente aux visiteurs potentiels du site. Cela pourrait dire quelque chose comme ceci :<\/p>\n\n\n\n<blockquote class=\"wp-block-quote is-layout-flow wp-block-quote-is-layout-flow\"><p>Salut ! Je suis coursier \u00e0 v\u00e9lo le jour, aspirant acteur la nuit, et ceci est mon site web. Je vis \u00e0 Los Angeles, j&#8217;ai un chien g\u00e9nial qui s&#8217;appelle Jack, et j&#8217;aime les pi&#241;a coladas. (Et me faire prendre sous la pluie.)<\/p><\/blockquote>\n\n\n\n<p>&#8230;ou quelque chose comme \u00e7a:<\/p>\n\n\n\n<blockquote class=\"wp-block-quote is-layout-flow wp-block-quote-is-layout-flow\"><p>La soci\u00e9t\u00e9 XYZ Doohickey a \u00e9t\u00e9 fond\u00e9e en 1971, et fournit depuis des doohickeys de qualit\u00e9 au public. Situ\u00e9e \u00e0 Gotham City, XYZ emploie plus de 2 000 personnes et fait toutes sortes de choses g\u00e9niales pour la communaut\u00e9 de Gotham.<\/p><\/blockquote>\n\n\n\n<p>En tant que nouvel utilisateur de WordPress, vous devez vous rendre sur <a href=\"https:\/\/diginewsworld.com\/wp-admin\/\">votre tableau de bord<\/a> pour supprimer cette page et cr\u00e9er de nouvelles pages pour votre contenu. Amusez-vous bien !<\/p>\n","protected":false},"excerpt":{"rendered":"<p>C&#8217;est une page d&#8217;exemple. Elle est diff\u00e9rente d&#8217;un article de blog car elle restera \u00e0 un seul endroit et appara\u00eetra dans la navigation de votre site (dans la plupart des th\u00e8mes). La plupart des gens commencent par une page \u00c0 propos qui les pr\u00e9sente aux visiteurs potentiels du site. Cela pourrait dire quelque chose comme &hellip;<\/p>\n","protected":false},"author":1,"featured_media":0,"parent":0,"menu_order":0,"comment_status":"closed","ping_status":"closed","template":"","meta":{"footnotes":""},"class_list":["post-71","page","type-page","status-publish","hentry"],"yoast_head":"<!-- This site is optimized with the Yoast SEO plugin v19.6.1 - https:\/\/yoast.com\/wordpress\/plugins\/seo\/ -->\n<title>Page d&#039;exemple - Diginewsworld<\/title>\n<meta name=\"robots\" content=\"index, follow, max-snippet:-1, max-image-preview:large, max-video-preview:-1\" \/>\n<link rel=\"canonical\" href=\"https:\/\/diginewsworld.com\/nl\/page-dexemple-2\/\" \/>\n<meta property=\"og:locale\" content=\"nl_NL\" \/>\n<meta property=\"og:type\" content=\"article\" \/>\n<meta property=\"og:title\" content=\"Page d&#039;exemple - Diginewsworld\" \/>\n<meta property=\"og:description\" content=\"C&#8217;est une page d&#8217;exemple. Elle est diff\u00e9rente d&#8217;un article de blog car elle restera \u00e0 un seul endroit et appara\u00eetra dans la navigation de votre site (dans la plupart des th\u00e8mes). La plupart des gens commencent par une page \u00c0 propos qui les pr\u00e9sente aux visiteurs potentiels du site. Cela pourrait dire quelque chose comme &hellip;\" \/>\n<meta property=\"og:url\" content=\"https:\/\/diginewsworld.com\/nl\/page-dexemple-2\/\" \/>\n<meta property=\"og:site_name\" content=\"Diginewsworld\" \/>\n<meta name=\"twitter:card\" content=\"summary_large_image\" \/>\n<meta name=\"twitter:label1\" content=\"Geschatte leestijd\" \/>\n\t<meta name=\"twitter:data1\" content=\"1 minuut\" \/>\n<script type=\"application\/ld+json\" class=\"yoast-schema-graph\">{\"@context\":\"https:\/\/schema.org\",\"@graph\":[{\"@type\":\"WebPage\",\"@id\":\"https:\/\/diginewsworld.com\/en\/page-dexemple-2\/\",\"url\":\"https:\/\/diginewsworld.com\/en\/page-dexemple-2\/\",\"name\":\"Page d'exemple - Diginewsworld\",\"isPartOf\":{\"@id\":\"http:\/\/diginewsworld.com\/nl\/#website\"},\"datePublished\":\"2021-04-12T12:49:02+00:00\",\"dateModified\":\"2021-04-12T12:49:02+00:00\",\"breadcrumb\":{\"@id\":\"https:\/\/diginewsworld.com\/en\/page-dexemple-2\/#breadcrumb\"},\"inLanguage\":\"nl-NL\",\"potentialAction\":[{\"@type\":\"ReadAction\",\"target\":[\"https:\/\/diginewsworld.com\/en\/page-dexemple-2\/\"]}]},{\"@type\":\"BreadcrumbList\",\"@id\":\"https:\/\/diginewsworld.com\/en\/page-dexemple-2\/#breadcrumb\",\"itemListElement\":[{\"@type\":\"ListItem\",\"position\":1,\"name\":\"Home\",\"item\":\"http:\/\/diginewsworld.com\/nl\/\"},{\"@type\":\"ListItem\",\"position\":2,\"name\":\"Page d&#8217;exemple\"}]},{\"@type\":\"WebSite\",\"@id\":\"http:\/\/diginewsworld.com\/nl\/#website\",\"url\":\"http:\/\/diginewsworld.com\/nl\/\",\"name\":\"Diginewsworld\",\"description\":\"\",\"potentialAction\":[{\"@type\":\"SearchAction\",\"target\":{\"@type\":\"EntryPoint\",\"urlTemplate\":\"http:\/\/diginewsworld.com\/nl\/?s={search_term_string}\"},\"query-input\":\"required name=search_term_string\"}],\"inLanguage\":\"nl-NL\"}]}<\/script>\n<!-- \/ Yoast SEO plugin. -->","yoast_head_json":{"title":"Page d'exemple - Diginewsworld","robots":{"index":"index","follow":"follow","max-snippet":"max-snippet:-1","max-image-preview":"max-image-preview:large","max-video-preview":"max-video-preview:-1"},"canonical":"https:\/\/diginewsworld.com\/nl\/page-dexemple-2\/","og_locale":"nl_NL","og_type":"article","og_title":"Page d'exemple - Diginewsworld","og_description":"C&#8217;est une page d&#8217;exemple. Elle est diff\u00e9rente d&#8217;un article de blog car elle restera \u00e0 un seul endroit et appara\u00eetra dans la navigation de votre site (dans la plupart des th\u00e8mes). La plupart des gens commencent par une page \u00c0 propos qui les pr\u00e9sente aux visiteurs potentiels du site. Cela pourrait dire quelque chose comme &hellip;","og_url":"https:\/\/diginewsworld.com\/nl\/page-dexemple-2\/","og_site_name":"Diginewsworld","twitter_card":"summary_large_image","twitter_misc":{"Geschatte leestijd":"1 minuut"},"schema":{"@context":"https:\/\/schema.org","@graph":[{"@type":"WebPage","@id":"https:\/\/diginewsworld.com\/en\/page-dexemple-2\/","url":"https:\/\/diginewsworld.com\/en\/page-dexemple-2\/","name":"Page d'exemple - Diginewsworld","isPartOf":{"@id":"http:\/\/diginewsworld.com\/nl\/#website"},"datePublished":"2021-04-12T12:49:02+00:00","dateModified":"2021-04-12T12:49:02+00:00","breadcrumb":{"@id":"https:\/\/diginewsworld.com\/en\/page-dexemple-2\/#breadcrumb"},"inLanguage":"nl-NL","potentialAction":[{"@type":"ReadAction","target":["https:\/\/diginewsworld.com\/en\/page-dexemple-2\/"]}]},{"@type":"BreadcrumbList","@id":"https:\/\/diginewsworld.com\/en\/page-dexemple-2\/#breadcrumb","itemListElement":[{"@type":"ListItem","position":1,"name":"Home","item":"http:\/\/diginewsworld.com\/nl\/"},{"@type":"ListItem","position":2,"name":"Page d&#8217;exemple"}]},{"@type":"WebSite","@id":"http:\/\/diginewsworld.com\/nl\/#website","url":"http:\/\/diginewsworld.com\/nl\/","name":"Diginewsworld","description":"","potentialAction":[{"@type":"SearchAction","target":{"@type":"EntryPoint","urlTemplate":"http:\/\/diginewsworld.com\/nl\/?s={search_term_string}"},"query-input":"required name=search_term_string"}],"inLanguage":"nl-NL"}]}},"_links":{"self":[{"href":"https:\/\/diginewsworld.com\/nl\/wp-json\/wp\/v2\/pages\/71","targetHints":{"allow":["GET"]}}],"collection":[{"href":"https:\/\/diginewsworld.com\/nl\/wp-json\/wp\/v2\/pages"}],"about":[{"href":"https:\/\/diginewsworld.com\/nl\/wp-json\/wp\/v2\/types\/page"}],"author":[{"embeddable":true,"href":"https:\/\/diginewsworld.com\/nl\/wp-json\/wp\/v2\/users\/1"}],"replies":[{"embeddable":true,"href":"https:\/\/diginewsworld.com\/nl\/wp-json\/wp\/v2\/comments?post=71"}],"version-history":[{"count":0,"href":"https:\/\/diginewsworld.com\/nl\/wp-json\/wp\/v2\/pages\/71\/revisions"}],"wp:attachment":[{"href":"https:\/\/diginewsworld.com\/nl\/wp-json\/wp\/v2\/media?parent=71"}],"curies":[{"name":"wp","href":"https:\/\/api.w.org\/{rel}","templated":true}]}}