{"id":73,"date":"2021-04-12T12:49:03","date_gmt":"2021-04-12T12:49:03","guid":{"rendered":"https:\/\/diginewsworld.com\/pagina-de-muestra-2\/"},"modified":"2021-04-12T12:49:03","modified_gmt":"2021-04-12T12:49:03","slug":"pagina-de-muestra-2","status":"publish","type":"page","link":"https:\/\/diginewsworld.com\/nl\/pagina-de-muestra-2\/","title":{"rendered":"P\u00e1gina de muestra"},"content":{"rendered":"\n\n\n<blockquote class=\"wp-block-quote is-layout-flow wp-block-quote-is-layout-flow\"><p>La compa\u00f1\u00eda XYZ Doohickey fue fundada en 1971, y desde entonces ha estado proporcionando doohickeys de calidad al p\u00fablico. Situada en Ciudad G\u00f3tica, XYZ emplea a m\u00e1s de 2.000 personas y hace todo tipo de cosas incre\u00edbles para la comunidad de Ciudad G\u00f3tica.<\/p><\/blockquote>\n<br \/> \/wp:quote &#8211;&gt;\n\n\n<p>Como nuevo usuario de WordPress, debes ir a <a href=\"https:\/\/diginewsworld.com\/wp-admin\/\">tu panel de control<\/a> para eliminar esta p\u00e1gina y crear nuevas p\u00e1ginas para tu contenido. Divi\u00e9rtete<\/p> <p>\n<!-- wp:p\u00e1rrafo -->\n<p>Esta es una p\u00e1gina de ejemplo. Es diferente de una entrada de blog porque permanecer\u00e1 en un lugar y se mostrar\u00e1 en la navegaci\u00f3n de su sitio (en la mayor\u00eda de los temas). La mayor\u00eda de la gente comienza con una p\u00e1gina Acerca de que los introduce a los visitantes potenciales del sitio. Podr\u00eda decir algo como esto:<\/p>\n<!-- \/wp:p\u00e1rrafo -->\n\n\n<blockquote class=\"wp-block-quote is-layout-flow wp-block-quote-is-layout-flow\"><p>\u00a1Hola! Soy un mensajero en bicicleta de d\u00eda, aspirante a actor de noche, y esta es mi p\u00e1gina web. Vivo en Los \u00c1ngeles, tengo un gran perro llamado Jack, y me gustan las pi&#241;a coladas. (Y que me pille la lluvia.)<\/p><\/blockquote>\n<br \/> \/wp:quote &#8211;&gt;\n\n\n<p>&#8230;o algo as\u00ed:<\/p>\n\n\n\n<blockquote class=\"wp-block-quote is-layout-flow wp-block-quote-is-layout-flow\"><p>La compa\u00f1\u00eda XYZ Doohickey fue fundada en 1971, y desde entonces ha estado proporcionando doohickeys de calidad al p\u00fablico. Situada en Ciudad G\u00f3tica, XYZ emplea a m\u00e1s de 2.000 personas y hace todo tipo de cosas incre\u00edbles para la comunidad de Ciudad G\u00f3tica.<\/p><\/blockquote>\n<br \/> \/wp:quote &#8211;&gt;\n\n\n<p>Como nuevo usuario de WordPress, debes ir a <a href=\"https:\/\/diginewsworld.com\/wp-admin\/\">tu panel de control<\/a> para eliminar esta p\u00e1gina y crear nuevas p\u00e1ginas para tu contenido. Divi\u00e9rtete<\/p> <p>\n","protected":false},"excerpt":{"rendered":"<p>La compa\u00f1\u00eda XYZ Doohickey fue fundada en 1971, y desde entonces ha estado proporcionando doohickeys de calidad al p\u00fablico. Situada en Ciudad G\u00f3tica, XYZ emplea a m\u00e1s de 2.000 personas y hace todo tipo de cosas incre\u00edbles para la comunidad de Ciudad G\u00f3tica. \/wp:quote &#8211;&gt; Como nuevo usuario de WordPress, debes ir a tu panel &hellip;<\/p>\n","protected":false},"author":1,"featured_media":0,"parent":0,"menu_order":0,"comment_status":"closed","ping_status":"closed","template":"","meta":{"footnotes":""},"class_list":["post-73","page","type-page","status-publish","hentry"],"yoast_head":"<!-- This site is optimized with the Yoast SEO plugin v19.6.1 - https:\/\/yoast.com\/wordpress\/plugins\/seo\/ -->\n<title>P\u00e1gina de muestra - Diginewsworld<\/title>\n<meta name=\"robots\" content=\"index, follow, max-snippet:-1, max-image-preview:large, max-video-preview:-1\" \/>\n<link rel=\"canonical\" href=\"https:\/\/diginewsworld.com\/nl\/pagina-de-muestra-2\/\" \/>\n<meta property=\"og:locale\" content=\"nl_NL\" \/>\n<meta property=\"og:type\" content=\"article\" \/>\n<meta property=\"og:title\" content=\"P\u00e1gina de muestra - Diginewsworld\" \/>\n<meta property=\"og:description\" content=\"La compa\u00f1\u00eda XYZ Doohickey fue fundada en 1971, y desde entonces ha estado proporcionando doohickeys de calidad al p\u00fablico. Situada en Ciudad G\u00f3tica, XYZ emplea a m\u00e1s de 2.000 personas y hace todo tipo de cosas incre\u00edbles para la comunidad de Ciudad G\u00f3tica. \/wp:quote &#8211;&gt; Como nuevo usuario de WordPress, debes ir a tu panel &hellip;\" \/>\n<meta property=\"og:url\" content=\"https:\/\/diginewsworld.com\/nl\/pagina-de-muestra-2\/\" \/>\n<meta property=\"og:site_name\" content=\"Diginewsworld\" \/>\n<meta name=\"twitter:card\" content=\"summary_large_image\" \/>\n<meta name=\"twitter:label1\" content=\"Geschatte leestijd\" \/>\n\t<meta name=\"twitter:data1\" content=\"1 minuut\" \/>\n<script type=\"application\/ld+json\" class=\"yoast-schema-graph\">{\"@context\":\"https:\/\/schema.org\",\"@graph\":[{\"@type\":\"WebPage\",\"@id\":\"https:\/\/diginewsworld.com\/nl\/pagina-de-muestra-2\/\",\"url\":\"https:\/\/diginewsworld.com\/nl\/pagina-de-muestra-2\/\",\"name\":\"P\u00e1gina de muestra - Diginewsworld\",\"isPartOf\":{\"@id\":\"http:\/\/diginewsworld.com\/nl\/#website\"},\"datePublished\":\"2021-04-12T12:49:03+00:00\",\"dateModified\":\"2021-04-12T12:49:03+00:00\",\"breadcrumb\":{\"@id\":\"https:\/\/diginewsworld.com\/nl\/pagina-de-muestra-2\/#breadcrumb\"},\"inLanguage\":\"nl-NL\",\"potentialAction\":[{\"@type\":\"ReadAction\",\"target\":[\"https:\/\/diginewsworld.com\/nl\/pagina-de-muestra-2\/\"]}]},{\"@type\":\"BreadcrumbList\",\"@id\":\"https:\/\/diginewsworld.com\/nl\/pagina-de-muestra-2\/#breadcrumb\",\"itemListElement\":[{\"@type\":\"ListItem\",\"position\":1,\"name\":\"Home\",\"item\":\"http:\/\/diginewsworld.com\/nl\/\"},{\"@type\":\"ListItem\",\"position\":2,\"name\":\"P\u00e1gina de muestra\"}]},{\"@type\":\"WebSite\",\"@id\":\"http:\/\/diginewsworld.com\/nl\/#website\",\"url\":\"http:\/\/diginewsworld.com\/nl\/\",\"name\":\"Diginewsworld\",\"description\":\"\",\"potentialAction\":[{\"@type\":\"SearchAction\",\"target\":{\"@type\":\"EntryPoint\",\"urlTemplate\":\"http:\/\/diginewsworld.com\/nl\/?s={search_term_string}\"},\"query-input\":\"required name=search_term_string\"}],\"inLanguage\":\"nl-NL\"}]}<\/script>\n<!-- \/ Yoast SEO plugin. -->","yoast_head_json":{"title":"P\u00e1gina de muestra - Diginewsworld","robots":{"index":"index","follow":"follow","max-snippet":"max-snippet:-1","max-image-preview":"max-image-preview:large","max-video-preview":"max-video-preview:-1"},"canonical":"https:\/\/diginewsworld.com\/nl\/pagina-de-muestra-2\/","og_locale":"nl_NL","og_type":"article","og_title":"P\u00e1gina de muestra - Diginewsworld","og_description":"La compa\u00f1\u00eda XYZ Doohickey fue fundada en 1971, y desde entonces ha estado proporcionando doohickeys de calidad al p\u00fablico. Situada en Ciudad G\u00f3tica, XYZ emplea a m\u00e1s de 2.000 personas y hace todo tipo de cosas incre\u00edbles para la comunidad de Ciudad G\u00f3tica. \/wp:quote &#8211;&gt; Como nuevo usuario de WordPress, debes ir a tu panel &hellip;","og_url":"https:\/\/diginewsworld.com\/nl\/pagina-de-muestra-2\/","og_site_name":"Diginewsworld","twitter_card":"summary_large_image","twitter_misc":{"Geschatte leestijd":"1 minuut"},"schema":{"@context":"https:\/\/schema.org","@graph":[{"@type":"WebPage","@id":"https:\/\/diginewsworld.com\/nl\/pagina-de-muestra-2\/","url":"https:\/\/diginewsworld.com\/nl\/pagina-de-muestra-2\/","name":"P\u00e1gina de muestra - Diginewsworld","isPartOf":{"@id":"http:\/\/diginewsworld.com\/nl\/#website"},"datePublished":"2021-04-12T12:49:03+00:00","dateModified":"2021-04-12T12:49:03+00:00","breadcrumb":{"@id":"https:\/\/diginewsworld.com\/nl\/pagina-de-muestra-2\/#breadcrumb"},"inLanguage":"nl-NL","potentialAction":[{"@type":"ReadAction","target":["https:\/\/diginewsworld.com\/nl\/pagina-de-muestra-2\/"]}]},{"@type":"BreadcrumbList","@id":"https:\/\/diginewsworld.com\/nl\/pagina-de-muestra-2\/#breadcrumb","itemListElement":[{"@type":"ListItem","position":1,"name":"Home","item":"http:\/\/diginewsworld.com\/nl\/"},{"@type":"ListItem","position":2,"name":"P\u00e1gina de muestra"}]},{"@type":"WebSite","@id":"http:\/\/diginewsworld.com\/nl\/#website","url":"http:\/\/diginewsworld.com\/nl\/","name":"Diginewsworld","description":"","potentialAction":[{"@type":"SearchAction","target":{"@type":"EntryPoint","urlTemplate":"http:\/\/diginewsworld.com\/nl\/?s={search_term_string}"},"query-input":"required name=search_term_string"}],"inLanguage":"nl-NL"}]}},"_links":{"self":[{"href":"https:\/\/diginewsworld.com\/nl\/wp-json\/wp\/v2\/pages\/73","targetHints":{"allow":["GET"]}}],"collection":[{"href":"https:\/\/diginewsworld.com\/nl\/wp-json\/wp\/v2\/pages"}],"about":[{"href":"https:\/\/diginewsworld.com\/nl\/wp-json\/wp\/v2\/types\/page"}],"author":[{"embeddable":true,"href":"https:\/\/diginewsworld.com\/nl\/wp-json\/wp\/v2\/users\/1"}],"replies":[{"embeddable":true,"href":"https:\/\/diginewsworld.com\/nl\/wp-json\/wp\/v2\/comments?post=73"}],"version-history":[{"count":0,"href":"https:\/\/diginewsworld.com\/nl\/wp-json\/wp\/v2\/pages\/73\/revisions"}],"wp:attachment":[{"href":"https:\/\/diginewsworld.com\/nl\/wp-json\/wp\/v2\/media?parent=73"}],"curies":[{"name":"wp","href":"https:\/\/api.w.org\/{rel}","templated":true}]}}