{"id":80,"date":"2021-04-12T12:49:12","date_gmt":"2021-04-12T12:49:12","guid":{"rendered":"https:\/\/diginewsworld.com\/przykladowa-strona\/"},"modified":"2021-04-12T12:49:12","modified_gmt":"2021-04-12T12:49:12","slug":"przykladowa-strona","status":"publish","type":"page","link":"https:\/\/diginewsworld.com\/nl\/przykladowa-strona\/","title":{"rendered":"Przyk\u0142adowa strona"},"content":{"rendered":"\n<p>To jest przyk\u0142adowa strona. R\u00f3\u017cni si\u0119 ona od posta na blogu, poniewa\u017c pozostanie w jednym miejscu i b\u0119dzie widoczna w nawigacji witryny (w wi\u0119kszo\u015bci motyw\u00f3w). Wi\u0119kszo\u015b\u0107 ludzi zaczyna od strony O nas, kt\u00f3ra przedstawia ich potencjalnym odwiedzaj\u0105cym. Mo\u017ce ona zawiera\u0107 co\u015b takiego:<\/p>\n\n\n\n<blockquote class=\"wp-block-quote is-layout-flow wp-block-quote-is-layout-flow\"><p>Witam! Jestem pos\u0142a\u0144cem rowerowym za dnia, aspiruj\u0105cym aktorem w nocy, a to jest moja strona internetowa. Mieszkam w Los Angeles, mam wspania\u0142ego psa o imieniu Jack i lubi\u0119 pi&#241;a coladas. (I z\u0142apa\u0107 si\u0119 w deszczu.)<\/p><\/blockquote> <\/p><\/div> <\/p><\/div> <\/p> <p>Dzi\u0119kuj\u0119.\n\n\n\n<p>&#8230;lub co\u015b w tym stylu:<\/p> <\/p> <p>\n\n\n\n<blockquote class=\"wp-block-quote is-layout-flow wp-block-quote-is-layout-flow\"><p>Firma XYZ Doohickey Company zosta\u0142a za\u0142o\u017cona w 1971 roku i od tego czasu dostarcza wysokiej jako\u015bci doohickeys dla spo\u0142ecze\u0144stwa. Zlokalizowana w Gotham City, firma XYZ zatrudnia ponad 2000 os\u00f3b i robi wiele wspania\u0142ych rzeczy dla spo\u0142eczno\u015bci Gotham.<\/p><\/blockquote>\n\n\n\n<p>Jako nowy u\u017cytkownik WordPressa, powiniene\u015b przej\u015b\u0107 do <a href=\"https:\/\/diginewsworld.com\/wp-admin\/\">Twojego pulpitu nawigacyjnego<\/a>, aby usun\u0105\u0107 t\u0119 stron\u0119 i utworzy\u0107 nowe strony dla swoich tre\u015bci. Mi\u0142ej zabawy!<\/p> <p>\n","protected":false},"excerpt":{"rendered":"<p>To jest przyk\u0142adowa strona. R\u00f3\u017cni si\u0119 ona od posta na blogu, poniewa\u017c pozostanie w jednym miejscu i b\u0119dzie widoczna w nawigacji witryny (w wi\u0119kszo\u015bci motyw\u00f3w). Wi\u0119kszo\u015b\u0107 ludzi zaczyna od strony O nas, kt\u00f3ra przedstawia ich potencjalnym odwiedzaj\u0105cym. Mo\u017ce ona zawiera\u0107 co\u015b takiego: Witam! Jestem pos\u0142a\u0144cem rowerowym za dnia, aspiruj\u0105cym aktorem w nocy, a to jest &hellip;<\/p>\n","protected":false},"author":1,"featured_media":0,"parent":0,"menu_order":0,"comment_status":"closed","ping_status":"closed","template":"","meta":{"footnotes":""},"class_list":["post-80","page","type-page","status-publish","hentry"],"yoast_head":"<!-- This site is optimized with the Yoast SEO plugin v19.6.1 - https:\/\/yoast.com\/wordpress\/plugins\/seo\/ -->\n<title>Przyk\u0142adowa strona - Diginewsworld<\/title>\n<meta name=\"robots\" content=\"index, follow, max-snippet:-1, max-image-preview:large, max-video-preview:-1\" \/>\n<link rel=\"canonical\" href=\"https:\/\/diginewsworld.com\/nl\/przykladowa-strona\/\" \/>\n<meta property=\"og:locale\" content=\"nl_NL\" \/>\n<meta property=\"og:type\" content=\"article\" \/>\n<meta property=\"og:title\" content=\"Przyk\u0142adowa strona - Diginewsworld\" \/>\n<meta property=\"og:description\" content=\"To jest przyk\u0142adowa strona. R\u00f3\u017cni si\u0119 ona od posta na blogu, poniewa\u017c pozostanie w jednym miejscu i b\u0119dzie widoczna w nawigacji witryny (w wi\u0119kszo\u015bci motyw\u00f3w). Wi\u0119kszo\u015b\u0107 ludzi zaczyna od strony O nas, kt\u00f3ra przedstawia ich potencjalnym odwiedzaj\u0105cym. Mo\u017ce ona zawiera\u0107 co\u015b takiego: Witam! Jestem pos\u0142a\u0144cem rowerowym za dnia, aspiruj\u0105cym aktorem w nocy, a to jest &hellip;\" \/>\n<meta property=\"og:url\" content=\"https:\/\/diginewsworld.com\/nl\/przykladowa-strona\/\" \/>\n<meta property=\"og:site_name\" content=\"Diginewsworld\" \/>\n<meta name=\"twitter:card\" content=\"summary_large_image\" \/>\n<meta name=\"twitter:label1\" content=\"Geschatte leestijd\" \/>\n\t<meta name=\"twitter:data1\" content=\"1 minuut\" \/>\n<script type=\"application\/ld+json\" class=\"yoast-schema-graph\">{\"@context\":\"https:\/\/schema.org\",\"@graph\":[{\"@type\":\"WebPage\",\"@id\":\"https:\/\/diginewsworld.com\/fr\/przykladowa-strona\/\",\"url\":\"https:\/\/diginewsworld.com\/fr\/przykladowa-strona\/\",\"name\":\"Przyk\u0142adowa strona - Diginewsworld\",\"isPartOf\":{\"@id\":\"http:\/\/diginewsworld.com\/nl\/#website\"},\"datePublished\":\"2021-04-12T12:49:12+00:00\",\"dateModified\":\"2021-04-12T12:49:12+00:00\",\"breadcrumb\":{\"@id\":\"https:\/\/diginewsworld.com\/fr\/przykladowa-strona\/#breadcrumb\"},\"inLanguage\":\"nl-NL\",\"potentialAction\":[{\"@type\":\"ReadAction\",\"target\":[\"https:\/\/diginewsworld.com\/fr\/przykladowa-strona\/\"]}]},{\"@type\":\"BreadcrumbList\",\"@id\":\"https:\/\/diginewsworld.com\/fr\/przykladowa-strona\/#breadcrumb\",\"itemListElement\":[{\"@type\":\"ListItem\",\"position\":1,\"name\":\"Home\",\"item\":\"http:\/\/diginewsworld.com\/nl\/\"},{\"@type\":\"ListItem\",\"position\":2,\"name\":\"Przyk\u0142adowa strona\"}]},{\"@type\":\"WebSite\",\"@id\":\"http:\/\/diginewsworld.com\/nl\/#website\",\"url\":\"http:\/\/diginewsworld.com\/nl\/\",\"name\":\"Diginewsworld\",\"description\":\"\",\"potentialAction\":[{\"@type\":\"SearchAction\",\"target\":{\"@type\":\"EntryPoint\",\"urlTemplate\":\"http:\/\/diginewsworld.com\/nl\/?s={search_term_string}\"},\"query-input\":\"required name=search_term_string\"}],\"inLanguage\":\"nl-NL\"}]}<\/script>\n<!-- \/ Yoast SEO plugin. -->","yoast_head_json":{"title":"Przyk\u0142adowa strona - Diginewsworld","robots":{"index":"index","follow":"follow","max-snippet":"max-snippet:-1","max-image-preview":"max-image-preview:large","max-video-preview":"max-video-preview:-1"},"canonical":"https:\/\/diginewsworld.com\/nl\/przykladowa-strona\/","og_locale":"nl_NL","og_type":"article","og_title":"Przyk\u0142adowa strona - Diginewsworld","og_description":"To jest przyk\u0142adowa strona. R\u00f3\u017cni si\u0119 ona od posta na blogu, poniewa\u017c pozostanie w jednym miejscu i b\u0119dzie widoczna w nawigacji witryny (w wi\u0119kszo\u015bci motyw\u00f3w). Wi\u0119kszo\u015b\u0107 ludzi zaczyna od strony O nas, kt\u00f3ra przedstawia ich potencjalnym odwiedzaj\u0105cym. Mo\u017ce ona zawiera\u0107 co\u015b takiego: Witam! Jestem pos\u0142a\u0144cem rowerowym za dnia, aspiruj\u0105cym aktorem w nocy, a to jest &hellip;","og_url":"https:\/\/diginewsworld.com\/nl\/przykladowa-strona\/","og_site_name":"Diginewsworld","twitter_card":"summary_large_image","twitter_misc":{"Geschatte leestijd":"1 minuut"},"schema":{"@context":"https:\/\/schema.org","@graph":[{"@type":"WebPage","@id":"https:\/\/diginewsworld.com\/fr\/przykladowa-strona\/","url":"https:\/\/diginewsworld.com\/fr\/przykladowa-strona\/","name":"Przyk\u0142adowa strona - Diginewsworld","isPartOf":{"@id":"http:\/\/diginewsworld.com\/nl\/#website"},"datePublished":"2021-04-12T12:49:12+00:00","dateModified":"2021-04-12T12:49:12+00:00","breadcrumb":{"@id":"https:\/\/diginewsworld.com\/fr\/przykladowa-strona\/#breadcrumb"},"inLanguage":"nl-NL","potentialAction":[{"@type":"ReadAction","target":["https:\/\/diginewsworld.com\/fr\/przykladowa-strona\/"]}]},{"@type":"BreadcrumbList","@id":"https:\/\/diginewsworld.com\/fr\/przykladowa-strona\/#breadcrumb","itemListElement":[{"@type":"ListItem","position":1,"name":"Home","item":"http:\/\/diginewsworld.com\/nl\/"},{"@type":"ListItem","position":2,"name":"Przyk\u0142adowa strona"}]},{"@type":"WebSite","@id":"http:\/\/diginewsworld.com\/nl\/#website","url":"http:\/\/diginewsworld.com\/nl\/","name":"Diginewsworld","description":"","potentialAction":[{"@type":"SearchAction","target":{"@type":"EntryPoint","urlTemplate":"http:\/\/diginewsworld.com\/nl\/?s={search_term_string}"},"query-input":"required name=search_term_string"}],"inLanguage":"nl-NL"}]}},"_links":{"self":[{"href":"https:\/\/diginewsworld.com\/nl\/wp-json\/wp\/v2\/pages\/80","targetHints":{"allow":["GET"]}}],"collection":[{"href":"https:\/\/diginewsworld.com\/nl\/wp-json\/wp\/v2\/pages"}],"about":[{"href":"https:\/\/diginewsworld.com\/nl\/wp-json\/wp\/v2\/types\/page"}],"author":[{"embeddable":true,"href":"https:\/\/diginewsworld.com\/nl\/wp-json\/wp\/v2\/users\/1"}],"replies":[{"embeddable":true,"href":"https:\/\/diginewsworld.com\/nl\/wp-json\/wp\/v2\/comments?post=80"}],"version-history":[{"count":0,"href":"https:\/\/diginewsworld.com\/nl\/wp-json\/wp\/v2\/pages\/80\/revisions"}],"wp:attachment":[{"href":"https:\/\/diginewsworld.com\/nl\/wp-json\/wp\/v2\/media?parent=80"}],"curies":[{"name":"wp","href":"https:\/\/api.w.org\/{rel}","templated":true}]}}